{"id":6291,"date":"2025-12-16T17:53:35","date_gmt":"2025-12-16T17:53:35","guid":{"rendered":"https:\/\/saphirsmaragd.com\/?post_type=product&#038;p=6291"},"modified":"2025-12-29T18:47:43","modified_gmt":"2025-12-29T18:47:43","slug":"iolith-cordierit-ohrringe-silber","status":"publish","type":"product","link":"https:\/\/saphirsmaragd.com\/fr\/produit\/iolith-cordierit-ohrringe-silber\/","title":{"rendered":"Iolith Cordierit Ohrringe Silber \u2013 Elegante Ohrstecker aus 925 Silber"},"content":{"rendered":"<div id=\"ez-toc-container\" class=\"ez-toc-v2_0_82_2 counter-hierarchy ez-toc-counter ez-toc-grey ez-toc-container-direction\">\n<div class=\"ez-toc-title-container\">\n<p class=\"ez-toc-title\" style=\"cursor:inherit\">Table des mati\u00e8res<\/p>\n<span class=\"ez-toc-title-toggle\"><a href=\"#\" class=\"ez-toc-pull-right ez-toc-btn ez-toc-btn-xs ez-toc-btn-default ez-toc-toggle\" aria-label=\"Toggle Table of Content\"><span class=\"ez-toc-js-icon-con\"><span class=\"\"><span class=\"eztoc-hide\" style=\"display:none;\">Basculer<\/span><span class=\"ez-toc-icon-toggle-span\"><svg style=\"fill: #999;color:#999\" xmlns=\"http:\/\/www.w3.org\/2000\/svg\" class=\"list-377408\" width=\"20px\" height=\"20px\" viewbox=\"0 0 24 24\" fill=\"none\"><path d=\"M6 6H4v2h2V6zm14 0H8v2h12V6zM4 11h2v2H4v-2zm16 0H8v2h12v-2zM4 16h2v2H4v-2zm16 0H8v2h12v-2z\" fill=\"currentColor\"><\/path><\/svg><svg style=\"fill: #999;color:#999\" class=\"arrow-unsorted-368013\" xmlns=\"http:\/\/www.w3.org\/2000\/svg\" width=\"10px\" height=\"10px\" viewbox=\"0 0 24 24\" version=\"1.2\" baseprofile=\"tiny\"><path d=\"M18.2 9.3l-6.2-6.3-6.2 6.3c-.2.2-.3.4-.3.7s.1.5.3.7c.2.2.4.3.7.3h11c.3 0 .5-.1.7-.3.2-.2.3-.5.3-.7s-.1-.5-.3-.7zM5.8 14.7l6.2 6.3 6.2-6.3c.2-.2.3-.5.3-.7s-.1-.5-.3-.7c-.2-.2-.4-.3-.7-.3h-11c-.3 0-.5.1-.7.3-.2.2-.3.5-.3.7s.1.5.3.7z\"\/><\/svg><\/span><\/span><\/span><\/a><\/span><\/div>\n<nav><ul class='ez-toc-list ez-toc-list-level-1' ><li class='ez-toc-page-1 ez-toc-heading-level-4'><a class=\"ez-toc-link ez-toc-heading-1\" href=\"https:\/\/saphirsmaragd.com\/fr\/produit\/iolith-cordierit-ohrringe-silber\/#Iolith_Cordierit_Ohrringe_Silber\" >Iolith Cordierit Ohrringe Silber<\/a><\/li><li class='ez-toc-page-1 ez-toc-heading-level-4'><a class=\"ez-toc-link ez-toc-heading-2\" href=\"https:\/\/saphirsmaragd.com\/fr\/produit\/iolith-cordierit-ohrringe-silber\/#Merkmale_Herkunft\" >Caract\u00e9ristiques et origine<\/a><\/li><li class='ez-toc-page-1 ez-toc-heading-level-4'><a class=\"ez-toc-link ez-toc-heading-3\" href=\"https:\/\/saphirsmaragd.com\/fr\/produit\/iolith-cordierit-ohrringe-silber\/#Besonderheiten\" >Caract\u00e9ristiques sp\u00e9ciales<\/a><\/li><li class='ez-toc-page-1 ez-toc-heading-level-4'><a class=\"ez-toc-link ez-toc-heading-4\" href=\"https:\/\/saphirsmaragd.com\/fr\/produit\/iolith-cordierit-ohrringe-silber\/#Mehr_uber_unsere_Edelsteine\" >En savoir plus sur nos pierres pr\u00e9cieuses<\/a><\/li><li class='ez-toc-page-1 ez-toc-heading-level-4'><a class=\"ez-toc-link ez-toc-heading-5\" href=\"https:\/\/saphirsmaragd.com\/fr\/produit\/iolith-cordierit-ohrringe-silber\/#Weitere_Infos\" >Informations compl\u00e9mentaires<\/a><\/li><\/ul><\/nav><\/div>\n<h4 data-start=\"1136\" data-end=\"1174\"><span class=\"ez-toc-section\" id=\"Iolith_Cordierit_Ohrringe_Silber\"><\/span>Iolith Cordierit Ohrringe Silber<span class=\"ez-toc-section-end\"><\/span><\/h4>\n<p data-start=\"1175\" data-end=\"1399\">Diese <strong data-start=\"1181\" data-end=\"1217\">Iolith Cordierit Ohrringe Silber<\/strong> verbinden die k\u00fchle Eleganz von 925 Silber mit der faszinierenden blau-violetten Tiefe nat\u00fcrlicher Iolith-Cordierite. Ein zeitloses Schmuckst\u00fcck f\u00fcr jeden Tag und besondere Anl\u00e4sse.<\/p>\n<hr data-start=\"1401\" data-end=\"1404\" \/>\n<h4 data-start=\"1406\" data-end=\"1431\"><span class=\"ez-toc-section\" id=\"Merkmale_Herkunft\"><\/span>Caract\u00e9ristiques et origine<span class=\"ez-toc-section-end\"><\/span><\/h4>\n<p data-start=\"1432\" data-end=\"1874\">Steinart: Iolith (Cordierit)<br data-start=\"1460\" data-end=\"1463\" \/>Anzahl Steine: 2 nat\u00fcrliche Iolith-Cordierite<br data-start=\"1508\" data-end=\"1511\" \/>Form: Birnenform<br data-start=\"1527\" data-end=\"1530\" \/>Schliff: Facettiert<br data-start=\"1549\" data-end=\"1552\" \/>Gr\u00f6\u00dfe der Steine: ca. 6 \u00d7 4 mm<br data-start=\"1582\" data-end=\"1585\" \/>Gesamtgewicht Steine: ca. 0.67 Karat<br data-start=\"1621\" data-end=\"1624\" \/>Farbe: Blau-Mauve<br data-start=\"1641\" data-end=\"1644\" \/>Reinheit: Augenrein<br data-start=\"1663\" data-end=\"1666\" \/>Behandlung: Keine<br data-start=\"1683\" data-end=\"1686\" \/>Mohs-H\u00e4rte: 7\u20137.5<br data-start=\"1703\" data-end=\"1706\" \/>Herkunft: Nat\u00fcrliche Herkunft<br data-start=\"1735\" data-end=\"1738\" \/>Metall: 925 Silber<br data-start=\"1756\" data-end=\"1759\" \/>Verschluss: Steckverschluss (Kinderwagenverschluss)<br data-start=\"1810\" data-end=\"1813\" \/>Gesamtgewicht Schmuck: ca. 0.90 g<br data-start=\"1846\" data-end=\"1849\" \/>Herstellung: Frankreich<\/p>\n<hr data-start=\"1876\" data-end=\"1879\" \/>\n<h4 data-start=\"1881\" data-end=\"1901\"><span class=\"ez-toc-section\" id=\"Besonderheiten\"><\/span>Caract\u00e9ristiques sp\u00e9ciales<span class=\"ez-toc-section-end\"><\/span><\/h4>\n<p data-start=\"1902\" data-end=\"2182\">Die <strong data-start=\"1906\" data-end=\"1942\">Iolith Cordierit Ohrringe-Silber<\/strong> zeichnen sich durch ihre klare Form, die lebendige Farbe der Steine und die hochwertige Verarbeitung aus. Das schlichte Design bringt den nat\u00fcrlichen Charakter des Ioliths perfekt zur Geltung und macht die Ohrringe vielseitig kombinierbar.<\/p>\n<hr data-start=\"1926\" data-end=\"1929\" \/>\n<h4 data-start=\"1931\" data-end=\"1971\"><span class=\"ez-toc-section\" id=\"Mehr_uber_unsere_Edelsteine\"><\/span>En savoir plus sur nos pierres pr\u00e9cieuses<span class=\"ez-toc-section-end\"><\/span><\/h4>\n<p data-start=\"1972\" data-end=\"2069\"><a href=\"https:\/\/saphirsmaragd.com\/fr\/product-category\/edelsteine-kaufen\/\">pierres pr\u00e9cieuses<\/a><\/p>\n<hr data-start=\"2071\" data-end=\"2074\" \/>\n<h4 data-start=\"2076\" data-end=\"2096\"><span class=\"ez-toc-section\" id=\"Weitere_Infos\"><\/span>Informations compl\u00e9mentaires<span class=\"ez-toc-section-end\"><\/span><\/h4>\n<p data-start=\"2097\" data-end=\"2160\"><a class=\"decorated-link cursor-pointer\" href=\"https:\/\/de.wikipedia.org\/wiki\/Iolith\" target=\"_new\" rel=\"noopener\" data-start=\"2097\" data-end=\"2160\">Wikipedia: Iolith<\/a><\/p>","protected":false},"excerpt":{"rendered":"<p data-start=\"754\" data-end=\"895\"><em>Iolith Cordierit Ohrringe Silber aus 925 Silber mit nat\u00fcrlichen Iolith-Cordieriten. Franz\u00f6sischer Schmuck, zertifiziert, elegant und zeitlos.<\/em><\/p>\n<p data-start=\"575\" data-end=\"606\">","protected":false},"featured_media":6293,"comment_status":"open","ping_status":"closed","template":"","meta":{"_glsr_average":0,"_glsr_ranking":0,"_glsr_reviews":0},"product_brand":[],"product_cat":[277,82],"product_tag":[],"class_list":{"0":"post-6291","1":"product","2":"type-product","3":"status-publish","4":"has-post-thumbnail","6":"product_cat-iolith-cordierit","7":"product_cat-ohrringe-kaufen","8":"pa_edelsteinart-iolith-cordierit","9":"pa_farbe-violett","10":"pa_form-birne","11":"pa_gewicht-karat-0-5-1-0-karat","12":"pa_reinheit-augenrein","13":"pa_veredelung-behandlung-unbehandelt","14":"pa_zertifikat-ja","15":"pa_zustand-neu","17":"first","18":"instock","19":"featured","20":"sold-individually","21":"shipping-taxable","22":"purchasable","23":"product-type-simple","24":"add-to-wishlist-before_image"},"jetpack_sharing_enabled":true,"_links":{"self":[{"href":"https:\/\/saphirsmaragd.com\/fr\/wp-json\/wp\/v2\/product\/6291","targetHints":{"allow":["GET"]}}],"collection":[{"href":"https:\/\/saphirsmaragd.com\/fr\/wp-json\/wp\/v2\/product"}],"about":[{"href":"https:\/\/saphirsmaragd.com\/fr\/wp-json\/wp\/v2\/types\/product"}],"replies":[{"embeddable":true,"href":"https:\/\/saphirsmaragd.com\/fr\/wp-json\/wp\/v2\/comments?post=6291"}],"version-history":[{"count":1,"href":"https:\/\/saphirsmaragd.com\/fr\/wp-json\/wp\/v2\/product\/6291\/revisions"}],"predecessor-version":[{"id":6297,"href":"https:\/\/saphirsmaragd.com\/fr\/wp-json\/wp\/v2\/product\/6291\/revisions\/6297"}],"wp:featuredmedia":[{"embeddable":true,"href":"https:\/\/saphirsmaragd.com\/fr\/wp-json\/wp\/v2\/media\/6293"}],"wp:attachment":[{"href":"https:\/\/saphirsmaragd.com\/fr\/wp-json\/wp\/v2\/media?parent=6291"}],"wp:term":[{"taxonomy":"product_brand","embeddable":true,"href":"https:\/\/saphirsmaragd.com\/fr\/wp-json\/wp\/v2\/product_brand?post=6291"},{"taxonomy":"product_cat","embeddable":true,"href":"https:\/\/saphirsmaragd.com\/fr\/wp-json\/wp\/v2\/product_cat?post=6291"},{"taxonomy":"product_tag","embeddable":true,"href":"https:\/\/saphirsmaragd.com\/fr\/wp-json\/wp\/v2\/product_tag?post=6291"}],"curies":[{"name":"wp","href":"https:\/\/api.w.org\/{rel}","templated":true}]}}