{"id":6498,"date":"2025-12-20T14:59:52","date_gmt":"2025-12-20T14:59:52","guid":{"rendered":"https:\/\/saphirsmaragd.com\/?post_type=product&#038;p=6498"},"modified":"2025-12-29T18:47:33","modified_gmt":"2025-12-29T18:47:33","slug":"spinell-3-25-karat-oval-rot","status":"publish","type":"product","link":"https:\/\/saphirsmaragd.com\/fr\/produit\/spinell-3-25-karat-oval-rot\/","title":{"rendered":"Spinell 3.25 Karat Oval Rot \u2013 nat\u00fcrlicher roter Spinell aus Vietnam"},"content":{"rendered":"<h4 data-start=\"677\" data-end=\"748\"><\/h4>\n<div id=\"ez-toc-container\" class=\"ez-toc-v2_0_82_2 counter-hierarchy ez-toc-counter ez-toc-grey ez-toc-container-direction\">\n<div class=\"ez-toc-title-container\">\n<p class=\"ez-toc-title\" style=\"cursor:inherit\">Table des mati\u00e8res<\/p>\n<span class=\"ez-toc-title-toggle\"><a href=\"#\" class=\"ez-toc-pull-right ez-toc-btn ez-toc-btn-xs ez-toc-btn-default ez-toc-toggle\" aria-label=\"Toggle Table of Content\"><span class=\"ez-toc-js-icon-con\"><span class=\"\"><span class=\"eztoc-hide\" style=\"display:none;\">Basculer<\/span><span class=\"ez-toc-icon-toggle-span\"><svg style=\"fill: #999;color:#999\" xmlns=\"http:\/\/www.w3.org\/2000\/svg\" class=\"list-377408\" width=\"20px\" height=\"20px\" viewbox=\"0 0 24 24\" fill=\"none\"><path d=\"M6 6H4v2h2V6zm14 0H8v2h12V6zM4 11h2v2H4v-2zm16 0H8v2h12v-2zM4 16h2v2H4v-2zm16 0H8v2h12v-2z\" fill=\"currentColor\"><\/path><\/svg><svg style=\"fill: #999;color:#999\" class=\"arrow-unsorted-368013\" xmlns=\"http:\/\/www.w3.org\/2000\/svg\" width=\"10px\" height=\"10px\" viewbox=\"0 0 24 24\" version=\"1.2\" baseprofile=\"tiny\"><path d=\"M18.2 9.3l-6.2-6.3-6.2 6.3c-.2.2-.3.4-.3.7s.1.5.3.7c.2.2.4.3.7.3h11c.3 0 .5-.1.7-.3.2-.2.3-.5.3-.7s-.1-.5-.3-.7zM5.8 14.7l6.2 6.3 6.2-6.3c.2-.2.3-.5.3-.7s-.1-.5-.3-.7c-.2-.2-.4-.3-.7-.3h-11c-.3 0-.5.1-.7.3-.2.2-.3.5-.3.7s.1.5.3.7z\"\/><\/svg><\/span><\/span><\/span><\/a><\/span><\/div>\n<nav><ul class='ez-toc-list ez-toc-list-level-1' ><li class='ez-toc-page-1 ez-toc-heading-level-4'><a class=\"ez-toc-link ez-toc-heading-1\" href=\"https:\/\/saphirsmaragd.com\/fr\/produit\/spinell-3-25-karat-oval-rot\/#Spinell_325_Karat_Oval_Rot\" >Spinell 3.25 Karat Oval Rot<\/a><\/li><li class='ez-toc-page-1 ez-toc-heading-level-4'><a class=\"ez-toc-link ez-toc-heading-2\" href=\"https:\/\/saphirsmaragd.com\/fr\/produit\/spinell-3-25-karat-oval-rot\/#Merkmale_Herkunft\" >Caract\u00e9ristiques et origine<\/a><\/li><li class='ez-toc-page-1 ez-toc-heading-level-4'><a class=\"ez-toc-link ez-toc-heading-3\" href=\"https:\/\/saphirsmaragd.com\/fr\/produit\/spinell-3-25-karat-oval-rot\/#Besonderheiten\" >Caract\u00e9ristiques sp\u00e9ciales<\/a><\/li><li class='ez-toc-page-1 ez-toc-heading-level-4'><a class=\"ez-toc-link ez-toc-heading-4\" href=\"https:\/\/saphirsmaragd.com\/fr\/produit\/spinell-3-25-karat-oval-rot\/#Mehr_uber_unsere_Edelsteine\" >En savoir plus sur nos pierres pr\u00e9cieuses<\/a><\/li><li class='ez-toc-page-1 ez-toc-heading-level-4'><a class=\"ez-toc-link ez-toc-heading-5\" href=\"https:\/\/saphirsmaragd.com\/fr\/produit\/spinell-3-25-karat-oval-rot\/#Weitere_Infos\" >Informations compl\u00e9mentaires<\/a><\/li><\/ul><\/nav><\/div>\n<h4 data-start=\"196\" data-end=\"227\"><span class=\"ez-toc-section\" id=\"Spinell_325_Karat_Oval_Rot\"><\/span><strong data-start=\"196\" data-end=\"227\">Spinell 3.25 Karat Oval Rot<\/strong><span class=\"ez-toc-section-end\"><\/span><\/h4>\n<p data-start=\"724\" data-end=\"1085\">Le site <strong data-start=\"728\" data-end=\"759\">Spinell 3.25 Karat Oval Rot<\/strong> ist ein nat\u00fcrlicher Edelstein aus Vietnam und begeistert durch seine tiefrote Farbe sowie seine lebendige Lichtreflexion. Der ovale Schliff unterstreicht die Klarheit und verleiht dem Stein eine elegante, zeitlose Ausstrahlung. Rote Spinelle gelten als seltene Alternative zu Rubinen und sind bei Kennern besonders gesch\u00e4tzt.<\/p>\n<hr data-start=\"1087\" data-end=\"1090\" \/>\n<h4 data-start=\"1092\" data-end=\"1121\"><span class=\"ez-toc-section\" id=\"Merkmale_Herkunft\"><\/span><strong data-start=\"1096\" data-end=\"1119\">Caract\u00e9ristiques et origine<\/strong><span class=\"ez-toc-section-end\"><\/span><\/h4>\n<p data-start=\"1122\" data-end=\"1359\">Steinart: Spinell<br data-start=\"1139\" data-end=\"1142\" \/>Gewicht: 3.25 Karat<br data-start=\"1161\" data-end=\"1164\" \/>forme : Ovale<br data-start=\"1174\" data-end=\"1177\" \/>Schliff: Ovalschliff<br data-start=\"1197\" data-end=\"1200\" \/>Couleur : rouge<br data-start=\"1210\" data-end=\"1213\" \/>Herkunft: Vietnam<br data-start=\"1230\" data-end=\"1233\" \/>Abmessungen: 10.4 \u00d7 7.7 mm<br data-start=\"1259\" data-end=\"1262\" \/>Reinheit: Augenrein<br data-start=\"1281\" data-end=\"1284\" \/>Traitement : Non trait\u00e9<br data-start=\"1307\" data-end=\"1310\" \/>Mohs-H\u00e4rte: 8<br data-start=\"1323\" data-end=\"1326\" \/>Zertifikat: Nein<br data-start=\"1342\" data-end=\"1345\" \/>\u00c9tat : Neuf<\/p>\n<hr data-start=\"1361\" data-end=\"1364\" \/>\n<h4><span class=\"ez-toc-section\" id=\"Besonderheiten\"><\/span><strong data-start=\"1370\" data-end=\"1388\">Caract\u00e9ristiques sp\u00e9ciales<\/strong><span class=\"ez-toc-section-end\"><\/span><\/h4>\n<p data-start=\"1391\" data-end=\"1653\">Dieser rote Spinell \u00fcberzeugt durch seine nat\u00fcrliche, unbehandelte Farbe und eine sehr gute Transparenz. Dank seiner hohen H\u00e4rte eignet er sich hervorragend f\u00fcr hochwertigen Schmuck und bietet eine seltene Kombination aus Eleganz, Best\u00e4ndigkeit und Exklusivit\u00e4t.<\/p>\n<hr data-start=\"2071\" data-end=\"2074\" \/>\n<h4 data-start=\"1931\" data-end=\"1971\"><span class=\"ez-toc-section\" id=\"Mehr_uber_unsere_Edelsteine\"><\/span>En savoir plus sur nos pierres pr\u00e9cieuses<span class=\"ez-toc-section-end\"><\/span><\/h4>\n<p data-start=\"1972\" data-end=\"2069\"><a href=\"https:\/\/saphirsmaragd.com\/fr\/product-category\/edelsteine-kaufen\/\">pierres pr\u00e9cieuses<\/a><\/p>\n<hr data-start=\"2071\" data-end=\"2074\" \/>\n<h4 data-start=\"2076\" data-end=\"2096\"><span class=\"ez-toc-section\" id=\"Weitere_Infos\"><\/span>Informations compl\u00e9mentaires<span class=\"ez-toc-section-end\"><\/span><\/h4>\n<p><a href=\"https:\/\/de.wikipedia.org\/wiki\/Spinell\" target=\"_blank\" rel=\"noopener\">Wikipedia: Spinell<\/a><\/p>","protected":false},"excerpt":{"rendered":"<p data-start=\"444\" data-end=\"577\"><em>Spinell 3.25 Karat Oval Rot \u2013 nat\u00fcrlicher roter Spinell aus Vietnam mit intensiver Farbe, ovalem Schliff und hervorragender Brillanz.<\/em><\/p>\n<h3 data-start=\"466\" data-end=\"497\"><\/h3>\n<h3 data-start=\"660\" data-end=\"684\"><\/h3>\n<p data-start=\"575\" data-end=\"606\">","protected":false},"featured_media":6499,"comment_status":"open","ping_status":"closed","template":"","meta":{"_glsr_average":0,"_glsr_ranking":0,"_glsr_reviews":0},"product_brand":[],"product_cat":[290],"product_tag":[],"class_list":{"0":"post-6498","1":"product","2":"type-product","3":"status-publish","4":"has-post-thumbnail","6":"product_cat-spinell","7":"pa_edelsteinart-spinell","8":"pa_farbe-rot","9":"pa_form-oval","10":"pa_gewicht-karat-3-0-5-0-karat","11":"pa_herkunft-vietnam","12":"pa_reinheit-augenrein","13":"pa_veredelung-behandlung-unbehandelt","14":"pa_zertifikat-ja","15":"pa_zustand-neu","17":"first","18":"instock","19":"featured","20":"sold-individually","21":"shipping-taxable","22":"purchasable","23":"product-type-simple","24":"add-to-wishlist-before_image"},"jetpack_sharing_enabled":true,"_links":{"self":[{"href":"https:\/\/saphirsmaragd.com\/fr\/wp-json\/wp\/v2\/product\/6498","targetHints":{"allow":["GET"]}}],"collection":[{"href":"https:\/\/saphirsmaragd.com\/fr\/wp-json\/wp\/v2\/product"}],"about":[{"href":"https:\/\/saphirsmaragd.com\/fr\/wp-json\/wp\/v2\/types\/product"}],"replies":[{"embeddable":true,"href":"https:\/\/saphirsmaragd.com\/fr\/wp-json\/wp\/v2\/comments?post=6498"}],"version-history":[{"count":1,"href":"https:\/\/saphirsmaragd.com\/fr\/wp-json\/wp\/v2\/product\/6498\/revisions"}],"predecessor-version":[{"id":6500,"href":"https:\/\/saphirsmaragd.com\/fr\/wp-json\/wp\/v2\/product\/6498\/revisions\/6500"}],"wp:featuredmedia":[{"embeddable":true,"href":"https:\/\/saphirsmaragd.com\/fr\/wp-json\/wp\/v2\/media\/6499"}],"wp:attachment":[{"href":"https:\/\/saphirsmaragd.com\/fr\/wp-json\/wp\/v2\/media?parent=6498"}],"wp:term":[{"taxonomy":"product_brand","embeddable":true,"href":"https:\/\/saphirsmaragd.com\/fr\/wp-json\/wp\/v2\/product_brand?post=6498"},{"taxonomy":"product_cat","embeddable":true,"href":"https:\/\/saphirsmaragd.com\/fr\/wp-json\/wp\/v2\/product_cat?post=6498"},{"taxonomy":"product_tag","embeddable":true,"href":"https:\/\/saphirsmaragd.com\/fr\/wp-json\/wp\/v2\/product_tag?post=6498"}],"curies":[{"name":"wp","href":"https:\/\/api.w.org\/{rel}","templated":true}]}}