{"id":6787,"date":"2025-12-25T14:17:50","date_gmt":"2025-12-25T14:17:50","guid":{"rendered":"https:\/\/saphirsmaragd.com\/?post_type=product&#038;p=6787"},"modified":"2025-12-29T18:46:38","modified_gmt":"2025-12-29T18:46:38","slug":"sternperidot-oval-9-77-karat","status":"publish","type":"product","link":"https:\/\/saphirsmaragd.com\/fr\/produit\/sternperidot-oval-9-77-karat\/","title":{"rendered":"Sternperidot oval 9.77 Karat \u2013 Nat\u00fcrlicher Sternperidot aus Myanmar"},"content":{"rendered":"<div id=\"ez-toc-container\" class=\"ez-toc-v2_0_82_2 counter-hierarchy ez-toc-counter ez-toc-grey ez-toc-container-direction\">\n<div class=\"ez-toc-title-container\">\n<p class=\"ez-toc-title\" style=\"cursor:inherit\">Table des mati\u00e8res<\/p>\n<span class=\"ez-toc-title-toggle\"><a href=\"#\" class=\"ez-toc-pull-right ez-toc-btn ez-toc-btn-xs ez-toc-btn-default ez-toc-toggle\" aria-label=\"Toggle Table of Content\"><span class=\"ez-toc-js-icon-con\"><span class=\"\"><span class=\"eztoc-hide\" style=\"display:none;\">Basculer<\/span><span class=\"ez-toc-icon-toggle-span\"><svg style=\"fill: #999;color:#999\" xmlns=\"http:\/\/www.w3.org\/2000\/svg\" class=\"list-377408\" width=\"20px\" height=\"20px\" viewbox=\"0 0 24 24\" fill=\"none\"><path d=\"M6 6H4v2h2V6zm14 0H8v2h12V6zM4 11h2v2H4v-2zm16 0H8v2h12v-2zM4 16h2v2H4v-2zm16 0H8v2h12v-2z\" fill=\"currentColor\"><\/path><\/svg><svg style=\"fill: #999;color:#999\" class=\"arrow-unsorted-368013\" xmlns=\"http:\/\/www.w3.org\/2000\/svg\" width=\"10px\" height=\"10px\" viewbox=\"0 0 24 24\" version=\"1.2\" baseprofile=\"tiny\"><path d=\"M18.2 9.3l-6.2-6.3-6.2 6.3c-.2.2-.3.4-.3.7s.1.5.3.7c.2.2.4.3.7.3h11c.3 0 .5-.1.7-.3.2-.2.3-.5.3-.7s-.1-.5-.3-.7zM5.8 14.7l6.2 6.3 6.2-6.3c.2-.2.3-.5.3-.7s-.1-.5-.3-.7c-.2-.2-.4-.3-.7-.3h-11c-.3 0-.5.1-.7.3-.2.2-.3.5-.3.7s.1.5.3.7z\"\/><\/svg><\/span><\/span><\/span><\/a><\/span><\/div>\n<nav><ul class='ez-toc-list ez-toc-list-level-1' ><li class='ez-toc-page-1 ez-toc-heading-level-4'><a class=\"ez-toc-link ez-toc-heading-1\" href=\"https:\/\/saphirsmaragd.com\/fr\/produit\/sternperidot-oval-9-77-karat\/#Sternperidot_oval_977_Karat\" >Sternperidot oval 9.77 Karat<\/a><\/li><li class='ez-toc-page-1 ez-toc-heading-level-4'><a class=\"ez-toc-link ez-toc-heading-2\" href=\"https:\/\/saphirsmaragd.com\/fr\/produit\/sternperidot-oval-9-77-karat\/#Merkmale_Herkunft\" >Merkmale &amp; Herkunft:<\/a><\/li><li class='ez-toc-page-1 ez-toc-heading-level-4'><a class=\"ez-toc-link ez-toc-heading-3\" href=\"https:\/\/saphirsmaragd.com\/fr\/produit\/sternperidot-oval-9-77-karat\/#Besonderheiten\" >Besonderheiten:<\/a><\/li><li class='ez-toc-page-1 ez-toc-heading-level-4'><a class=\"ez-toc-link ez-toc-heading-4\" href=\"https:\/\/saphirsmaragd.com\/fr\/produit\/sternperidot-oval-9-77-karat\/#Mehr_uber_unsere_Edelsteine\" >En savoir plus sur nos pierres pr\u00e9cieuses<\/a><\/li><li class='ez-toc-page-1 ez-toc-heading-level-4'><a class=\"ez-toc-link ez-toc-heading-5\" href=\"https:\/\/saphirsmaragd.com\/fr\/produit\/sternperidot-oval-9-77-karat\/#Weitere_Infos\" >Informations compl\u00e9mentaires<\/a><\/li><\/ul><\/nav><\/div>\n<h4 data-start=\"784\" data-end=\"818\"><span class=\"ez-toc-section\" id=\"Sternperidot_oval_977_Karat\"><\/span>Sternperidot oval 9.77 Karat<span class=\"ez-toc-section-end\"><\/span><\/h4>\n<p data-start=\"819\" data-end=\"1064\">Dieser <strong data-start=\"826\" data-end=\"858\">Sternperidot oval 9.77 Karat<\/strong> geh\u00f6rt zu den seltensten Variet\u00e4ten des Peridots. Durch fein eingelagerte nat\u00fcrliche Strukturen entsteht ein klar sichtbarer Sterneffekt, der sich bei direkter Lichteinstrahlung \u00fcber die Oberfl\u00e4che bewegt.<\/p>\n<p data-start=\"1066\" data-end=\"1319\">Der Edelstein stammt aus Myanmar (Burma), einer der wenigen bekannten Fundregionen f\u00fcr echten Sternperidot. Seine ovale Cabochon-Form ist ideal gew\u00e4hlt, um den Asterismus optimal zur Geltung zu bringen. Ein Sammlerst\u00fcck von au\u00dfergew\u00f6hnlicher Seltenheit.<\/p>\n<hr data-start=\"1321\" data-end=\"1324\" \/>\n<h4 data-start=\"1326\" data-end=\"1351\"><span class=\"ez-toc-section\" id=\"Merkmale_Herkunft\"><\/span>Merkmale &amp; Herkunft:<span class=\"ez-toc-section-end\"><\/span><\/h4>\n<p data-start=\"1352\" data-end=\"1591\">Stein: Sternperidot<br data-start=\"1371\" data-end=\"1374\" \/>Form: Oval (Cabochon)<br data-start=\"1395\" data-end=\"1398\" \/>Couleur : Vert<br data-start=\"1409\" data-end=\"1412\" \/>Gewicht: 9.77 Karat<br data-start=\"1431\" data-end=\"1434\" \/>Abmessungen: 13 \u00d7 11 mm<br data-start=\"1457\" data-end=\"1460\" \/>Herkunft: Burma \/ Myanmar<br data-start=\"1485\" data-end=\"1488\" \/>Traitement : Non trait\u00e9<br data-start=\"1511\" data-end=\"1514\" \/>Reinheit: Transluzent<br data-start=\"1535\" data-end=\"1538\" \/>Mohs-H\u00e4rte: 6.5\u20137<br data-start=\"1555\" data-end=\"1558\" \/>\u00c9tat : Neuf<\/p>\n<hr data-start=\"1593\" data-end=\"1596\" \/>\n<h4 data-start=\"1598\" data-end=\"1618\"><span class=\"ez-toc-section\" id=\"Besonderheiten\"><\/span>Besonderheiten:<span class=\"ez-toc-section-end\"><\/span><\/h4>\n<p data-start=\"1619\" data-end=\"1895\">Sternperidote sind weltweit extrem selten und deutlich weniger bekannt als Sternsaphire oder Sternrubine. Gerade deshalb gelten sie unter Kennern als au\u00dfergew\u00f6hnliche Rarit\u00e4t. Dieser Stein eignet sich ideal f\u00fcr ein einzigartiges Schmuckst\u00fcck oder als exklusives Sammlerobjekt.<\/p>\n<hr data-start=\"1926\" data-end=\"1929\" \/>\n<h4 data-start=\"1931\" data-end=\"1971\"><span class=\"ez-toc-section\" id=\"Mehr_uber_unsere_Edelsteine\"><\/span>En savoir plus sur nos pierres pr\u00e9cieuses<span class=\"ez-toc-section-end\"><\/span><\/h4>\n<p data-start=\"1972\" data-end=\"2069\"><a href=\"https:\/\/saphirsmaragd.com\/fr\/product-category\/edelsteine-kaufen\/\">pierres pr\u00e9cieuses<\/a><\/p>\n<hr data-start=\"2071\" data-end=\"2074\" \/>\n<h4 data-start=\"2076\" data-end=\"2096\"><span class=\"ez-toc-section\" id=\"Weitere_Infos\"><\/span>Informations compl\u00e9mentaires<span class=\"ez-toc-section-end\"><\/span><\/h4>\n<p><a href=\"https:\/\/de.wikipedia.org\/wiki\/Peridot\" target=\"_blank\" rel=\"noopener\">Wikipedia: Peridot<\/a><\/p>","protected":false},"excerpt":{"rendered":"<p data-start=\"505\" data-end=\"651\"><em>Sehr seltener Sternperidot oval 9.77 Karat aus Myanmar. Nat\u00fcrlicher Edelstein mit deutlichem Sterneffekt, unbehandelt und au\u00dfergew\u00f6hnlich rar.<\/em><\/p>\n<h3 data-start=\"660\" data-end=\"684\"><\/h3>\n<p data-start=\"575\" data-end=\"606\">","protected":false},"featured_media":6788,"comment_status":"open","ping_status":"closed","template":"","meta":{"_glsr_average":0,"_glsr_ranking":0,"_glsr_reviews":0},"product_brand":[],"product_cat":[117],"product_tag":[],"class_list":{"0":"post-6787","1":"product","2":"type-product","3":"status-publish","4":"has-post-thumbnail","6":"product_cat-peridot-kaufen","7":"pa_edelsteinart-peridot","8":"pa_farbe-gruen","9":"pa_form-oval","10":"pa_gewicht-karat-5-0-10-karat","11":"pa_herkunft-myanmar","12":"pa_reinheit-undurchsichtig","13":"pa_veredelung-behandlung-unbehandelt","14":"pa_zustand-neu","16":"first","17":"instock","18":"featured","19":"sold-individually","20":"shipping-taxable","21":"purchasable","22":"product-type-simple","23":"add-to-wishlist-before_image"},"jetpack_sharing_enabled":true,"_links":{"self":[{"href":"https:\/\/saphirsmaragd.com\/fr\/wp-json\/wp\/v2\/product\/6787","targetHints":{"allow":["GET"]}}],"collection":[{"href":"https:\/\/saphirsmaragd.com\/fr\/wp-json\/wp\/v2\/product"}],"about":[{"href":"https:\/\/saphirsmaragd.com\/fr\/wp-json\/wp\/v2\/types\/product"}],"replies":[{"embeddable":true,"href":"https:\/\/saphirsmaragd.com\/fr\/wp-json\/wp\/v2\/comments?post=6787"}],"version-history":[{"count":1,"href":"https:\/\/saphirsmaragd.com\/fr\/wp-json\/wp\/v2\/product\/6787\/revisions"}],"predecessor-version":[{"id":6789,"href":"https:\/\/saphirsmaragd.com\/fr\/wp-json\/wp\/v2\/product\/6787\/revisions\/6789"}],"wp:featuredmedia":[{"embeddable":true,"href":"https:\/\/saphirsmaragd.com\/fr\/wp-json\/wp\/v2\/media\/6788"}],"wp:attachment":[{"href":"https:\/\/saphirsmaragd.com\/fr\/wp-json\/wp\/v2\/media?parent=6787"}],"wp:term":[{"taxonomy":"product_brand","embeddable":true,"href":"https:\/\/saphirsmaragd.com\/fr\/wp-json\/wp\/v2\/product_brand?post=6787"},{"taxonomy":"product_cat","embeddable":true,"href":"https:\/\/saphirsmaragd.com\/fr\/wp-json\/wp\/v2\/product_cat?post=6787"},{"taxonomy":"product_tag","embeddable":true,"href":"https:\/\/saphirsmaragd.com\/fr\/wp-json\/wp\/v2\/product_tag?post=6787"}],"curies":[{"name":"wp","href":"https:\/\/api.w.org\/{rel}","templated":true}]}}