{"id":7111,"date":"2025-12-28T14:33:54","date_gmt":"2025-12-28T14:33:54","guid":{"rendered":"https:\/\/saphirsmaragd.com\/?post_type=product&#038;p=7111"},"modified":"2025-12-29T18:46:23","modified_gmt":"2025-12-29T18:46:23","slug":"gruener-turmalin-kissen-paar-6-74-karat","status":"publish","type":"product","link":"https:\/\/saphirsmaragd.com\/fr\/produit\/gruener-turmalin-kissen-paar-6-74-karat\/","title":{"rendered":"Gr\u00fcner Turmalin Kissen Paar 6.74 Karat aus Afghanistan"},"content":{"rendered":"<div id=\"ez-toc-container\" class=\"ez-toc-v2_0_82_2 counter-hierarchy ez-toc-counter ez-toc-grey ez-toc-container-direction\">\n<div class=\"ez-toc-title-container\">\n<p class=\"ez-toc-title\" style=\"cursor:inherit\">Table des mati\u00e8res<\/p>\n<span class=\"ez-toc-title-toggle\"><a href=\"#\" class=\"ez-toc-pull-right ez-toc-btn ez-toc-btn-xs ez-toc-btn-default ez-toc-toggle\" aria-label=\"Toggle Table of Content\"><span class=\"ez-toc-js-icon-con\"><span class=\"\"><span class=\"eztoc-hide\" style=\"display:none;\">Basculer<\/span><span class=\"ez-toc-icon-toggle-span\"><svg style=\"fill: #999;color:#999\" xmlns=\"http:\/\/www.w3.org\/2000\/svg\" class=\"list-377408\" width=\"20px\" height=\"20px\" viewbox=\"0 0 24 24\" fill=\"none\"><path d=\"M6 6H4v2h2V6zm14 0H8v2h12V6zM4 11h2v2H4v-2zm16 0H8v2h12v-2zM4 16h2v2H4v-2zm16 0H8v2h12v-2z\" fill=\"currentColor\"><\/path><\/svg><svg style=\"fill: #999;color:#999\" class=\"arrow-unsorted-368013\" xmlns=\"http:\/\/www.w3.org\/2000\/svg\" width=\"10px\" height=\"10px\" viewbox=\"0 0 24 24\" version=\"1.2\" baseprofile=\"tiny\"><path d=\"M18.2 9.3l-6.2-6.3-6.2 6.3c-.2.2-.3.4-.3.7s.1.5.3.7c.2.2.4.3.7.3h11c.3 0 .5-.1.7-.3.2-.2.3-.5.3-.7s-.1-.5-.3-.7zM5.8 14.7l6.2 6.3 6.2-6.3c.2-.2.3-.5.3-.7s-.1-.5-.3-.7c-.2-.2-.4-.3-.7-.3h-11c-.3 0-.5.1-.7.3-.2.2-.3.5-.3.7s.1.5.3.7z\"\/><\/svg><\/span><\/span><\/span><\/a><\/span><\/div>\n<nav><ul class='ez-toc-list ez-toc-list-level-1' ><li class='ez-toc-page-1 ez-toc-heading-level-4'><a class=\"ez-toc-link ez-toc-heading-1\" href=\"https:\/\/saphirsmaragd.com\/fr\/produit\/gruener-turmalin-kissen-paar-6-74-karat\/#Gruner_Turmalin_Kissen_Paar_674_Karat\" >Gr\u00fcner Turmalin Kissen Paar 6.74 Karat<\/a><\/li><li class='ez-toc-page-1 ez-toc-heading-level-4'><a class=\"ez-toc-link ez-toc-heading-2\" href=\"https:\/\/saphirsmaragd.com\/fr\/produit\/gruener-turmalin-kissen-paar-6-74-karat\/#Merkmale_Herkunft\" >Caract\u00e9ristiques et origine<\/a><\/li><li class='ez-toc-page-1 ez-toc-heading-level-4'><a class=\"ez-toc-link ez-toc-heading-3\" href=\"https:\/\/saphirsmaragd.com\/fr\/produit\/gruener-turmalin-kissen-paar-6-74-karat\/#Besonderheiten\" >Caract\u00e9ristiques sp\u00e9ciales<\/a><\/li><li class='ez-toc-page-1 ez-toc-heading-level-4'><a class=\"ez-toc-link ez-toc-heading-4\" href=\"https:\/\/saphirsmaragd.com\/fr\/produit\/gruener-turmalin-kissen-paar-6-74-karat\/#Mehr_uber_unsere_Edelsteine\" >En savoir plus sur nos pierres pr\u00e9cieuses<\/a><\/li><li class='ez-toc-page-1 ez-toc-heading-level-4'><a class=\"ez-toc-link ez-toc-heading-5\" href=\"https:\/\/saphirsmaragd.com\/fr\/produit\/gruener-turmalin-kissen-paar-6-74-karat\/#Weitere_Infos\" >Informations compl\u00e9mentaires<\/a><\/li><\/ul><\/nav><\/div>\n<h4 data-start=\"821\" data-end=\"865\"><span class=\"ez-toc-section\" id=\"Gruner_Turmalin_Kissen_Paar_674_Karat\"><\/span>Gr\u00fcner Turmalin Kissen Paar 6.74 Karat<span class=\"ez-toc-section-end\"><\/span><\/h4>\n<p data-start=\"866\" data-end=\"1202\">Dieses hochwertige Paar gr\u00fcner Turmaline \u00fcberzeugt durch seine harmonische Kissenform, eine intensive, gleichm\u00e4\u00dfige Gr\u00fcnfarbe und eine ausgezeichnete Paarabstimmung. Nat\u00fcrliche gr\u00fcne Turmaline in dieser Qualit\u00e4t sind selten und werden besonders f\u00fcr exklusive Schmuckst\u00fccke wie Ohrschmuck oder individuelle Designanfertigungen gesch\u00e4tzt.<\/p>\n<hr data-start=\"1204\" data-end=\"1207\" \/>\n<h4 data-start=\"1209\" data-end=\"1235\"><span class=\"ez-toc-section\" id=\"Merkmale_Herkunft\"><\/span>Caract\u00e9ristiques et origine<span class=\"ez-toc-section-end\"><\/span><\/h4>\n<p data-start=\"1236\" data-end=\"1474\">Steinart: Turmalin<br data-start=\"1254\" data-end=\"1257\" \/>Couleur : Vert<br data-start=\"1268\" data-end=\"1271\" \/>Form: Kissen<br data-start=\"1283\" data-end=\"1286\" \/>Gewicht: 6.74 Karat (Paar)<br data-start=\"1312\" data-end=\"1315\" \/>Abmessungen: 8.5 \u00d7 8.0 mm<br data-start=\"1340\" data-end=\"1343\" \/>Herkunft: Afghanistan<br data-start=\"1364\" data-end=\"1367\" \/>Reinheit: Augenrein<br data-start=\"1386\" data-end=\"1389\" \/>Traitement : Non trait\u00e9<br data-start=\"1412\" data-end=\"1415\" \/>Beobachtung: Nat\u00fcrlich<br data-start=\"1437\" data-end=\"1440\" \/>Mohs-H\u00e4rte: 7\u20137.5<br data-start=\"1457\" data-end=\"1460\" \/>\u00c9tat : Neuf<\/p>\n<hr data-start=\"1476\" data-end=\"1479\" \/>\n<h4 data-start=\"1481\" data-end=\"1502\"><span class=\"ez-toc-section\" id=\"Besonderheiten\"><\/span>Caract\u00e9ristiques sp\u00e9ciales<span class=\"ez-toc-section-end\"><\/span><\/h4>\n<p data-start=\"1503\" data-end=\"1983\">Das Gr\u00fcner Turmalin Kissen Paar 6.74 Karat zeichnet sich durch seine exzellente Farbharmonie und die pr\u00e4zise Abstimmung beider Steine aus. Die augenreine Klarheit sorgt f\u00fcr eine brillante Lichtwirkung, w\u00e4hrend die Kissenform eine moderne und zugleich elegante Optik bietet. Aufgrund ihrer nat\u00fcrlichen, unbehandelten Beschaffenheit eignen sich diese Turmaline ideal f\u00fcr hochwertige Ohrstecker, Ohrh\u00e4nger oder symmetrische Schmuckdesigns mit hohem Anspruch an Qualit\u00e4t und \u00c4sthetik.<\/p>\n<h4 data-start=\"1931\" data-end=\"1971\"><span class=\"ez-toc-section\" id=\"Mehr_uber_unsere_Edelsteine\"><\/span>En savoir plus sur nos pierres pr\u00e9cieuses<span class=\"ez-toc-section-end\"><\/span><\/h4>\n<p data-start=\"1972\" data-end=\"2069\"><a href=\"https:\/\/saphirsmaragd.com\/fr\/product-category\/edelsteine-kaufen\/\">pierres pr\u00e9cieuses<\/a><\/p>\n<hr data-start=\"2071\" data-end=\"2074\" \/>\n<h4 data-start=\"2076\" data-end=\"2096\"><span class=\"ez-toc-section\" id=\"Weitere_Infos\"><\/span>Informations compl\u00e9mentaires<span class=\"ez-toc-section-end\"><\/span><\/h4>\n<p><a href=\"https:\/\/de.wikipedia.org\/wiki\/Turmalin\" target=\"_blank\" rel=\"noopener\">Wikipedia: Turmalin<\/a><\/p>","protected":false},"excerpt":{"rendered":"<p data-start=\"567\" data-end=\"708\"><em>Gr\u00fcner Turmalin Kissen Paar 6.74 Karat aus Afghanistan in augenreiner Qualit\u00e4t. Nat\u00fcrliches Turmalin-Paar f\u00fcr exklusive Schmuckanfertigungen.<\/em><\/p>","protected":false},"featured_media":7113,"comment_status":"open","ping_status":"closed","template":"","meta":{"_glsr_average":0,"_glsr_ranking":0,"_glsr_reviews":0},"product_brand":[],"product_cat":[109],"product_tag":[],"class_list":{"0":"post-7111","1":"product","2":"type-product","3":"status-publish","4":"has-post-thumbnail","6":"product_cat-turmalin-kaufen","7":"pa_edelsteinart-turmalin","8":"pa_farbe-gruen","9":"pa_form-kissen","10":"pa_gewicht-karat-5-0-10-karat","11":"pa_herkunft-afghanistan","12":"pa_reinheit-augenrein","13":"pa_veredelung-behandlung-unbehandelt","14":"pa_zustand-neu","16":"first","17":"instock","18":"featured","19":"sold-individually","20":"shipping-taxable","21":"purchasable","22":"product-type-simple","23":"add-to-wishlist-before_image"},"jetpack_sharing_enabled":true,"_links":{"self":[{"href":"https:\/\/saphirsmaragd.com\/fr\/wp-json\/wp\/v2\/product\/7111","targetHints":{"allow":["GET"]}}],"collection":[{"href":"https:\/\/saphirsmaragd.com\/fr\/wp-json\/wp\/v2\/product"}],"about":[{"href":"https:\/\/saphirsmaragd.com\/fr\/wp-json\/wp\/v2\/types\/product"}],"replies":[{"embeddable":true,"href":"https:\/\/saphirsmaragd.com\/fr\/wp-json\/wp\/v2\/comments?post=7111"}],"version-history":[{"count":2,"href":"https:\/\/saphirsmaragd.com\/fr\/wp-json\/wp\/v2\/product\/7111\/revisions"}],"predecessor-version":[{"id":7115,"href":"https:\/\/saphirsmaragd.com\/fr\/wp-json\/wp\/v2\/product\/7111\/revisions\/7115"}],"wp:featuredmedia":[{"embeddable":true,"href":"https:\/\/saphirsmaragd.com\/fr\/wp-json\/wp\/v2\/media\/7113"}],"wp:attachment":[{"href":"https:\/\/saphirsmaragd.com\/fr\/wp-json\/wp\/v2\/media?parent=7111"}],"wp:term":[{"taxonomy":"product_brand","embeddable":true,"href":"https:\/\/saphirsmaragd.com\/fr\/wp-json\/wp\/v2\/product_brand?post=7111"},{"taxonomy":"product_cat","embeddable":true,"href":"https:\/\/saphirsmaragd.com\/fr\/wp-json\/wp\/v2\/product_cat?post=7111"},{"taxonomy":"product_tag","embeddable":true,"href":"https:\/\/saphirsmaragd.com\/fr\/wp-json\/wp\/v2\/product_tag?post=7111"}],"curies":[{"name":"wp","href":"https:\/\/api.w.org\/{rel}","templated":true}]}}