{"id":7116,"date":"2025-12-28T14:37:52","date_gmt":"2025-12-28T14:37:52","guid":{"rendered":"https:\/\/saphirsmaragd.com\/?post_type=product&#038;p=7116"},"modified":"2025-12-29T18:46:22","modified_gmt":"2025-12-29T18:46:22","slug":"spessartin-granat-trillion-orange-11-53-karat","status":"publish","type":"product","link":"https:\/\/saphirsmaragd.com\/fr\/produit\/spessartin-granat-trillion-orange-11-53-karat\/","title":{"rendered":"Spessartin Granat Trillion Orange 11.53 Karat aus Tansania"},"content":{"rendered":"<div id=\"ez-toc-container\" class=\"ez-toc-v2_0_82_2 counter-hierarchy ez-toc-counter ez-toc-grey ez-toc-container-direction\">\n<div class=\"ez-toc-title-container\">\n<p class=\"ez-toc-title\" style=\"cursor:inherit\">Table des mati\u00e8res<\/p>\n<span class=\"ez-toc-title-toggle\"><a href=\"#\" class=\"ez-toc-pull-right ez-toc-btn ez-toc-btn-xs ez-toc-btn-default ez-toc-toggle\" aria-label=\"Toggle Table of Content\"><span class=\"ez-toc-js-icon-con\"><span class=\"\"><span class=\"eztoc-hide\" style=\"display:none;\">Basculer<\/span><span class=\"ez-toc-icon-toggle-span\"><svg style=\"fill: #999;color:#999\" xmlns=\"http:\/\/www.w3.org\/2000\/svg\" class=\"list-377408\" width=\"20px\" height=\"20px\" viewbox=\"0 0 24 24\" fill=\"none\"><path d=\"M6 6H4v2h2V6zm14 0H8v2h12V6zM4 11h2v2H4v-2zm16 0H8v2h12v-2zM4 16h2v2H4v-2zm16 0H8v2h12v-2z\" fill=\"currentColor\"><\/path><\/svg><svg style=\"fill: #999;color:#999\" class=\"arrow-unsorted-368013\" xmlns=\"http:\/\/www.w3.org\/2000\/svg\" width=\"10px\" height=\"10px\" viewbox=\"0 0 24 24\" version=\"1.2\" baseprofile=\"tiny\"><path d=\"M18.2 9.3l-6.2-6.3-6.2 6.3c-.2.2-.3.4-.3.7s.1.5.3.7c.2.2.4.3.7.3h11c.3 0 .5-.1.7-.3.2-.2.3-.5.3-.7s-.1-.5-.3-.7zM5.8 14.7l6.2 6.3 6.2-6.3c.2-.2.3-.5.3-.7s-.1-.5-.3-.7c-.2-.2-.4-.3-.7-.3h-11c-.3 0-.5.1-.7.3-.2.2-.3.5-.3.7s.1.5.3.7z\"\/><\/svg><\/span><\/span><\/span><\/a><\/span><\/div>\n<nav><ul class='ez-toc-list ez-toc-list-level-1' ><li class='ez-toc-page-1 ez-toc-heading-level-4'><a class=\"ez-toc-link ez-toc-heading-1\" href=\"https:\/\/saphirsmaragd.com\/fr\/produit\/spessartin-granat-trillion-orange-11-53-karat\/#Spessartin_Granat_Trillion_Orange_1153_Karat\" >Spessartin Granat Trillion Orange 11.53 Karat<\/a><\/li><li class='ez-toc-page-1 ez-toc-heading-level-4'><a class=\"ez-toc-link ez-toc-heading-2\" href=\"https:\/\/saphirsmaragd.com\/fr\/produit\/spessartin-granat-trillion-orange-11-53-karat\/#Merkmale_Herkunft\" >Caract\u00e9ristiques et origine<\/a><\/li><li class='ez-toc-page-1 ez-toc-heading-level-4'><a class=\"ez-toc-link ez-toc-heading-3\" href=\"https:\/\/saphirsmaragd.com\/fr\/produit\/spessartin-granat-trillion-orange-11-53-karat\/#Besonderheiten\" >Caract\u00e9ristiques sp\u00e9ciales<\/a><\/li><li class='ez-toc-page-1 ez-toc-heading-level-4'><a class=\"ez-toc-link ez-toc-heading-4\" href=\"https:\/\/saphirsmaragd.com\/fr\/produit\/spessartin-granat-trillion-orange-11-53-karat\/#Mehr_uber_unsere_Edelsteine\" >En savoir plus sur nos pierres pr\u00e9cieuses<\/a><\/li><li class='ez-toc-page-1 ez-toc-heading-level-4'><a class=\"ez-toc-link ez-toc-heading-5\" href=\"https:\/\/saphirsmaragd.com\/fr\/produit\/spessartin-granat-trillion-orange-11-53-karat\/#Weitere_Infos\" >Informations compl\u00e9mentaires<\/a><\/li><\/ul><\/nav><\/div>\n<h4 data-start=\"837\" data-end=\"888\"><span class=\"ez-toc-section\" id=\"Spessartin_Granat_Trillion_Orange_1153_Karat\"><\/span>Spessartin Granat Trillion Orange 11.53 Karat<span class=\"ez-toc-section-end\"><\/span><\/h4>\n<p data-start=\"889\" data-end=\"1251\">Dieser au\u00dfergew\u00f6hnliche Spessartin-Granat aus Tansania beeindruckt durch seine intensive, leuchtend orange Farbe und seine markante Trillion-Schliffgestaltung. Spessartin-Granate z\u00e4hlen zu den farbkr\u00e4ftigsten Vertretern der Granatfamilie und sind aufgrund ihrer Brillanz und Seltenheit besonders bei Sammlern und Liebhabern hochwertiger Farbedelsteine gesch\u00e4tzt.<\/p>\n<hr data-start=\"1253\" data-end=\"1256\" \/>\n<h4 data-start=\"1258\" data-end=\"1284\"><span class=\"ez-toc-section\" id=\"Merkmale_Herkunft\"><\/span>Caract\u00e9ristiques et origine<span class=\"ez-toc-section-end\"><\/span><\/h4>\n<p data-start=\"1285\" data-end=\"1527\">Steinart: Granat (Spessartin)<br data-start=\"1314\" data-end=\"1317\" \/>Farbe: Orange<br data-start=\"1330\" data-end=\"1333\" \/>Form: Trillion<br data-start=\"1347\" data-end=\"1350\" \/>Gewicht: 11.53 Karat<br data-start=\"1370\" data-end=\"1373\" \/>Abmessungen: 14 \u00d7 14 mm<br data-start=\"1396\" data-end=\"1399\" \/>Herkunft: Tansania<br data-start=\"1417\" data-end=\"1420\" \/>Reinheit: Augenrein<br data-start=\"1439\" data-end=\"1442\" \/>Traitement : Non trait\u00e9<br data-start=\"1465\" data-end=\"1468\" \/>Beobachtung: Nat\u00fcrlich<br data-start=\"1490\" data-end=\"1493\" \/>Mohs-H\u00e4rte: 7\u20137.5<br data-start=\"1510\" data-end=\"1513\" \/>\u00c9tat : Neuf<\/p>\n<hr data-start=\"1529\" data-end=\"1532\" \/>\n<h4 data-start=\"1534\" data-end=\"1555\"><span class=\"ez-toc-section\" id=\"Besonderheiten\"><\/span>Caract\u00e9ristiques sp\u00e9ciales<span class=\"ez-toc-section-end\"><\/span><\/h4>\n<p data-start=\"1556\" data-end=\"2061\">Der Spessartin Granat Trillion Orange 11.53 Karat zeichnet sich durch seine au\u00dfergew\u00f6hnliche Farbintensit\u00e4t aus, die von einem satten, feurigen Orangeton gepr\u00e4gt ist. Die gro\u00dfe Karatgr\u00f6\u00dfe in Kombination mit dem pr\u00e4zisen Trillion-Schliff sorgt f\u00fcr eine eindrucksvolle Lichtreflexion und eine starke Pr\u00e4senz. Durch seine nat\u00fcrliche, unbehandelte Beschaffenheit eignet sich dieser Granat hervorragend als exklusiver Mittelstein f\u00fcr hochwertige Einzelanfertigungen oder als Sammlerst\u00fcck mit Wertbest\u00e4ndigkeit.<\/p>\n<hr data-start=\"1926\" data-end=\"1929\" \/>\n<h4 data-start=\"1931\" data-end=\"1971\"><span class=\"ez-toc-section\" id=\"Mehr_uber_unsere_Edelsteine\"><\/span>En savoir plus sur nos pierres pr\u00e9cieuses<span class=\"ez-toc-section-end\"><\/span><\/h4>\n<p data-start=\"1972\" data-end=\"2069\"><a href=\"https:\/\/saphirsmaragd.com\/fr\/product-category\/edelsteine-kaufen\/\">pierres pr\u00e9cieuses<\/a><\/p>\n<hr data-start=\"2071\" data-end=\"2074\" \/>\n<h4 data-start=\"2076\" data-end=\"2096\"><span class=\"ez-toc-section\" id=\"Weitere_Infos\"><\/span>Informations compl\u00e9mentaires<span class=\"ez-toc-section-end\"><\/span><\/h4>\n<p data-start=\"2097\" data-end=\"2160\"><a class=\"decorated-link cursor-pointer\" href=\"https:\/\/de.wikipedia.org\/wiki\/Granat\" target=\"_new\" rel=\"noopener\" data-start=\"2097\" data-end=\"2160\">Wikipedia: Granat<\/a><\/p>","protected":false},"excerpt":{"rendered":"<p data-start=\"573\" data-end=\"720\"><em>Spessartin Granat Trillion Orange 11.53 Karat aus Tansania mit intensiver, leuchtender Orangenfarbe. Nat\u00fcrlicher Granat in au\u00dfergew\u00f6hnlicher Gr\u00f6\u00dfe.<\/em><\/p>\n<h3 data-start=\"710\" data-end=\"734\"><\/h3>\n<p data-start=\"575\" data-end=\"606\">","protected":false},"featured_media":7117,"comment_status":"open","ping_status":"closed","template":"","meta":{"_glsr_average":0,"_glsr_ranking":0,"_glsr_reviews":0},"product_brand":[],"product_cat":[111],"product_tag":[],"class_list":{"0":"post-7116","1":"product","2":"type-product","3":"status-publish","4":"has-post-thumbnail","6":"product_cat-granat-kaufen","7":"pa_edelsteinart-granat","8":"pa_farbe-orange","9":"pa_form-trillion","10":"pa_gewicht-karat-10-20-karat","11":"pa_herkunft-tansania","12":"pa_reinheit-augenrein","13":"pa_veredelung-behandlung-unbehandelt","14":"pa_zustand-neu","16":"first","17":"instock","18":"featured","19":"sold-individually","20":"shipping-taxable","21":"purchasable","22":"product-type-simple","23":"add-to-wishlist-before_image"},"jetpack_sharing_enabled":true,"_links":{"self":[{"href":"https:\/\/saphirsmaragd.com\/fr\/wp-json\/wp\/v2\/product\/7116","targetHints":{"allow":["GET"]}}],"collection":[{"href":"https:\/\/saphirsmaragd.com\/fr\/wp-json\/wp\/v2\/product"}],"about":[{"href":"https:\/\/saphirsmaragd.com\/fr\/wp-json\/wp\/v2\/types\/product"}],"replies":[{"embeddable":true,"href":"https:\/\/saphirsmaragd.com\/fr\/wp-json\/wp\/v2\/comments?post=7116"}],"version-history":[{"count":1,"href":"https:\/\/saphirsmaragd.com\/fr\/wp-json\/wp\/v2\/product\/7116\/revisions"}],"predecessor-version":[{"id":7118,"href":"https:\/\/saphirsmaragd.com\/fr\/wp-json\/wp\/v2\/product\/7116\/revisions\/7118"}],"wp:featuredmedia":[{"embeddable":true,"href":"https:\/\/saphirsmaragd.com\/fr\/wp-json\/wp\/v2\/media\/7117"}],"wp:attachment":[{"href":"https:\/\/saphirsmaragd.com\/fr\/wp-json\/wp\/v2\/media?parent=7116"}],"wp:term":[{"taxonomy":"product_brand","embeddable":true,"href":"https:\/\/saphirsmaragd.com\/fr\/wp-json\/wp\/v2\/product_brand?post=7116"},{"taxonomy":"product_cat","embeddable":true,"href":"https:\/\/saphirsmaragd.com\/fr\/wp-json\/wp\/v2\/product_cat?post=7116"},{"taxonomy":"product_tag","embeddable":true,"href":"https:\/\/saphirsmaragd.com\/fr\/wp-json\/wp\/v2\/product_tag?post=7116"}],"curies":[{"name":"wp","href":"https:\/\/api.w.org\/{rel}","templated":true}]}}