{"id":7726,"date":"2026-01-12T15:21:44","date_gmt":"2026-01-12T15:21:44","guid":{"rendered":"https:\/\/saphirsmaragd.com\/?post_type=product&#038;p=7726"},"modified":"2026-01-12T15:21:46","modified_gmt":"2026-01-12T15:21:46","slug":"silberarmband-amethyst-oval","status":"publish","type":"product","link":"https:\/\/saphirsmaragd.com\/fr\/produit\/silberarmband-amethyst-oval\/","title":{"rendered":"Bracelet d'argent am\u00e9thyste ovale - Bracelet de pierres pr\u00e9cieuses en argent 925"},"content":{"rendered":"<div id=\"ez-toc-container\" class=\"ez-toc-v2_0_82_2 counter-hierarchy ez-toc-counter ez-toc-grey ez-toc-container-direction\">\n<div class=\"ez-toc-title-container\">\n<p class=\"ez-toc-title\" style=\"cursor:inherit\">Table des mati\u00e8res<\/p>\n<span class=\"ez-toc-title-toggle\"><a href=\"#\" class=\"ez-toc-pull-right ez-toc-btn ez-toc-btn-xs ez-toc-btn-default ez-toc-toggle\" aria-label=\"Toggle Table of Content\"><span class=\"ez-toc-js-icon-con\"><span class=\"\"><span class=\"eztoc-hide\" style=\"display:none;\">Basculer<\/span><span class=\"ez-toc-icon-toggle-span\"><svg style=\"fill: #999;color:#999\" xmlns=\"http:\/\/www.w3.org\/2000\/svg\" class=\"list-377408\" width=\"20px\" height=\"20px\" viewbox=\"0 0 24 24\" fill=\"none\"><path d=\"M6 6H4v2h2V6zm14 0H8v2h12V6zM4 11h2v2H4v-2zm16 0H8v2h12v-2zM4 16h2v2H4v-2zm16 0H8v2h12v-2z\" fill=\"currentColor\"><\/path><\/svg><svg style=\"fill: #999;color:#999\" class=\"arrow-unsorted-368013\" xmlns=\"http:\/\/www.w3.org\/2000\/svg\" width=\"10px\" height=\"10px\" viewbox=\"0 0 24 24\" version=\"1.2\" baseprofile=\"tiny\"><path d=\"M18.2 9.3l-6.2-6.3-6.2 6.3c-.2.2-.3.4-.3.7s.1.5.3.7c.2.2.4.3.7.3h11c.3 0 .5-.1.7-.3.2-.2.3-.5.3-.7s-.1-.5-.3-.7zM5.8 14.7l6.2 6.3 6.2-6.3c.2-.2.3-.5.3-.7s-.1-.5-.3-.7c-.2-.2-.4-.3-.7-.3h-11c-.3 0-.5.1-.7.3-.2.2-.3.5-.3.7s.1.5.3.7z\"\/><\/svg><\/span><\/span><\/span><\/a><\/span><\/div>\n<nav><ul class='ez-toc-list ez-toc-list-level-1' ><li class='ez-toc-page-1 ez-toc-heading-level-4'><a class=\"ez-toc-link ez-toc-heading-1\" href=\"https:\/\/saphirsmaragd.com\/fr\/produit\/silberarmband-amethyst-oval\/#_Silberarmband_Amethyst_oval_%E2%80%93_Edelsteinarmband_aus_925_Silber\" >\u00a0Bracelet d'argent am\u00e9thyste ovale - Bracelet de pierres pr\u00e9cieuses en argent 925<\/a><\/li><li class='ez-toc-page-1 ez-toc-heading-level-4'><a class=\"ez-toc-link ez-toc-heading-2\" href=\"https:\/\/saphirsmaragd.com\/fr\/produit\/silberarmband-amethyst-oval\/#_Merkmale_Herkunft\" >\u00a0Caract\u00e9ristiques et origine<\/a><\/li><li class='ez-toc-page-1 ez-toc-heading-level-4'><a class=\"ez-toc-link ez-toc-heading-3\" href=\"https:\/\/saphirsmaragd.com\/fr\/produit\/silberarmband-amethyst-oval\/#Besonderheiten\" >Caract\u00e9ristiques sp\u00e9ciales<\/a><\/li><li class='ez-toc-page-1 ez-toc-heading-level-4'><a class=\"ez-toc-link ez-toc-heading-4\" href=\"https:\/\/saphirsmaragd.com\/fr\/produit\/silberarmband-amethyst-oval\/#_Mehr_uber_Amethyst_Edelsteinschmuck\" >\u00a0Mehr \u00fcber Amethyst &amp; Edelsteinschmuck<\/a><\/li><li class='ez-toc-page-1 ez-toc-heading-level-4'><a class=\"ez-toc-link ez-toc-heading-5\" href=\"https:\/\/saphirsmaragd.com\/fr\/produit\/silberarmband-amethyst-oval\/#_Weitere_Info\" >\u00a0Weitere Info<\/a><\/li><\/ul><\/nav><\/div>\n<h4 data-start=\"779\" data-end=\"848\"><span class=\"ez-toc-section\" id=\"_Silberarmband_Amethyst_oval_%E2%80%93_Edelsteinarmband_aus_925_Silber\"><\/span>\u00a0Bracelet d'argent am\u00e9thyste ovale - Bracelet de pierres pr\u00e9cieuses en argent 925<span class=\"ez-toc-section-end\"><\/span><\/h4>\n<p data-start=\"849\" data-end=\"1148\">Dieses Silberarmband Amethyst oval ist ein fein gearbeitetes Edelsteinarmband aus nat\u00fcrlichen Amethyst-Steinen und hochwertigem Sterling Silber (925). Die Produktfotos dienen als Beispiel \u2013 Sie erhalten ein Armband in vergleichbarer Farbqualit\u00e4t, wobei jeder Amethyst ein nat\u00fcrliches Unikat ist.<\/p>\n<hr data-start=\"1150\" data-end=\"1153\" \/>\n<h4 data-start=\"1155\" data-end=\"1211\"><span class=\"ez-toc-section\" id=\"_Merkmale_Herkunft\"><\/span>\u00a0Caract\u00e9ristiques et origine<span class=\"ez-toc-section-end\"><\/span><\/h4>\n<p data-start=\"1212\" data-end=\"1500\">Farbe: Violett<br data-start=\"1226\" data-end=\"1229\" \/>forme : Ovale<br data-start=\"1239\" data-end=\"1242\" \/>Steingr\u00f6\u00dfe: 8 x 6 mm<br data-start=\"1262\" data-end=\"1265\" \/>Armbandl\u00e4nge: ca. 15.5\u201320 cm<br data-start=\"1307\" data-end=\"1310\" \/>Mat\u00e9riau : argent sterling (925)<br data-start=\"1341\" data-end=\"1344\" \/>Type de bijoux : Bracelet de pierres pr\u00e9cieuses<br data-start=\"1372\" data-end=\"1375\" \/>Origine : Br\u00e9sil<br data-start=\"1394\" data-end=\"1397\" \/>Puret\u00e9 : pierre naturelle<br data-start=\"1477\" data-end=\"1480\" \/>Steinart: Amethyst<\/p>\n<hr data-start=\"1502\" data-end=\"1505\" \/>\n<h4 data-start=\"1507\" data-end=\"1546\"><span class=\"ez-toc-section\" id=\"Besonderheiten\"><\/span>Caract\u00e9ristiques sp\u00e9ciales<span class=\"ez-toc-section-end\"><\/span><\/h4>\n<p data-start=\"1547\" data-end=\"1816\">Das Silberarmband Amethyst oval steht f\u00fcr Schutz, innere Harmonie, Klarheit und spirituelle Entwicklung. Amethyst besitzt eine stark reinigende und beruhigende Energie. Seine violette Farbe f\u00f6rdert geistige Ruhe, innere Balance und einen klaren, fokussierten Geist.<\/p>\n<p data-start=\"1818\" data-end=\"2173\">Der Stein hilft dabei, kreisende Gedanken zu beruhigen, emotionale Spannungen zu l\u00f6sen und Einsicht in eigene Verhaltensmuster, Gewohnheiten und Entscheidungen zu gewinnen. Amethyst unterst\u00fctzt das Durchbrechen negativer Denkstrukturen, Abh\u00e4ngigkeiten und emotionaler Blockaden und begleitet Sie sanft durch Phasen von Verlust, Trauer oder innerem Wandel.<\/p>\n<p data-start=\"2175\" data-end=\"2581\">Amethyst wirkt stark auf das Stirnchakra (6. Chakra) und das Kronenchakra (7. Chakra). Er \u00f6ffnet den Zugang zu Intuition, h\u00f6herem Bewusstsein und spiritueller Wahrnehmung. Gleichzeitig reinigt er die Aura und harmonisiert die Chakren. Dadurch eignet sich dieses Amethyst-Armband besonders gut f\u00fcr Meditation, Visualisierung und spirituelle Arbeit sowie zur F\u00f6rderung inneren Friedens und emotionaler Reife.<\/p>\n<hr data-start=\"2583\" data-end=\"2586\" \/>\n<h4 data-start=\"2588\" data-end=\"2632\"><span class=\"ez-toc-section\" id=\"_Mehr_uber_Amethyst_Edelsteinschmuck\"><\/span>\u00a0Mehr \u00fcber Amethyst &amp; Edelsteinschmuck<span class=\"ez-toc-section-end\"><\/span><\/h4>\n<p data-start=\"2633\" data-end=\"2680\">Pierres de gu\u00e9rison &amp; cristaux | <a href=\"https:\/\/saphirsmaragd.com\/fr\/product-category\/heilsteine-kristalle-kaufen\/\">Saphir &amp; \u00c9meraude<\/a><\/p>\n<hr data-start=\"2682\" data-end=\"2685\" \/>\n<h4 data-start=\"2687\" data-end=\"2715\"><span class=\"ez-toc-section\" id=\"_Weitere_Info\"><\/span>\u00a0Weitere Info<span class=\"ez-toc-section-end\"><\/span><\/h4>\n<p data-start=\"2716\" data-end=\"2765\">Wikip\u00e9dia :<a class=\"decorated-link\" href=\"https:\/\/de.wikipedia.org\/wiki\/Amethyst\" target=\"_new\" rel=\"noopener\" data-start=\"2727\" data-end=\"2765\">am\u00e9thyste<\/a><\/p>","protected":false},"excerpt":{"rendered":"<p><em>Dieses Silberarmband Amethyst oval aus 925 Sterling Silber unterst\u00fctzt Schutz, Harmonie und spirituelle Entwicklung und ist ein stilvoller Begleiter im Alltag.<\/em><\/p>","protected":false},"featured_media":7727,"comment_status":"open","ping_status":"closed","template":"","meta":{"_glsr_average":0,"_glsr_ranking":0,"_glsr_reviews":0},"product_brand":[],"product_cat":[331],"product_tag":[],"class_list":{"0":"post-7726","1":"product","2":"type-product","3":"status-publish","4":"has-post-thumbnail","6":"product_cat-edelsteinarmbaender-kaufen","8":"first","9":"instock","10":"shipping-taxable","11":"purchasable","12":"product-type-simple","13":"add-to-wishlist-before_image"},"jetpack_sharing_enabled":true,"_links":{"self":[{"href":"https:\/\/saphirsmaragd.com\/fr\/wp-json\/wp\/v2\/product\/7726","targetHints":{"allow":["GET"]}}],"collection":[{"href":"https:\/\/saphirsmaragd.com\/fr\/wp-json\/wp\/v2\/product"}],"about":[{"href":"https:\/\/saphirsmaragd.com\/fr\/wp-json\/wp\/v2\/types\/product"}],"replies":[{"embeddable":true,"href":"https:\/\/saphirsmaragd.com\/fr\/wp-json\/wp\/v2\/comments?post=7726"}],"version-history":[{"count":1,"href":"https:\/\/saphirsmaragd.com\/fr\/wp-json\/wp\/v2\/product\/7726\/revisions"}],"predecessor-version":[{"id":7729,"href":"https:\/\/saphirsmaragd.com\/fr\/wp-json\/wp\/v2\/product\/7726\/revisions\/7729"}],"wp:featuredmedia":[{"embeddable":true,"href":"https:\/\/saphirsmaragd.com\/fr\/wp-json\/wp\/v2\/media\/7727"}],"wp:attachment":[{"href":"https:\/\/saphirsmaragd.com\/fr\/wp-json\/wp\/v2\/media?parent=7726"}],"wp:term":[{"taxonomy":"product_brand","embeddable":true,"href":"https:\/\/saphirsmaragd.com\/fr\/wp-json\/wp\/v2\/product_brand?post=7726"},{"taxonomy":"product_cat","embeddable":true,"href":"https:\/\/saphirsmaragd.com\/fr\/wp-json\/wp\/v2\/product_cat?post=7726"},{"taxonomy":"product_tag","embeddable":true,"href":"https:\/\/saphirsmaragd.com\/fr\/wp-json\/wp\/v2\/product_tag?post=7726"}],"curies":[{"name":"wp","href":"https:\/\/api.w.org\/{rel}","templated":true}]}}