{"id":7759,"date":"2026-01-13T16:46:06","date_gmt":"2026-01-13T16:46:06","guid":{"rendered":"https:\/\/saphirsmaragd.com\/?post_type=product&#038;p=7759"},"modified":"2026-01-13T16:49:38","modified_gmt":"2026-01-13T16:49:38","slug":"silberarmband-edelopal-oval","status":"publish","type":"product","link":"https:\/\/saphirsmaragd.com\/fr\/produit\/silberarmband-edelopal-oval\/","title":{"rendered":"Silberarmband Edelopal oval \u2013 Edler Opal aus 925 Sterling Silber"},"content":{"rendered":"<div id=\"ez-toc-container\" class=\"ez-toc-v2_0_82_2 counter-hierarchy ez-toc-counter ez-toc-grey ez-toc-container-direction\">\n<div class=\"ez-toc-title-container\">\n<p class=\"ez-toc-title\" style=\"cursor:inherit\">Table des mati\u00e8res<\/p>\n<span class=\"ez-toc-title-toggle\"><a href=\"#\" class=\"ez-toc-pull-right ez-toc-btn ez-toc-btn-xs ez-toc-btn-default ez-toc-toggle\" aria-label=\"Toggle Table of Content\"><span class=\"ez-toc-js-icon-con\"><span class=\"\"><span class=\"eztoc-hide\" style=\"display:none;\">Basculer<\/span><span class=\"ez-toc-icon-toggle-span\"><svg style=\"fill: #999;color:#999\" xmlns=\"http:\/\/www.w3.org\/2000\/svg\" class=\"list-377408\" width=\"20px\" height=\"20px\" viewbox=\"0 0 24 24\" fill=\"none\"><path d=\"M6 6H4v2h2V6zm14 0H8v2h12V6zM4 11h2v2H4v-2zm16 0H8v2h12v-2zM4 16h2v2H4v-2zm16 0H8v2h12v-2z\" fill=\"currentColor\"><\/path><\/svg><svg style=\"fill: #999;color:#999\" class=\"arrow-unsorted-368013\" xmlns=\"http:\/\/www.w3.org\/2000\/svg\" width=\"10px\" height=\"10px\" viewbox=\"0 0 24 24\" version=\"1.2\" baseprofile=\"tiny\"><path d=\"M18.2 9.3l-6.2-6.3-6.2 6.3c-.2.2-.3.4-.3.7s.1.5.3.7c.2.2.4.3.7.3h11c.3 0 .5-.1.7-.3.2-.2.3-.5.3-.7s-.1-.5-.3-.7zM5.8 14.7l6.2 6.3 6.2-6.3c.2-.2.3-.5.3-.7s-.1-.5-.3-.7c-.2-.2-.4-.3-.7-.3h-11c-.3 0-.5.1-.7.3-.2.2-.3.5-.3.7s.1.5.3.7z\"\/><\/svg><\/span><\/span><\/span><\/a><\/span><\/div>\n<nav><ul class='ez-toc-list ez-toc-list-level-1' ><li class='ez-toc-page-1 ez-toc-heading-level-4'><a class=\"ez-toc-link ez-toc-heading-1\" href=\"https:\/\/saphirsmaragd.com\/fr\/produit\/silberarmband-edelopal-oval\/#_Silberarmband_Edelopal_oval_%E2%80%93_Edler_Opal_aus_925_Sterling_Silber\" >\u00a0Silberarmband Edelopal oval \u2013 Edler Opal aus 925 Sterling Silber<\/a><\/li><li class='ez-toc-page-1 ez-toc-heading-level-4'><a class=\"ez-toc-link ez-toc-heading-2\" href=\"https:\/\/saphirsmaragd.com\/fr\/produit\/silberarmband-edelopal-oval\/#Merkmale_Herkunft\" >Caract\u00e9ristiques et origine<\/a><\/li><li class='ez-toc-page-1 ez-toc-heading-level-4'><a class=\"ez-toc-link ez-toc-heading-3\" href=\"https:\/\/saphirsmaragd.com\/fr\/produit\/silberarmband-edelopal-oval\/#Besonderheiten\" >Caract\u00e9ristiques sp\u00e9ciales<\/a><\/li><li class='ez-toc-page-1 ez-toc-heading-level-4'><a class=\"ez-toc-link ez-toc-heading-4\" href=\"https:\/\/saphirsmaragd.com\/fr\/produit\/silberarmband-edelopal-oval\/#Mehr_uber_Heilsteine\" >Mehr \u00fcber &amp; Heilsteine<\/a><\/li><li class='ez-toc-page-1 ez-toc-heading-level-4'><a class=\"ez-toc-link ez-toc-heading-5\" href=\"https:\/\/saphirsmaragd.com\/fr\/produit\/silberarmband-edelopal-oval\/#_Weitere_Info\" >\u00a0Weitere Info<\/a><\/li><\/ul><\/nav><\/div>\n<h4 data-start=\"775\" data-end=\"847\"><span class=\"ez-toc-section\" id=\"_Silberarmband_Edelopal_oval_%E2%80%93_Edler_Opal_aus_925_Sterling_Silber\"><\/span>\u00a0Silberarmband Edelopal oval \u2013 Edler Opal aus 925 Sterling Silber<span class=\"ez-toc-section-end\"><\/span><\/h4>\n<p data-start=\"848\" data-end=\"1172\">Dieses Silberarmband Edelopal oval ist ein hochwertiges Edelsteinarmband mit nat\u00fcrlichem, edlem Opal in ovaler Form. Es handelt sich um ein Einzelst\u00fcck \u2013 Sie erhalten genau das auf den Fotos abgebildete Armband. Der Edelopal fasziniert durch sein lebendiges Farbspiel und seine kraftvolle, energetische Ausstrahlung.<\/p>\n<hr data-start=\"1508\" data-end=\"1511\" \/>\n<h4 data-start=\"1179\" data-end=\"1234\"><span class=\"ez-toc-section\" id=\"Merkmale_Herkunft\"><\/span>Caract\u00e9ristiques et origine<span class=\"ez-toc-section-end\"><\/span><\/h4>\n<p data-start=\"1237\" data-end=\"1254\">Steinform: Oval<br \/>\nSteingr\u00f6\u00dfe: 5 x 4 mm<br \/>\nArmbandl\u00e4nge: ca. 16\u201320 cm (verstellbar)<br \/>\nMat\u00e9riau : argent sterling (925)<br \/>\nChakras: Alle<br \/>\nElement: Feuer &amp; Wasser<br \/>\nPuret\u00e9 : pierre naturelle<br \/>\nBesonderheit: Einzelst\u00fcck<\/p>\n<hr data-start=\"1508\" data-end=\"1511\" \/>\n<h4 data-start=\"1513\" data-end=\"1552\"><span class=\"ez-toc-section\" id=\"Besonderheiten\"><\/span>Caract\u00e9ristiques sp\u00e9ciales<span class=\"ez-toc-section-end\"><\/span><\/h4>\n<p data-start=\"1553\" data-end=\"1835\">Das Silberarmband Edelopal oval ist ein sch\u00fctzender und energetisierender Edelstein, der sich positiv auf Stimmung, Kreativit\u00e4t und Selbstausdruck auswirkt. Edelopal hebt die Lebensfreude, f\u00f6rdert Optimismus und hilft Ihnen, dem Leben mit Offenheit und Begeisterung zu begegnen.<\/p>\n<p data-start=\"1837\" data-end=\"2066\">Der Stein unterst\u00fctzt Originalit\u00e4t, Fantasie und das bewusste Erleben des Moments. Er st\u00e4rkt Ihre F\u00e4higkeit, sich authentisch auszudr\u00fccken \u2013 sei es verbal, kreativ oder k\u00fcnstlerisch \u2013 und bringt innere Lebendigkeit zum Vorschein.<\/p>\n<p data-start=\"2068\" data-end=\"2345\">Auf emotionaler Ebene f\u00f6rdert Edelopal Liebe, Leidenschaft und Sinnlichkeit. Er unterst\u00fctzt offene, vertrauensvolle Beziehungen und hilft dabei, Loyalit\u00e4t, N\u00e4he und Verbundenheit zu vertiefen. Dadurch eignet sich Edelopal besonders gut zur St\u00e4rkung bestehender Partnerschaften.<\/p>\n<hr data-start=\"2726\" data-end=\"2729\" \/>\n<h4 data-start=\"2731\" data-end=\"2752\"><span class=\"ez-toc-section\" id=\"Mehr_uber_Heilsteine\"><\/span>Mehr \u00fcber &amp; Heilsteine<span class=\"ez-toc-section-end\"><\/span><\/h4>\n<p>Pierres de gu\u00e9rison &amp; cristaux | <a href=\"https:\/\/saphirsmaragd.com\/fr\/product-category\/heilsteine-kristalle-kaufen\/\">Saphir &amp; \u00c9meraude<\/a><\/p>\n<hr data-start=\"2802\" data-end=\"2805\" \/>\n<h4 data-start=\"2807\" data-end=\"2835\"><span class=\"ez-toc-section\" id=\"_Weitere_Info\"><\/span>\u00a0Weitere Info<span class=\"ez-toc-section-end\"><\/span><\/h4>\n<p data-start=\"2836\" data-end=\"2881\">Wikip\u00e9dia :<a class=\"decorated-link\" href=\"https:\/\/de.wikipedia.org\/wiki\/Opal\" target=\"_new\" rel=\"noopener\" data-start=\"2847\" data-end=\"2881\">Opal<\/a><\/p>","protected":false},"excerpt":{"rendered":"<p><em>Dieses Silberarmband Edelopal oval aus 925 Sterling Silber f\u00f6rdert Lebensfreude, Kreativit\u00e4t, Liebe und authentischen Selbstausdruck auf emotionaler und spiritueller Ebene.<\/em><\/p>","protected":false},"featured_media":7760,"comment_status":"open","ping_status":"closed","template":"","meta":{"_glsr_average":0,"_glsr_ranking":0,"_glsr_reviews":0},"product_brand":[],"product_cat":[331],"product_tag":[],"class_list":{"0":"post-7759","1":"product","2":"type-product","3":"status-publish","4":"has-post-thumbnail","6":"product_cat-edelsteinarmbaender-kaufen","8":"first","9":"instock","10":"shipping-taxable","11":"purchasable","12":"product-type-simple","13":"add-to-wishlist-before_image"},"jetpack_sharing_enabled":true,"_links":{"self":[{"href":"https:\/\/saphirsmaragd.com\/fr\/wp-json\/wp\/v2\/product\/7759","targetHints":{"allow":["GET"]}}],"collection":[{"href":"https:\/\/saphirsmaragd.com\/fr\/wp-json\/wp\/v2\/product"}],"about":[{"href":"https:\/\/saphirsmaragd.com\/fr\/wp-json\/wp\/v2\/types\/product"}],"replies":[{"embeddable":true,"href":"https:\/\/saphirsmaragd.com\/fr\/wp-json\/wp\/v2\/comments?post=7759"}],"version-history":[{"count":3,"href":"https:\/\/saphirsmaragd.com\/fr\/wp-json\/wp\/v2\/product\/7759\/revisions"}],"predecessor-version":[{"id":7765,"href":"https:\/\/saphirsmaragd.com\/fr\/wp-json\/wp\/v2\/product\/7759\/revisions\/7765"}],"wp:featuredmedia":[{"embeddable":true,"href":"https:\/\/saphirsmaragd.com\/fr\/wp-json\/wp\/v2\/media\/7760"}],"wp:attachment":[{"href":"https:\/\/saphirsmaragd.com\/fr\/wp-json\/wp\/v2\/media?parent=7759"}],"wp:term":[{"taxonomy":"product_brand","embeddable":true,"href":"https:\/\/saphirsmaragd.com\/fr\/wp-json\/wp\/v2\/product_brand?post=7759"},{"taxonomy":"product_cat","embeddable":true,"href":"https:\/\/saphirsmaragd.com\/fr\/wp-json\/wp\/v2\/product_cat?post=7759"},{"taxonomy":"product_tag","embeddable":true,"href":"https:\/\/saphirsmaragd.com\/fr\/wp-json\/wp\/v2\/product_tag?post=7759"}],"curies":[{"name":"wp","href":"https:\/\/api.w.org\/{rel}","templated":true}]}}