{"id":7904,"date":"2026-01-22T15:40:34","date_gmt":"2026-01-22T15:40:34","guid":{"rendered":"https:\/\/saphirsmaragd.com\/?post_type=product&#038;p=7904"},"modified":"2026-01-22T15:44:04","modified_gmt":"2026-01-22T15:44:04","slug":"armband-mit-karneol","status":"publish","type":"product","link":"https:\/\/saphirsmaragd.com\/fr\/produit\/armband-mit-karneol\/","title":{"rendered":"Armband mit Karneol \u2013 Edelsteinarmband mit 14K Goldperle"},"content":{"rendered":"<div id=\"ez-toc-container\" class=\"ez-toc-v2_0_82_2 counter-hierarchy ez-toc-counter ez-toc-grey ez-toc-container-direction\">\n<div class=\"ez-toc-title-container\">\n<p class=\"ez-toc-title\" style=\"cursor:inherit\">Table des mati\u00e8res<\/p>\n<span class=\"ez-toc-title-toggle\"><a href=\"#\" class=\"ez-toc-pull-right ez-toc-btn ez-toc-btn-xs ez-toc-btn-default ez-toc-toggle\" aria-label=\"Toggle Table of Content\"><span class=\"ez-toc-js-icon-con\"><span class=\"\"><span class=\"eztoc-hide\" style=\"display:none;\">Basculer<\/span><span class=\"ez-toc-icon-toggle-span\"><svg style=\"fill: #999;color:#999\" xmlns=\"http:\/\/www.w3.org\/2000\/svg\" class=\"list-377408\" width=\"20px\" height=\"20px\" viewbox=\"0 0 24 24\" fill=\"none\"><path d=\"M6 6H4v2h2V6zm14 0H8v2h12V6zM4 11h2v2H4v-2zm16 0H8v2h12v-2zM4 16h2v2H4v-2zm16 0H8v2h12v-2z\" fill=\"currentColor\"><\/path><\/svg><svg style=\"fill: #999;color:#999\" class=\"arrow-unsorted-368013\" xmlns=\"http:\/\/www.w3.org\/2000\/svg\" width=\"10px\" height=\"10px\" viewbox=\"0 0 24 24\" version=\"1.2\" baseprofile=\"tiny\"><path d=\"M18.2 9.3l-6.2-6.3-6.2 6.3c-.2.2-.3.4-.3.7s.1.5.3.7c.2.2.4.3.7.3h11c.3 0 .5-.1.7-.3.2-.2.3-.5.3-.7s-.1-.5-.3-.7zM5.8 14.7l6.2 6.3 6.2-6.3c.2-.2.3-.5.3-.7s-.1-.5-.3-.7c-.2-.2-.4-.3-.7-.3h-11c-.3 0-.5.1-.7.3-.2.2-.3.5-.3.7s.1.5.3.7z\"\/><\/svg><\/span><\/span><\/span><\/a><\/span><\/div>\n<nav><ul class='ez-toc-list ez-toc-list-level-1' ><li class='ez-toc-page-1 ez-toc-heading-level-4'><a class=\"ez-toc-link ez-toc-heading-1\" href=\"https:\/\/saphirsmaragd.com\/fr\/produit\/armband-mit-karneol\/#Armband_mit_Karneol_%E2%80%93_Elastisches_Edelsteinarmband_mit_14K_Goldperle\" >Armband mit Karneol \u2013 Elastisches Edelsteinarmband mit 14K Goldperle<\/a><\/li><li class='ez-toc-page-1 ez-toc-heading-level-4'><a class=\"ez-toc-link ez-toc-heading-2\" href=\"https:\/\/saphirsmaragd.com\/fr\/produit\/armband-mit-karneol\/#_Merkmale_Herkunft\" >\u00a0Caract\u00e9ristiques et origine<\/a><\/li><li class='ez-toc-page-1 ez-toc-heading-level-4'><a class=\"ez-toc-link ez-toc-heading-3\" href=\"https:\/\/saphirsmaragd.com\/fr\/produit\/armband-mit-karneol\/#_Besonderheiten\" >\u00a0Caract\u00e9ristiques sp\u00e9ciales<\/a><\/li><li class='ez-toc-page-1 ez-toc-heading-level-4'><a class=\"ez-toc-link ez-toc-heading-4\" href=\"https:\/\/saphirsmaragd.com\/fr\/produit\/armband-mit-karneol\/#_Mehr_uber_Achate_Heilsteine\" >\u00a0En savoir plus sur les agates et les pierres m\u00e9dicinales<\/a><\/li><li class='ez-toc-page-1 ez-toc-heading-level-4'><a class=\"ez-toc-link ez-toc-heading-5\" href=\"https:\/\/saphirsmaragd.com\/fr\/produit\/armband-mit-karneol\/#_Weitere_Infos\" >\u00a0Informations compl\u00e9mentaires<\/a><\/li><\/ul><\/nav><\/div>\n<h4 data-start=\"938\" data-end=\"1014\"><span class=\"ez-toc-section\" id=\"Armband_mit_Karneol_%E2%80%93_Elastisches_Edelsteinarmband_mit_14K_Goldperle\"><\/span><strong data-start=\"942\" data-end=\"1014\">Armband mit Karneol \u2013 Elastisches Edelsteinarmband mit 14K Goldperle<\/strong><span class=\"ez-toc-section-end\"><\/span><\/h4>\n<p data-start=\"1016\" data-end=\"1399\">Das Armband mit Karneol \u00fcberzeugt durch seine warme orange- bis r\u00f6tliche Farbgebung und seine kraftvolle, aktivierende Ausstrahlung. Karneol z\u00e4hlt zu den klassischen Energie- und Vitalit\u00e4tssteinen und wird seit jeher mit Tatkraft, Lebensfreude und Kreativit\u00e4t in Verbindung gebracht. Da es sich um ein Naturprodukt handelt, ist jedes Armband ein Unikat mit individuellen Farbnuancen.<\/p>\n<hr data-start=\"2365\" data-end=\"2368\" \/>\n<h4 data-start=\"1187\" data-end=\"1215\"><span class=\"ez-toc-section\" id=\"_Merkmale_Herkunft\"><\/span>\u00a0Caract\u00e9ristiques et origine<span class=\"ez-toc-section-end\"><\/span><\/h4>\n<p data-start=\"1216\" data-end=\"1508\">Farbe: Orange bis Rot<br data-start=\"1451\" data-end=\"1454\" \/>Form: Kugel<br data-start=\"1487\" data-end=\"1490\" \/>Ma\u00dfe: Perlendurchmesser ca. 6 mm<br data-start=\"1535\" data-end=\"1538\" \/>Reinheit: Nat\u00fcrlich<br data-start=\"1583\" data-end=\"1586\" \/>Zertifikat: Nein<br data-start=\"1602\" data-end=\"1605\" \/>\u00c9tat : Neuf<br data-start=\"1617\" data-end=\"1620\" \/>Steinart: Karneol<br data-start=\"1637\" data-end=\"1640\" \/>Material: Elastisches Band, 14 Karat Goldperle<br data-start=\"1686\" data-end=\"1689\" \/>Schmuckart: Armband<br data-start=\"1708\" data-end=\"1711\" \/>longueur : environ 18 cm<\/p>\n<hr data-start=\"2365\" data-end=\"2368\" \/>\n<h4 data-start=\"1510\" data-end=\"1533\"><span class=\"ez-toc-section\" id=\"_Besonderheiten\"><\/span>\u00a0Caract\u00e9ristiques sp\u00e9ciales<span class=\"ez-toc-section-end\"><\/span><\/h4>\n<p data-start=\"1755\" data-end=\"2105\">Karneol wirkt stark aktivierend und f\u00f6rdert Vitalit\u00e4t, Mut und Lebensenergie. Er unterst\u00fctzt dabei, ins Handeln zu kommen, Hindernisse zu \u00fcberwinden und Ziele entschlossen zu verfolgen. Seine Energie st\u00e4rkt Durchhalteverm\u00f6gen, Motivation und pers\u00f6nliche Kraft und kann besonders hilfreich sein, wenn Sie sich kraftlos, unsicher oder blockiert f\u00fchlen.<\/p>\n<p data-start=\"2107\" data-end=\"2634\">Auf emotionaler Ebene st\u00e4rkt Karneol Selbstvertrauen und Selbstwertgef\u00fchl und hilft, f\u00fcr sich selbst einzustehen. Er f\u00f6rdert gesunde Durchsetzungsf\u00e4higkeit ohne Aggression und unterst\u00fctzt das L\u00f6sen von Scham, Unsicherheit oder Eifersucht. Dadurch eignet sich Karneol auch zur emotionalen Stabilisierung und Verarbeitung belastender Erfahrungen. Energetisch ist er den unteren Chakren \u2013 Wurzelchakra, Sakralchakra und Solarplexuschakra \u2013 sowie dem Element Feuer zugeordnet und unterst\u00fctzt Fokus, Tatkraft und kreative Umsetzung.<\/p>\n<hr data-start=\"2365\" data-end=\"2368\" \/>\n<h4 data-start=\"2232\" data-end=\"2270\"><span class=\"ez-toc-section\" id=\"_Mehr_uber_Achate_Heilsteine\"><\/span>\u00a0En savoir plus sur les agates et les pierres m\u00e9dicinales<span class=\"ez-toc-section-end\"><\/span><\/h4>\n<p data-start=\"2271\" data-end=\"2322\">Pierres de gu\u00e9rison &amp; cristaux | <a class=\"decorated-link\" href=\"https:\/\/saphirsmaragd.com\/fr\/product-category\/heilsteine-kristalle-kaufen\/\" rel=\"noopener\" data-start=\"2301\" data-end=\"2322\">Saphir &amp; \u00c9meraude<\/a><\/p>\n<hr data-start=\"2365\" data-end=\"2368\" \/>\n<h4 data-start=\"2324\" data-end=\"2346\"><span class=\"ez-toc-section\" id=\"_Weitere_Infos\"><\/span>\u00a0Informations compl\u00e9mentaires<span class=\"ez-toc-section-end\"><\/span><\/h4>\n<p data-start=\"2347\" data-end=\"2363\">Wikip\u00e9dia :<a href=\"https:\/\/de.wikipedia.org\/wiki\/Aquamarin\" target=\"_blank\" rel=\"noopener\">Aigue-marine<\/a><\/p>","protected":false},"excerpt":{"rendered":"<p><em>Das Armband mit Karneol ist ein elastisches Edelsteinarmband mit 14-kar\u00e4tiger Goldperle und steht f\u00fcr Energie, Motivation, Selbstvertrauen und kreative Lebenskraft.<\/em><\/p>","protected":false},"featured_media":7905,"comment_status":"open","ping_status":"closed","template":"","meta":{"_glsr_average":0,"_glsr_ranking":0,"_glsr_reviews":0},"product_brand":[],"product_cat":[331],"product_tag":[],"class_list":{"0":"post-7904","1":"product","2":"type-product","3":"status-publish","4":"has-post-thumbnail","6":"product_cat-edelsteinarmbaender-kaufen","8":"first","9":"instock","10":"shipping-taxable","11":"purchasable","12":"product-type-simple","13":"add-to-wishlist-before_image"},"jetpack_sharing_enabled":true,"_links":{"self":[{"href":"https:\/\/saphirsmaragd.com\/fr\/wp-json\/wp\/v2\/product\/7904","targetHints":{"allow":["GET"]}}],"collection":[{"href":"https:\/\/saphirsmaragd.com\/fr\/wp-json\/wp\/v2\/product"}],"about":[{"href":"https:\/\/saphirsmaragd.com\/fr\/wp-json\/wp\/v2\/types\/product"}],"replies":[{"embeddable":true,"href":"https:\/\/saphirsmaragd.com\/fr\/wp-json\/wp\/v2\/comments?post=7904"}],"version-history":[{"count":2,"href":"https:\/\/saphirsmaragd.com\/fr\/wp-json\/wp\/v2\/product\/7904\/revisions"}],"predecessor-version":[{"id":7907,"href":"https:\/\/saphirsmaragd.com\/fr\/wp-json\/wp\/v2\/product\/7904\/revisions\/7907"}],"wp:featuredmedia":[{"embeddable":true,"href":"https:\/\/saphirsmaragd.com\/fr\/wp-json\/wp\/v2\/media\/7905"}],"wp:attachment":[{"href":"https:\/\/saphirsmaragd.com\/fr\/wp-json\/wp\/v2\/media?parent=7904"}],"wp:term":[{"taxonomy":"product_brand","embeddable":true,"href":"https:\/\/saphirsmaragd.com\/fr\/wp-json\/wp\/v2\/product_brand?post=7904"},{"taxonomy":"product_cat","embeddable":true,"href":"https:\/\/saphirsmaragd.com\/fr\/wp-json\/wp\/v2\/product_cat?post=7904"},{"taxonomy":"product_tag","embeddable":true,"href":"https:\/\/saphirsmaragd.com\/fr\/wp-json\/wp\/v2\/product_tag?post=7904"}],"curies":[{"name":"wp","href":"https:\/\/api.w.org\/{rel}","templated":true}]}}