{"id":8038,"date":"2026-01-27T15:06:35","date_gmt":"2026-01-27T15:06:35","guid":{"rendered":"https:\/\/saphirsmaragd.com\/?post_type=product&#038;p=8038"},"modified":"2026-02-14T10:40:05","modified_gmt":"2026-02-14T10:40:05","slug":"zirkon-kissen-6-38-karat-blau","status":"publish","type":"product","link":"https:\/\/saphirsmaragd.com\/fr\/produit\/zirkon-kissen-6-38-karat-blau\/","title":{"rendered":"Zirkon Kissen 6.38 Karat Blau \u2013 Nat\u00fcrlicher Edelstein aus Kambodscha"},"content":{"rendered":"<div id=\"ez-toc-container\" class=\"ez-toc-v2_0_82_2 counter-hierarchy ez-toc-counter ez-toc-grey ez-toc-container-direction\">\n<div class=\"ez-toc-title-container\">\n<p class=\"ez-toc-title\" style=\"cursor:inherit\">Table des mati\u00e8res<\/p>\n<span class=\"ez-toc-title-toggle\"><a href=\"#\" class=\"ez-toc-pull-right ez-toc-btn ez-toc-btn-xs ez-toc-btn-default ez-toc-toggle\" aria-label=\"Toggle Table of Content\"><span class=\"ez-toc-js-icon-con\"><span class=\"\"><span class=\"eztoc-hide\" style=\"display:none;\">Basculer<\/span><span class=\"ez-toc-icon-toggle-span\"><svg style=\"fill: #999;color:#999\" xmlns=\"http:\/\/www.w3.org\/2000\/svg\" class=\"list-377408\" width=\"20px\" height=\"20px\" viewbox=\"0 0 24 24\" fill=\"none\"><path d=\"M6 6H4v2h2V6zm14 0H8v2h12V6zM4 11h2v2H4v-2zm16 0H8v2h12v-2zM4 16h2v2H4v-2zm16 0H8v2h12v-2z\" fill=\"currentColor\"><\/path><\/svg><svg style=\"fill: #999;color:#999\" class=\"arrow-unsorted-368013\" xmlns=\"http:\/\/www.w3.org\/2000\/svg\" width=\"10px\" height=\"10px\" viewbox=\"0 0 24 24\" version=\"1.2\" baseprofile=\"tiny\"><path d=\"M18.2 9.3l-6.2-6.3-6.2 6.3c-.2.2-.3.4-.3.7s.1.5.3.7c.2.2.4.3.7.3h11c.3 0 .5-.1.7-.3.2-.2.3-.5.3-.7s-.1-.5-.3-.7zM5.8 14.7l6.2 6.3 6.2-6.3c.2-.2.3-.5.3-.7s-.1-.5-.3-.7c-.2-.2-.4-.3-.7-.3h-11c-.3 0-.5.1-.7.3-.2.2-.3.5-.3.7s.1.5.3.7z\"\/><\/svg><\/span><\/span><\/span><\/a><\/span><\/div>\n<nav><ul class='ez-toc-list ez-toc-list-level-1' ><li class='ez-toc-page-1 ez-toc-heading-level-4'><a class=\"ez-toc-link ez-toc-heading-1\" href=\"https:\/\/saphirsmaragd.com\/fr\/produit\/zirkon-kissen-6-38-karat-blau\/#Zirkon_Kissen_638_Karat_Blau\" >Zirkon Kissen 6.38 Karat Blau\u00a0<\/a><\/li><li class='ez-toc-page-1 ez-toc-heading-level-4'><a class=\"ez-toc-link ez-toc-heading-2\" href=\"https:\/\/saphirsmaragd.com\/fr\/produit\/zirkon-kissen-6-38-karat-blau\/#Merkmale_Herkunft\" >Merkmale &amp; Herkunft:<\/a><\/li><li class='ez-toc-page-1 ez-toc-heading-level-4'><a class=\"ez-toc-link ez-toc-heading-3\" href=\"https:\/\/saphirsmaragd.com\/fr\/produit\/zirkon-kissen-6-38-karat-blau\/#Besonderheiten\" >Besonderheiten:<\/a><\/li><li class='ez-toc-page-1 ez-toc-heading-level-4'><a class=\"ez-toc-link ez-toc-heading-4\" href=\"https:\/\/saphirsmaragd.com\/fr\/produit\/zirkon-kissen-6-38-karat-blau\/#Mehr_uber_unsere_Edelsteine\" >En savoir plus sur nos pierres pr\u00e9cieuses<\/a><\/li><li class='ez-toc-page-1 ez-toc-heading-level-4'><a class=\"ez-toc-link ez-toc-heading-5\" href=\"https:\/\/saphirsmaragd.com\/fr\/produit\/zirkon-kissen-6-38-karat-blau\/#Weitere_Infos\" >Informations compl\u00e9mentaires<\/a><\/li><\/ul><\/nav><\/div>\n<h4 data-start=\"147\" data-end=\"219\"><span class=\"ez-toc-section\" id=\"Zirkon_Kissen_638_Karat_Blau\"><\/span><strong data-start=\"150\" data-end=\"219\">Zirkon Kissen 6.38 Karat Blau\u00a0<\/strong><span class=\"ez-toc-section-end\"><\/span><\/h4>\n<p data-start=\"221\" data-end=\"513\">Der Zirkon Kissen 6.38 Karat Blau ist ein hochwertiger Farbedelstein mit au\u00dfergew\u00f6hnlicher Brillanz und intensiver blauer Farbe. Durch seine kissenf\u00f6rmige Schliffart und die sorgf\u00e4ltige Verarbeitung eignet sich dieser Edelstein ideal f\u00fcr exklusive Schmuckanfertigungen oder als Sammlerst\u00fcck.<\/p>\n<hr data-start=\"1290\" data-end=\"1293\" \/>\n<h4 data-start=\"1295\" data-end=\"1320\"><span class=\"ez-toc-section\" id=\"Merkmale_Herkunft\"><\/span>Merkmale &amp; Herkunft:<span class=\"ez-toc-section-end\"><\/span><\/h4>\n<p data-start=\"1321\" data-end=\"1544\">Steinart: Zirkon<br data-start=\"218\" data-end=\"221\" \/>Form: Kissen<br data-start=\"237\" data-end=\"240\" \/>Schliff: Facettiert<br data-start=\"263\" data-end=\"266\" \/>Farbe: Blau<br data-start=\"281\" data-end=\"284\" \/>Gewicht: 6.38 Karat<br data-start=\"307\" data-end=\"310\" \/>Abmessungen: 11,5 \u00d7 8 mm<br data-start=\"338\" data-end=\"341\" \/>Reinheit: Nat\u00fcrlich gewachsen<br data-start=\"374\" data-end=\"377\" \/>Behandlung: Erhitzt<br data-start=\"400\" data-end=\"403\" \/>Mohs-H\u00e4rte: 6\u20137,5<br data-start=\"424\" data-end=\"427\" data-is-only-node=\"\" \/>Herkunft: Kambodscha<\/p>\n<hr data-start=\"1546\" data-end=\"1549\" \/>\n<h4 data-start=\"1551\" data-end=\"1571\"><span class=\"ez-toc-section\" id=\"Besonderheiten\"><\/span>Besonderheiten:<span class=\"ez-toc-section-end\"><\/span><\/h4>\n<p data-start=\"1572\" data-end=\"1784\">Blauer Zirkon ist ein seltener und wenig bekannter Edelstein mit au\u00dfergew\u00f6hnlicher Brillanz und hoher Lichtbrechung. Dieser kissenf\u00f6rmige blaue Zirkon \u00fcberzeugt durch seine intensive blaue Farbe und den pr\u00e4zisen Schliff, der das Licht besonders lebendig reflektiert. Die W\u00e4rmebehandlung ist bei Zirkonen \u00fcblich und dient der Stabilisierung sowie Intensivierung der nat\u00fcrlichen Farbgebung.<\/p>\n<hr data-start=\"1926\" data-end=\"1929\" \/>\n<h4 data-start=\"1931\" data-end=\"1971\"><span class=\"ez-toc-section\" id=\"Mehr_uber_unsere_Edelsteine\"><\/span>En savoir plus sur nos pierres pr\u00e9cieuses<span class=\"ez-toc-section-end\"><\/span><\/h4>\n<p data-start=\"1972\" data-end=\"2069\"><a href=\"https:\/\/saphirsmaragd.com\/fr\/product-category\/edelsteine-kaufen\/\">pierres pr\u00e9cieuses<\/a><\/p>\n<hr data-start=\"2071\" data-end=\"2074\" \/>\n<h4 data-start=\"2076\" data-end=\"2096\"><span class=\"ez-toc-section\" id=\"Weitere_Infos\"><\/span>Informations compl\u00e9mentaires<span class=\"ez-toc-section-end\"><\/span><\/h4>\n<p><a href=\"https:\/\/de.wikipedia.org\/wiki\/Zirkon\" target=\"_blank\" rel=\"noopener\">Wikipedia: Zirkon<\/a><\/p>","protected":false},"excerpt":{"rendered":"<p><em>Der Zirkon Kissen 6.38 Karat Blau \u00fcberzeugt durch seine intensive blaue Farbe, hohe Brillanz und Herkunft aus Kambodscha \u2013 ideal f\u00fcr hochwertige Schmuckst\u00fccke oder Sammler.<\/em><\/p>","protected":false},"featured_media":8040,"comment_status":"open","ping_status":"closed","template":"","meta":{"_glsr_average":0,"_glsr_ranking":0,"_glsr_reviews":0},"product_brand":[],"product_cat":[301],"product_tag":[],"class_list":{"0":"post-8038","1":"product","2":"type-product","3":"status-publish","4":"has-post-thumbnail","6":"product_cat-zirkon","7":"pa_edelsteinart-zirkon","8":"pa_farbe-blau","9":"pa_form-kissen","10":"pa_gewicht-karat-5-0-10-karat","11":"pa_herkunft-kambodscha","12":"pa_reinheit-augenrein","13":"pa_veredelung-behandlung-erhitzt","14":"pa_zustand-neu","16":"first","17":"instock","18":"featured","19":"sold-individually","20":"shipping-taxable","21":"purchasable","22":"product-type-simple","23":"add-to-wishlist-before_image"},"jetpack_sharing_enabled":true,"_links":{"self":[{"href":"https:\/\/saphirsmaragd.com\/fr\/wp-json\/wp\/v2\/product\/8038","targetHints":{"allow":["GET"]}}],"collection":[{"href":"https:\/\/saphirsmaragd.com\/fr\/wp-json\/wp\/v2\/product"}],"about":[{"href":"https:\/\/saphirsmaragd.com\/fr\/wp-json\/wp\/v2\/types\/product"}],"replies":[{"embeddable":true,"href":"https:\/\/saphirsmaragd.com\/fr\/wp-json\/wp\/v2\/comments?post=8038"}],"version-history":[{"count":2,"href":"https:\/\/saphirsmaragd.com\/fr\/wp-json\/wp\/v2\/product\/8038\/revisions"}],"predecessor-version":[{"id":8042,"href":"https:\/\/saphirsmaragd.com\/fr\/wp-json\/wp\/v2\/product\/8038\/revisions\/8042"}],"wp:featuredmedia":[{"embeddable":true,"href":"https:\/\/saphirsmaragd.com\/fr\/wp-json\/wp\/v2\/media\/8040"}],"wp:attachment":[{"href":"https:\/\/saphirsmaragd.com\/fr\/wp-json\/wp\/v2\/media?parent=8038"}],"wp:term":[{"taxonomy":"product_brand","embeddable":true,"href":"https:\/\/saphirsmaragd.com\/fr\/wp-json\/wp\/v2\/product_brand?post=8038"},{"taxonomy":"product_cat","embeddable":true,"href":"https:\/\/saphirsmaragd.com\/fr\/wp-json\/wp\/v2\/product_cat?post=8038"},{"taxonomy":"product_tag","embeddable":true,"href":"https:\/\/saphirsmaragd.com\/fr\/wp-json\/wp\/v2\/product_tag?post=8038"}],"curies":[{"name":"wp","href":"https:\/\/api.w.org\/{rel}","templated":true}]}}