{"id":8234,"date":"2026-03-18T20:11:12","date_gmt":"2026-03-18T20:11:12","guid":{"rendered":"https:\/\/saphirsmaragd.com\/?post_type=product&#038;p=8234"},"modified":"2026-03-18T20:17:58","modified_gmt":"2026-03-18T20:17:58","slug":"iolith-rechteck-farbe-blau-4-72-karat","status":"publish","type":"product","link":"https:\/\/saphirsmaragd.com\/fr\/produit\/iolith-rechteck-farbe-blau-4-72-karat\/","title":{"rendered":"Iolith Rechteck Farbe blau 4.72 Karat \u2013 Nat\u00fcrlicher Cordierit Edelstein mit tiefem Blau aus Madagaskar"},"content":{"rendered":"<p data-start=\"854\" data-end=\"1153\">Der Iolith Rechteck Farbe blau 4.72 Karat besticht durch seine tiefblaue bis leicht violette Farbgebung und seine markante rechteckige Schliffform. Dieser nat\u00fcrliche Cordierit aus Madagaskar zeigt je nach Lichteinfall unterschiedliche Farbnuancen und bietet damit ein faszinierendes optisches Spiel.<\/p>\n<hr data-start=\"1155\" data-end=\"1158\" \/>\n<div id=\"ez-toc-container\" class=\"ez-toc-v2_0_82_2 counter-hierarchy ez-toc-counter ez-toc-grey ez-toc-container-direction\">\n<div class=\"ez-toc-title-container\">\n<p class=\"ez-toc-title\" style=\"cursor:inherit\">Table des mati\u00e8res<\/p>\n<span class=\"ez-toc-title-toggle\"><a href=\"#\" class=\"ez-toc-pull-right ez-toc-btn ez-toc-btn-xs ez-toc-btn-default ez-toc-toggle\" aria-label=\"Toggle Table of Content\"><span class=\"ez-toc-js-icon-con\"><span class=\"\"><span class=\"eztoc-hide\" style=\"display:none;\">Basculer<\/span><span class=\"ez-toc-icon-toggle-span\"><svg style=\"fill: #999;color:#999\" xmlns=\"http:\/\/www.w3.org\/2000\/svg\" class=\"list-377408\" width=\"20px\" height=\"20px\" viewbox=\"0 0 24 24\" fill=\"none\"><path d=\"M6 6H4v2h2V6zm14 0H8v2h12V6zM4 11h2v2H4v-2zm16 0H8v2h12v-2zM4 16h2v2H4v-2zm16 0H8v2h12v-2z\" fill=\"currentColor\"><\/path><\/svg><svg style=\"fill: #999;color:#999\" class=\"arrow-unsorted-368013\" xmlns=\"http:\/\/www.w3.org\/2000\/svg\" width=\"10px\" height=\"10px\" viewbox=\"0 0 24 24\" version=\"1.2\" baseprofile=\"tiny\"><path d=\"M18.2 9.3l-6.2-6.3-6.2 6.3c-.2.2-.3.4-.3.7s.1.5.3.7c.2.2.4.3.7.3h11c.3 0 .5-.1.7-.3.2-.2.3-.5.3-.7s-.1-.5-.3-.7zM5.8 14.7l6.2 6.3 6.2-6.3c.2-.2.3-.5.3-.7s-.1-.5-.3-.7c-.2-.2-.4-.3-.7-.3h-11c-.3 0-.5.1-.7.3-.2.2-.3.5-.3.7s.1.5.3.7z\"\/><\/svg><\/span><\/span><\/span><\/a><\/span><\/div>\n<nav><ul class='ez-toc-list ez-toc-list-level-1' ><li class='ez-toc-page-1 ez-toc-heading-level-4'><a class=\"ez-toc-link ez-toc-heading-1\" href=\"https:\/\/saphirsmaragd.com\/fr\/produit\/iolith-rechteck-farbe-blau-4-72-karat\/#Merkmale_Herkunft\" >Merkmale &amp; Herkunft:<\/a><\/li><li class='ez-toc-page-1 ez-toc-heading-level-4'><a class=\"ez-toc-link ez-toc-heading-2\" href=\"https:\/\/saphirsmaragd.com\/fr\/produit\/iolith-rechteck-farbe-blau-4-72-karat\/#Besonderheiten\" >Besonderheiten:<\/a><\/li><li class='ez-toc-page-1 ez-toc-heading-level-4'><a class=\"ez-toc-link ez-toc-heading-3\" href=\"https:\/\/saphirsmaragd.com\/fr\/produit\/iolith-rechteck-farbe-blau-4-72-karat\/#Weitere_Inspiration_entdecken\" >Weitere Inspiration entdecken<\/a><\/li><\/ul><\/nav><\/div>\n<h4 data-start=\"1160\" data-end=\"1185\"><span class=\"ez-toc-section\" id=\"Merkmale_Herkunft\"><\/span>Merkmale &amp; Herkunft:<span class=\"ez-toc-section-end\"><\/span><\/h4>\n<p data-start=\"1187\" data-end=\"1498\">Farbe: Blau bis blau-violett<br data-start=\"1215\" data-end=\"1218\" \/>Form: Rechteck mit abgeschr\u00e4gten Kanten<br data-start=\"1257\" data-end=\"1260\" \/>Herkunft: Madagaskar<br data-start=\"1280\" data-end=\"1283\" \/>Gewicht: 4.72 Karat<br data-start=\"1302\" data-end=\"1305\" \/>Ma\u00dfe: 13.53 x 9.78 mm<br data-start=\"1326\" data-end=\"1329\" \/>Reinheit: Kleine Einschl\u00fcsse<br data-start=\"1357\" data-end=\"1360\" \/>Traitement : Non trait\u00e9<br data-start=\"1383\" data-end=\"1386\" \/>Zertifikat: Ja (Val\u00e9rie DURAFFOURG, Gem-A)<br data-start=\"1428\" data-end=\"1431\" \/>\u00c9tat : Neuf<br data-start=\"1443\" data-end=\"1446\" \/>Steinart: Iolith (Cordierit)<br data-start=\"1474\" data-end=\"1477\" \/>Mohs-H\u00e4rte: 7 \u2013 7.5<\/p>\n<hr data-start=\"1500\" data-end=\"1503\" \/>\n<h4 data-start=\"1505\" data-end=\"1525\"><span class=\"ez-toc-section\" id=\"Besonderheiten\"><\/span>Besonderheiten:<span class=\"ez-toc-section-end\"><\/span><\/h4>\n<p data-start=\"1527\" data-end=\"1797\">Der Iolith Rechteck Farbe blau 4.72 Karat wird h\u00e4ufig als \u201eWassersaphir\u201c bezeichnet, obwohl er mineralogisch ein Cordierit ist. Besonders charakteristisch ist sein Pleochroismus \u2013 ein optischer Effekt, bei dem der Stein je nach Blickwinkel unterschiedliche Farben zeigt.<\/p>\n<p data-start=\"1799\" data-end=\"2044\">Durch seinen rechteckigen Facettenschliff wirkt der Edelstein modern und kraftvoll, wodurch er sich hervorragend f\u00fcr markante Schmuckst\u00fccke eignet. Seine Gr\u00f6\u00dfe von \u00fcber 4 Karat macht ihn zu einem auff\u00e4lligen Mittelpunkt in individuellen Designs.<\/p>\n<hr data-start=\"1926\" data-end=\"1929\" \/>\n<h4 data-start=\"413\" data-end=\"449\"><span class=\"ez-toc-section\" id=\"Weitere_Inspiration_entdecken\"><\/span>Weitere Inspiration entdecken<span class=\"ez-toc-section-end\"><\/span><\/h4>\n<p data-start=\"450\" data-end=\"582\">Suchen Sie weitere besondere Produkte? Entdecken Sie zus\u00e4tzliche Highlights in unserem Sortiment oder besuchen Sie unsere Partnerprojekte:<\/p>\n<ul data-start=\"584\" data-end=\"920\">\n<li data-start=\"584\" data-end=\"656\"><a href=\"https:\/\/saphirsmaragd.com\/fr\/shop\/\">Weitere Edelsteine &amp; Schmuckst\u00fccke bei Saphir &amp; Smaragd entdecken<\/a><\/li>\n<li data-start=\"657\" data-end=\"783\">\n<p data-start=\"659\" data-end=\"783\"><a href=\"https:\/\/honigbee.com\/shop\/\" target=\"_blank\" rel=\"noopener\">Nat\u00fcrliche Produkte bei Honigbee ansehen<br \/>\n<\/a><\/p>\n<\/li>\n<li data-start=\"784\" data-end=\"920\">\n<p data-start=\"786\" data-end=\"920\"><a href=\"https:\/\/matvana.com\/shop\/\" target=\"_blank\" rel=\"noopener\">Stilvolle Wohnideen bei Matvana erkunden<\/a><\/p>\n<\/li>\n<\/ul>","protected":false},"excerpt":{"rendered":"<p data-start=\"454\" data-end=\"590\"><em>Iolith Rechteck Farbe blau 4.72 Karat aus Madagaskar. Nat\u00fcrlicher Cordierit Edelstein mit tiefblauer Farbe und facettiertem Schliff.<\/em><\/p>","protected":false},"featured_media":8236,"comment_status":"open","ping_status":"closed","template":"","meta":{"_glsr_average":0,"_glsr_ranking":0,"_glsr_reviews":0},"product_brand":[],"product_cat":[277],"product_tag":[],"class_list":{"0":"post-8234","1":"product","2":"type-product","3":"status-publish","4":"has-post-thumbnail","6":"product_cat-iolith-cordierit","7":"pa_edelsteinart-iolith-cordierit","8":"pa_farbe-blau","9":"pa_form-rechteck","10":"pa_gewicht-karat-3-0-5-0-karat","11":"pa_herkunft-madagaskar","12":"pa_reinheit-kleine-einschluesse","13":"pa_veredelung-behandlung-unbehandelt","14":"pa_zertifikat-ja","15":"pa_zustand-neu","17":"first","18":"instock","19":"featured","20":"sold-individually","21":"shipping-taxable","22":"purchasable","23":"product-type-simple","24":"add-to-wishlist-before_image"},"jetpack_sharing_enabled":true,"_links":{"self":[{"href":"https:\/\/saphirsmaragd.com\/fr\/wp-json\/wp\/v2\/product\/8234","targetHints":{"allow":["GET"]}}],"collection":[{"href":"https:\/\/saphirsmaragd.com\/fr\/wp-json\/wp\/v2\/product"}],"about":[{"href":"https:\/\/saphirsmaragd.com\/fr\/wp-json\/wp\/v2\/types\/product"}],"replies":[{"embeddable":true,"href":"https:\/\/saphirsmaragd.com\/fr\/wp-json\/wp\/v2\/comments?post=8234"}],"version-history":[{"count":1,"href":"https:\/\/saphirsmaragd.com\/fr\/wp-json\/wp\/v2\/product\/8234\/revisions"}],"predecessor-version":[{"id":8239,"href":"https:\/\/saphirsmaragd.com\/fr\/wp-json\/wp\/v2\/product\/8234\/revisions\/8239"}],"wp:featuredmedia":[{"embeddable":true,"href":"https:\/\/saphirsmaragd.com\/fr\/wp-json\/wp\/v2\/media\/8236"}],"wp:attachment":[{"href":"https:\/\/saphirsmaragd.com\/fr\/wp-json\/wp\/v2\/media?parent=8234"}],"wp:term":[{"taxonomy":"product_brand","embeddable":true,"href":"https:\/\/saphirsmaragd.com\/fr\/wp-json\/wp\/v2\/product_brand?post=8234"},{"taxonomy":"product_cat","embeddable":true,"href":"https:\/\/saphirsmaragd.com\/fr\/wp-json\/wp\/v2\/product_cat?post=8234"},{"taxonomy":"product_tag","embeddable":true,"href":"https:\/\/saphirsmaragd.com\/fr\/wp-json\/wp\/v2\/product_tag?post=8234"}],"curies":[{"name":"wp","href":"https:\/\/api.w.org\/{rel}","templated":true}]}}