{"id":8471,"date":"2026-04-11T12:28:00","date_gmt":"2026-04-11T12:28:00","guid":{"rendered":"https:\/\/saphirsmaragd.com\/?post_type=product&#038;p=8471"},"modified":"2026-04-11T12:29:47","modified_gmt":"2026-04-11T12:29:47","slug":"smaragd-quadrat-gruen-2-04-karat","status":"publish","type":"product","link":"https:\/\/saphirsmaragd.com\/fr\/produit\/smaragd-quadrat-gruen-2-04-karat\/","title":{"rendered":"Smaragd Quadrat Gr\u00fcn 2.04 Karat aus Sambia \u2013 Zertifizierter Edelstein"},"content":{"rendered":"<p data-start=\"823\" data-end=\"1128\">Dieser edle Smaragd Quadrat Gr\u00fcn 2.04 Karat stammt aus Sambia und \u00fcberzeugt durch seine intensive gr\u00fcne Farbe sowie seine seltene quadratische Form. Durch seine ausgewogenen Proportionen und seine hochwertige Ausstrahlung eignet sich dieser Edelstein ideal f\u00fcr exklusive Schmuckst\u00fccke und moderne Designs.<\/p>\n<hr data-start=\"1130\" data-end=\"1133\" \/>\n<div id=\"ez-toc-container\" class=\"ez-toc-v2_0_82_2 counter-hierarchy ez-toc-counter ez-toc-grey ez-toc-container-direction\">\n<div class=\"ez-toc-title-container\">\n<p class=\"ez-toc-title\" style=\"cursor:inherit\">Table des mati\u00e8res<\/p>\n<span class=\"ez-toc-title-toggle\"><a href=\"#\" class=\"ez-toc-pull-right ez-toc-btn ez-toc-btn-xs ez-toc-btn-default ez-toc-toggle\" aria-label=\"Toggle Table of Content\"><span class=\"ez-toc-js-icon-con\"><span class=\"\"><span class=\"eztoc-hide\" style=\"display:none;\">Basculer<\/span><span class=\"ez-toc-icon-toggle-span\"><svg style=\"fill: #999;color:#999\" xmlns=\"http:\/\/www.w3.org\/2000\/svg\" class=\"list-377408\" width=\"20px\" height=\"20px\" viewbox=\"0 0 24 24\" fill=\"none\"><path d=\"M6 6H4v2h2V6zm14 0H8v2h12V6zM4 11h2v2H4v-2zm16 0H8v2h12v-2zM4 16h2v2H4v-2zm16 0H8v2h12v-2z\" fill=\"currentColor\"><\/path><\/svg><svg style=\"fill: #999;color:#999\" class=\"arrow-unsorted-368013\" xmlns=\"http:\/\/www.w3.org\/2000\/svg\" width=\"10px\" height=\"10px\" viewbox=\"0 0 24 24\" version=\"1.2\" baseprofile=\"tiny\"><path d=\"M18.2 9.3l-6.2-6.3-6.2 6.3c-.2.2-.3.4-.3.7s.1.5.3.7c.2.2.4.3.7.3h11c.3 0 .5-.1.7-.3.2-.2.3-.5.3-.7s-.1-.5-.3-.7zM5.8 14.7l6.2 6.3 6.2-6.3c.2-.2.3-.5.3-.7s-.1-.5-.3-.7c-.2-.2-.4-.3-.7-.3h-11c-.3 0-.5.1-.7.3-.2.2-.3.5-.3.7s.1.5.3.7z\"\/><\/svg><\/span><\/span><\/span><\/a><\/span><\/div>\n<nav><ul class='ez-toc-list ez-toc-list-level-1' ><li class='ez-toc-page-1 ez-toc-heading-level-4'><a class=\"ez-toc-link ez-toc-heading-1\" href=\"https:\/\/saphirsmaragd.com\/fr\/produit\/smaragd-quadrat-gruen-2-04-karat\/#Merkmale_Herkunft\" >Caract\u00e9ristiques et origine<\/a><\/li><li class='ez-toc-page-1 ez-toc-heading-level-4'><a class=\"ez-toc-link ez-toc-heading-2\" href=\"https:\/\/saphirsmaragd.com\/fr\/produit\/smaragd-quadrat-gruen-2-04-karat\/#Besonderheiten\" >Caract\u00e9ristiques sp\u00e9ciales<\/a><\/li><li class='ez-toc-page-1 ez-toc-heading-level-4'><a class=\"ez-toc-link ez-toc-heading-3\" href=\"https:\/\/saphirsmaragd.com\/fr\/produit\/smaragd-quadrat-gruen-2-04-karat\/#Mehr_uber_Smaragde\" >Mehr \u00fcber Smaragde<\/a><\/li><li class='ez-toc-page-1 ez-toc-heading-level-4'><a class=\"ez-toc-link ez-toc-heading-4\" href=\"https:\/\/saphirsmaragd.com\/fr\/produit\/smaragd-quadrat-gruen-2-04-karat\/#Weitere_Infos\" >Informations compl\u00e9mentaires<\/a><\/li><\/ul><\/nav><\/div>\n<h4 data-start=\"1135\" data-end=\"1159\"><span class=\"ez-toc-section\" id=\"Merkmale_Herkunft\"><\/span>Caract\u00e9ristiques et origine<span class=\"ez-toc-section-end\"><\/span><\/h4>\n<p data-start=\"1161\" data-end=\"1418\">Steinart: Smaragd<br data-start=\"1178\" data-end=\"1181\" \/>Couleur : Vert<br data-start=\"1192\" data-end=\"1195\" \/>Form: Quadrat<br data-start=\"1208\" data-end=\"1211\" \/>Gewicht: 2.04 Karat<br data-start=\"1230\" data-end=\"1233\" \/>Abmessungen: 7.9 x 7.1 mm<br data-start=\"1258\" data-end=\"1261\" \/>Herkunft: Sambia<br data-start=\"1277\" data-end=\"1280\" \/>Reinheit: Kleine Einschl\u00fcsse<br data-start=\"1308\" data-end=\"1311\" \/>Behandlung: Ge\u00f6lt<br data-start=\"1328\" data-end=\"1331\" \/>Beobachtung: Nat\u00fcrlich<br data-start=\"1353\" data-end=\"1356\" \/>Zertifikat: GIT (GA58869)<br data-start=\"1381\" data-end=\"1384\" \/>Mohs-H\u00e4rte: 7.5\u20138<br data-start=\"1401\" data-end=\"1404\" \/>\u00c9tat : Neuf<\/p>\n<hr data-start=\"1420\" data-end=\"1423\" \/>\n<h4 data-start=\"1425\" data-end=\"1444\"><span class=\"ez-toc-section\" id=\"Besonderheiten\"><\/span>Caract\u00e9ristiques sp\u00e9ciales<span class=\"ez-toc-section-end\"><\/span><\/h4>\n<p data-start=\"1446\" data-end=\"1730\">Der Smaragd Quadrat Gr\u00fcn 2.04 Karat weist die f\u00fcr nat\u00fcrliche Smaragde typischen Einschl\u00fcsse auf, die als \u201eJardin\u201c bekannt sind und die Echtheit dieses Edelsteins unterstreichen. Die \u00d6lbehandlung verbessert die optische Klarheit, ohne die nat\u00fcrliche Struktur des Steins zu verf\u00e4lschen.<\/p>\n<p data-start=\"1732\" data-end=\"2006\">Die quadratische Form wirkt modern, klar und elegant und hebt sich von klassischen ovalen oder rechteckigen Schliffen ab. Zus\u00e4tzlich bietet das vorhandene GIT-Zertifikat mit der Nummer GA58869 mehr Sicherheit und st\u00e4rkt das Vertrauen beim Kauf eines hochwertigen Edelsteins.<\/p>\n<p data-start=\"2008\" data-end=\"2133\">Dieser Smaragd eignet sich hervorragend als Mittelstein f\u00fcr exklusive Ringe, Anh\u00e4nger oder individuelle Schmuckanfertigungen.<\/p>\n<hr data-start=\"1443\" data-end=\"1446\" \/>\n<h4 data-start=\"1448\" data-end=\"1473\"><span class=\"ez-toc-section\" id=\"Mehr_uber_Smaragde\"><\/span>Mehr \u00fcber Smaragde<span class=\"ez-toc-section-end\"><\/span><\/h4>\n<p data-start=\"1475\" data-end=\"1668\"><a class=\"\" href=\"https:\/\/saphirsmaragd.com\/fr\/product-category\/heilsteine-kristalle-kaufen\/\" target=\"_new\" rel=\"noopener\" data-start=\"1571\" data-end=\"1668\">Pierres et cristaux de gu\u00e9rison<\/a><\/p>\n<hr data-start=\"1670\" data-end=\"1673\" \/>\n<h4 data-start=\"1675\" data-end=\"1695\"><span class=\"ez-toc-section\" id=\"Weitere_Infos\"><\/span>Informations compl\u00e9mentaires<span class=\"ez-toc-section-end\"><\/span><\/h4>\n<p data-start=\"1697\" data-end=\"1801\"><a class=\"\" href=\"https:\/\/de.wikipedia.org\/wiki\/Smaragd\" target=\"_new\" rel=\"noopener\" data-start=\"1741\" data-end=\"1801\">Wikipedia - \u00c9meraude<\/a><\/p>","protected":false},"excerpt":{"rendered":"<p data-start=\"520\" data-end=\"677\"><em>Smaragd Quadrat Gr\u00fcn 2.04 Karat aus Sambia, nat\u00fcrlich und ge\u00f6lt. Zertifizierter quadratischer Smaragd mit intensiver gr\u00fcner Farbe und edler Ausstrahlung.<\/em><\/p>\n<h2 data-section-id=\"1qu2ki4\" data-start=\"679\" data-end=\"690\"><\/h2>","protected":false},"featured_media":8472,"comment_status":"open","ping_status":"closed","template":"","meta":{"_glsr_average":0,"_glsr_ranking":0,"_glsr_reviews":0},"product_brand":[],"product_cat":[262],"product_tag":[],"class_list":{"0":"post-8471","1":"product","2":"type-product","3":"status-publish","4":"has-post-thumbnail","6":"product_cat-smaragd","7":"pa_edelsteinart-smaragd","8":"pa_farbe-gruen","9":"pa_form-quadrat","10":"pa_gewicht-karat-1-0-3-0-karat","11":"pa_herkunft-sambia","12":"pa_reinheit-kleine-einschluesse","13":"pa_veredelung-behandlung-geoelt","14":"pa_zertifikat-ja","15":"pa_zustand-neu","17":"first","18":"instock","19":"sold-individually","20":"shipping-taxable","21":"purchasable","22":"product-type-simple","23":"add-to-wishlist-before_image"},"jetpack_sharing_enabled":true,"_links":{"self":[{"href":"https:\/\/saphirsmaragd.com\/fr\/wp-json\/wp\/v2\/product\/8471","targetHints":{"allow":["GET"]}}],"collection":[{"href":"https:\/\/saphirsmaragd.com\/fr\/wp-json\/wp\/v2\/product"}],"about":[{"href":"https:\/\/saphirsmaragd.com\/fr\/wp-json\/wp\/v2\/types\/product"}],"replies":[{"embeddable":true,"href":"https:\/\/saphirsmaragd.com\/fr\/wp-json\/wp\/v2\/comments?post=8471"}],"version-history":[{"count":1,"href":"https:\/\/saphirsmaragd.com\/fr\/wp-json\/wp\/v2\/product\/8471\/revisions"}],"predecessor-version":[{"id":8473,"href":"https:\/\/saphirsmaragd.com\/fr\/wp-json\/wp\/v2\/product\/8471\/revisions\/8473"}],"wp:featuredmedia":[{"embeddable":true,"href":"https:\/\/saphirsmaragd.com\/fr\/wp-json\/wp\/v2\/media\/8472"}],"wp:attachment":[{"href":"https:\/\/saphirsmaragd.com\/fr\/wp-json\/wp\/v2\/media?parent=8471"}],"wp:term":[{"taxonomy":"product_brand","embeddable":true,"href":"https:\/\/saphirsmaragd.com\/fr\/wp-json\/wp\/v2\/product_brand?post=8471"},{"taxonomy":"product_cat","embeddable":true,"href":"https:\/\/saphirsmaragd.com\/fr\/wp-json\/wp\/v2\/product_cat?post=8471"},{"taxonomy":"product_tag","embeddable":true,"href":"https:\/\/saphirsmaragd.com\/fr\/wp-json\/wp\/v2\/product_tag?post=8471"}],"curies":[{"name":"wp","href":"https:\/\/api.w.org\/{rel}","templated":true}]}}