{"id":8740,"date":"2026-05-04T12:18:38","date_gmt":"2026-05-04T12:18:38","guid":{"rendered":"https:\/\/saphirsmaragd.com\/?post_type=product&#038;p=8740"},"modified":"2026-05-04T12:22:42","modified_gmt":"2026-05-04T12:22:42","slug":"smaragd-oval-gruen-0-75-karat","status":"publish","type":"product","link":"https:\/\/saphirsmaragd.com\/fr\/produit\/smaragd-oval-gruen-0-75-karat\/","title":{"rendered":"Smaragd Oval Gr\u00fcn 0.75 Karat aus Sambia \u2013 Klassischer Ovalschliff Edelstein"},"content":{"rendered":"<p data-start=\"768\" data-end=\"1011\">Der Smaragd Oval Gr\u00fcn 0.75 Karat aus Sambia \u00fcberzeugt durch seinen klassischen Ovalschliff und eine lebendige gr\u00fcne Farbgebung. Diese Form geh\u00f6rt zu den beliebtesten Edelsteinschliffen und bietet eine perfekte Balance aus Eleganz und Brillanz.<\/p>\n<hr data-start=\"1013\" data-end=\"1016\" \/>\n<div id=\"ez-toc-container\" class=\"ez-toc-v2_0_82_2 counter-hierarchy ez-toc-counter ez-toc-grey ez-toc-container-direction\">\n<div class=\"ez-toc-title-container\">\n<p class=\"ez-toc-title\" style=\"cursor:inherit\">Table des mati\u00e8res<\/p>\n<span class=\"ez-toc-title-toggle\"><a href=\"#\" class=\"ez-toc-pull-right ez-toc-btn ez-toc-btn-xs ez-toc-btn-default ez-toc-toggle\" aria-label=\"Toggle Table of Content\"><span class=\"ez-toc-js-icon-con\"><span class=\"\"><span class=\"eztoc-hide\" style=\"display:none;\">Basculer<\/span><span class=\"ez-toc-icon-toggle-span\"><svg style=\"fill: #999;color:#999\" xmlns=\"http:\/\/www.w3.org\/2000\/svg\" class=\"list-377408\" width=\"20px\" height=\"20px\" viewbox=\"0 0 24 24\" fill=\"none\"><path d=\"M6 6H4v2h2V6zm14 0H8v2h12V6zM4 11h2v2H4v-2zm16 0H8v2h12v-2zM4 16h2v2H4v-2zm16 0H8v2h12v-2z\" fill=\"currentColor\"><\/path><\/svg><svg style=\"fill: #999;color:#999\" class=\"arrow-unsorted-368013\" xmlns=\"http:\/\/www.w3.org\/2000\/svg\" width=\"10px\" height=\"10px\" viewbox=\"0 0 24 24\" version=\"1.2\" baseprofile=\"tiny\"><path d=\"M18.2 9.3l-6.2-6.3-6.2 6.3c-.2.2-.3.4-.3.7s.1.5.3.7c.2.2.4.3.7.3h11c.3 0 .5-.1.7-.3.2-.2.3-.5.3-.7s-.1-.5-.3-.7zM5.8 14.7l6.2 6.3 6.2-6.3c.2-.2.3-.5.3-.7s-.1-.5-.3-.7c-.2-.2-.4-.3-.7-.3h-11c-.3 0-.5.1-.7.3-.2.2-.3.5-.3.7s.1.5.3.7z\"\/><\/svg><\/span><\/span><\/span><\/a><\/span><\/div>\n<nav><ul class='ez-toc-list ez-toc-list-level-1' ><li class='ez-toc-page-1 ez-toc-heading-level-4'><a class=\"ez-toc-link ez-toc-heading-1\" href=\"https:\/\/saphirsmaragd.com\/fr\/produit\/smaragd-oval-gruen-0-75-karat\/#Merkmale_Herkunft\" >Caract\u00e9ristiques et origine<\/a><\/li><li class='ez-toc-page-1 ez-toc-heading-level-4'><a class=\"ez-toc-link ez-toc-heading-2\" href=\"https:\/\/saphirsmaragd.com\/fr\/produit\/smaragd-oval-gruen-0-75-karat\/#Besonderheiten\" >Caract\u00e9ristiques sp\u00e9ciales<\/a><\/li><li class='ez-toc-page-1 ez-toc-heading-level-4'><a class=\"ez-toc-link ez-toc-heading-3\" href=\"https:\/\/saphirsmaragd.com\/fr\/produit\/smaragd-oval-gruen-0-75-karat\/#Mehr_uber_Heilsteine_Kristalle\" >Mehr \u00fcber Heilsteine &amp; Kristalle<\/a><\/li><li class='ez-toc-page-1 ez-toc-heading-level-4'><a class=\"ez-toc-link ez-toc-heading-4\" href=\"https:\/\/saphirsmaragd.com\/fr\/produit\/smaragd-oval-gruen-0-75-karat\/#Weitere_Infos\" >Informations compl\u00e9mentaires<\/a><\/li><\/ul><\/nav><\/div>\n<h4 data-start=\"1018\" data-end=\"1044\"><span class=\"ez-toc-section\" id=\"Merkmale_Herkunft\"><\/span>Caract\u00e9ristiques et origine<span class=\"ez-toc-section-end\"><\/span><\/h4>\n<p data-start=\"1046\" data-end=\"1274\">Steinart: Smaragd<br data-start=\"1063\" data-end=\"1066\" \/>Couleur : Vert<br data-start=\"1077\" data-end=\"1080\" \/>forme : Ovale<br data-start=\"1090\" data-end=\"1093\" \/>Gewicht: 0.75 Karat<br data-start=\"1112\" data-end=\"1115\" \/>Abmessungen: ca. 7 x 4.9 mm<br data-start=\"1142\" data-end=\"1145\" \/>Herkunft: Sambia<br data-start=\"1161\" data-end=\"1164\" \/>Puret\u00e9 : Inclusions \u00e9videntes<br data-start=\"1192\" data-end=\"1195\" \/>Behandlung: Ge\u00f6lt<br data-start=\"1212\" data-end=\"1215\" \/>Beobachtung: Nat\u00fcrlich<br data-start=\"1237\" data-end=\"1240\" \/>Mohs-H\u00e4rte: 7.5\u20138<br data-start=\"1257\" data-end=\"1260\" \/>\u00c9tat : Neuf<\/p>\n<hr data-start=\"1276\" data-end=\"1279\" \/>\n<h4 data-start=\"1281\" data-end=\"1302\"><span class=\"ez-toc-section\" id=\"Besonderheiten\"><\/span>Caract\u00e9ristiques sp\u00e9ciales<span class=\"ez-toc-section-end\"><\/span><\/h4>\n<p data-start=\"1304\" data-end=\"1475\">Der Smaragd Oval Gr\u00fcn 0.75 Karat z\u00e4hlt zu den gefragtesten Edelsteinen, da der Ovalschliff das Licht besonders gut reflektiert und den Stein optisch gr\u00f6\u00dfer wirken l\u00e4sst.<\/p>\n<p data-start=\"1477\" data-end=\"1689\">Mit 0.75 Karat bietet dieser Smaragd eine ideale Gr\u00f6\u00dfe f\u00fcr vielseitige Schmuckst\u00fccke wie Ringe oder Anh\u00e4nger. Durch seine harmonischen Proportionen eignet er sich sowohl f\u00fcr klassische als auch moderne Designs.<\/p>\n<p data-start=\"1691\" data-end=\"1871\">Smaragde aus Sambia sind bekannt f\u00fcr ihre intensive Farbe und stabile Struktur. Die nat\u00fcrlichen Einschl\u00fcsse sind typisch f\u00fcr echte Smaragde und unterstreichen ihre Authentizit\u00e4t.<\/p>\n<hr data-start=\"1670\" data-end=\"1673\" \/>\n<h4 data-start=\"1448\" data-end=\"1473\"><span class=\"ez-toc-section\" id=\"Mehr_uber_Heilsteine_Kristalle\"><\/span>Mehr \u00fcber Heilsteine &amp; Kristalle<span class=\"ez-toc-section-end\"><\/span><\/h4>\n<p data-start=\"1475\" data-end=\"1668\"><a class=\"\" href=\"https:\/\/saphirsmaragd.com\/fr\/product-category\/heilsteine-kristalle-kaufen\/\" target=\"_new\" rel=\"noopener\" data-start=\"1571\" data-end=\"1668\">Pierres et cristaux de gu\u00e9rison<\/a><\/p>\n<hr data-start=\"1670\" data-end=\"1673\" \/>\n<h4 data-start=\"1675\" data-end=\"1695\"><span class=\"ez-toc-section\" id=\"Weitere_Infos\"><\/span>Informations compl\u00e9mentaires<span class=\"ez-toc-section-end\"><\/span><\/h4>\n<p data-start=\"1697\" data-end=\"1801\"><a class=\"\" href=\"https:\/\/de.wikipedia.org\/wiki\/Smaragd\" target=\"_new\" rel=\"noopener\" data-start=\"1741\" data-end=\"1801\">Wikipedia - \u00c9meraude<\/a><\/p>","protected":false},"excerpt":{"rendered":"<p data-start=\"469\" data-end=\"598\"><em>Smaragd Oval Gr\u00fcn 0.75 Karat aus Sambia, ge\u00f6lt. Beliebter Ovalschliff mit intensiver gr\u00fcner Farbe f\u00fcr elegante Schmuckst\u00fccke.<\/em><\/p>","protected":false},"featured_media":8741,"comment_status":"open","ping_status":"closed","template":"","meta":{"_glsr_average":0,"_glsr_ranking":0,"_glsr_reviews":0},"product_brand":[],"product_cat":[262],"product_tag":[],"class_list":{"0":"post-8740","1":"product","2":"type-product","3":"status-publish","4":"has-post-thumbnail","6":"product_cat-smaragd","7":"pa_edelsteinart-smaragd","8":"pa_farbe-gruen","9":"pa_form-oval","10":"pa_gewicht-karat-0-5-1-0-karat","11":"pa_herkunft-sambia","12":"pa_reinheit-deutliche-einschluesse","13":"pa_veredelung-behandlung-geoelt","14":"pa_zustand-neu","16":"first","17":"instock","18":"sold-individually","19":"taxable","20":"shipping-taxable","21":"purchasable","22":"product-type-simple","23":"add-to-wishlist-before_image"},"jetpack_sharing_enabled":true,"_links":{"self":[{"href":"https:\/\/saphirsmaragd.com\/fr\/wp-json\/wp\/v2\/product\/8740","targetHints":{"allow":["GET"]}}],"collection":[{"href":"https:\/\/saphirsmaragd.com\/fr\/wp-json\/wp\/v2\/product"}],"about":[{"href":"https:\/\/saphirsmaragd.com\/fr\/wp-json\/wp\/v2\/types\/product"}],"replies":[{"embeddable":true,"href":"https:\/\/saphirsmaragd.com\/fr\/wp-json\/wp\/v2\/comments?post=8740"}],"version-history":[{"count":1,"href":"https:\/\/saphirsmaragd.com\/fr\/wp-json\/wp\/v2\/product\/8740\/revisions"}],"predecessor-version":[{"id":8742,"href":"https:\/\/saphirsmaragd.com\/fr\/wp-json\/wp\/v2\/product\/8740\/revisions\/8742"}],"wp:featuredmedia":[{"embeddable":true,"href":"https:\/\/saphirsmaragd.com\/fr\/wp-json\/wp\/v2\/media\/8741"}],"wp:attachment":[{"href":"https:\/\/saphirsmaragd.com\/fr\/wp-json\/wp\/v2\/media?parent=8740"}],"wp:term":[{"taxonomy":"product_brand","embeddable":true,"href":"https:\/\/saphirsmaragd.com\/fr\/wp-json\/wp\/v2\/product_brand?post=8740"},{"taxonomy":"product_cat","embeddable":true,"href":"https:\/\/saphirsmaragd.com\/fr\/wp-json\/wp\/v2\/product_cat?post=8740"},{"taxonomy":"product_tag","embeddable":true,"href":"https:\/\/saphirsmaragd.com\/fr\/wp-json\/wp\/v2\/product_tag?post=8740"}],"curies":[{"name":"wp","href":"https:\/\/api.w.org\/{rel}","templated":true}]}}