{"id":1643,"date":"2025-07-11T14:06:44","date_gmt":"2025-07-11T14:06:44","guid":{"rendered":"https:\/\/saphirsmaragd.com\/?post_type=product&#038;p=1643"},"modified":"2025-12-29T19:03:43","modified_gmt":"2025-12-29T19:03:43","slug":"saphir-0-22-karat-blau-tropfen","status":"publish","type":"product","link":"https:\/\/saphirsmaragd.com\/hr\/proizvod\/saphir-0-22-karat-blau-tropfen\/","title":{"rendered":"Saphir 0.22 Karat Blau Tropfen \u2013 Facettierter Edelstein mit Zertifikat"},"content":{"rendered":"<div id=\"ez-toc-container\" class=\"ez-toc-v2_0_82_2 counter-hierarchy ez-toc-counter ez-toc-grey ez-toc-container-direction\">\n<div class=\"ez-toc-title-container\">\n<p class=\"ez-toc-title\" style=\"cursor:inherit\">Sadr\u017eaj<\/p>\n<span class=\"ez-toc-title-toggle\"><a href=\"#\" class=\"ez-toc-pull-right ez-toc-btn ez-toc-btn-xs ez-toc-btn-default ez-toc-toggle\" aria-label=\"Toggle Table of Content\"><span class=\"ez-toc-js-icon-con\"><span class=\"\"><span class=\"eztoc-hide\" style=\"display:none;\">Uklju\u010di\/isklju\u010di<\/span><span class=\"ez-toc-icon-toggle-span\"><svg style=\"fill: #999;color:#999\" xmlns=\"http:\/\/www.w3.org\/2000\/svg\" class=\"list-377408\" width=\"20px\" height=\"20px\" viewbox=\"0 0 24 24\" fill=\"none\"><path d=\"M6 6H4v2h2V6zm14 0H8v2h12V6zM4 11h2v2H4v-2zm16 0H8v2h12v-2zM4 16h2v2H4v-2zm16 0H8v2h12v-2z\" fill=\"currentColor\"><\/path><\/svg><svg style=\"fill: #999;color:#999\" class=\"arrow-unsorted-368013\" xmlns=\"http:\/\/www.w3.org\/2000\/svg\" width=\"10px\" height=\"10px\" viewbox=\"0 0 24 24\" version=\"1.2\" baseprofile=\"tiny\"><path d=\"M18.2 9.3l-6.2-6.3-6.2 6.3c-.2.2-.3.4-.3.7s.1.5.3.7c.2.2.4.3.7.3h11c.3 0 .5-.1.7-.3.2-.2.3-.5.3-.7s-.1-.5-.3-.7zM5.8 14.7l6.2 6.3 6.2-6.3c.2-.2.3-.5.3-.7s-.1-.5-.3-.7c-.2-.2-.4-.3-.7-.3h-11c-.3 0-.5.1-.7.3-.2.2-.3.5-.3.7s.1.5.3.7z\"\/><\/svg><\/span><\/span><\/span><\/a><\/span><\/div>\n<nav><ul class='ez-toc-list ez-toc-list-level-1' ><li class='ez-toc-page-1 ez-toc-heading-level-4'><a class=\"ez-toc-link ez-toc-heading-1\" href=\"https:\/\/saphirsmaragd.com\/hr\/proizvod\/saphir-0-22-karat-blau-tropfen\/#Saphir_022_Karat_Blau_Tropfen\" >Saphir 0.22 Karat Blau Tropfen<\/a><\/li><li class='ez-toc-page-1 ez-toc-heading-level-4'><a class=\"ez-toc-link ez-toc-heading-2\" href=\"https:\/\/saphirsmaragd.com\/hr\/proizvod\/saphir-0-22-karat-blau-tropfen\/#Merkmale_Herkunft\" >Karakteristike i podrijetlo<\/a><\/li><li class='ez-toc-page-1 ez-toc-heading-level-4'><a class=\"ez-toc-link ez-toc-heading-3\" href=\"https:\/\/saphirsmaragd.com\/hr\/proizvod\/saphir-0-22-karat-blau-tropfen\/#Besonderheiten\" >Posebne zna\u010dajke<\/a><\/li><li class='ez-toc-page-1 ez-toc-heading-level-4'><a class=\"ez-toc-link ez-toc-heading-4\" href=\"https:\/\/saphirsmaragd.com\/hr\/proizvod\/saphir-0-22-karat-blau-tropfen\/#Mehr_uber_Smaragde\" >Mehr \u00fcber Smaragde<\/a><\/li><li class='ez-toc-page-1 ez-toc-heading-level-4'><a class=\"ez-toc-link ez-toc-heading-5\" href=\"https:\/\/saphirsmaragd.com\/hr\/proizvod\/saphir-0-22-karat-blau-tropfen\/#Weitere_Infos\" >Dodatne informacije<\/a><\/li><\/ul><\/nav><\/div>\n<h4 data-start=\"655\" data-end=\"738\"><span class=\"ez-toc-section\" id=\"Saphir_022_Karat_Blau_Tropfen\"><\/span>Saphir 0.22 Karat Blau Tropfen<span class=\"ez-toc-section-end\"><\/span><\/h4>\n<p data-start=\"739\" data-end=\"840\">Ein eleganter blauer Saphir in Tropfenform mit 0.22 Karat \u2013 ideal f\u00fcr besondere Schmuckanfertigungen.<\/p>\n<hr data-start=\"842\" data-end=\"845\" \/>\n<h4 data-start=\"847\" data-end=\"876\"><span class=\"ez-toc-section\" id=\"Merkmale_Herkunft\"><\/span>Karakteristike i podrijetlo<span class=\"ez-toc-section-end\"><\/span><\/h4>\n<p data-start=\"877\" data-end=\"1153\">Gr\u00f6\u00dfe: ca. 4 \u00d7 3 mm<br data-start=\"526\" data-end=\"529\" \/>Farbe: Blau<br data-start=\"540\" data-end=\"543\" \/>Gewicht: 0.22 Karat<br data-start=\"559\" data-end=\"562\" \/>Form: Tropfen<br data-start=\"575\" data-end=\"578\" \/>Reinheit: Keine Einschl\u00fcsse mit blo\u00dfem Auge, feine unter 10-facher Lupe sichtbar<br data-start=\"658\" data-end=\"661\" \/>Zustand: Neu, ungefasst<br data-start=\"743\" data-end=\"746\" \/>Zertifikat: Ja, von Gemmologin (Gem\u2013A)<\/p>\n<hr data-start=\"1155\" data-end=\"1158\" \/>\n<h4 data-start=\"1160\" data-end=\"1184\"><span class=\"ez-toc-section\" id=\"Besonderheiten\"><\/span>Posebne zna\u010dajke<span class=\"ez-toc-section-end\"><\/span><\/h4>\n<p data-start=\"845\" data-end=\"1116\">Dieser echte blaue Saphir besticht durch seine intensive Farbe und klassische Form. Dank der Tropfenform eignet er sich hervorragend f\u00fcr elegante Designs \u2013 ob als Einzelstein oder in Kombination mit weiteren Edelsteinen. Ein echtes Unikat f\u00fcr Liebhaber feiner Edelsteine.<\/p>\n<hr data-start=\"1486\" data-end=\"1489\" \/>\n<h4 data-start=\"1491\" data-end=\"1519\"><span class=\"ez-toc-section\" id=\"Mehr_uber_Smaragde\"><\/span>Mehr \u00fcber Smaragde<span class=\"ez-toc-section-end\"><\/span><\/h4>\n<p data-start=\"1520\" data-end=\"1698\"><a class=\"\" href=\"https:\/\/saphirsmaragd.com\/hr\/product-category\/heilsteine-kristalle-kaufen\/\" target=\"_new\" rel=\"noopener\" data-start=\"1599\" data-end=\"1696\">Ljekovito kamenje i kristali<\/a><\/p>\n<hr data-start=\"1700\" data-end=\"1703\" \/>\n<h4 data-start=\"1705\" data-end=\"1728\"><span class=\"ez-toc-section\" id=\"Weitere_Infos\"><\/span>Dodatne informacije<span class=\"ez-toc-section-end\"><\/span><\/h4>\n<p data-start=\"1729\" data-end=\"1845\"><a class=\"\" href=\"https:\/\/de.wikipedia.org\/wiki\/Saphir\" target=\"_new\" rel=\"noopener\" data-start=\"1785\" data-end=\"1843\">Wikipedia \u2013 Saphir<\/a><\/p>","protected":false},"excerpt":{"rendered":"<p data-start=\"465\" data-end=\"590\"><em>Saphir 0.22 Karat Blau Tropfen \u2013 kleiner, facettierter Edelstein mit elegantem Glanz. Zertifiziert und ideal f\u00fcr feinen Schmuck.<\/em><\/p>\n<p data-start=\"378\" data-end=\"474\">","protected":false},"featured_media":1646,"comment_status":"open","ping_status":"closed","template":"","meta":{"_glsr_average":0,"_glsr_ranking":0,"_glsr_reviews":0},"product_brand":[],"product_cat":[74],"product_tag":[],"class_list":{"0":"post-1643","1":"product","2":"type-product","3":"status-publish","4":"has-post-thumbnail","6":"product_cat-saphire-kaufen","7":"pa_edelsteinart-saphir","8":"pa_farbe-blau","9":"pa_form-tropfen","10":"pa_gewicht-karat-0-1-0-5-karat","11":"pa_reinheit-sehr-kleine-einschluesse","12":"pa_zertifikat-ja","13":"pa_zustand-neu","15":"first","16":"instock","17":"featured","18":"sold-individually","19":"shipping-taxable","20":"purchasable","21":"product-type-simple","22":"add-to-wishlist-before_image"},"jetpack_sharing_enabled":true,"_links":{"self":[{"href":"https:\/\/saphirsmaragd.com\/hr\/wp-json\/wp\/v2\/product\/1643","targetHints":{"allow":["GET"]}}],"collection":[{"href":"https:\/\/saphirsmaragd.com\/hr\/wp-json\/wp\/v2\/product"}],"about":[{"href":"https:\/\/saphirsmaragd.com\/hr\/wp-json\/wp\/v2\/types\/product"}],"replies":[{"embeddable":true,"href":"https:\/\/saphirsmaragd.com\/hr\/wp-json\/wp\/v2\/comments?post=1643"}],"version-history":[{"count":4,"href":"https:\/\/saphirsmaragd.com\/hr\/wp-json\/wp\/v2\/product\/1643\/revisions"}],"predecessor-version":[{"id":1766,"href":"https:\/\/saphirsmaragd.com\/hr\/wp-json\/wp\/v2\/product\/1643\/revisions\/1766"}],"wp:featuredmedia":[{"embeddable":true,"href":"https:\/\/saphirsmaragd.com\/hr\/wp-json\/wp\/v2\/media\/1646"}],"wp:attachment":[{"href":"https:\/\/saphirsmaragd.com\/hr\/wp-json\/wp\/v2\/media?parent=1643"}],"wp:term":[{"taxonomy":"product_brand","embeddable":true,"href":"https:\/\/saphirsmaragd.com\/hr\/wp-json\/wp\/v2\/product_brand?post=1643"},{"taxonomy":"product_cat","embeddable":true,"href":"https:\/\/saphirsmaragd.com\/hr\/wp-json\/wp\/v2\/product_cat?post=1643"},{"taxonomy":"product_tag","embeddable":true,"href":"https:\/\/saphirsmaragd.com\/hr\/wp-json\/wp\/v2\/product_tag?post=1643"}],"curies":[{"name":"wp","href":"https:\/\/api.w.org\/{rel}","templated":true}]}}