{"id":2547,"date":"2025-10-12T08:53:04","date_gmt":"2025-10-12T08:53:04","guid":{"rendered":"https:\/\/saphirsmaragd.com\/?post_type=product&#038;p=2547"},"modified":"2025-12-29T19:02:00","modified_gmt":"2025-12-29T19:02:00","slug":"granat-2-52-karat-rot-rund","status":"publish","type":"product","link":"https:\/\/saphirsmaragd.com\/hr\/proizvod\/granat-2-52-karat-rot-rund\/","title":{"rendered":"Granat 2,52 karata crveni okrugli \u2013 Almandin s certifikatom i intenzivnom bojom"},"content":{"rendered":"<div id=\"ez-toc-container\" class=\"ez-toc-v2_0_82_2 counter-hierarchy ez-toc-counter ez-toc-grey ez-toc-container-direction\">\n<div class=\"ez-toc-title-container\">\n<p class=\"ez-toc-title\" style=\"cursor:inherit\">Sadr\u017eaj<\/p>\n<span class=\"ez-toc-title-toggle\"><a href=\"#\" class=\"ez-toc-pull-right ez-toc-btn ez-toc-btn-xs ez-toc-btn-default ez-toc-toggle\" aria-label=\"Toggle Table of Content\"><span class=\"ez-toc-js-icon-con\"><span class=\"\"><span class=\"eztoc-hide\" style=\"display:none;\">Uklju\u010di\/isklju\u010di<\/span><span class=\"ez-toc-icon-toggle-span\"><svg style=\"fill: #999;color:#999\" xmlns=\"http:\/\/www.w3.org\/2000\/svg\" class=\"list-377408\" width=\"20px\" height=\"20px\" viewbox=\"0 0 24 24\" fill=\"none\"><path d=\"M6 6H4v2h2V6zm14 0H8v2h12V6zM4 11h2v2H4v-2zm16 0H8v2h12v-2zM4 16h2v2H4v-2zm16 0H8v2h12v-2z\" fill=\"currentColor\"><\/path><\/svg><svg style=\"fill: #999;color:#999\" class=\"arrow-unsorted-368013\" xmlns=\"http:\/\/www.w3.org\/2000\/svg\" width=\"10px\" height=\"10px\" viewbox=\"0 0 24 24\" version=\"1.2\" baseprofile=\"tiny\"><path d=\"M18.2 9.3l-6.2-6.3-6.2 6.3c-.2.2-.3.4-.3.7s.1.5.3.7c.2.2.4.3.7.3h11c.3 0 .5-.1.7-.3.2-.2.3-.5.3-.7s-.1-.5-.3-.7zM5.8 14.7l6.2 6.3 6.2-6.3c.2-.2.3-.5.3-.7s-.1-.5-.3-.7c-.2-.2-.4-.3-.7-.3h-11c-.3 0-.5.1-.7.3-.2.2-.3.5-.3.7s.1.5.3.7z\"\/><\/svg><\/span><\/span><\/span><\/a><\/span><\/div>\n<nav><ul class='ez-toc-list ez-toc-list-level-1' ><li class='ez-toc-page-1 ez-toc-heading-level-4'><a class=\"ez-toc-link ez-toc-heading-1\" href=\"https:\/\/saphirsmaragd.com\/hr\/proizvod\/granat-2-52-karat-rot-rund\/#Granat_252_Karat_Rot_Rund_mit_Zertifizierung_und_intensivem_Farbton\" >Granat 2.52 Karat Rot Rund mit Zertifizierung und intensivem Farbton<\/a><\/li><li class='ez-toc-page-1 ez-toc-heading-level-4'><a class=\"ez-toc-link ez-toc-heading-2\" href=\"https:\/\/saphirsmaragd.com\/hr\/proizvod\/granat-2-52-karat-rot-rund\/#Merkmale_Herkunft\" >Karakteristike i podrijetlo<\/a><\/li><li class='ez-toc-page-1 ez-toc-heading-level-4'><a class=\"ez-toc-link ez-toc-heading-3\" href=\"https:\/\/saphirsmaragd.com\/hr\/proizvod\/granat-2-52-karat-rot-rund\/#Besonderheiten\" >Posebne zna\u010dajke<\/a><\/li><li class='ez-toc-page-1 ez-toc-heading-level-4'><a class=\"ez-toc-link ez-toc-heading-4\" href=\"https:\/\/saphirsmaragd.com\/hr\/proizvod\/granat-2-52-karat-rot-rund\/#Mehr_uber_unsere_Edelsteine\" >Vi\u0161e o na\u0161em dragom kamenju<\/a><\/li><li class='ez-toc-page-1 ez-toc-heading-level-4'><a class=\"ez-toc-link ez-toc-heading-5\" href=\"https:\/\/saphirsmaragd.com\/hr\/proizvod\/granat-2-52-karat-rot-rund\/#Weitere_Infos\" >Dodatne informacije<\/a><\/li><\/ul><\/nav><\/div>\n<h4 data-start=\"1255\" data-end=\"1327\"><span class=\"ez-toc-section\" id=\"Granat_252_Karat_Rot_Rund_mit_Zertifizierung_und_intensivem_Farbton\"><\/span>Granat 2.52 Karat Rot Rund mit Zertifizierung und intensivem Farbton<span class=\"ez-toc-section-end\"><\/span><\/h4>\n<p data-start=\"1329\" data-end=\"1700\">Dieser nat\u00fcrliche Almandin-Granat beeindruckt mit einer kr\u00e4ftigen, tiefroten Farbe und einem pr\u00e4zisen Rundschliff. Die Reinheit ist mit blo\u00dfem Auge klar und der Stein zeigt einen starken Glanz. Er wird unmontiert angeboten und eignet sich hervorragend f\u00fcr individuelle Schmuckkreationen oder Edelsteinsammler. Die Echtheit wird durch ein offizielles Zertifikat best\u00e4tigt.<\/p>\n<hr data-start=\"1702\" data-end=\"1705\" \/>\n<h4 data-start=\"1707\" data-end=\"1731\"><span class=\"ez-toc-section\" id=\"Merkmale_Herkunft\"><\/span>Karakteristike i podrijetlo<span class=\"ez-toc-section-end\"><\/span><\/h4>\n<p data-start=\"1733\" data-end=\"2009\">Steinart: Granat (Variet\u00e4t Almandin)<br data-start=\"1769\" data-end=\"1772\" \/>Farbe: Intensives Rot<br data-start=\"1793\" data-end=\"1796\" \/>Form: Rund<br data-start=\"1806\" data-end=\"1809\" \/>Gewicht: 2.52 Karat<br data-start=\"1828\" data-end=\"1831\" \/>Abmessungen: ca. 7.9 mm<br data-start=\"1854\" data-end=\"1857\" \/>\u010cisto\u0107a: \u010cisto za o\u010di<br data-start=\"1876\" data-end=\"1879\" \/>Tvrdo\u0107a: 7 na Mohsovoj ljestvici<br data-start=\"1906\" data-end=\"1909\" \/>Veredelung \/ Behandlung: Unbehandelt<br data-start=\"1945\" data-end=\"1948\" \/>Zertifikat: Val\u00e9rie Duraffourg (Gem-A, London)<br data-start=\"1994\" data-end=\"1997\" \/>Stanje: Novo<\/p>\n<hr data-start=\"2011\" data-end=\"2014\" \/>\n<h4 data-start=\"2016\" data-end=\"2035\"><span class=\"ez-toc-section\" id=\"Besonderheiten\"><\/span>Posebne zna\u010dajke<span class=\"ez-toc-section-end\"><\/span><\/h4>\n<p data-start=\"2037\" data-end=\"2271\">Die Kombination aus starker Farbe, hoher Reinheit und rundem Facettenschliff macht diesen Almandin zu einer idealen Wahl f\u00fcr hochwertige Schmuckst\u00fccke. Durch die Zertifizierung und Gr\u00f6\u00dfe ist er zudem f\u00fcr Sammler besonders interessant.<\/p>\n<hr data-start=\"1926\" data-end=\"1929\" \/>\n<h4 data-start=\"1931\" data-end=\"1971\"><span class=\"ez-toc-section\" id=\"Mehr_uber_unsere_Edelsteine\"><\/span>Vi\u0161e o na\u0161em dragom kamenju<span class=\"ez-toc-section-end\"><\/span><\/h4>\n<p data-start=\"1972\" data-end=\"2069\"><a href=\"https:\/\/saphirsmaragd.com\/hr\/product-category\/edelsteine-kaufen\/\">drago kamenje<\/a><\/p>\n<hr data-start=\"2071\" data-end=\"2074\" \/>\n<h4 data-start=\"2076\" data-end=\"2096\"><span class=\"ez-toc-section\" id=\"Weitere_Infos\"><\/span>Dodatne informacije<span class=\"ez-toc-section-end\"><\/span><\/h4>\n<p data-start=\"2097\" data-end=\"2160\"><a class=\"decorated-link cursor-pointer\" href=\"https:\/\/de.wikipedia.org\/wiki\/Granat\" target=\"_new\" rel=\"noopener\" data-start=\"2097\" data-end=\"2160\">Wikipedia: Granat<\/a><\/p>","protected":false},"excerpt":{"rendered":"<p data-start=\"443\" data-end=\"589\"><em>Granat 2.52 Karat Rot Rund \u2013 nat\u00fcrlicher Almandin mit Zertifikat, intensiver Farbe und rundem Facettenschliff. Ideal f\u00fcr Schmuck oder Sammler.<\/em><\/p>\n<p data-start=\"591\" data-end=\"624\">\n<p data-start=\"575\" data-end=\"606\">","protected":false},"featured_media":2551,"comment_status":"open","ping_status":"closed","template":"","meta":{"_glsr_average":0,"_glsr_ranking":0,"_glsr_reviews":0},"product_brand":[],"product_cat":[111],"product_tag":[],"class_list":{"0":"post-2547","1":"product","2":"type-product","3":"status-publish","4":"has-post-thumbnail","6":"product_cat-granat-kaufen","7":"pa_edelsteinart-granat","8":"pa_farbe-rot","9":"pa_form-rund","10":"pa_gewicht-karat-1-0-3-0-karat","11":"pa_reinheit-augenrein","12":"pa_veredelung-behandlung-unbehandelt","13":"pa_zertifikat-ja","14":"pa_zustand-neu","16":"first","17":"instock","18":"featured","19":"sold-individually","20":"shipping-taxable","21":"purchasable","22":"product-type-simple","23":"add-to-wishlist-before_image"},"jetpack_sharing_enabled":true,"_links":{"self":[{"href":"https:\/\/saphirsmaragd.com\/hr\/wp-json\/wp\/v2\/product\/2547","targetHints":{"allow":["GET"]}}],"collection":[{"href":"https:\/\/saphirsmaragd.com\/hr\/wp-json\/wp\/v2\/product"}],"about":[{"href":"https:\/\/saphirsmaragd.com\/hr\/wp-json\/wp\/v2\/types\/product"}],"replies":[{"embeddable":true,"href":"https:\/\/saphirsmaragd.com\/hr\/wp-json\/wp\/v2\/comments?post=2547"}],"version-history":[{"count":2,"href":"https:\/\/saphirsmaragd.com\/hr\/wp-json\/wp\/v2\/product\/2547\/revisions"}],"predecessor-version":[{"id":2553,"href":"https:\/\/saphirsmaragd.com\/hr\/wp-json\/wp\/v2\/product\/2547\/revisions\/2553"}],"wp:featuredmedia":[{"embeddable":true,"href":"https:\/\/saphirsmaragd.com\/hr\/wp-json\/wp\/v2\/media\/2551"}],"wp:attachment":[{"href":"https:\/\/saphirsmaragd.com\/hr\/wp-json\/wp\/v2\/media?parent=2547"}],"wp:term":[{"taxonomy":"product_brand","embeddable":true,"href":"https:\/\/saphirsmaragd.com\/hr\/wp-json\/wp\/v2\/product_brand?post=2547"},{"taxonomy":"product_cat","embeddable":true,"href":"https:\/\/saphirsmaragd.com\/hr\/wp-json\/wp\/v2\/product_cat?post=2547"},{"taxonomy":"product_tag","embeddable":true,"href":"https:\/\/saphirsmaragd.com\/hr\/wp-json\/wp\/v2\/product_tag?post=2547"}],"curies":[{"name":"wp","href":"https:\/\/api.w.org\/{rel}","templated":true}]}}