{"id":2916,"date":"2025-10-13T09:17:27","date_gmt":"2025-10-13T09:17:27","guid":{"rendered":"https:\/\/saphirsmaragd.com\/?post_type=product&#038;p=2916"},"modified":"2025-12-29T18:59:29","modified_gmt":"2025-12-29T18:59:29","slug":"iolith-2-80-karat-blau-grau-marquise","status":"publish","type":"product","link":"https:\/\/saphirsmaragd.com\/hr\/proizvod\/iolith-2-80-karat-blau-grau-marquise\/","title":{"rendered":"Iolit 2,80 karata plavo-siva markiza \u2013 fasetirana, prirodna i certificirana"},"content":{"rendered":"<div id=\"ez-toc-container\" class=\"ez-toc-v2_0_82_2 counter-hierarchy ez-toc-counter ez-toc-grey ez-toc-container-direction\">\n<div class=\"ez-toc-title-container\">\n<p class=\"ez-toc-title\" style=\"cursor:inherit\">Sadr\u017eaj<\/p>\n<span class=\"ez-toc-title-toggle\"><a href=\"#\" class=\"ez-toc-pull-right ez-toc-btn ez-toc-btn-xs ez-toc-btn-default ez-toc-toggle\" aria-label=\"Toggle Table of Content\"><span class=\"ez-toc-js-icon-con\"><span class=\"\"><span class=\"eztoc-hide\" style=\"display:none;\">Uklju\u010di\/isklju\u010di<\/span><span class=\"ez-toc-icon-toggle-span\"><svg style=\"fill: #999;color:#999\" xmlns=\"http:\/\/www.w3.org\/2000\/svg\" class=\"list-377408\" width=\"20px\" height=\"20px\" viewbox=\"0 0 24 24\" fill=\"none\"><path d=\"M6 6H4v2h2V6zm14 0H8v2h12V6zM4 11h2v2H4v-2zm16 0H8v2h12v-2zM4 16h2v2H4v-2zm16 0H8v2h12v-2z\" fill=\"currentColor\"><\/path><\/svg><svg style=\"fill: #999;color:#999\" class=\"arrow-unsorted-368013\" xmlns=\"http:\/\/www.w3.org\/2000\/svg\" width=\"10px\" height=\"10px\" viewbox=\"0 0 24 24\" version=\"1.2\" baseprofile=\"tiny\"><path d=\"M18.2 9.3l-6.2-6.3-6.2 6.3c-.2.2-.3.4-.3.7s.1.5.3.7c.2.2.4.3.7.3h11c.3 0 .5-.1.7-.3.2-.2.3-.5.3-.7s-.1-.5-.3-.7zM5.8 14.7l6.2 6.3 6.2-6.3c.2-.2.3-.5.3-.7s-.1-.5-.3-.7c-.2-.2-.4-.3-.7-.3h-11c-.3 0-.5.1-.7.3-.2.2-.3.5-.3.7s.1.5.3.7z\"\/><\/svg><\/span><\/span><\/span><\/a><\/span><\/div>\n<nav><ul class='ez-toc-list ez-toc-list-level-1' ><li class='ez-toc-page-1 ez-toc-heading-level-4'><a class=\"ez-toc-link ez-toc-heading-1\" href=\"https:\/\/saphirsmaragd.com\/hr\/proizvod\/iolith-2-80-karat-blau-grau-marquise\/#Iolith_280_Karat_Blau-Grau_Marquise_%E2%80%93_facettiert_naturlich_zertifiziert\" >Iolith 2.80 Karat Blau-Grau Marquise \u2013 facettiert, nat\u00fcrlich &amp; zertifiziert<\/a><\/li><li class='ez-toc-page-1 ez-toc-heading-level-4'><a class=\"ez-toc-link ez-toc-heading-2\" href=\"https:\/\/saphirsmaragd.com\/hr\/proizvod\/iolith-2-80-karat-blau-grau-marquise\/#Merkmale_Herkunft\" >Karakteristike i podrijetlo<\/a><\/li><li class='ez-toc-page-1 ez-toc-heading-level-4'><a class=\"ez-toc-link ez-toc-heading-3\" href=\"https:\/\/saphirsmaragd.com\/hr\/proizvod\/iolith-2-80-karat-blau-grau-marquise\/#Besonderheiten\" >Posebne zna\u010dajke<\/a><\/li><li class='ez-toc-page-1 ez-toc-heading-level-4'><a class=\"ez-toc-link ez-toc-heading-4\" href=\"https:\/\/saphirsmaragd.com\/hr\/proizvod\/iolith-2-80-karat-blau-grau-marquise\/#Mehr_uber_unsere_Edelsteine\" >Vi\u0161e o na\u0161em dragom kamenju<\/a><\/li><li class='ez-toc-page-1 ez-toc-heading-level-4'><a class=\"ez-toc-link ez-toc-heading-5\" href=\"https:\/\/saphirsmaragd.com\/hr\/proizvod\/iolith-2-80-karat-blau-grau-marquise\/#Weitere_Infos\" >Dodatne informacije<\/a><\/li><\/ul><\/nav><\/div>\n<h4 data-start=\"762\" data-end=\"842\"><span class=\"ez-toc-section\" id=\"Iolith_280_Karat_Blau-Grau_Marquise_%E2%80%93_facettiert_naturlich_zertifiziert\"><\/span>Iolith 2.80 Karat Blau-Grau Marquise \u2013 facettiert, nat\u00fcrlich &amp; zertifiziert<span class=\"ez-toc-section-end\"><\/span><\/h4>\n<p data-start=\"843\" data-end=\"1124\">Ein eleganter, marquisef\u00f6rmig facettierter Iolith (Cordierit) mit intensivem Blau-Grau und lebendigem Dichroismus. Pr\u00e4ziser Schliff, klare Transparenz und nat\u00fcrliche Herkunft machen dieses St\u00fcck ideal f\u00fcr auff\u00e4llige Ringe oder Anh\u00e4nger; Lieferung inklusive unabh\u00e4ngiges Zertifikat.<\/p>\n<hr data-start=\"1126\" data-end=\"1129\" \/>\n<h4 data-start=\"1131\" data-end=\"1155\"><span class=\"ez-toc-section\" id=\"Merkmale_Herkunft\"><\/span>Karakteristike i podrijetlo<span class=\"ez-toc-section-end\"><\/span><\/h4>\n<p data-start=\"1156\" data-end=\"1516\">Stein: Iolith (Cordierit)<br data-start=\"1181\" data-end=\"1184\" \/>Farbe: Blau-Grau (dichroitisch)<br data-start=\"1215\" data-end=\"1218\" \/>Form: Marquise \/ Navette (facettiert)<br data-start=\"1255\" data-end=\"1258\" \/>Gr\u00f6\u00dfe: ca. 14 \u00d7 7 mm<br data-start=\"1278\" data-end=\"1281\" \/>Gewicht: 2.80 Karat<br data-start=\"1300\" data-end=\"1303\" \/>Reinheit: Lupenrein (unter 10\u00d7 Vergr\u00f6\u00dferung sauber)<br data-start=\"1354\" data-end=\"1357\" \/>Lije\u010denje: Nelije\u010deno<br data-start=\"1380\" data-end=\"1383\" \/>Tvrdo\u0107a: 7 na Mohsovoj ljestvici<br data-start=\"1410\" data-end=\"1413\" \/>Herkunft: Madagaskar<br data-start=\"1433\" data-end=\"1436\" \/>Zertifikat: Val\u00e9rie DURAFFOURG (Gem-A) \u2013 Lieferung mit Zertifikat<br data-start=\"1501\" data-end=\"1504\" \/>Stanje: Novo<\/p>\n<hr data-start=\"1518\" data-end=\"1521\" \/>\n<h4 data-start=\"1523\" data-end=\"1542\"><span class=\"ez-toc-section\" id=\"Besonderheiten\"><\/span>Posebne zna\u010dajke<span class=\"ez-toc-section-end\"><\/span><\/h4>\n<p data-start=\"1543\" data-end=\"1823\">Der ausgepr\u00e4gte Dichroismus zeigt je nach Blickrichtung changierende Blau- und Graut\u00f6ne mit klarer Brillanz in der schlanken Navette-Form. Unbehandelte, lupenreine Qualit\u00e4t mit verl\u00e4sslicher Gem-A-Zertifizierung sorgt f\u00fcr maximale Sicherheit und Premium-Anmutung im Schmuckdesign.<\/p>\n<hr data-start=\"1926\" data-end=\"1929\" \/>\n<h4 data-start=\"1931\" data-end=\"1971\"><span class=\"ez-toc-section\" id=\"Mehr_uber_unsere_Edelsteine\"><\/span>Vi\u0161e o na\u0161em dragom kamenju<span class=\"ez-toc-section-end\"><\/span><\/h4>\n<p data-start=\"1972\" data-end=\"2069\"><a href=\"https:\/\/saphirsmaragd.com\/hr\/product-category\/edelsteine-kaufen\/\">drago kamenje<\/a><\/p>\n<hr data-start=\"2071\" data-end=\"2074\" \/>\n<h4 data-start=\"2076\" data-end=\"2096\"><span class=\"ez-toc-section\" id=\"Weitere_Infos\"><\/span>Dodatne informacije<span class=\"ez-toc-section-end\"><\/span><\/h4>\n<p><a href=\"https:\/\/de.wikipedia.org\/wiki\/Cordierit\" target=\"_blank\" rel=\"noopener\">Wikipedia: Cordierit<\/a><\/p>","protected":false},"excerpt":{"rendered":"<p data-start=\"374\" data-end=\"653\">Iolith 2.80 Karat Blau-Grau Marquise &#8211; Nat\u00fcrlicher Cordierit aus Madagaskar, marquisef\u00f6rmig (Navette) facettiert, blau-grauer Dichroismus, unbehandelt, lupenrein (unter 10\u00d7), H\u00e4rte 7, inkl. Zertifikat von Val\u00e9rie DURAFFOURG (Gem-A).<\/p>\n<p data-start=\"655\" data-end=\"755\">\n<h3 data-start=\"660\" data-end=\"684\"><\/h3>\n<p data-start=\"575\" data-end=\"606\">","protected":false},"featured_media":2919,"comment_status":"open","ping_status":"closed","template":"","meta":{"_glsr_average":0,"_glsr_ranking":0,"_glsr_reviews":0},"product_brand":[],"product_cat":[277],"product_tag":[],"class_list":{"0":"post-2916","1":"product","2":"type-product","3":"status-publish","4":"has-post-thumbnail","6":"product_cat-iolith-cordierit","7":"pa_edelsteinart-iolith-cordierit","8":"pa_farbe-violett","9":"pa_form-navette","10":"pa_gewicht-karat-1-0-3-0-karat","11":"pa_herkunft-madagaskar","12":"pa_reinheit-lupenrein","13":"pa_veredelung-behandlung-unbehandelt","14":"pa_zertifikat-ja","15":"pa_zustand-neu","17":"first","18":"instock","19":"featured","20":"sold-individually","21":"shipping-taxable","22":"purchasable","23":"product-type-simple","24":"add-to-wishlist-before_image"},"jetpack_sharing_enabled":true,"_links":{"self":[{"href":"https:\/\/saphirsmaragd.com\/hr\/wp-json\/wp\/v2\/product\/2916","targetHints":{"allow":["GET"]}}],"collection":[{"href":"https:\/\/saphirsmaragd.com\/hr\/wp-json\/wp\/v2\/product"}],"about":[{"href":"https:\/\/saphirsmaragd.com\/hr\/wp-json\/wp\/v2\/types\/product"}],"replies":[{"embeddable":true,"href":"https:\/\/saphirsmaragd.com\/hr\/wp-json\/wp\/v2\/comments?post=2916"}],"version-history":[{"count":1,"href":"https:\/\/saphirsmaragd.com\/hr\/wp-json\/wp\/v2\/product\/2916\/revisions"}],"predecessor-version":[{"id":2920,"href":"https:\/\/saphirsmaragd.com\/hr\/wp-json\/wp\/v2\/product\/2916\/revisions\/2920"}],"wp:featuredmedia":[{"embeddable":true,"href":"https:\/\/saphirsmaragd.com\/hr\/wp-json\/wp\/v2\/media\/2919"}],"wp:attachment":[{"href":"https:\/\/saphirsmaragd.com\/hr\/wp-json\/wp\/v2\/media?parent=2916"}],"wp:term":[{"taxonomy":"product_brand","embeddable":true,"href":"https:\/\/saphirsmaragd.com\/hr\/wp-json\/wp\/v2\/product_brand?post=2916"},{"taxonomy":"product_cat","embeddable":true,"href":"https:\/\/saphirsmaragd.com\/hr\/wp-json\/wp\/v2\/product_cat?post=2916"},{"taxonomy":"product_tag","embeddable":true,"href":"https:\/\/saphirsmaragd.com\/hr\/wp-json\/wp\/v2\/product_tag?post=2916"}],"curies":[{"name":"wp","href":"https:\/\/api.w.org\/{rel}","templated":true}]}}