{"id":5333,"date":"2025-11-17T04:18:37","date_gmt":"2025-11-17T04:18:37","guid":{"rendered":"https:\/\/saphirsmaragd.com\/?post_type=product&#038;p=5333"},"modified":"2025-12-05T10:21:03","modified_gmt":"2025-12-05T10:21:03","slug":"protector-alligator-quartz-skulptur","status":"publish","type":"product","link":"https:\/\/saphirsmaragd.com\/hr\/proizvod\/protector-alligator-quartz-skulptur\/","title":{"rendered":"Protector Alligator Quartz Skulptur \u2013 1014 g \u2013 Heilstein f\u00fcr Schutz, Erdung und Transformation"},"content":{"rendered":"<div id=\"ez-toc-container\" class=\"ez-toc-v2_0_82_2 counter-hierarchy ez-toc-counter ez-toc-grey ez-toc-container-direction\">\n<div class=\"ez-toc-title-container\">\n<p class=\"ez-toc-title\" style=\"cursor:inherit\">Sadr\u017eaj<\/p>\n<span class=\"ez-toc-title-toggle\"><a href=\"#\" class=\"ez-toc-pull-right ez-toc-btn ez-toc-btn-xs ez-toc-btn-default ez-toc-toggle\" aria-label=\"Toggle Table of Content\"><span class=\"ez-toc-js-icon-con\"><span class=\"\"><span class=\"eztoc-hide\" style=\"display:none;\">Uklju\u010di\/isklju\u010di<\/span><span class=\"ez-toc-icon-toggle-span\"><svg style=\"fill: #999;color:#999\" xmlns=\"http:\/\/www.w3.org\/2000\/svg\" class=\"list-377408\" width=\"20px\" height=\"20px\" viewbox=\"0 0 24 24\" fill=\"none\"><path d=\"M6 6H4v2h2V6zm14 0H8v2h12V6zM4 11h2v2H4v-2zm16 0H8v2h12v-2zM4 16h2v2H4v-2zm16 0H8v2h12v-2z\" fill=\"currentColor\"><\/path><\/svg><svg style=\"fill: #999;color:#999\" class=\"arrow-unsorted-368013\" xmlns=\"http:\/\/www.w3.org\/2000\/svg\" width=\"10px\" height=\"10px\" viewbox=\"0 0 24 24\" version=\"1.2\" baseprofile=\"tiny\"><path d=\"M18.2 9.3l-6.2-6.3-6.2 6.3c-.2.2-.3.4-.3.7s.1.5.3.7c.2.2.4.3.7.3h11c.3 0 .5-.1.7-.3.2-.2.3-.5.3-.7s-.1-.5-.3-.7zM5.8 14.7l6.2 6.3 6.2-6.3c.2-.2.3-.5.3-.7s-.1-.5-.3-.7c-.2-.2-.4-.3-.7-.3h-11c-.3 0-.5.1-.7.3-.2.2-.3.5-.3.7s.1.5.3.7z\"\/><\/svg><\/span><\/span><\/span><\/a><\/span><\/div>\n<nav><ul class='ez-toc-list ez-toc-list-level-1' ><li class='ez-toc-page-1 ez-toc-heading-level-4'><a class=\"ez-toc-link ez-toc-heading-1\" href=\"https:\/\/saphirsmaragd.com\/hr\/proizvod\/protector-alligator-quartz-skulptur\/#Protector_Alligator_Quartz_Skulptur_%E2%80%93_1014_g_%E2%80%93_Heilstein_aus_Madagaskar\" >Protector Alligator Quartz Skulptur \u2013 1014 g \u2013 Heilstein aus Madagaskar<\/a><\/li><li class='ez-toc-page-1 ez-toc-heading-level-4'><a class=\"ez-toc-link ez-toc-heading-2\" href=\"https:\/\/saphirsmaragd.com\/hr\/proizvod\/protector-alligator-quartz-skulptur\/#_Merkmale_Herkunft\" >\u00a0Karakteristike i podrijetlo<\/a><\/li><li class='ez-toc-page-1 ez-toc-heading-level-4'><a class=\"ez-toc-link ez-toc-heading-3\" href=\"https:\/\/saphirsmaragd.com\/hr\/proizvod\/protector-alligator-quartz-skulptur\/#_Besonderheiten\" >\u00a0Posebne zna\u010dajke<\/a><\/li><li class='ez-toc-page-1 ez-toc-heading-level-4'><a class=\"ez-toc-link ez-toc-heading-4\" href=\"https:\/\/saphirsmaragd.com\/hr\/proizvod\/protector-alligator-quartz-skulptur\/#_Mehr_uber_Protector_Alligator_Quartz_Heilsteine\" >\u00a0Mehr \u00fcber Protector &amp; Alligator Quartz &amp; Heilsteine<\/a><\/li><li class='ez-toc-page-1 ez-toc-heading-level-4'><a class=\"ez-toc-link ez-toc-heading-5\" href=\"https:\/\/saphirsmaragd.com\/hr\/proizvod\/protector-alligator-quartz-skulptur\/#_Weitere_Infos\" >\u00a0Dodatne informacije<\/a><\/li><\/ul><\/nav><\/div>\n<h4 data-start=\"221\" data-end=\"300\"><span class=\"ez-toc-section\" id=\"Protector_Alligator_Quartz_Skulptur_%E2%80%93_1014_g_%E2%80%93_Heilstein_aus_Madagaskar\"><\/span><strong data-start=\"223\" data-end=\"298\">Protector Alligator Quartz Skulptur \u2013 1014 g \u2013 Heilstein aus Madagaskar<\/strong><span class=\"ez-toc-section-end\"><\/span><\/h4>\n<p data-start=\"301\" data-end=\"475\">Die Protector Alligator Quartz Skulptur aus Madagaskar ist ein kraftvoller Heilstein, der Erdung, Schutz, Reinigung, Transformation und spirituelle Unterst\u00fctzung f\u00f6rdert.<\/p>\n<hr data-start=\"477\" data-end=\"480\" \/>\n<h4 data-start=\"482\" data-end=\"507\"><span class=\"ez-toc-section\" id=\"_Merkmale_Herkunft\"><\/span>\u00a0Karakteristike i podrijetlo<span class=\"ez-toc-section-end\"><\/span><\/h4>\n<p data-start=\"508\" data-end=\"823\">Farbe: Transparent \/ goldene Rutileinschl\u00fcsse<br data-start=\"553\" data-end=\"556\" \/>Form: Skulptur \/ Alligator-Form (Elestial)<br data-start=\"598\" data-end=\"601\" \/>Herkunft: Madagaskar<br data-start=\"621\" data-end=\"624\" \/>Gewicht: 1014 g<br data-start=\"639\" data-end=\"642\" \/>Ma\u00dfe: 11.5 \u00d7 9.5 \u00d7 6 cm<br data-start=\"665\" data-end=\"668\" \/>Reinheit: Nat\u00fcrlich mit Einschl\u00fcssen<br data-start=\"704\" data-end=\"707\" \/>Lije\u010denje: Nelije\u010deno<br data-start=\"764\" data-end=\"767\" \/>Steinart: Protector Quartz \/ Alligator Quartz \/ Rutile<\/p>\n<hr data-start=\"825\" data-end=\"828\" \/>\n<h4 data-start=\"830\" data-end=\"852\"><span class=\"ez-toc-section\" id=\"_Besonderheiten\"><\/span>\u00a0Posebne zna\u010dajke<span class=\"ez-toc-section-end\"><\/span><\/h4>\n<p data-start=\"853\" data-end=\"988\">Die Protector Alligator Quartz Skulptur vereint die heilenden Eigenschaften von Alligator Quartz (Elestial) und Protector Quartz.<\/p>\n<p data-start=\"990\" data-end=\"1254\">Alligator- oder Elestial-Kristalle sind besonders kraftvoll und wirken stark reinigend, heilend und transformierend. Sie verbinden den Tr\u00e4ger mit Lichtenergie, spirituellen F\u00fchrern und spirituellem Wissen. Diese Kristalle sind ideal f\u00fcr Heiler und Lichtarbeiter.<\/p>\n<p data-start=\"1256\" data-end=\"1782\">Protector Quartz bietet starke Erdung und Schutz. Er hilft, emotionale Lasten und negative Gef\u00fchle loszulassen, reinigt die Aura und leitet Energie, die nicht mehr zum System geh\u00f6rt, wie alte emotionale Schmerzen, in die Erde. Dadurch verankert er den Tr\u00e4ger im Hier und Jetzt und st\u00e4rkt das pers\u00f6nliche Energiefeld. Protector Quartz bildet ein starkes Schutzschild gegen negative Einfl\u00fcsse, einschlie\u00dflich Menschen, die Energie rauben. Er erm\u00f6glicht es, tiefsitzende emotionale Schmerzen und Traumata sicher zu verarbeiten.<\/p>\n<hr data-start=\"1784\" data-end=\"1787\" \/>\n<h4 data-start=\"1789\" data-end=\"1848\"><span class=\"ez-toc-section\" id=\"_Mehr_uber_Protector_Alligator_Quartz_Heilsteine\"><\/span>\u00a0Mehr \u00fcber Protector &amp; Alligator Quartz &amp; Heilsteine<span class=\"ez-toc-section-end\"><\/span><\/h4>\n<p data-start=\"1849\" data-end=\"1892\"><a href=\"https:\/\/saphirsmaragd.com\/hr\/product-category\/heilsteine-kristalle-kaufen\/\">Ljekovito kamenje i kristali<\/a> | Saphir &amp; Smaragd<\/p>\n<hr data-start=\"1894\" data-end=\"1897\" \/>\n<h4 data-start=\"1899\" data-end=\"1920\"><span class=\"ez-toc-section\" id=\"_Weitere_Infos\"><\/span>\u00a0Dodatne informacije<span class=\"ez-toc-section-end\"><\/span><\/h4>\n<p data-start=\"1921\" data-end=\"1997\"><a class=\"decorated-link cursor-pointer\" href=\"https:\/\/de.wikipedia.org\/wiki\/Bergkristall\" target=\"_new\" rel=\"noopener\" data-start=\"1921\" data-end=\"1995\">Protector Quartz \u2013 Wikipedia<\/a><\/p>","protected":false},"excerpt":{"rendered":"<p><em>Die Protector Alligator Quartz Skulptur aus Madagaskar sch\u00fctzt, erdet, reinigt und transformiert. Ideal f\u00fcr Heilung, energetische Arbeit und spirituelle Entwicklung.<\/em><\/p>","protected":false},"featured_media":5334,"comment_status":"open","ping_status":"closed","template":"","meta":{"_glsr_average":0,"_glsr_ranking":0,"_glsr_reviews":0},"product_brand":[],"product_cat":[84],"product_tag":[],"class_list":{"0":"post-5333","1":"product","2":"type-product","3":"status-publish","4":"has-post-thumbnail","6":"product_cat-rohsteine-kaufen","8":"first","9":"instock","10":"taxable","11":"shipping-taxable","12":"purchasable","13":"product-type-simple","14":"add-to-wishlist-before_image"},"jetpack_sharing_enabled":true,"_links":{"self":[{"href":"https:\/\/saphirsmaragd.com\/hr\/wp-json\/wp\/v2\/product\/5333","targetHints":{"allow":["GET"]}}],"collection":[{"href":"https:\/\/saphirsmaragd.com\/hr\/wp-json\/wp\/v2\/product"}],"about":[{"href":"https:\/\/saphirsmaragd.com\/hr\/wp-json\/wp\/v2\/types\/product"}],"replies":[{"embeddable":true,"href":"https:\/\/saphirsmaragd.com\/hr\/wp-json\/wp\/v2\/comments?post=5333"}],"version-history":[{"count":1,"href":"https:\/\/saphirsmaragd.com\/hr\/wp-json\/wp\/v2\/product\/5333\/revisions"}],"predecessor-version":[{"id":5337,"href":"https:\/\/saphirsmaragd.com\/hr\/wp-json\/wp\/v2\/product\/5333\/revisions\/5337"}],"wp:featuredmedia":[{"embeddable":true,"href":"https:\/\/saphirsmaragd.com\/hr\/wp-json\/wp\/v2\/media\/5334"}],"wp:attachment":[{"href":"https:\/\/saphirsmaragd.com\/hr\/wp-json\/wp\/v2\/media?parent=5333"}],"wp:term":[{"taxonomy":"product_brand","embeddable":true,"href":"https:\/\/saphirsmaragd.com\/hr\/wp-json\/wp\/v2\/product_brand?post=5333"},{"taxonomy":"product_cat","embeddable":true,"href":"https:\/\/saphirsmaragd.com\/hr\/wp-json\/wp\/v2\/product_cat?post=5333"},{"taxonomy":"product_tag","embeddable":true,"href":"https:\/\/saphirsmaragd.com\/hr\/wp-json\/wp\/v2\/product_tag?post=5333"}],"curies":[{"name":"wp","href":"https:\/\/api.w.org\/{rel}","templated":true}]}}