{"id":5528,"date":"2025-11-20T21:37:27","date_gmt":"2025-11-20T21:37:27","guid":{"rendered":"https:\/\/saphirsmaragd.com\/?post_type=product&#038;p=5528"},"modified":"2025-11-20T21:37:28","modified_gmt":"2025-11-20T21:37:28","slug":"bergkristall-bridge-crystal-natur-3475-g-einzelstueck-aus-brasilien","status":"publish","type":"product","link":"https:\/\/saphirsmaragd.com\/hr\/proizvod\/bergkristall-bridge-crystal-natur-3475-g-einzelstueck-aus-brasilien\/","title":{"rendered":"Bergkristall Bridge Crystal Natur \u2013 3475 g Einzelst\u00fcck aus Brasilien"},"content":{"rendered":"<div id=\"ez-toc-container\" class=\"ez-toc-v2_0_82_2 counter-hierarchy ez-toc-counter ez-toc-grey ez-toc-container-direction\">\n<div class=\"ez-toc-title-container\">\n<p class=\"ez-toc-title\" style=\"cursor:inherit\">Sadr\u017eaj<\/p>\n<span class=\"ez-toc-title-toggle\"><a href=\"#\" class=\"ez-toc-pull-right ez-toc-btn ez-toc-btn-xs ez-toc-btn-default ez-toc-toggle\" aria-label=\"Toggle Table of Content\"><span class=\"ez-toc-js-icon-con\"><span class=\"\"><span class=\"eztoc-hide\" style=\"display:none;\">Uklju\u010di\/isklju\u010di<\/span><span class=\"ez-toc-icon-toggle-span\"><svg style=\"fill: #999;color:#999\" xmlns=\"http:\/\/www.w3.org\/2000\/svg\" class=\"list-377408\" width=\"20px\" height=\"20px\" viewbox=\"0 0 24 24\" fill=\"none\"><path d=\"M6 6H4v2h2V6zm14 0H8v2h12V6zM4 11h2v2H4v-2zm16 0H8v2h12v-2zM4 16h2v2H4v-2zm16 0H8v2h12v-2z\" fill=\"currentColor\"><\/path><\/svg><svg style=\"fill: #999;color:#999\" class=\"arrow-unsorted-368013\" xmlns=\"http:\/\/www.w3.org\/2000\/svg\" width=\"10px\" height=\"10px\" viewbox=\"0 0 24 24\" version=\"1.2\" baseprofile=\"tiny\"><path d=\"M18.2 9.3l-6.2-6.3-6.2 6.3c-.2.2-.3.4-.3.7s.1.5.3.7c.2.2.4.3.7.3h11c.3 0 .5-.1.7-.3.2-.2.3-.5.3-.7s-.1-.5-.3-.7zM5.8 14.7l6.2 6.3 6.2-6.3c.2-.2.3-.5.3-.7s-.1-.5-.3-.7c-.2-.2-.4-.3-.7-.3h-11c-.3 0-.5.1-.7.3-.2.2-.3.5-.3.7s.1.5.3.7z\"\/><\/svg><\/span><\/span><\/span><\/a><\/span><\/div>\n<nav><ul class='ez-toc-list ez-toc-list-level-1' ><li class='ez-toc-page-1 ez-toc-heading-level-4'><a class=\"ez-toc-link ez-toc-heading-1\" href=\"https:\/\/saphirsmaragd.com\/hr\/proizvod\/bergkristall-bridge-crystal-natur-3475-g-einzelstueck-aus-brasilien\/#Bergkristall_Bridge_Crystal_Natur_%E2%80%93_3475_g_Einzelstuck_aus_Brasilien\" >Bergkristall Bridge Crystal Natur \u2013 3475 g Einzelst\u00fcck aus Brasilien<\/a><\/li><li class='ez-toc-page-1 ez-toc-heading-level-4'><a class=\"ez-toc-link ez-toc-heading-2\" href=\"https:\/\/saphirsmaragd.com\/hr\/proizvod\/bergkristall-bridge-crystal-natur-3475-g-einzelstueck-aus-brasilien\/#_Merkmale_Herkunft\" >\u00a0Karakteristike i podrijetlo<\/a><\/li><li class='ez-toc-page-1 ez-toc-heading-level-4'><a class=\"ez-toc-link ez-toc-heading-3\" href=\"https:\/\/saphirsmaragd.com\/hr\/proizvod\/bergkristall-bridge-crystal-natur-3475-g-einzelstueck-aus-brasilien\/#_Besonderheiten\" >\u00a0Posebne zna\u010dajke<\/a><\/li><li class='ez-toc-page-1 ez-toc-heading-level-4'><a class=\"ez-toc-link ez-toc-heading-4\" href=\"https:\/\/saphirsmaragd.com\/hr\/proizvod\/bergkristall-bridge-crystal-natur-3475-g-einzelstueck-aus-brasilien\/#_Mehr_uber_Bergkristalle_Heilsteine\" >\u00a0Mehr \u00fcber Bergkristalle &amp; Heilsteine<\/a><\/li><li class='ez-toc-page-1 ez-toc-heading-level-4'><a class=\"ez-toc-link ez-toc-heading-5\" href=\"https:\/\/saphirsmaragd.com\/hr\/proizvod\/bergkristall-bridge-crystal-natur-3475-g-einzelstueck-aus-brasilien\/#_Weitere_Infos\" >\u00a0Dodatne informacije<\/a><\/li><\/ul><\/nav><\/div>\n<h4 data-start=\"940\" data-end=\"1014\"><span class=\"ez-toc-section\" id=\"Bergkristall_Bridge_Crystal_Natur_%E2%80%93_3475_g_Einzelstuck_aus_Brasilien\"><\/span><strong data-start=\"942\" data-end=\"1014\">Bergkristall Bridge Crystal Natur \u2013 3475 g Einzelst\u00fcck aus Brasilien<\/strong><span class=\"ez-toc-section-end\"><\/span><\/h4>\n<p data-start=\"1016\" data-end=\"1254\">Der Bergkristall Bridge Crystal Natur vereint die kraftvolle reinigende Energie des Bergkristalls mit der verbindenden, transformierenden Qualit\u00e4t eines Bridge Crystals \u2013 ein au\u00dfergew\u00f6hnliches Einzelst\u00fcck f\u00fcr tiefe spirituelle Arbeit.<\/p>\n<hr data-start=\"1256\" data-end=\"1259\" \/>\n<h4 data-start=\"1261\" data-end=\"1286\"><span class=\"ez-toc-section\" id=\"_Merkmale_Herkunft\"><\/span>\u00a0Karakteristike i podrijetlo<span class=\"ez-toc-section-end\"><\/span><\/h4>\n<p data-start=\"1287\" data-end=\"1516\">Farbe: Transparent<br data-start=\"1305\" data-end=\"1308\" \/>Form: Bridge Crystal, Naturform<br data-start=\"1339\" data-end=\"1342\" \/>Porijeklo: Brazil<br data-start=\"1361\" data-end=\"1364\" \/>Gewicht: 3475 g<br data-start=\"1379\" data-end=\"1382\" \/>Ma\u00dfe: 23.5 x 17.5 x 14.5 cm<br data-start=\"1409\" data-end=\"1412\" \/>\u010cisto\u0107a: Prirodna<br data-start=\"1431\" data-end=\"1434\" \/>Lije\u010denje: Nelije\u010deno<br data-start=\"1491\" data-end=\"1494\" \/>Steinart: Bergkristall<\/p>\n<hr data-start=\"1518\" data-end=\"1521\" \/>\n<h4 data-start=\"1523\" data-end=\"1543\"><span class=\"ez-toc-section\" id=\"_Besonderheiten\"><\/span>\u00a0Posebne zna\u010dajke<span class=\"ez-toc-section-end\"><\/span><\/h4>\n<p data-start=\"1544\" data-end=\"2119\">Der Bergkristall Bridge Crystal Natur besitzt eine intensive, klare Energie, die stark reinigend wirkt und K\u00f6rper, Chakren und Aura harmonisiert. Bergkristall sch\u00fctzt vor Fremdenergien, elektromagnetischer Strahlung und belastenden \u00e4u\u00dferen Einfl\u00fcssen. Dank seiner hohen Schwingung unterst\u00fctzt er jede Form von Heilung, Energiearbeit und spiritueller Entwicklung, st\u00e4rkt die Konzentration und f\u00f6rdert ein klares, neutrales und urteilsfreies Denken. Er wirkt ausgleichend \u2013 beruhigend oder aktivierend, je nach Bedarf \u2013 und unterst\u00fctzt das nat\u00fcrliche Gleichgewicht des K\u00f6rpers.<\/p>\n<p data-start=\"2121\" data-end=\"2579\">Als Bridge Crystal tr\u00e4gt dieser Stein eine zus\u00e4tzliche, seltene Qualit\u00e4t: Er \u00f6ffnet energetische Br\u00fccken zwischen innerer und \u00e4u\u00dferer Welt, zwischen Himmel und Erde, zwischen dir selbst und anderen Menschen. Dadurch eignet er sich hervorragend f\u00fcr innere Kind-Arbeit, Beziehungsthemen, Bewusstwerdung und das Aufl\u00f6sen innerer Blockaden. Er f\u00f6rdert Verbindung, Verst\u00e4ndnis und Einsicht und wirkt besonders unterst\u00fctzend in tiefgehenden spirituellen Prozessen.<\/p>\n<hr data-start=\"2581\" data-end=\"2584\" \/>\n<h4 data-start=\"2586\" data-end=\"2628\"><span class=\"ez-toc-section\" id=\"_Mehr_uber_Bergkristalle_Heilsteine\"><\/span>\u00a0Mehr \u00fcber Bergkristalle &amp; Heilsteine<span class=\"ez-toc-section-end\"><\/span><\/h4>\n<p data-start=\"2629\" data-end=\"2676\"><a href=\"https:\/\/saphirsmaragd.com\/hr\/product-category\/heilsteine-kristalle-kaufen\/\">Ljekovito kamenje i kristali<\/a> | Quarze &amp; Bergkristalle<\/p>\n<hr data-start=\"2678\" data-end=\"2681\" \/>\n<h4 data-start=\"2683\" data-end=\"2702\"><span class=\"ez-toc-section\" id=\"_Weitere_Infos\"><\/span>\u00a0Dodatne informacije<span class=\"ez-toc-section-end\"><\/span><\/h4>\n<p data-start=\"2703\" data-end=\"2756\">Wikipedija: <a class=\"decorated-link\" href=\"https:\/\/de.wikipedia.org\/wiki\/Bergkristall\" target=\"_new\" rel=\"noopener\" data-start=\"2714\" data-end=\"2756\">Bergkristall<\/a><\/p>","protected":false},"excerpt":{"rendered":"<p><em>Der Bergkristall Bridge Crystal Natur ist ein 3475 g schweres Einzelst\u00fcck aus Brasilien. Dieser besondere Heilstein verbindet Welten, reinigt Energie, f\u00f6rdert Klarheit und unterst\u00fctzt spirituelle Entwicklung sowie tiefes inneres Wachstum.<\/em><\/p>","protected":false},"featured_media":5529,"comment_status":"open","ping_status":"closed","template":"","meta":{"_glsr_average":0,"_glsr_ranking":0,"_glsr_reviews":0},"product_brand":[],"product_cat":[84],"product_tag":[],"class_list":{"0":"post-5528","1":"product","2":"type-product","3":"status-publish","4":"has-post-thumbnail","6":"product_cat-rohsteine-kaufen","8":"first","9":"instock","10":"taxable","11":"shipping-taxable","12":"purchasable","13":"product-type-simple","14":"add-to-wishlist-before_image"},"jetpack_sharing_enabled":true,"_links":{"self":[{"href":"https:\/\/saphirsmaragd.com\/hr\/wp-json\/wp\/v2\/product\/5528","targetHints":{"allow":["GET"]}}],"collection":[{"href":"https:\/\/saphirsmaragd.com\/hr\/wp-json\/wp\/v2\/product"}],"about":[{"href":"https:\/\/saphirsmaragd.com\/hr\/wp-json\/wp\/v2\/types\/product"}],"replies":[{"embeddable":true,"href":"https:\/\/saphirsmaragd.com\/hr\/wp-json\/wp\/v2\/comments?post=5528"}],"version-history":[{"count":1,"href":"https:\/\/saphirsmaragd.com\/hr\/wp-json\/wp\/v2\/product\/5528\/revisions"}],"predecessor-version":[{"id":5533,"href":"https:\/\/saphirsmaragd.com\/hr\/wp-json\/wp\/v2\/product\/5528\/revisions\/5533"}],"wp:featuredmedia":[{"embeddable":true,"href":"https:\/\/saphirsmaragd.com\/hr\/wp-json\/wp\/v2\/media\/5529"}],"wp:attachment":[{"href":"https:\/\/saphirsmaragd.com\/hr\/wp-json\/wp\/v2\/media?parent=5528"}],"wp:term":[{"taxonomy":"product_brand","embeddable":true,"href":"https:\/\/saphirsmaragd.com\/hr\/wp-json\/wp\/v2\/product_brand?post=5528"},{"taxonomy":"product_cat","embeddable":true,"href":"https:\/\/saphirsmaragd.com\/hr\/wp-json\/wp\/v2\/product_cat?post=5528"},{"taxonomy":"product_tag","embeddable":true,"href":"https:\/\/saphirsmaragd.com\/hr\/wp-json\/wp\/v2\/product_tag?post=5528"}],"curies":[{"name":"wp","href":"https:\/\/api.w.org\/{rel}","templated":true}]}}