{"id":5680,"date":"2025-11-23T22:14:56","date_gmt":"2025-11-23T22:14:56","guid":{"rendered":"https:\/\/saphirsmaragd.com\/?post_type=product&#038;p=5680"},"modified":"2025-12-05T10:28:12","modified_gmt":"2025-12-05T10:28:12","slug":"anhaenger-azeztulite-herz-14k-gold","status":"publish","type":"product","link":"https:\/\/saphirsmaragd.com\/hr\/proizvod\/anhaenger-azeztulite-herz-14k-gold\/","title":{"rendered":"Anh\u00e4nger Azeztulite Herz mit 14k Gold\u00f6se \u2013 15 mm \u2013 Naturstein &#038; Unikat"},"content":{"rendered":"<div id=\"ez-toc-container\" class=\"ez-toc-v2_0_82_2 counter-hierarchy ez-toc-counter ez-toc-grey ez-toc-container-direction\">\n<div class=\"ez-toc-title-container\">\n<p class=\"ez-toc-title\" style=\"cursor:inherit\">Sadr\u017eaj<\/p>\n<span class=\"ez-toc-title-toggle\"><a href=\"#\" class=\"ez-toc-pull-right ez-toc-btn ez-toc-btn-xs ez-toc-btn-default ez-toc-toggle\" aria-label=\"Toggle Table of Content\"><span class=\"ez-toc-js-icon-con\"><span class=\"\"><span class=\"eztoc-hide\" style=\"display:none;\">Uklju\u010di\/isklju\u010di<\/span><span class=\"ez-toc-icon-toggle-span\"><svg style=\"fill: #999;color:#999\" xmlns=\"http:\/\/www.w3.org\/2000\/svg\" class=\"list-377408\" width=\"20px\" height=\"20px\" viewbox=\"0 0 24 24\" fill=\"none\"><path d=\"M6 6H4v2h2V6zm14 0H8v2h12V6zM4 11h2v2H4v-2zm16 0H8v2h12v-2zM4 16h2v2H4v-2zm16 0H8v2h12v-2z\" fill=\"currentColor\"><\/path><\/svg><svg style=\"fill: #999;color:#999\" class=\"arrow-unsorted-368013\" xmlns=\"http:\/\/www.w3.org\/2000\/svg\" width=\"10px\" height=\"10px\" viewbox=\"0 0 24 24\" version=\"1.2\" baseprofile=\"tiny\"><path d=\"M18.2 9.3l-6.2-6.3-6.2 6.3c-.2.2-.3.4-.3.7s.1.5.3.7c.2.2.4.3.7.3h11c.3 0 .5-.1.7-.3.2-.2.3-.5.3-.7s-.1-.5-.3-.7zM5.8 14.7l6.2 6.3 6.2-6.3c.2-.2.3-.5.3-.7s-.1-.5-.3-.7c-.2-.2-.4-.3-.7-.3h-11c-.3 0-.5.1-.7.3-.2.2-.3.5-.3.7s.1.5.3.7z\"\/><\/svg><\/span><\/span><\/span><\/a><\/span><\/div>\n<nav><ul class='ez-toc-list ez-toc-list-level-1' ><li class='ez-toc-page-1 ez-toc-heading-level-4'><a class=\"ez-toc-link ez-toc-heading-1\" href=\"https:\/\/saphirsmaragd.com\/hr\/proizvod\/anhaenger-azeztulite-herz-14k-gold\/#Anhanger_Azeztulite_Herz_mit_14k_Goldose_%E2%80%93_15_mm_%E2%80%93_Naturstein_Unikat\" >Anh\u00e4nger Azeztulite Herz mit 14k Gold\u00f6se \u2013 15 mm \u2013 Naturstein &amp; Unikat<\/a><\/li><li class='ez-toc-page-1 ez-toc-heading-level-4'><a class=\"ez-toc-link ez-toc-heading-2\" href=\"https:\/\/saphirsmaragd.com\/hr\/proizvod\/anhaenger-azeztulite-herz-14k-gold\/#Merkmale_Herkunft\" >Karakteristike i podrijetlo<\/a><\/li><li class='ez-toc-page-1 ez-toc-heading-level-4'><a class=\"ez-toc-link ez-toc-heading-3\" href=\"https:\/\/saphirsmaragd.com\/hr\/proizvod\/anhaenger-azeztulite-herz-14k-gold\/#Besonderheiten\" >Posebne zna\u010dajke\u00a0<\/a><\/li><li class='ez-toc-page-1 ez-toc-heading-level-4'><a class=\"ez-toc-link ez-toc-heading-4\" href=\"https:\/\/saphirsmaragd.com\/hr\/proizvod\/anhaenger-azeztulite-herz-14k-gold\/#Mehr_uber_Azeztulite_Heilsteine\" >Mehr \u00fcber Azeztulite &amp; Heilsteine<\/a><\/li><\/ul><\/nav><\/div>\n<h4 data-start=\"757\" data-end=\"831\"><span class=\"ez-toc-section\" id=\"Anhanger_Azeztulite_Herz_mit_14k_Goldose_%E2%80%93_15_mm_%E2%80%93_Naturstein_Unikat\"><\/span><strong data-start=\"757\" data-end=\"831\">Anh\u00e4nger Azeztulite Herz mit 14k Gold\u00f6se \u2013 15 mm \u2013 Naturstein &amp; Unikat<\/strong><span class=\"ez-toc-section-end\"><\/span><\/h4>\n<p data-start=\"833\" data-end=\"1061\">Dieser Anh\u00e4nger aus Azeztulite Herz mit 14k Gold\u00f6se vereint feinstoffliche Kraft mit eleganter Form. Azeztulite ist ein hochschwingender Stein, der spirituelle Entwicklung, Intuition und Verbindung zu h\u00f6heren Energien f\u00f6rdert.<\/p>\n<hr data-start=\"1063\" data-end=\"1066\" \/>\n<h4 data-start=\"1068\" data-end=\"1097\"><span class=\"ez-toc-section\" id=\"Merkmale_Herkunft\"><\/span><strong data-start=\"1074\" data-end=\"1097\">Karakteristike i podrijetlo<\/strong><span class=\"ez-toc-section-end\"><\/span><\/h4>\n<p data-start=\"1099\" data-end=\"1359\">Farbe: Wei\u00df \/ transparent<br data-start=\"1128\" data-end=\"1131\" \/>Form: Herz, poliert<br data-start=\"1154\" data-end=\"1157\" \/>Material \u00d6se: 14k Gold<br data-start=\"1218\" data-end=\"1221\" \/>Ma\u00dfe: 15 mm<br data-start=\"1236\" data-end=\"1239\" \/>\u010cisto\u0107a: Prirodna<br data-start=\"1262\" data-end=\"1265\" \/>Behandlung: Poliert<br data-start=\"1330\" data-end=\"1333\" \/>Steinart: Azeztulite<\/p>\n<hr data-start=\"1361\" data-end=\"1364\" \/>\n<h4 data-start=\"1366\" data-end=\"1400\"><span class=\"ez-toc-section\" id=\"Besonderheiten\"><\/span><strong data-start=\"1372\" data-end=\"1400\">Posebne zna\u010dajke\u00a0<\/strong><span class=\"ez-toc-section-end\"><\/span><\/h4>\n<p data-start=\"1402\" data-end=\"1662\">Azeztulite ist ein kraftvoller, hochschwingender Heilstein, der spirituelle Entwicklung beschleunigt und Bewusstseinserweiterung f\u00f6rdert. Er erzeugt ein energetisches Schutzfeld, stimuliert die Kundalini-Energie und unterst\u00fctzt das Durchbrechen alter Muster.<\/p>\n<p data-start=\"1664\" data-end=\"1863\">Der Stein wirkt auf das dritte Auge, f\u00f6rdert Intuition, spirituelle Einsichten und die Verbindung zu Engeln, h\u00f6heren Energien und anderen Dimensionen. Ideal f\u00fcr Meditation, Heil- und Energiearbeit.<\/p>\n<p data-start=\"1865\" data-end=\"2059\">Physisch unterst\u00fctzt Azeztulite Reinigung, Regeneration und Erholung, und kann auch bei ernsthaften gesundheitlichen Herausforderungen wie der Unterst\u00fctzung von Krebs-Patienten hilfreich sein.<\/p>\n<hr data-start=\"2061\" data-end=\"2064\" \/>\n<h4 data-start=\"2066\" data-end=\"2109\"><span class=\"ez-toc-section\" id=\"Mehr_uber_Azeztulite_Heilsteine\"><\/span><strong data-start=\"2072\" data-end=\"2109\">Mehr \u00fcber Azeztulite &amp; Heilsteine<\/strong><span class=\"ez-toc-section-end\"><\/span><\/h4>\n<p data-start=\"2111\" data-end=\"2169\"><a href=\"https:\/\/saphirsmaragd.com\/hr\/product-category\/heilsteine-kristalle-kaufen\/\">Ljekovito kamenje i kristali<\/a> | Azeztulite &amp; Hochenergie-Steine<\/p>\n<hr data-start=\"2061\" data-end=\"2064\" \/>\n<p data-start=\"2171\" data-end=\"2243\"><strong data-start=\"2171\" data-end=\"2185\">Wikipedija:<\/strong><br data-start=\"2185\" data-end=\"2188\" \/><a class=\"decorated-link cursor-pointer\" href=\"https:\/\/de.wikipedia.org\/wiki\/Azeztulite\" target=\"_new\" rel=\"noopener\" data-start=\"2201\" data-end=\"2241\">wikipedia:Azeztulite<\/a><\/p>","protected":false},"excerpt":{"rendered":"<p><em>Der Anh\u00e4nger Azeztulite Herz mit 14k Gold\u00f6se misst ca. 15 mm und ist ein kraftvoller Stein f\u00fcr Intuition, spirituelle Entwicklung und Verbindung zu h\u00f6heren Energien. Ideal f\u00fcr Meditation, Heil- und Energiearbeit.<\/em><\/p>","protected":false},"featured_media":5681,"comment_status":"open","ping_status":"closed","template":"","meta":{"_glsr_average":0,"_glsr_ranking":0,"_glsr_reviews":0},"product_brand":[],"product_cat":[87],"product_tag":[],"class_list":{"0":"post-5680","1":"product","2":"type-product","3":"status-publish","4":"has-post-thumbnail","6":"product_cat-edelstein-anhaenger","8":"first","9":"instock","10":"shipping-taxable","11":"purchasable","12":"product-type-simple","13":"add-to-wishlist-before_image"},"jetpack_sharing_enabled":true,"_links":{"self":[{"href":"https:\/\/saphirsmaragd.com\/hr\/wp-json\/wp\/v2\/product\/5680","targetHints":{"allow":["GET"]}}],"collection":[{"href":"https:\/\/saphirsmaragd.com\/hr\/wp-json\/wp\/v2\/product"}],"about":[{"href":"https:\/\/saphirsmaragd.com\/hr\/wp-json\/wp\/v2\/types\/product"}],"replies":[{"embeddable":true,"href":"https:\/\/saphirsmaragd.com\/hr\/wp-json\/wp\/v2\/comments?post=5680"}],"version-history":[{"count":1,"href":"https:\/\/saphirsmaragd.com\/hr\/wp-json\/wp\/v2\/product\/5680\/revisions"}],"predecessor-version":[{"id":5683,"href":"https:\/\/saphirsmaragd.com\/hr\/wp-json\/wp\/v2\/product\/5680\/revisions\/5683"}],"wp:featuredmedia":[{"embeddable":true,"href":"https:\/\/saphirsmaragd.com\/hr\/wp-json\/wp\/v2\/media\/5681"}],"wp:attachment":[{"href":"https:\/\/saphirsmaragd.com\/hr\/wp-json\/wp\/v2\/media?parent=5680"}],"wp:term":[{"taxonomy":"product_brand","embeddable":true,"href":"https:\/\/saphirsmaragd.com\/hr\/wp-json\/wp\/v2\/product_brand?post=5680"},{"taxonomy":"product_cat","embeddable":true,"href":"https:\/\/saphirsmaragd.com\/hr\/wp-json\/wp\/v2\/product_cat?post=5680"},{"taxonomy":"product_tag","embeddable":true,"href":"https:\/\/saphirsmaragd.com\/hr\/wp-json\/wp\/v2\/product_tag?post=5680"}],"curies":[{"name":"wp","href":"https:\/\/api.w.org\/{rel}","templated":true}]}}