{"id":6745,"date":"2025-12-25T12:57:59","date_gmt":"2025-12-25T12:57:59","guid":{"rendered":"https:\/\/saphirsmaragd.com\/?post_type=product&#038;p=6745"},"modified":"2025-12-29T18:46:50","modified_gmt":"2025-12-29T18:46:50","slug":"spinell-quadratisch-rosa-4-27-karat","status":"publish","type":"product","link":"https:\/\/saphirsmaragd.com\/hr\/proizvod\/spinell-quadratisch-rosa-4-27-karat\/","title":{"rendered":"Spinell quadratisch rosa 4.27 Karat \u2013 nat\u00fcrlicher Edelstein aus Myanmar"},"content":{"rendered":"<div id=\"ez-toc-container\" class=\"ez-toc-v2_0_82_2 counter-hierarchy ez-toc-counter ez-toc-grey ez-toc-container-direction\">\n<div class=\"ez-toc-title-container\">\n<p class=\"ez-toc-title\" style=\"cursor:inherit\">Sadr\u017eaj<\/p>\n<span class=\"ez-toc-title-toggle\"><a href=\"#\" class=\"ez-toc-pull-right ez-toc-btn ez-toc-btn-xs ez-toc-btn-default ez-toc-toggle\" aria-label=\"Toggle Table of Content\"><span class=\"ez-toc-js-icon-con\"><span class=\"\"><span class=\"eztoc-hide\" style=\"display:none;\">Uklju\u010di\/isklju\u010di<\/span><span class=\"ez-toc-icon-toggle-span\"><svg style=\"fill: #999;color:#999\" xmlns=\"http:\/\/www.w3.org\/2000\/svg\" class=\"list-377408\" width=\"20px\" height=\"20px\" viewbox=\"0 0 24 24\" fill=\"none\"><path d=\"M6 6H4v2h2V6zm14 0H8v2h12V6zM4 11h2v2H4v-2zm16 0H8v2h12v-2zM4 16h2v2H4v-2zm16 0H8v2h12v-2z\" fill=\"currentColor\"><\/path><\/svg><svg style=\"fill: #999;color:#999\" class=\"arrow-unsorted-368013\" xmlns=\"http:\/\/www.w3.org\/2000\/svg\" width=\"10px\" height=\"10px\" viewbox=\"0 0 24 24\" version=\"1.2\" baseprofile=\"tiny\"><path d=\"M18.2 9.3l-6.2-6.3-6.2 6.3c-.2.2-.3.4-.3.7s.1.5.3.7c.2.2.4.3.7.3h11c.3 0 .5-.1.7-.3.2-.2.3-.5.3-.7s-.1-.5-.3-.7zM5.8 14.7l6.2 6.3 6.2-6.3c.2-.2.3-.5.3-.7s-.1-.5-.3-.7c-.2-.2-.4-.3-.7-.3h-11c-.3 0-.5.1-.7.3-.2.2-.3.5-.3.7s.1.5.3.7z\"\/><\/svg><\/span><\/span><\/span><\/a><\/span><\/div>\n<nav><ul class='ez-toc-list ez-toc-list-level-1' ><li class='ez-toc-page-1 ez-toc-heading-level-4'><a class=\"ez-toc-link ez-toc-heading-1\" href=\"https:\/\/saphirsmaragd.com\/hr\/proizvod\/spinell-quadratisch-rosa-4-27-karat\/#Spinell_quadratisch_rosa_427_Karat\" >Spinell quadratisch rosa 4.27 Karat<\/a><\/li><li class='ez-toc-page-1 ez-toc-heading-level-4'><a class=\"ez-toc-link ez-toc-heading-2\" href=\"https:\/\/saphirsmaragd.com\/hr\/proizvod\/spinell-quadratisch-rosa-4-27-karat\/#Merkmale_Herkunft\" >Karakteristike i podrijetlo<\/a><\/li><li class='ez-toc-page-1 ez-toc-heading-level-4'><a class=\"ez-toc-link ez-toc-heading-3\" href=\"https:\/\/saphirsmaragd.com\/hr\/proizvod\/spinell-quadratisch-rosa-4-27-karat\/#Besonderheiten\" >Posebne zna\u010dajke<\/a><\/li><li class='ez-toc-page-1 ez-toc-heading-level-4'><a class=\"ez-toc-link ez-toc-heading-4\" href=\"https:\/\/saphirsmaragd.com\/hr\/proizvod\/spinell-quadratisch-rosa-4-27-karat\/#Mehr_uber_unsere_Edelsteine\" >Vi\u0161e o na\u0161em dragom kamenju<\/a><\/li><li class='ez-toc-page-1 ez-toc-heading-level-4'><a class=\"ez-toc-link ez-toc-heading-5\" href=\"https:\/\/saphirsmaragd.com\/hr\/proizvod\/spinell-quadratisch-rosa-4-27-karat\/#Weitere_Infos\" >Dodatne informacije<\/a><\/li><\/ul><\/nav><\/div>\n<h4 data-start=\"937\" data-end=\"980\"><span class=\"ez-toc-section\" id=\"Spinell_quadratisch_rosa_427_Karat\"><\/span><strong data-start=\"941\" data-end=\"980\">Spinell quadratisch rosa 4.27 Karat<\/strong><span class=\"ez-toc-section-end\"><\/span><\/h4>\n<p data-start=\"981\" data-end=\"1280\">Dieser edle <strong data-start=\"993\" data-end=\"1032\">Spinell quadratisch rosa 4.27 Karat<\/strong> \u00fcberzeugt durch seine intensive rosafarbene Nuance, die hohe Transparenz und den pr\u00e4zisen quadratischen Schliff. Spinelle aus Myanmar z\u00e4hlen zu den begehrtesten Farbedelsteinen und sind bekannt f\u00fcr ihre au\u00dfergew\u00f6hnliche Leuchtkraft und Stabilit\u00e4t.<\/p>\n<hr data-start=\"1282\" data-end=\"1285\" \/>\n<h4 data-start=\"1287\" data-end=\"1315\"><span class=\"ez-toc-section\" id=\"Merkmale_Herkunft\"><\/span><strong data-start=\"1292\" data-end=\"1315\">Karakteristike i podrijetlo<\/strong><span class=\"ez-toc-section-end\"><\/span><\/h4>\n<p data-start=\"1316\" data-end=\"1562\">Boja: Ru\u017ei\u010dasta<br data-start=\"1327\" data-end=\"1330\" \/>Edelstein: Spinell<br data-start=\"1348\" data-end=\"1351\" \/>Form: Quadratisch<br data-start=\"1368\" data-end=\"1371\" \/>Schliff: Facettiert<br data-start=\"1390\" data-end=\"1393\" \/>Gewicht: 4.27 Karat<br data-start=\"1412\" data-end=\"1415\" \/>Abmessungen: 9.1 \u00d7 9.1 mm<br data-start=\"1440\" data-end=\"1443\" \/>Herkunft: Myanmar (Burma)<br data-start=\"1468\" data-end=\"1471\" \/>Lije\u010denje: Nelije\u010deno<br data-start=\"1494\" data-end=\"1497\" \/>Reinheit: Augenrein bis sehr kleine Einschl\u00fcsse<br data-start=\"1544\" data-end=\"1547\" \/>Mohs-H\u00e4rte: 8<\/p>\n<hr data-start=\"1564\" data-end=\"1567\" \/>\n<h4 data-start=\"1569\" data-end=\"1592\"><span class=\"ez-toc-section\" id=\"Besonderheiten\"><\/span><strong data-start=\"1574\" data-end=\"1592\">Posebne zna\u010dajke<\/strong><span class=\"ez-toc-section-end\"><\/span><\/h4>\n<p data-start=\"1593\" data-end=\"1887\">Der <strong data-start=\"1597\" data-end=\"1636\">Spinell quadratisch rosa 4.27 Karat<\/strong> bietet eine seltene Kombination aus kr\u00e4ftiger Farbe, sehr guter Reinheit und ausgewogener Proportion. Spinell gilt als \u00e4u\u00dferst widerstandsf\u00e4hig und eignet sich ideal f\u00fcr hochwertige Schmuckfassungen, insbesondere f\u00fcr Ringe mit t\u00e4glichem Tragekomfort.<\/p>\n<hr data-start=\"2071\" data-end=\"2074\" \/>\n<h4 data-start=\"1931\" data-end=\"1971\"><span class=\"ez-toc-section\" id=\"Mehr_uber_unsere_Edelsteine\"><\/span>Vi\u0161e o na\u0161em dragom kamenju<span class=\"ez-toc-section-end\"><\/span><\/h4>\n<p data-start=\"1972\" data-end=\"2069\"><a href=\"https:\/\/saphirsmaragd.com\/hr\/product-category\/edelsteine-kaufen\/\">drago kamenje<\/a><\/p>\n<hr data-start=\"2071\" data-end=\"2074\" \/>\n<h4 data-start=\"2076\" data-end=\"2096\"><span class=\"ez-toc-section\" id=\"Weitere_Infos\"><\/span>Dodatne informacije<span class=\"ez-toc-section-end\"><\/span><\/h4>\n<p><a href=\"https:\/\/de.wikipedia.org\/wiki\/Spinell\" target=\"_blank\" rel=\"noopener\">Wikipedia: Spinell<\/a><\/p>","protected":false},"excerpt":{"rendered":"<p data-start=\"647\" data-end=\"795\"><em>Hochwertiger Spinell quadratisch rosa 4.27 Karat aus Myanmar. Nat\u00fcrlicher Edelstein mit intensiver Farbe, pr\u00e4zisem Schliff und exzellenter Brillanz.<\/em><\/p>","protected":false},"featured_media":6746,"comment_status":"open","ping_status":"closed","template":"","meta":{"_glsr_average":0,"_glsr_ranking":0,"_glsr_reviews":0},"product_brand":[],"product_cat":[290],"product_tag":[],"class_list":{"0":"post-6745","1":"product","2":"type-product","3":"status-publish","4":"has-post-thumbnail","6":"product_cat-spinell","7":"pa_edelsteinart-spinell","8":"pa_farbe-rosa","9":"pa_form-quadrat","10":"pa_gewicht-karat-3-0-5-0-karat","11":"pa_herkunft-myanmar","12":"pa_reinheit-augenrein","13":"pa_veredelung-behandlung-unbehandelt","14":"pa_zustand-neu","16":"first","17":"instock","18":"featured","19":"sold-individually","20":"shipping-taxable","21":"purchasable","22":"product-type-simple","23":"add-to-wishlist-before_image"},"jetpack_sharing_enabled":true,"_links":{"self":[{"href":"https:\/\/saphirsmaragd.com\/hr\/wp-json\/wp\/v2\/product\/6745","targetHints":{"allow":["GET"]}}],"collection":[{"href":"https:\/\/saphirsmaragd.com\/hr\/wp-json\/wp\/v2\/product"}],"about":[{"href":"https:\/\/saphirsmaragd.com\/hr\/wp-json\/wp\/v2\/types\/product"}],"replies":[{"embeddable":true,"href":"https:\/\/saphirsmaragd.com\/hr\/wp-json\/wp\/v2\/comments?post=6745"}],"version-history":[{"count":1,"href":"https:\/\/saphirsmaragd.com\/hr\/wp-json\/wp\/v2\/product\/6745\/revisions"}],"predecessor-version":[{"id":6747,"href":"https:\/\/saphirsmaragd.com\/hr\/wp-json\/wp\/v2\/product\/6745\/revisions\/6747"}],"wp:featuredmedia":[{"embeddable":true,"href":"https:\/\/saphirsmaragd.com\/hr\/wp-json\/wp\/v2\/media\/6746"}],"wp:attachment":[{"href":"https:\/\/saphirsmaragd.com\/hr\/wp-json\/wp\/v2\/media?parent=6745"}],"wp:term":[{"taxonomy":"product_brand","embeddable":true,"href":"https:\/\/saphirsmaragd.com\/hr\/wp-json\/wp\/v2\/product_brand?post=6745"},{"taxonomy":"product_cat","embeddable":true,"href":"https:\/\/saphirsmaragd.com\/hr\/wp-json\/wp\/v2\/product_cat?post=6745"},{"taxonomy":"product_tag","embeddable":true,"href":"https:\/\/saphirsmaragd.com\/hr\/wp-json\/wp\/v2\/product_tag?post=6745"}],"curies":[{"name":"wp","href":"https:\/\/api.w.org\/{rel}","templated":true}]}}