{"id":7738,"date":"2026-01-12T15:42:23","date_gmt":"2026-01-12T15:42:23","guid":{"rendered":"https:\/\/saphirsmaragd.com\/?post_type=product&#038;p=7738"},"modified":"2026-01-12T15:42:24","modified_gmt":"2026-01-12T15:42:24","slug":"silberarmband-granat-oval","status":"publish","type":"product","link":"https:\/\/saphirsmaragd.com\/hr\/proizvod\/silberarmband-granat-oval\/","title":{"rendered":"Ovalna narukvica od granata i srebra \u2013 narukvica s dragim kamenjem izra\u0111ena od srebra 925"},"content":{"rendered":"<div id=\"ez-toc-container\" class=\"ez-toc-v2_0_82_2 counter-hierarchy ez-toc-counter ez-toc-grey ez-toc-container-direction\">\n<div class=\"ez-toc-title-container\">\n<p class=\"ez-toc-title\" style=\"cursor:inherit\">Sadr\u017eaj<\/p>\n<span class=\"ez-toc-title-toggle\"><a href=\"#\" class=\"ez-toc-pull-right ez-toc-btn ez-toc-btn-xs ez-toc-btn-default ez-toc-toggle\" aria-label=\"Toggle Table of Content\"><span class=\"ez-toc-js-icon-con\"><span class=\"\"><span class=\"eztoc-hide\" style=\"display:none;\">Uklju\u010di\/isklju\u010di<\/span><span class=\"ez-toc-icon-toggle-span\"><svg style=\"fill: #999;color:#999\" xmlns=\"http:\/\/www.w3.org\/2000\/svg\" class=\"list-377408\" width=\"20px\" height=\"20px\" viewbox=\"0 0 24 24\" fill=\"none\"><path d=\"M6 6H4v2h2V6zm14 0H8v2h12V6zM4 11h2v2H4v-2zm16 0H8v2h12v-2zM4 16h2v2H4v-2zm16 0H8v2h12v-2z\" fill=\"currentColor\"><\/path><\/svg><svg style=\"fill: #999;color:#999\" class=\"arrow-unsorted-368013\" xmlns=\"http:\/\/www.w3.org\/2000\/svg\" width=\"10px\" height=\"10px\" viewbox=\"0 0 24 24\" version=\"1.2\" baseprofile=\"tiny\"><path d=\"M18.2 9.3l-6.2-6.3-6.2 6.3c-.2.2-.3.4-.3.7s.1.5.3.7c.2.2.4.3.7.3h11c.3 0 .5-.1.7-.3.2-.2.3-.5.3-.7s-.1-.5-.3-.7zM5.8 14.7l6.2 6.3 6.2-6.3c.2-.2.3-.5.3-.7s-.1-.5-.3-.7c-.2-.2-.4-.3-.7-.3h-11c-.3 0-.5.1-.7.3-.2.2-.3.5-.3.7s.1.5.3.7z\"\/><\/svg><\/span><\/span><\/span><\/a><\/span><\/div>\n<nav><ul class='ez-toc-list ez-toc-list-level-1' ><li class='ez-toc-page-1 ez-toc-heading-level-4'><a class=\"ez-toc-link ez-toc-heading-1\" href=\"https:\/\/saphirsmaragd.com\/hr\/proizvod\/silberarmband-granat-oval\/#_Silberarmband_Granat_oval_%E2%80%93_Edelsteinarmband_aus_925_Silber\" >\u00a0Ovalna narukvica od granata i srebra \u2013 narukvica s dragim kamenjem izra\u0111ena od srebra 925<\/a><\/li><li class='ez-toc-page-1 ez-toc-heading-level-4'><a class=\"ez-toc-link ez-toc-heading-2\" href=\"https:\/\/saphirsmaragd.com\/hr\/proizvod\/silberarmband-granat-oval\/#_Merkmale_Herkunft\" >\u00a0Karakteristike i podrijetlo<\/a><\/li><li class='ez-toc-page-1 ez-toc-heading-level-4'><a class=\"ez-toc-link ez-toc-heading-3\" href=\"https:\/\/saphirsmaragd.com\/hr\/proizvod\/silberarmband-granat-oval\/#Besonderheiten\" >Posebne zna\u010dajke<\/a><\/li><li class='ez-toc-page-1 ez-toc-heading-level-4'><a class=\"ez-toc-link ez-toc-heading-4\" href=\"https:\/\/saphirsmaragd.com\/hr\/proizvod\/silberarmband-granat-oval\/#_Mehr_uber_Granat_Edelsteinarmbander\" >\u00a0Mehr \u00fcber Granat &amp; Edelsteinarmb\u00e4nder<\/a><\/li><li class='ez-toc-page-1 ez-toc-heading-level-4'><a class=\"ez-toc-link ez-toc-heading-5\" href=\"https:\/\/saphirsmaragd.com\/hr\/proizvod\/silberarmband-granat-oval\/#_Weitere_Info\" >\u00a0Weitere Info<\/a><\/li><\/ul><\/nav><\/div>\n<h4 data-start=\"694\" data-end=\"761\"><span class=\"ez-toc-section\" id=\"_Silberarmband_Granat_oval_%E2%80%93_Edelsteinarmband_aus_925_Silber\"><\/span>\u00a0Ovalna narukvica od granata i srebra \u2013 narukvica s dragim kamenjem izra\u0111ena od srebra 925<span class=\"ez-toc-section-end\"><\/span><\/h4>\n<p data-start=\"762\" data-end=\"1044\">Dieses Silberarmband Granat oval ist ein handgefertigtes Edelsteinarmband aus nat\u00fcrlichen Granat-Steinen und hochwertigem Sterling Silber. Die Fotos dienen nur der Illustration \u2013 Sie erhalten ein Armband in vergleichbarer Farbqualit\u00e4t, jeder Granat ist ein einzigartiges Unikat.<\/p>\n<hr data-start=\"1046\" data-end=\"1049\" \/>\n<h4 data-start=\"1051\" data-end=\"1105\"><span class=\"ez-toc-section\" id=\"_Merkmale_Herkunft\"><\/span>\u00a0Karakteristike i podrijetlo<span class=\"ez-toc-section-end\"><\/span><\/h4>\n<p data-start=\"1106\" data-end=\"1413\">Farbe: Dunkelrot<br data-start=\"1122\" data-end=\"1125\" \/>Oblik: Ovalni<br data-start=\"1135\" data-end=\"1138\" \/>Steingr\u00f6\u00dfe: 8 x 6 mm<br data-start=\"1158\" data-end=\"1161\" \/>Armbandl\u00e4nge: ca. 15.5\u201320 cm (verstellbar)<br data-start=\"1203\" data-end=\"1206\" \/>Material: Sterling Silber (925)<br data-start=\"1237\" data-end=\"1240\" \/>Schmuckart: Edelsteinarmband<br data-start=\"1268\" data-end=\"1271\" \/>Chakras: Wurzelchakra (1. Chakra)<br data-start=\"1304\" data-end=\"1307\" \/>Element: Feuer &amp; Erde<br data-start=\"1392\" data-end=\"1395\" \/>Steinart: Granat<\/p>\n<hr data-start=\"1415\" data-end=\"1418\" \/>\n<h4 data-start=\"1420\" data-end=\"1457\"><span class=\"ez-toc-section\" id=\"Besonderheiten\"><\/span>Posebne zna\u010dajke<span class=\"ez-toc-section-end\"><\/span><\/h4>\n<p data-start=\"1458\" data-end=\"1760\">Das Silberarmband Granat oval ist ein kraftvoll aktivierender Edelstein, besonders geeignet f\u00fcr Krisensituationen oder Phasen, in denen das Leben schwer erscheint. Granat wirkt w\u00e4rmend, revitalisierend und gibt Energie sowie Durchhalteverm\u00f6gen, um innere St\u00e4rke und Lebensfreude zur\u00fcckzugewinnen.<\/p>\n<p data-start=\"1762\" data-end=\"2267\">Der Stein unterst\u00fctzt Selbstvertrauen, Mut, Willenskraft und Resilienz. Granat f\u00f6rdert Optimismus, Lebenslust und Hoffnung, und hilft, begrenzende Verhaltensmuster, Hemmungen und innere Blockaden zu l\u00f6sen. Er regt Entscheidungsfreude und \u00dcberlebensinstinkte an und unterst\u00fctzt, das Leben mit Klarheit und Entschlossenheit neu zu gestalten. Granat wird auch h\u00e4ufig verwendet, um die Kundalini-Energie zu aktivieren und auszugleichen, wodurch Vitalit\u00e4t auf physischer und spiritueller Ebene gesteigert wird.<\/p>\n<hr data-start=\"2750\" data-end=\"2753\" \/>\n<h4 data-start=\"2755\" data-end=\"2799\"><span class=\"ez-toc-section\" id=\"_Mehr_uber_Granat_Edelsteinarmbander\"><\/span>\u00a0Mehr \u00fcber Granat &amp; Edelsteinarmb\u00e4nder<span class=\"ez-toc-section-end\"><\/span><\/h4>\n<p>Ljekovito kamenje i kristali | <a href=\"https:\/\/saphirsmaragd.com\/hr\/product-category\/heilsteine-kristalle-kaufen\/\">Safir i smaragd<\/a><\/p>\n<hr data-start=\"2847\" data-end=\"2850\" \/>\n<h4 data-start=\"2852\" data-end=\"2880\"><span class=\"ez-toc-section\" id=\"_Weitere_Info\"><\/span>\u00a0Weitere Info<span class=\"ez-toc-section-end\"><\/span><\/h4>\n<p data-start=\"2881\" data-end=\"2938\">Wikipedija: <a class=\"decorated-link cursor-pointer\" href=\"https:\/\/de.wikipedia.org\/wiki\/Granat_(Mineral)\" target=\"_new\" rel=\"noopener\" data-start=\"2892\" data-end=\"2938\">Granat_(Mineral)<\/a><\/p>","protected":false},"excerpt":{"rendered":"<p><em>Dieses Silberarmband Granat oval aus 925 Sterling Silber st\u00e4rkt Energie, Durchhalteverm\u00f6gen und Selbstvertrauen und schenkt Optimismus im Alltag.<\/em><\/p>","protected":false},"featured_media":7739,"comment_status":"open","ping_status":"closed","template":"","meta":{"_glsr_average":0,"_glsr_ranking":0,"_glsr_reviews":0},"product_brand":[],"product_cat":[331],"product_tag":[],"class_list":{"0":"post-7738","1":"product","2":"type-product","3":"status-publish","4":"has-post-thumbnail","6":"product_cat-edelsteinarmbaender-kaufen","8":"first","9":"instock","10":"shipping-taxable","11":"purchasable","12":"product-type-simple","13":"add-to-wishlist-before_image"},"jetpack_sharing_enabled":true,"_links":{"self":[{"href":"https:\/\/saphirsmaragd.com\/hr\/wp-json\/wp\/v2\/product\/7738","targetHints":{"allow":["GET"]}}],"collection":[{"href":"https:\/\/saphirsmaragd.com\/hr\/wp-json\/wp\/v2\/product"}],"about":[{"href":"https:\/\/saphirsmaragd.com\/hr\/wp-json\/wp\/v2\/types\/product"}],"replies":[{"embeddable":true,"href":"https:\/\/saphirsmaragd.com\/hr\/wp-json\/wp\/v2\/comments?post=7738"}],"version-history":[{"count":1,"href":"https:\/\/saphirsmaragd.com\/hr\/wp-json\/wp\/v2\/product\/7738\/revisions"}],"predecessor-version":[{"id":7741,"href":"https:\/\/saphirsmaragd.com\/hr\/wp-json\/wp\/v2\/product\/7738\/revisions\/7741"}],"wp:featuredmedia":[{"embeddable":true,"href":"https:\/\/saphirsmaragd.com\/hr\/wp-json\/wp\/v2\/media\/7739"}],"wp:attachment":[{"href":"https:\/\/saphirsmaragd.com\/hr\/wp-json\/wp\/v2\/media?parent=7738"}],"wp:term":[{"taxonomy":"product_brand","embeddable":true,"href":"https:\/\/saphirsmaragd.com\/hr\/wp-json\/wp\/v2\/product_brand?post=7738"},{"taxonomy":"product_cat","embeddable":true,"href":"https:\/\/saphirsmaragd.com\/hr\/wp-json\/wp\/v2\/product_cat?post=7738"},{"taxonomy":"product_tag","embeddable":true,"href":"https:\/\/saphirsmaragd.com\/hr\/wp-json\/wp\/v2\/product_tag?post=7738"}],"curies":[{"name":"wp","href":"https:\/\/api.w.org\/{rel}","templated":true}]}}