{"id":7885,"date":"2026-01-22T11:08:43","date_gmt":"2026-01-22T11:08:43","guid":{"rendered":"https:\/\/saphirsmaragd.com\/?post_type=product&#038;p=7885"},"modified":"2026-01-22T11:13:19","modified_gmt":"2026-01-22T11:13:19","slug":"armband-mit-apatit-blau","status":"publish","type":"product","link":"https:\/\/saphirsmaragd.com\/hr\/proizvod\/armband-mit-apatit-blau\/","title":{"rendered":"Armband mit Apatit Blau \u2013 Edelsteinarmband mit 14K Goldperle"},"content":{"rendered":"<div id=\"ez-toc-container\" class=\"ez-toc-v2_0_82_2 counter-hierarchy ez-toc-counter ez-toc-grey ez-toc-container-direction\">\n<div class=\"ez-toc-title-container\">\n<p class=\"ez-toc-title\" style=\"cursor:inherit\">Sadr\u017eaj<\/p>\n<span class=\"ez-toc-title-toggle\"><a href=\"#\" class=\"ez-toc-pull-right ez-toc-btn ez-toc-btn-xs ez-toc-btn-default ez-toc-toggle\" aria-label=\"Toggle Table of Content\"><span class=\"ez-toc-js-icon-con\"><span class=\"\"><span class=\"eztoc-hide\" style=\"display:none;\">Uklju\u010di\/isklju\u010di<\/span><span class=\"ez-toc-icon-toggle-span\"><svg style=\"fill: #999;color:#999\" xmlns=\"http:\/\/www.w3.org\/2000\/svg\" class=\"list-377408\" width=\"20px\" height=\"20px\" viewbox=\"0 0 24 24\" fill=\"none\"><path d=\"M6 6H4v2h2V6zm14 0H8v2h12V6zM4 11h2v2H4v-2zm16 0H8v2h12v-2zM4 16h2v2H4v-2zm16 0H8v2h12v-2z\" fill=\"currentColor\"><\/path><\/svg><svg style=\"fill: #999;color:#999\" class=\"arrow-unsorted-368013\" xmlns=\"http:\/\/www.w3.org\/2000\/svg\" width=\"10px\" height=\"10px\" viewbox=\"0 0 24 24\" version=\"1.2\" baseprofile=\"tiny\"><path d=\"M18.2 9.3l-6.2-6.3-6.2 6.3c-.2.2-.3.4-.3.7s.1.5.3.7c.2.2.4.3.7.3h11c.3 0 .5-.1.7-.3.2-.2.3-.5.3-.7s-.1-.5-.3-.7zM5.8 14.7l6.2 6.3 6.2-6.3c.2-.2.3-.5.3-.7s-.1-.5-.3-.7c-.2-.2-.4-.3-.7-.3h-11c-.3 0-.5.1-.7.3-.2.2-.3.5-.3.7s.1.5.3.7z\"\/><\/svg><\/span><\/span><\/span><\/a><\/span><\/div>\n<nav><ul class='ez-toc-list ez-toc-list-level-1' ><li class='ez-toc-page-1 ez-toc-heading-level-4'><a class=\"ez-toc-link ez-toc-heading-1\" href=\"https:\/\/saphirsmaragd.com\/hr\/proizvod\/armband-mit-apatit-blau\/#Armband_mit_Apatit_Blau_%E2%80%93_Elastisches_Edelsteinarmband_mit_14K_Goldperle\" >Armband mit Apatit Blau \u2013 Elastisches Edelsteinarmband mit 14K Goldperle<\/a><\/li><li class='ez-toc-page-1 ez-toc-heading-level-4'><a class=\"ez-toc-link ez-toc-heading-2\" href=\"https:\/\/saphirsmaragd.com\/hr\/proizvod\/armband-mit-apatit-blau\/#_Merkmale_Herkunft\" >\u00a0Karakteristike i podrijetlo<\/a><\/li><li class='ez-toc-page-1 ez-toc-heading-level-4'><a class=\"ez-toc-link ez-toc-heading-3\" href=\"https:\/\/saphirsmaragd.com\/hr\/proizvod\/armband-mit-apatit-blau\/#_Besonderheiten\" >\u00a0Posebne zna\u010dajke<\/a><\/li><li class='ez-toc-page-1 ez-toc-heading-level-4'><a class=\"ez-toc-link ez-toc-heading-4\" href=\"https:\/\/saphirsmaragd.com\/hr\/proizvod\/armband-mit-apatit-blau\/#_Mehr_uber_Achate_Heilsteine\" >\u00a0Vi\u0161e o agatima i ljekovitom kamenju<\/a><\/li><li class='ez-toc-page-1 ez-toc-heading-level-4'><a class=\"ez-toc-link ez-toc-heading-5\" href=\"https:\/\/saphirsmaragd.com\/hr\/proizvod\/armband-mit-apatit-blau\/#_Weitere_Infos\" >\u00a0Dodatne informacije<\/a><\/li><\/ul><\/nav><\/div>\n<h4 data-start=\"959\" data-end=\"1039\"><span class=\"ez-toc-section\" id=\"Armband_mit_Apatit_Blau_%E2%80%93_Elastisches_Edelsteinarmband_mit_14K_Goldperle\"><\/span><strong data-start=\"963\" data-end=\"1039\">Armband mit Apatit Blau \u2013 Elastisches Edelsteinarmband mit 14K Goldperle<\/strong><span class=\"ez-toc-section-end\"><\/span><\/h4>\n<p data-start=\"1041\" data-end=\"1319\">Das Armband mit Apatit Blau ist ein fein gearbeitetes Edelsteinarmband, das durch seine lebendige blaue Farbe, seine motivierende Energie und seine hochwertige Verarbeitung \u00fcberzeugt. Jede Perle ist ein Naturprodukt, weshalb Sie ein Unikat mit individueller Farbnuance erhalten.<\/p>\n<hr data-start=\"2365\" data-end=\"2368\" \/>\n<h4 data-start=\"1187\" data-end=\"1215\"><span class=\"ez-toc-section\" id=\"_Merkmale_Herkunft\"><\/span>\u00a0Karakteristike i podrijetlo<span class=\"ez-toc-section-end\"><\/span><\/h4>\n<p data-start=\"1216\" data-end=\"1508\">Farbe: Blau<br data-start=\"1361\" data-end=\"1364\" \/>Oblik: Kugla<br data-start=\"1397\" data-end=\"1400\" \/>Dimenzije: Promjer perle cca. 6 mm<br data-start=\"1445\" data-end=\"1448\" \/>\u010cisto\u0107a: Prirodni kamen<br data-start=\"1494\" data-end=\"1497\" \/>Certifikat: Ne<br data-start=\"1513\" data-end=\"1516\" \/>Stanje: Novo<br data-start=\"1528\" data-end=\"1531\" \/>Steinart: Apatit<br data-start=\"1547\" data-end=\"1550\" \/>Materijal: Elasti\u010dna traka, perla od 14-karatnog zlata<br data-start=\"1596\" data-end=\"1599\" \/>Vrsta nakita: Narukvica<br data-start=\"1618\" data-end=\"1621\" \/>Duljina: cca. 18 cm<\/p>\n<hr data-start=\"2365\" data-end=\"2368\" \/>\n<h4 data-start=\"1510\" data-end=\"1533\"><span class=\"ez-toc-section\" id=\"_Besonderheiten\"><\/span>\u00a0Posebne zna\u010dajke<span class=\"ez-toc-section-end\"><\/span><\/h4>\n<p data-start=\"1665\" data-end=\"2094\">Der blaue Apatit wird traditionell mit mentaler Balance, Klarheit und zielgerichteter Kommunikation in Verbindung gebracht. Er unterst\u00fctzt Konzentration, Ged\u00e4chtnisleistung und geistige Wachheit und kann dabei helfen, ambitionierte Ziele fokussiert und selbstbewusst zu verfolgen. Das Armband mit Apatit Blau wirkt motivierend, f\u00f6rdert eine positive Lebenseinstellung und kann Apathie, Reizbarkeit sowie innere Unruhe reduzieren.<\/p>\n<p data-start=\"2096\" data-end=\"2521\">Durch seine ausgleichende Wirkung hilft der Apatit, emotionale Spannungen abzubauen und Aggressionen zu mindern. Gleichzeitig regt er Kreativit\u00e4t, Selbstausdruck und geistige Entwicklung an. Besonders gesch\u00e4tzt wird der blaue Apatit f\u00fcr seine unterst\u00fctzende Wirkung auf Kommunikation, Gruppenarbeit und \u00f6ffentliches Sprechen. Energetisch wird er dem Halschakra sowie dem Stirnchakra zugeordnet und dem Element Luft verbunden.<\/p>\n<hr data-start=\"2365\" data-end=\"2368\" \/>\n<h4 data-start=\"2232\" data-end=\"2270\"><span class=\"ez-toc-section\" id=\"_Mehr_uber_Achate_Heilsteine\"><\/span>\u00a0Vi\u0161e o agatima i ljekovitom kamenju<span class=\"ez-toc-section-end\"><\/span><\/h4>\n<p data-start=\"2271\" data-end=\"2322\">Ljekovito kamenje i kristali | <a class=\"decorated-link\" href=\"https:\/\/saphirsmaragd.com\/hr\/product-category\/heilsteine-kristalle-kaufen\/\" rel=\"noopener\" data-start=\"2301\" data-end=\"2322\">Safir i smaragd<\/a><\/p>\n<hr data-start=\"2365\" data-end=\"2368\" \/>\n<h4 data-start=\"2324\" data-end=\"2346\"><span class=\"ez-toc-section\" id=\"_Weitere_Infos\"><\/span>\u00a0Dodatne informacije<span class=\"ez-toc-section-end\"><\/span><\/h4>\n<p data-start=\"2347\" data-end=\"2363\">Wikipedija:<a href=\"https:\/\/de.wikipedia.org\/wiki\/Aquamarin\" target=\"_blank\" rel=\"noopener\">Akvamarin<\/a><\/p>","protected":false},"excerpt":{"rendered":"<p><em>Das Armband mit Apatit Blau ist ein elastisches Edelsteinarmband mit 14-kar\u00e4tiger Goldperle und steht f\u00fcr mentale Klarheit, Kommunikation und Konzentration.<\/em><\/p>","protected":false},"featured_media":7886,"comment_status":"open","ping_status":"closed","template":"","meta":{"_glsr_average":0,"_glsr_ranking":0,"_glsr_reviews":0},"product_brand":[],"product_cat":[331],"product_tag":[],"class_list":{"0":"post-7885","1":"product","2":"type-product","3":"status-publish","4":"has-post-thumbnail","6":"product_cat-edelsteinarmbaender-kaufen","8":"first","9":"instock","10":"shipping-taxable","11":"purchasable","12":"product-type-simple","13":"add-to-wishlist-before_image"},"jetpack_sharing_enabled":true,"_links":{"self":[{"href":"https:\/\/saphirsmaragd.com\/hr\/wp-json\/wp\/v2\/product\/7885","targetHints":{"allow":["GET"]}}],"collection":[{"href":"https:\/\/saphirsmaragd.com\/hr\/wp-json\/wp\/v2\/product"}],"about":[{"href":"https:\/\/saphirsmaragd.com\/hr\/wp-json\/wp\/v2\/types\/product"}],"replies":[{"embeddable":true,"href":"https:\/\/saphirsmaragd.com\/hr\/wp-json\/wp\/v2\/comments?post=7885"}],"version-history":[{"count":2,"href":"https:\/\/saphirsmaragd.com\/hr\/wp-json\/wp\/v2\/product\/7885\/revisions"}],"predecessor-version":[{"id":7888,"href":"https:\/\/saphirsmaragd.com\/hr\/wp-json\/wp\/v2\/product\/7885\/revisions\/7888"}],"wp:featuredmedia":[{"embeddable":true,"href":"https:\/\/saphirsmaragd.com\/hr\/wp-json\/wp\/v2\/media\/7886"}],"wp:attachment":[{"href":"https:\/\/saphirsmaragd.com\/hr\/wp-json\/wp\/v2\/media?parent=7885"}],"wp:term":[{"taxonomy":"product_brand","embeddable":true,"href":"https:\/\/saphirsmaragd.com\/hr\/wp-json\/wp\/v2\/product_brand?post=7885"},{"taxonomy":"product_cat","embeddable":true,"href":"https:\/\/saphirsmaragd.com\/hr\/wp-json\/wp\/v2\/product_cat?post=7885"},{"taxonomy":"product_tag","embeddable":true,"href":"https:\/\/saphirsmaragd.com\/hr\/wp-json\/wp\/v2\/product_tag?post=7885"}],"curies":[{"name":"wp","href":"https:\/\/api.w.org\/{rel}","templated":true}]}}