{"id":7900,"date":"2026-01-22T15:35:22","date_gmt":"2026-01-22T15:35:22","guid":{"rendered":"https:\/\/saphirsmaragd.com\/?post_type=product&#038;p=7900"},"modified":"2026-01-22T15:39:41","modified_gmt":"2026-01-22T15:39:41","slug":"armband-mit-bergkristall","status":"publish","type":"product","link":"https:\/\/saphirsmaragd.com\/hr\/proizvod\/armband-mit-bergkristall\/","title":{"rendered":"Narukvica od gorskog kristala \u2013 narukvica od dragog kamenja s perlicom od 14-karatnog zlata"},"content":{"rendered":"<div id=\"ez-toc-container\" class=\"ez-toc-v2_0_82_2 counter-hierarchy ez-toc-counter ez-toc-grey ez-toc-container-direction\">\n<div class=\"ez-toc-title-container\">\n<p class=\"ez-toc-title\" style=\"cursor:inherit\">Sadr\u017eaj<\/p>\n<span class=\"ez-toc-title-toggle\"><a href=\"#\" class=\"ez-toc-pull-right ez-toc-btn ez-toc-btn-xs ez-toc-btn-default ez-toc-toggle\" aria-label=\"Toggle Table of Content\"><span class=\"ez-toc-js-icon-con\"><span class=\"\"><span class=\"eztoc-hide\" style=\"display:none;\">Uklju\u010di\/isklju\u010di<\/span><span class=\"ez-toc-icon-toggle-span\"><svg style=\"fill: #999;color:#999\" xmlns=\"http:\/\/www.w3.org\/2000\/svg\" class=\"list-377408\" width=\"20px\" height=\"20px\" viewbox=\"0 0 24 24\" fill=\"none\"><path d=\"M6 6H4v2h2V6zm14 0H8v2h12V6zM4 11h2v2H4v-2zm16 0H8v2h12v-2zM4 16h2v2H4v-2zm16 0H8v2h12v-2z\" fill=\"currentColor\"><\/path><\/svg><svg style=\"fill: #999;color:#999\" class=\"arrow-unsorted-368013\" xmlns=\"http:\/\/www.w3.org\/2000\/svg\" width=\"10px\" height=\"10px\" viewbox=\"0 0 24 24\" version=\"1.2\" baseprofile=\"tiny\"><path d=\"M18.2 9.3l-6.2-6.3-6.2 6.3c-.2.2-.3.4-.3.7s.1.5.3.7c.2.2.4.3.7.3h11c.3 0 .5-.1.7-.3.2-.2.3-.5.3-.7s-.1-.5-.3-.7zM5.8 14.7l6.2 6.3 6.2-6.3c.2-.2.3-.5.3-.7s-.1-.5-.3-.7c-.2-.2-.4-.3-.7-.3h-11c-.3 0-.5.1-.7.3-.2.2-.3.5-.3.7s.1.5.3.7z\"\/><\/svg><\/span><\/span><\/span><\/a><\/span><\/div>\n<nav><ul class='ez-toc-list ez-toc-list-level-1' ><li class='ez-toc-page-1 ez-toc-heading-level-4'><a class=\"ez-toc-link ez-toc-heading-1\" href=\"https:\/\/saphirsmaragd.com\/hr\/proizvod\/armband-mit-bergkristall\/#Armband_mit_Bergkristall_%E2%80%93_Elastisches_Edelsteinarmband_mit_14K_Goldperle\" >Armband mit Bergkristall \u2013 Elastisches Edelsteinarmband mit 14K Goldperle<\/a><\/li><li class='ez-toc-page-1 ez-toc-heading-level-4'><a class=\"ez-toc-link ez-toc-heading-2\" href=\"https:\/\/saphirsmaragd.com\/hr\/proizvod\/armband-mit-bergkristall\/#_Merkmale_Herkunft\" >\u00a0Karakteristike i podrijetlo<\/a><\/li><li class='ez-toc-page-1 ez-toc-heading-level-4'><a class=\"ez-toc-link ez-toc-heading-3\" href=\"https:\/\/saphirsmaragd.com\/hr\/proizvod\/armband-mit-bergkristall\/#_Besonderheiten\" >\u00a0Posebne zna\u010dajke<\/a><\/li><li class='ez-toc-page-1 ez-toc-heading-level-4'><a class=\"ez-toc-link ez-toc-heading-4\" href=\"https:\/\/saphirsmaragd.com\/hr\/proizvod\/armband-mit-bergkristall\/#_Mehr_uber_Achate_Heilsteine\" >\u00a0Vi\u0161e o agatima i ljekovitom kamenju<\/a><\/li><li class='ez-toc-page-1 ez-toc-heading-level-4'><a class=\"ez-toc-link ez-toc-heading-5\" href=\"https:\/\/saphirsmaragd.com\/hr\/proizvod\/armband-mit-bergkristall\/#_Weitere_Infos\" >\u00a0Dodatne informacije<\/a><\/li><\/ul><\/nav><\/div>\n<h4 data-start=\"959\" data-end=\"1040\"><span class=\"ez-toc-section\" id=\"Armband_mit_Bergkristall_%E2%80%93_Elastisches_Edelsteinarmband_mit_14K_Goldperle\"><\/span><strong data-start=\"963\" data-end=\"1040\">Armband mit Bergkristall \u2013 Elastisches Edelsteinarmband mit 14K Goldperle<\/strong><span class=\"ez-toc-section-end\"><\/span><\/h4>\n<p data-start=\"1042\" data-end=\"1440\">Das Armband mit Bergkristall ist ein zeitloses Edelsteinarmband mit klarer, reiner Ausstrahlung. Bergkristall gilt als einer der vielseitigsten und kraftvollsten Heilsteine und wird seit Jahrhunderten f\u00fcr energetische Reinigung, Ausgleich und spirituelle Entwicklung gesch\u00e4tzt. Da es sich um ein Naturprodukt handelt, erhalten Sie ein einzigartiges Armband mit individuellen Nuancen und Strukturen.<\/p>\n<hr data-start=\"2365\" data-end=\"2368\" \/>\n<h4 data-start=\"1187\" data-end=\"1215\"><span class=\"ez-toc-section\" id=\"_Merkmale_Herkunft\"><\/span>\u00a0Karakteristike i podrijetlo<span class=\"ez-toc-section-end\"><\/span><\/h4>\n<p data-start=\"1216\" data-end=\"1508\">Farbe: Transparent \/ Klar<br data-start=\"1496\" data-end=\"1499\" \/>Oblik: Kugla<br data-start=\"1532\" data-end=\"1535\" \/>Ma\u00dfe: Perlendurchmesser ca. 8 mm<br data-start=\"1580\" data-end=\"1583\" \/>\u010cisto\u0107a: Prirodna<br data-start=\"1628\" data-end=\"1631\" \/>Certifikat: Ne<br data-start=\"1647\" data-end=\"1650\" \/>Stanje: Novo<br data-start=\"1662\" data-end=\"1665\" \/>Steinart: Bergkristall<br data-start=\"1687\" data-end=\"1690\" \/>Materijal: Elasti\u010dna traka, perla od 14-karatnog zlata<br data-start=\"1736\" data-end=\"1739\" \/>Vrsta nakita: Narukvica<br data-start=\"1758\" data-end=\"1761\" \/>Duljina: cca. 18 cm<\/p>\n<hr data-start=\"2365\" data-end=\"2368\" \/>\n<h4 data-start=\"1510\" data-end=\"1533\"><span class=\"ez-toc-section\" id=\"_Besonderheiten\"><\/span>\u00a0Posebne zna\u010dajke<span class=\"ez-toc-section-end\"><\/span><\/h4>\n<p data-start=\"1805\" data-end=\"2155\">Bergkristall besitzt eine stark reinigende und harmonisierende Wirkung auf K\u00f6rper, Geist und Energiefeld. Er kann dabei helfen, negative Energien, elektromagnetische Belastungen und \u00e4u\u00dfere Einfl\u00fcsse abzuwehren und gleichzeitig die Aura zu stabilisieren. Energetisch wirkt Bergkristall auf alle Chakren und unterst\u00fctzt deren Ausgleich und Aktivierung.<\/p>\n<p data-start=\"2157\" data-end=\"2646\">Mental und emotional f\u00f6rdert Bergkristall Klarheit, Konzentration und urteilsfreies Denken. Er hilft dabei, Vorurteile loszulassen und innere Balance zu finden. Seine Energie passt sich den individuellen Bed\u00fcrfnissen an und kann sowohl beruhigend als auch aktivierend wirken. Dadurch eignet sich Bergkristall ideal f\u00fcr Meditation, Selbstreflexion, energetische Arbeit und spirituelles Wachstum. Dem Element Luft zugeordnet, unterst\u00fctzt er geistige Klarheit, Fokus und positive Ausrichtung.<\/p>\n<hr data-start=\"2365\" data-end=\"2368\" \/>\n<h4 data-start=\"2232\" data-end=\"2270\"><span class=\"ez-toc-section\" id=\"_Mehr_uber_Achate_Heilsteine\"><\/span>\u00a0Vi\u0161e o agatima i ljekovitom kamenju<span class=\"ez-toc-section-end\"><\/span><\/h4>\n<p data-start=\"2271\" data-end=\"2322\">Ljekovito kamenje i kristali | <a class=\"decorated-link\" href=\"https:\/\/saphirsmaragd.com\/hr\/product-category\/heilsteine-kristalle-kaufen\/\" rel=\"noopener\" data-start=\"2301\" data-end=\"2322\">Safir i smaragd<\/a><\/p>\n<hr data-start=\"2365\" data-end=\"2368\" \/>\n<h4 data-start=\"2324\" data-end=\"2346\"><span class=\"ez-toc-section\" id=\"_Weitere_Infos\"><\/span>\u00a0Dodatne informacije<span class=\"ez-toc-section-end\"><\/span><\/h4>\n<p data-start=\"2347\" data-end=\"2363\">Wikipedija:<a href=\"https:\/\/de.wikipedia.org\/wiki\/Aquamarin\" target=\"_blank\" rel=\"noopener\">Akvamarin<\/a><\/p>","protected":false},"excerpt":{"rendered":"<p><em>Das Armband mit Bergkristall ist ein elastisches Edelsteinarmband mit 14-kar\u00e4tiger Goldperle und steht f\u00fcr Reinigung, Heilung, Harmonie und innere Balance.<\/em><\/p>","protected":false},"featured_media":7901,"comment_status":"open","ping_status":"closed","template":"","meta":{"_glsr_average":0,"_glsr_ranking":0,"_glsr_reviews":0},"product_brand":[],"product_cat":[331],"product_tag":[],"class_list":{"0":"post-7900","1":"product","2":"type-product","3":"status-publish","4":"has-post-thumbnail","6":"product_cat-edelsteinarmbaender-kaufen","8":"first","9":"instock","10":"shipping-taxable","11":"purchasable","12":"product-type-simple","13":"add-to-wishlist-before_image"},"jetpack_sharing_enabled":true,"_links":{"self":[{"href":"https:\/\/saphirsmaragd.com\/hr\/wp-json\/wp\/v2\/product\/7900","targetHints":{"allow":["GET"]}}],"collection":[{"href":"https:\/\/saphirsmaragd.com\/hr\/wp-json\/wp\/v2\/product"}],"about":[{"href":"https:\/\/saphirsmaragd.com\/hr\/wp-json\/wp\/v2\/types\/product"}],"replies":[{"embeddable":true,"href":"https:\/\/saphirsmaragd.com\/hr\/wp-json\/wp\/v2\/comments?post=7900"}],"version-history":[{"count":2,"href":"https:\/\/saphirsmaragd.com\/hr\/wp-json\/wp\/v2\/product\/7900\/revisions"}],"predecessor-version":[{"id":7903,"href":"https:\/\/saphirsmaragd.com\/hr\/wp-json\/wp\/v2\/product\/7900\/revisions\/7903"}],"wp:featuredmedia":[{"embeddable":true,"href":"https:\/\/saphirsmaragd.com\/hr\/wp-json\/wp\/v2\/media\/7901"}],"wp:attachment":[{"href":"https:\/\/saphirsmaragd.com\/hr\/wp-json\/wp\/v2\/media?parent=7900"}],"wp:term":[{"taxonomy":"product_brand","embeddable":true,"href":"https:\/\/saphirsmaragd.com\/hr\/wp-json\/wp\/v2\/product_brand?post=7900"},{"taxonomy":"product_cat","embeddable":true,"href":"https:\/\/saphirsmaragd.com\/hr\/wp-json\/wp\/v2\/product_cat?post=7900"},{"taxonomy":"product_tag","embeddable":true,"href":"https:\/\/saphirsmaragd.com\/hr\/wp-json\/wp\/v2\/product_tag?post=7900"}],"curies":[{"name":"wp","href":"https:\/\/api.w.org\/{rel}","templated":true}]}}