{"id":7948,"date":"2026-01-24T17:07:44","date_gmt":"2026-01-24T17:07:44","guid":{"rendered":"https:\/\/saphirsmaragd.com\/?post_type=product&#038;p=7948"},"modified":"2026-01-24T17:11:34","modified_gmt":"2026-01-24T17:11:34","slug":"jade-armband-rund-mit-14-kt-goldperle","status":"publish","type":"product","link":"https:\/\/saphirsmaragd.com\/hr\/proizvod\/jade-armband-rund-mit-14-kt-goldperle\/","title":{"rendered":"Jade Armband Rund mit 14 kt Goldperle \u2013 Elastisches Edelsteinarmband 6 mm"},"content":{"rendered":"<div id=\"ez-toc-container\" class=\"ez-toc-v2_0_82_2 counter-hierarchy ez-toc-counter ez-toc-grey ez-toc-container-direction\">\n<div class=\"ez-toc-title-container\">\n<p class=\"ez-toc-title\" style=\"cursor:inherit\">Sadr\u017eaj<\/p>\n<span class=\"ez-toc-title-toggle\"><a href=\"#\" class=\"ez-toc-pull-right ez-toc-btn ez-toc-btn-xs ez-toc-btn-default ez-toc-toggle\" aria-label=\"Toggle Table of Content\"><span class=\"ez-toc-js-icon-con\"><span class=\"\"><span class=\"eztoc-hide\" style=\"display:none;\">Uklju\u010di\/isklju\u010di<\/span><span class=\"ez-toc-icon-toggle-span\"><svg style=\"fill: #999;color:#999\" xmlns=\"http:\/\/www.w3.org\/2000\/svg\" class=\"list-377408\" width=\"20px\" height=\"20px\" viewbox=\"0 0 24 24\" fill=\"none\"><path d=\"M6 6H4v2h2V6zm14 0H8v2h12V6zM4 11h2v2H4v-2zm16 0H8v2h12v-2zM4 16h2v2H4v-2zm16 0H8v2h12v-2z\" fill=\"currentColor\"><\/path><\/svg><svg style=\"fill: #999;color:#999\" class=\"arrow-unsorted-368013\" xmlns=\"http:\/\/www.w3.org\/2000\/svg\" width=\"10px\" height=\"10px\" viewbox=\"0 0 24 24\" version=\"1.2\" baseprofile=\"tiny\"><path d=\"M18.2 9.3l-6.2-6.3-6.2 6.3c-.2.2-.3.4-.3.7s.1.5.3.7c.2.2.4.3.7.3h11c.3 0 .5-.1.7-.3.2-.2.3-.5.3-.7s-.1-.5-.3-.7zM5.8 14.7l6.2 6.3 6.2-6.3c.2-.2.3-.5.3-.7s-.1-.5-.3-.7c-.2-.2-.4-.3-.7-.3h-11c-.3 0-.5.1-.7.3-.2.2-.3.5-.3.7s.1.5.3.7z\"\/><\/svg><\/span><\/span><\/span><\/a><\/span><\/div>\n<nav><ul class='ez-toc-list ez-toc-list-level-1' ><li class='ez-toc-page-1 ez-toc-heading-level-4'><a class=\"ez-toc-link ez-toc-heading-1\" href=\"https:\/\/saphirsmaragd.com\/hr\/proizvod\/jade-armband-rund-mit-14-kt-goldperle\/#Jade_Armband_Rund_mit_14_kt_Goldperle_%E2%80%93_Elastisches_Edelsteinarmband_6_mm\" >Jade Armband Rund mit 14 kt Goldperle \u2013 Elastisches Edelsteinarmband 6 mm<\/a><\/li><li class='ez-toc-page-1 ez-toc-heading-level-4'><a class=\"ez-toc-link ez-toc-heading-2\" href=\"https:\/\/saphirsmaragd.com\/hr\/proizvod\/jade-armband-rund-mit-14-kt-goldperle\/#_Merkmale_Herkunft\" >\u00a0Karakteristike i podrijetlo<\/a><\/li><li class='ez-toc-page-1 ez-toc-heading-level-4'><a class=\"ez-toc-link ez-toc-heading-3\" href=\"https:\/\/saphirsmaragd.com\/hr\/proizvod\/jade-armband-rund-mit-14-kt-goldperle\/#_Besonderheiten\" >\u00a0Posebne zna\u010dajke<\/a><\/li><li class='ez-toc-page-1 ez-toc-heading-level-4'><a class=\"ez-toc-link ez-toc-heading-4\" href=\"https:\/\/saphirsmaragd.com\/hr\/proizvod\/jade-armband-rund-mit-14-kt-goldperle\/#_Mehr_uber_Achate_Heilsteine\" >\u00a0Vi\u0161e o agatima i ljekovitom kamenju<\/a><\/li><li class='ez-toc-page-1 ez-toc-heading-level-4'><a class=\"ez-toc-link ez-toc-heading-5\" href=\"https:\/\/saphirsmaragd.com\/hr\/proizvod\/jade-armband-rund-mit-14-kt-goldperle\/#_Weitere_Infos\" >\u00a0Dodatne informacije<\/a><\/li><\/ul><\/nav><\/div>\n<h4 data-start=\"945\" data-end=\"1020\"><span class=\"ez-toc-section\" id=\"Jade_Armband_Rund_mit_14_kt_Goldperle_%E2%80%93_Elastisches_Edelsteinarmband_6_mm\"><\/span>Jade Armband Rund mit 14 kt Goldperle \u2013 Elastisches Edelsteinarmband 6 mm<span class=\"ez-toc-section-end\"><\/span><\/h4>\n<p data-start=\"1021\" data-end=\"1232\">Dieses Jade Armband Rund mit 14 kt Goldperle vereint fein geschliffene Jade-Perlen mit einer hochwertigen 14-kar\u00e4tigen Goldperle auf einem elastischen Band f\u00fcr komfortables Tragen und energetische Unterst\u00fctzung.<\/p>\n<hr data-start=\"2365\" data-end=\"2368\" \/>\n<h4 data-start=\"1187\" data-end=\"1215\"><span class=\"ez-toc-section\" id=\"_Merkmale_Herkunft\"><\/span>\u00a0Karakteristike i podrijetlo<span class=\"ez-toc-section-end\"><\/span><\/h4>\n<p data-start=\"1216\" data-end=\"1508\">Boja: Zelena<br data-start=\"1338\" data-end=\"1341\" \/>Form: Rund<br data-start=\"1351\" data-end=\"1354\" \/>Herkunft: Myanmar<br data-start=\"1371\" data-end=\"1374\" \/>Schmuckart: Edelsteinarmband<br data-start=\"1402\" data-end=\"1405\" \/>Material: Jadeit, 14-kar\u00e4tiges Gold<br data-start=\"1440\" data-end=\"1443\" \/>Perlendurchmesser: ca. 6 mm<br data-start=\"1470\" data-end=\"1473\" \/>Duljina: cca. 18 cm<br data-start=\"1489\" data-end=\"1492\" \/>Reinheit: Echter Naturstein<br data-start=\"1564\" data-end=\"1567\" \/>Stanje: Novo<br data-start=\"1579\" data-end=\"1582\" \/>Steinart: Jade<br data-start=\"1596\" data-end=\"1599\" \/>Chakra: Herzchakra<br data-start=\"1617\" data-end=\"1620\" \/>Element: Erde<\/p>\n<hr data-start=\"2365\" data-end=\"2368\" \/>\n<h4 data-start=\"1510\" data-end=\"1533\"><span class=\"ez-toc-section\" id=\"_Besonderheiten\"><\/span>\u00a0Posebne zna\u010dajke<span class=\"ez-toc-section-end\"><\/span><\/h4>\n<p data-start=\"1637\" data-end=\"1892\">Jade gilt als Schutzstein und Symbol f\u00fcr Gl\u00fcck, Wohlstand und innere Ruhe. Das Jade Armband Rund mit 14 kt Goldperle unterst\u00fctzt emotionale Stabilit\u00e4t, lindert negative Gedanken und Gef\u00fchle und st\u00e4rkt sanft das Selbstbewusstsein.<\/p>\n<p data-start=\"1894\" data-end=\"2267\">Es sch\u00fctzt vor Ungl\u00fcck, Betrug und negativen Einfl\u00fcssen, f\u00f6rdert Freundschaft, Liebe, Weisheit und die Verbindung zur Natur. Auf k\u00f6rperlicher Ebene unterst\u00fctzt Jade die Nieren, Blase, Milz, Nebennieren, Fortpflanzungsorgane sowie die Zellregeneration und Genesung. Sie kann beruhigend auf das Nervensystem und Herz wirken und unterst\u00fctzt w\u00e4hrend Schwangerschaft und Geburt.<\/p>\n<hr data-start=\"2365\" data-end=\"2368\" \/>\n<h4 data-start=\"2232\" data-end=\"2270\"><span class=\"ez-toc-section\" id=\"_Mehr_uber_Achate_Heilsteine\"><\/span>\u00a0Vi\u0161e o agatima i ljekovitom kamenju<span class=\"ez-toc-section-end\"><\/span><\/h4>\n<p data-start=\"2271\" data-end=\"2322\">Ljekovito kamenje i kristali | <a class=\"decorated-link\" href=\"https:\/\/saphirsmaragd.com\/hr\/product-category\/heilsteine-kristalle-kaufen\/\" rel=\"noopener\" data-start=\"2301\" data-end=\"2322\">Safir i smaragd<\/a><\/p>\n<hr data-start=\"2365\" data-end=\"2368\" \/>\n<h4 data-start=\"2324\" data-end=\"2346\"><span class=\"ez-toc-section\" id=\"_Weitere_Infos\"><\/span>\u00a0Dodatne informacije<span class=\"ez-toc-section-end\"><\/span><\/h4>\n<p data-start=\"2347\" data-end=\"2363\">Wikipedija:<a href=\"https:\/\/de.wikipedia.org\/wiki\/Jade\" target=\"_blank\" rel=\"noopener\">Jade<\/a><\/p>","protected":false},"excerpt":{"rendered":"<p><em>Dieses Jade Armband Rund mit 14 kt Goldperle kombiniert nat\u00fcrliche Jade-Perlen mit einer 14-kar\u00e4tigen Goldperle auf einem elastischen Band. Ideal f\u00fcr Schutz, Gl\u00fcck, Wohlstand und innere Ruhe.<\/em><\/p>","protected":false},"featured_media":7949,"comment_status":"open","ping_status":"closed","template":"","meta":{"_glsr_average":0,"_glsr_ranking":0,"_glsr_reviews":0},"product_brand":[],"product_cat":[331],"product_tag":[],"class_list":{"0":"post-7948","1":"product","2":"type-product","3":"status-publish","4":"has-post-thumbnail","6":"product_cat-edelsteinarmbaender-kaufen","8":"first","9":"instock","10":"shipping-taxable","11":"purchasable","12":"product-type-simple","13":"add-to-wishlist-before_image"},"jetpack_sharing_enabled":true,"_links":{"self":[{"href":"https:\/\/saphirsmaragd.com\/hr\/wp-json\/wp\/v2\/product\/7948","targetHints":{"allow":["GET"]}}],"collection":[{"href":"https:\/\/saphirsmaragd.com\/hr\/wp-json\/wp\/v2\/product"}],"about":[{"href":"https:\/\/saphirsmaragd.com\/hr\/wp-json\/wp\/v2\/types\/product"}],"replies":[{"embeddable":true,"href":"https:\/\/saphirsmaragd.com\/hr\/wp-json\/wp\/v2\/comments?post=7948"}],"version-history":[{"count":1,"href":"https:\/\/saphirsmaragd.com\/hr\/wp-json\/wp\/v2\/product\/7948\/revisions"}],"predecessor-version":[{"id":7950,"href":"https:\/\/saphirsmaragd.com\/hr\/wp-json\/wp\/v2\/product\/7948\/revisions\/7950"}],"wp:featuredmedia":[{"embeddable":true,"href":"https:\/\/saphirsmaragd.com\/hr\/wp-json\/wp\/v2\/media\/7949"}],"wp:attachment":[{"href":"https:\/\/saphirsmaragd.com\/hr\/wp-json\/wp\/v2\/media?parent=7948"}],"wp:term":[{"taxonomy":"product_brand","embeddable":true,"href":"https:\/\/saphirsmaragd.com\/hr\/wp-json\/wp\/v2\/product_brand?post=7948"},{"taxonomy":"product_cat","embeddable":true,"href":"https:\/\/saphirsmaragd.com\/hr\/wp-json\/wp\/v2\/product_cat?post=7948"},{"taxonomy":"product_tag","embeddable":true,"href":"https:\/\/saphirsmaragd.com\/hr\/wp-json\/wp\/v2\/product_tag?post=7948"}],"curies":[{"name":"wp","href":"https:\/\/api.w.org\/{rel}","templated":true}]}}