{"id":8205,"date":"2026-03-18T18:50:29","date_gmt":"2026-03-18T18:50:29","guid":{"rendered":"https:\/\/saphirsmaragd.com\/?post_type=product&#038;p=8205"},"modified":"2026-03-18T18:53:30","modified_gmt":"2026-03-18T18:53:30","slug":"feueropal-oval-farbe-orange-2-77-karat","status":"publish","type":"product","link":"https:\/\/saphirsmaragd.com\/hr\/proizvod\/feueropal-oval-farbe-orange-2-77-karat\/","title":{"rendered":"Feueropal Oval Farbe orange 2.77 Karat \u2013 Nat\u00fcrlicher Edelstein aus Mexiko mit intensiver Leuchtkraft"},"content":{"rendered":"<div id=\"ez-toc-container\" class=\"ez-toc-v2_0_83 counter-hierarchy ez-toc-counter ez-toc-grey ez-toc-container-direction\">\n<div class=\"ez-toc-title-container\">\n<p class=\"ez-toc-title\" style=\"cursor:inherit\">Sadr\u017eaj<\/p>\n<span class=\"ez-toc-title-toggle\"><a href=\"#\" class=\"ez-toc-pull-right ez-toc-btn ez-toc-btn-xs ez-toc-btn-default ez-toc-toggle\" aria-label=\"Toggle Table of Content\"><span class=\"ez-toc-js-icon-con\"><span class=\"\"><span class=\"eztoc-hide\" style=\"display:none;\">Uklju\u010di\/isklju\u010di<\/span><span class=\"ez-toc-icon-toggle-span\"><svg style=\"fill: #999;color:#999\" xmlns=\"http:\/\/www.w3.org\/2000\/svg\" class=\"list-377408\" width=\"20px\" height=\"20px\" viewbox=\"0 0 24 24\" fill=\"none\"><path d=\"M6 6H4v2h2V6zm14 0H8v2h12V6zM4 11h2v2H4v-2zm16 0H8v2h12v-2zM4 16h2v2H4v-2zm16 0H8v2h12v-2z\" fill=\"currentColor\"><\/path><\/svg><svg style=\"fill: #999;color:#999\" class=\"arrow-unsorted-368013\" xmlns=\"http:\/\/www.w3.org\/2000\/svg\" width=\"10px\" height=\"10px\" viewbox=\"0 0 24 24\" version=\"1.2\" baseprofile=\"tiny\"><path d=\"M18.2 9.3l-6.2-6.3-6.2 6.3c-.2.2-.3.4-.3.7s.1.5.3.7c.2.2.4.3.7.3h11c.3 0 .5-.1.7-.3.2-.2.3-.5.3-.7s-.1-.5-.3-.7zM5.8 14.7l6.2 6.3 6.2-6.3c.2-.2.3-.5.3-.7s-.1-.5-.3-.7c-.2-.2-.4-.3-.7-.3h-11c-.3 0-.5.1-.7.3-.2.2-.3.5-.3.7s.1.5.3.7z\"\/><\/svg><\/span><\/span><\/span><\/a><\/span><\/div>\n<nav><ul class='ez-toc-list ez-toc-list-level-1' ><li class='ez-toc-page-1 ez-toc-heading-level-4'><a class=\"ez-toc-link ez-toc-heading-1\" href=\"https:\/\/saphirsmaragd.com\/hr\/proizvod\/feueropal-oval-farbe-orange-2-77-karat\/#Merkmale_Herkunft\" >Merkmale &amp; Herkunft:<\/a><\/li><li class='ez-toc-page-1 ez-toc-heading-level-4'><a class=\"ez-toc-link ez-toc-heading-2\" href=\"https:\/\/saphirsmaragd.com\/hr\/proizvod\/feueropal-oval-farbe-orange-2-77-karat\/#Besonderheiten\" >Besonderheiten:<\/a><\/li><li class='ez-toc-page-1 ez-toc-heading-level-4'><a class=\"ez-toc-link ez-toc-heading-3\" href=\"https:\/\/saphirsmaragd.com\/hr\/proizvod\/feueropal-oval-farbe-orange-2-77-karat\/#Weitere_Inspiration_entdecken\" >Weitere Inspiration entdecken<\/a><\/li><\/ul><\/nav><\/div>\n<p data-start=\"817\" data-end=\"1094\">Der Feueropal Oval Farbe orange 2.77 Karat beeindruckt durch seine intensive Leuchtkraft und seine warme, lebendige Farbgebung. Dieser nat\u00fcrliche Edelstein aus Mexiko z\u00e4hlt zu den begehrtesten Opalen und \u00fcberzeugt mit seiner klaren Struktur und seinem eleganten ovalen Schliff.<\/p>\n<hr data-start=\"1096\" data-end=\"1099\" \/>\n<h4 data-start=\"1101\" data-end=\"1126\"><span class=\"ez-toc-section\" id=\"Merkmale_Herkunft\"><\/span>Merkmale &amp; Herkunft:<span class=\"ez-toc-section-end\"><\/span><\/h4>\n<p data-start=\"1128\" data-end=\"1377\">Farbe: Intensives Orange<br data-start=\"1152\" data-end=\"1155\" \/>Oblik: Ovalni<br data-start=\"1165\" data-end=\"1168\" \/>Herkunft: Mexiko<br data-start=\"1184\" data-end=\"1187\" \/>Gewicht: 2.77 Karat<br data-start=\"1206\" data-end=\"1209\" \/>Ma\u00dfe: 11.9 x 8.9 mm<br data-start=\"1228\" data-end=\"1231\" \/>\u010cisto\u0107a: \u010cisto za o\u010di<br data-start=\"1250\" data-end=\"1253\" \/>Lije\u010denje: Nelije\u010deno<br data-start=\"1276\" data-end=\"1279\" \/>Stanje: Novo<br data-start=\"1317\" data-end=\"1320\" \/>Steinart: Nat\u00fcrlicher Feueropal<br data-start=\"1351\" data-end=\"1354\" \/>Mohs-H\u00e4rte: 5.5 \u2013 6.5<\/p>\n<hr data-start=\"1379\" data-end=\"1382\" \/>\n<h4 data-start=\"1384\" data-end=\"1404\"><span class=\"ez-toc-section\" id=\"Besonderheiten\"><\/span>Besonderheiten:<span class=\"ez-toc-section-end\"><\/span><\/h4>\n<p data-start=\"1406\" data-end=\"1722\">Der Feueropal Oval Farbe orange 2.77 Karat zeichnet sich durch seine au\u00dfergew\u00f6hnliche Farbintensit\u00e4t aus, die von leuchtendem Orange bis hin zu feurigen Rotnuancen reicht. Im Gegensatz zu klassischen Opalen steht beim Feueropal weniger das Farbspiel, sondern vielmehr die reine, intensive K\u00f6rperfarbe im Vordergrund.<\/p>\n<p data-start=\"1724\" data-end=\"1989\">Mexikanische Feueropale gelten als besonders hochwertig und sind weltweit f\u00fcr ihre Klarheit und Leuchtkraft bekannt. Dieser Edelstein eignet sich ideal f\u00fcr exklusive Schmuckst\u00fccke wie Ringe oder Anh\u00e4nger und verleiht jedem Design eine warme, luxuri\u00f6se Ausstrahlung.<\/p>\n<hr data-start=\"1926\" data-end=\"1929\" \/>\n<h4 data-start=\"413\" data-end=\"449\"><span class=\"ez-toc-section\" id=\"Weitere_Inspiration_entdecken\"><\/span>Weitere Inspiration entdecken<span class=\"ez-toc-section-end\"><\/span><\/h4>\n<p data-start=\"450\" data-end=\"582\">Suchen Sie weitere besondere Produkte? Entdecken Sie zus\u00e4tzliche Highlights in unserem Sortiment oder besuchen Sie unsere Partnerprojekte:<\/p>\n<ul data-start=\"584\" data-end=\"920\">\n<li data-start=\"584\" data-end=\"656\"><a href=\"https:\/\/saphirsmaragd.com\/hr\/shop\/\">Weitere Edelsteine &amp; Schmuckst\u00fccke bei Saphir &amp; Smaragd entdecken<\/a><\/li>\n<li data-start=\"657\" data-end=\"783\">\n<p data-start=\"659\" data-end=\"783\"><a href=\"https:\/\/honigbee.com\/shop\/\" target=\"_blank\" rel=\"noopener\">Nat\u00fcrliche Produkte bei Honigbee ansehen<br \/>\n<\/a><\/p>\n<\/li>\n<li data-start=\"784\" data-end=\"920\">\n<p data-start=\"786\" data-end=\"920\"><a href=\"https:\/\/matvana.com\/shop\/\" target=\"_blank\" rel=\"noopener\">Stilvolle Wohnideen bei Matvana erkunden<\/a><\/p>\n<\/li>\n<\/ul>","protected":false},"excerpt":{"rendered":"<p data-start=\"453\" data-end=\"576\"><em>Feueropal Oval Farbe orange 2.77 Karat aus Mexiko. Nat\u00fcrlicher Edelstein mit intensiver Leuchtkraft und ovalem Schliff.<\/em><\/p>\n<p data-start=\"575\" data-end=\"606\">","protected":false},"featured_media":8206,"comment_status":"open","ping_status":"closed","template":"","meta":{"_glsr_average":0,"_glsr_ranking":0,"_glsr_reviews":0},"product_brand":[],"product_cat":[75],"product_tag":[],"class_list":{"0":"post-8205","1":"product","2":"type-product","3":"status-publish","4":"has-post-thumbnail","6":"product_cat-opale-kaufen","7":"pa_edelsteinart-opal","8":"pa_farbe-orange","9":"pa_form-oval","10":"pa_gewicht-karat-1-0-3-0-karat","11":"pa_herkunft-mexiko","12":"pa_reinheit-augenrein","13":"pa_veredelung-behandlung-unbehandelt","14":"pa_zustand-neu","16":"first","17":"instock","18":"featured","19":"sold-individually","20":"shipping-taxable","21":"purchasable","22":"product-type-simple","23":"add-to-wishlist-before_image"},"jetpack_sharing_enabled":true,"_links":{"self":[{"href":"https:\/\/saphirsmaragd.com\/hr\/wp-json\/wp\/v2\/product\/8205","targetHints":{"allow":["GET"]}}],"collection":[{"href":"https:\/\/saphirsmaragd.com\/hr\/wp-json\/wp\/v2\/product"}],"about":[{"href":"https:\/\/saphirsmaragd.com\/hr\/wp-json\/wp\/v2\/types\/product"}],"replies":[{"embeddable":true,"href":"https:\/\/saphirsmaragd.com\/hr\/wp-json\/wp\/v2\/comments?post=8205"}],"version-history":[{"count":1,"href":"https:\/\/saphirsmaragd.com\/hr\/wp-json\/wp\/v2\/product\/8205\/revisions"}],"predecessor-version":[{"id":8207,"href":"https:\/\/saphirsmaragd.com\/hr\/wp-json\/wp\/v2\/product\/8205\/revisions\/8207"}],"wp:featuredmedia":[{"embeddable":true,"href":"https:\/\/saphirsmaragd.com\/hr\/wp-json\/wp\/v2\/media\/8206"}],"wp:attachment":[{"href":"https:\/\/saphirsmaragd.com\/hr\/wp-json\/wp\/v2\/media?parent=8205"}],"wp:term":[{"taxonomy":"product_brand","embeddable":true,"href":"https:\/\/saphirsmaragd.com\/hr\/wp-json\/wp\/v2\/product_brand?post=8205"},{"taxonomy":"product_cat","embeddable":true,"href":"https:\/\/saphirsmaragd.com\/hr\/wp-json\/wp\/v2\/product_cat?post=8205"},{"taxonomy":"product_tag","embeddable":true,"href":"https:\/\/saphirsmaragd.com\/hr\/wp-json\/wp\/v2\/product_tag?post=8205"}],"curies":[{"name":"wp","href":"https:\/\/api.w.org\/{rel}","templated":true}]}}