{"id":8546,"date":"2026-04-14T16:57:40","date_gmt":"2026-04-14T16:57:40","guid":{"rendered":"https:\/\/saphirsmaragd.com\/?post_type=product&#038;p=8546"},"modified":"2026-04-14T17:00:37","modified_gmt":"2026-04-14T17:00:37","slug":"smaragd-rechteck-gruen-0-86-karat","status":"publish","type":"product","link":"https:\/\/saphirsmaragd.com\/hr\/proizvod\/smaragd-rechteck-gruen-0-86-karat\/","title":{"rendered":"Smaragd Rechteck Gr\u00fcn 0.86 Karat aus Sambia \u2013 Feiner kompakter Edelstein"},"content":{"rendered":"<p data-start=\"740\" data-end=\"974\">Dieser Smaragd Rechteck Gr\u00fcn 0.86 Karat aus Sambia \u00fcberzeugt durch seine kompakte Form und seine lebendige gr\u00fcne Farbwirkung. Der klassische rechteckige Schliff bringt die nat\u00fcrliche Struktur des Edelsteins besonders klar zur Geltung.<\/p>\n<hr data-start=\"976\" data-end=\"979\" \/>\n<div id=\"ez-toc-container\" class=\"ez-toc-v2_0_82_2 counter-hierarchy ez-toc-counter ez-toc-grey ez-toc-container-direction\">\n<div class=\"ez-toc-title-container\">\n<p class=\"ez-toc-title\" style=\"cursor:inherit\">Sadr\u017eaj<\/p>\n<span class=\"ez-toc-title-toggle\"><a href=\"#\" class=\"ez-toc-pull-right ez-toc-btn ez-toc-btn-xs ez-toc-btn-default ez-toc-toggle\" aria-label=\"Toggle Table of Content\"><span class=\"ez-toc-js-icon-con\"><span class=\"\"><span class=\"eztoc-hide\" style=\"display:none;\">Uklju\u010di\/isklju\u010di<\/span><span class=\"ez-toc-icon-toggle-span\"><svg style=\"fill: #999;color:#999\" xmlns=\"http:\/\/www.w3.org\/2000\/svg\" class=\"list-377408\" width=\"20px\" height=\"20px\" viewbox=\"0 0 24 24\" fill=\"none\"><path d=\"M6 6H4v2h2V6zm14 0H8v2h12V6zM4 11h2v2H4v-2zm16 0H8v2h12v-2zM4 16h2v2H4v-2zm16 0H8v2h12v-2z\" fill=\"currentColor\"><\/path><\/svg><svg style=\"fill: #999;color:#999\" class=\"arrow-unsorted-368013\" xmlns=\"http:\/\/www.w3.org\/2000\/svg\" width=\"10px\" height=\"10px\" viewbox=\"0 0 24 24\" version=\"1.2\" baseprofile=\"tiny\"><path d=\"M18.2 9.3l-6.2-6.3-6.2 6.3c-.2.2-.3.4-.3.7s.1.5.3.7c.2.2.4.3.7.3h11c.3 0 .5-.1.7-.3.2-.2.3-.5.3-.7s-.1-.5-.3-.7zM5.8 14.7l6.2 6.3 6.2-6.3c.2-.2.3-.5.3-.7s-.1-.5-.3-.7c-.2-.2-.4-.3-.7-.3h-11c-.3 0-.5.1-.7.3-.2.2-.3.5-.3.7s.1.5.3.7z\"\/><\/svg><\/span><\/span><\/span><\/a><\/span><\/div>\n<nav><ul class='ez-toc-list ez-toc-list-level-1' ><li class='ez-toc-page-1 ez-toc-heading-level-4'><a class=\"ez-toc-link ez-toc-heading-1\" href=\"https:\/\/saphirsmaragd.com\/hr\/proizvod\/smaragd-rechteck-gruen-0-86-karat\/#Merkmale_Herkunft\" >Karakteristike i podrijetlo<\/a><\/li><li class='ez-toc-page-1 ez-toc-heading-level-4'><a class=\"ez-toc-link ez-toc-heading-2\" href=\"https:\/\/saphirsmaragd.com\/hr\/proizvod\/smaragd-rechteck-gruen-0-86-karat\/#Besonderheiten\" >Posebne zna\u010dajke<\/a><\/li><li class='ez-toc-page-1 ez-toc-heading-level-4'><a class=\"ez-toc-link ez-toc-heading-3\" href=\"https:\/\/saphirsmaragd.com\/hr\/proizvod\/smaragd-rechteck-gruen-0-86-karat\/#Mehr_uber_Heilsteine_Kristalle\" >Mehr \u00fcber Heilsteine &amp; Kristalle<\/a><\/li><li class='ez-toc-page-1 ez-toc-heading-level-4'><a class=\"ez-toc-link ez-toc-heading-4\" href=\"https:\/\/saphirsmaragd.com\/hr\/proizvod\/smaragd-rechteck-gruen-0-86-karat\/#Weitere_Infos\" >Dodatne informacije<\/a><\/li><\/ul><\/nav><\/div>\n<h4 data-start=\"981\" data-end=\"1007\"><span class=\"ez-toc-section\" id=\"Merkmale_Herkunft\"><\/span>Karakteristike i podrijetlo<span class=\"ez-toc-section-end\"><\/span><\/h4>\n<p data-start=\"1009\" data-end=\"1239\">Steinart: Smaragd<br data-start=\"1026\" data-end=\"1029\" \/>Boja: Zelena<br data-start=\"1040\" data-end=\"1043\" \/>Form: Rechteck<br data-start=\"1057\" data-end=\"1060\" \/>Gewicht: 0.86 Karat<br data-start=\"1079\" data-end=\"1082\" \/>Abmessungen: 6.7 x 4.7 mm<br data-start=\"1107\" data-end=\"1110\" \/>Herkunft: Sambia<br data-start=\"1126\" data-end=\"1129\" \/>Reinheit: Deutliche Einschl\u00fcsse<br data-start=\"1157\" data-end=\"1160\" \/>Behandlung: Ge\u00f6lt<br data-start=\"1177\" data-end=\"1180\" \/>Beobachtung: Nat\u00fcrlich<br data-start=\"1202\" data-end=\"1205\" \/>Mohs-H\u00e4rte: 7.5\u20138<br data-start=\"1222\" data-end=\"1225\" \/>Stanje: Novo<\/p>\n<hr data-start=\"1241\" data-end=\"1244\" \/>\n<h4 data-start=\"1246\" data-end=\"1267\"><span class=\"ez-toc-section\" id=\"Besonderheiten\"><\/span>Posebne zna\u010dajke<span class=\"ez-toc-section-end\"><\/span><\/h4>\n<p data-start=\"1269\" data-end=\"1511\">Der Smaragd Rechteck Gr\u00fcn 0.86 Karat eignet sich hervorragend f\u00fcr feine und dezente Schmuckdesigns. Seine kleinere Gr\u00f6\u00dfe macht ihn ideal f\u00fcr filigrane Ringe, elegante Anh\u00e4nger oder minimalistische Schmuckst\u00fccke mit nat\u00fcrlicher Ausstrahlung.<\/p>\n<p data-start=\"1513\" data-end=\"1736\">Smaragde aus Sambia zeichnen sich durch ihre stabile Struktur und ihre intensive gr\u00fcne Farbe aus, die oft eine leicht k\u00fchle Nuance besitzt. Diese Eigenschaften sorgen f\u00fcr eine hochwertige und langlebige Edelsteinqualit\u00e4t.<\/p>\n<p data-start=\"1738\" data-end=\"1924\">Die nat\u00fcrlichen Einschl\u00fcsse sind ein Zeichen f\u00fcr Echtheit und verleihen jedem Stein eine individuelle Note. Die \u00d6lbehandlung verbessert die Klarheit und unterst\u00fctzt die Farbintensit\u00e4t.<\/p>\n<hr data-start=\"1670\" data-end=\"1673\" \/>\n<h4 data-start=\"1448\" data-end=\"1473\"><span class=\"ez-toc-section\" id=\"Mehr_uber_Heilsteine_Kristalle\"><\/span>Mehr \u00fcber Heilsteine &amp; Kristalle<span class=\"ez-toc-section-end\"><\/span><\/h4>\n<p data-start=\"1475\" data-end=\"1668\"><a class=\"\" href=\"https:\/\/saphirsmaragd.com\/hr\/product-category\/heilsteine-kristalle-kaufen\/\" target=\"_new\" rel=\"noopener\" data-start=\"1571\" data-end=\"1668\">Ljekovito kamenje i kristali<\/a><\/p>\n<hr data-start=\"1670\" data-end=\"1673\" \/>\n<h4 data-start=\"1675\" data-end=\"1695\"><span class=\"ez-toc-section\" id=\"Weitere_Infos\"><\/span>Dodatne informacije<span class=\"ez-toc-section-end\"><\/span><\/h4>\n<p data-start=\"1697\" data-end=\"1801\"><a class=\"\" href=\"https:\/\/de.wikipedia.org\/wiki\/Smaragd\" target=\"_new\" rel=\"noopener\" data-start=\"1741\" data-end=\"1801\">Wikipedia \u2013 Smaragd<\/a><\/p>","protected":false},"excerpt":{"rendered":"<p data-start=\"426\" data-end=\"567\"><em>Smaragd Rechteck Gr\u00fcn 0.86 Karat aus Sambia, ge\u00f6lt. Eleganter kompakter Edelstein mit nat\u00fcrlicher Farbintensit\u00e4t und klassischem Schliff.<\/em><\/p>","protected":false},"featured_media":8547,"comment_status":"open","ping_status":"closed","template":"","meta":{"_glsr_average":0,"_glsr_ranking":0,"_glsr_reviews":0},"product_brand":[],"product_cat":[262],"product_tag":[],"class_list":{"0":"post-8546","1":"product","2":"type-product","3":"status-publish","4":"has-post-thumbnail","6":"product_cat-smaragd","7":"pa_edelsteinart-smaragd","8":"pa_farbe-gruen","9":"pa_form-rechteck","10":"pa_gewicht-karat-0-5-1-0-karat","11":"pa_herkunft-sambia","12":"pa_reinheit-deutliche-einschluesse","13":"pa_veredelung-behandlung-geoelt","14":"pa_zustand-neu","16":"first","17":"instock","18":"sold-individually","19":"shipping-taxable","20":"purchasable","21":"product-type-simple","22":"add-to-wishlist-before_image"},"jetpack_sharing_enabled":true,"_links":{"self":[{"href":"https:\/\/saphirsmaragd.com\/hr\/wp-json\/wp\/v2\/product\/8546","targetHints":{"allow":["GET"]}}],"collection":[{"href":"https:\/\/saphirsmaragd.com\/hr\/wp-json\/wp\/v2\/product"}],"about":[{"href":"https:\/\/saphirsmaragd.com\/hr\/wp-json\/wp\/v2\/types\/product"}],"replies":[{"embeddable":true,"href":"https:\/\/saphirsmaragd.com\/hr\/wp-json\/wp\/v2\/comments?post=8546"}],"version-history":[{"count":2,"href":"https:\/\/saphirsmaragd.com\/hr\/wp-json\/wp\/v2\/product\/8546\/revisions"}],"predecessor-version":[{"id":8549,"href":"https:\/\/saphirsmaragd.com\/hr\/wp-json\/wp\/v2\/product\/8546\/revisions\/8549"}],"wp:featuredmedia":[{"embeddable":true,"href":"https:\/\/saphirsmaragd.com\/hr\/wp-json\/wp\/v2\/media\/8547"}],"wp:attachment":[{"href":"https:\/\/saphirsmaragd.com\/hr\/wp-json\/wp\/v2\/media?parent=8546"}],"wp:term":[{"taxonomy":"product_brand","embeddable":true,"href":"https:\/\/saphirsmaragd.com\/hr\/wp-json\/wp\/v2\/product_brand?post=8546"},{"taxonomy":"product_cat","embeddable":true,"href":"https:\/\/saphirsmaragd.com\/hr\/wp-json\/wp\/v2\/product_cat?post=8546"},{"taxonomy":"product_tag","embeddable":true,"href":"https:\/\/saphirsmaragd.com\/hr\/wp-json\/wp\/v2\/product_tag?post=8546"}],"curies":[{"name":"wp","href":"https:\/\/api.w.org\/{rel}","templated":true}]}}