{"id":8670,"date":"2026-04-27T14:26:19","date_gmt":"2026-04-27T14:26:19","guid":{"rendered":"https:\/\/saphirsmaragd.com\/?post_type=product&#038;p=8670"},"modified":"2026-04-27T14:29:21","modified_gmt":"2026-04-27T14:29:21","slug":"smaragd-tropfen-gruen-0-97-karat","status":"publish","type":"product","link":"https:\/\/saphirsmaragd.com\/hr\/proizvod\/smaragd-tropfen-gruen-0-97-karat\/","title":{"rendered":"Smaragd Tropfen Gr\u00fcn 0.97 Karat aus Sambia \u2013 Eleganter Tropfenschliff Edelstein in intensiver Farbe"},"content":{"rendered":"<p data-start=\"833\" data-end=\"1078\">Der Smaragd Tropfen Gr\u00fcn 0.97 Karat aus Sambia \u00fcberzeugt durch seine elegante Tropfenform und seine lebendige gr\u00fcne Farbintensit\u00e4t. Mit nahezu einem Karat bietet dieser Edelstein eine perfekte Balance zwischen Gr\u00f6\u00dfe, Ausstrahlung und Wertigkeit.<\/p>\n<hr data-start=\"1080\" data-end=\"1083\" \/>\n<div id=\"ez-toc-container\" class=\"ez-toc-v2_0_82_2 counter-hierarchy ez-toc-counter ez-toc-grey ez-toc-container-direction\">\n<div class=\"ez-toc-title-container\">\n<p class=\"ez-toc-title\" style=\"cursor:inherit\">Sadr\u017eaj<\/p>\n<span class=\"ez-toc-title-toggle\"><a href=\"#\" class=\"ez-toc-pull-right ez-toc-btn ez-toc-btn-xs ez-toc-btn-default ez-toc-toggle\" aria-label=\"Toggle Table of Content\"><span class=\"ez-toc-js-icon-con\"><span class=\"\"><span class=\"eztoc-hide\" style=\"display:none;\">Uklju\u010di\/isklju\u010di<\/span><span class=\"ez-toc-icon-toggle-span\"><svg style=\"fill: #999;color:#999\" xmlns=\"http:\/\/www.w3.org\/2000\/svg\" class=\"list-377408\" width=\"20px\" height=\"20px\" viewbox=\"0 0 24 24\" fill=\"none\"><path d=\"M6 6H4v2h2V6zm14 0H8v2h12V6zM4 11h2v2H4v-2zm16 0H8v2h12v-2zM4 16h2v2H4v-2zm16 0H8v2h12v-2z\" fill=\"currentColor\"><\/path><\/svg><svg style=\"fill: #999;color:#999\" class=\"arrow-unsorted-368013\" xmlns=\"http:\/\/www.w3.org\/2000\/svg\" width=\"10px\" height=\"10px\" viewbox=\"0 0 24 24\" version=\"1.2\" baseprofile=\"tiny\"><path d=\"M18.2 9.3l-6.2-6.3-6.2 6.3c-.2.2-.3.4-.3.7s.1.5.3.7c.2.2.4.3.7.3h11c.3 0 .5-.1.7-.3.2-.2.3-.5.3-.7s-.1-.5-.3-.7zM5.8 14.7l6.2 6.3 6.2-6.3c.2-.2.3-.5.3-.7s-.1-.5-.3-.7c-.2-.2-.4-.3-.7-.3h-11c-.3 0-.5.1-.7.3-.2.2-.3.5-.3.7s.1.5.3.7z\"\/><\/svg><\/span><\/span><\/span><\/a><\/span><\/div>\n<nav><ul class='ez-toc-list ez-toc-list-level-1' ><li class='ez-toc-page-1 ez-toc-heading-level-4'><a class=\"ez-toc-link ez-toc-heading-1\" href=\"https:\/\/saphirsmaragd.com\/hr\/proizvod\/smaragd-tropfen-gruen-0-97-karat\/#Merkmale_Herkunft\" >Karakteristike i podrijetlo<\/a><\/li><li class='ez-toc-page-1 ez-toc-heading-level-4'><a class=\"ez-toc-link ez-toc-heading-2\" href=\"https:\/\/saphirsmaragd.com\/hr\/proizvod\/smaragd-tropfen-gruen-0-97-karat\/#Besonderheiten\" >Posebne zna\u010dajke<\/a><\/li><li class='ez-toc-page-1 ez-toc-heading-level-4'><a class=\"ez-toc-link ez-toc-heading-3\" href=\"https:\/\/saphirsmaragd.com\/hr\/proizvod\/smaragd-tropfen-gruen-0-97-karat\/#Mehr_uber_Heilsteine_Kristalle\" >Mehr \u00fcber Heilsteine &amp; Kristalle<\/a><\/li><li class='ez-toc-page-1 ez-toc-heading-level-4'><a class=\"ez-toc-link ez-toc-heading-4\" href=\"https:\/\/saphirsmaragd.com\/hr\/proizvod\/smaragd-tropfen-gruen-0-97-karat\/#Weitere_Infos\" >Dodatne informacije<\/a><\/li><\/ul><\/nav><\/div>\n<h4 data-start=\"1085\" data-end=\"1111\"><span class=\"ez-toc-section\" id=\"Merkmale_Herkunft\"><\/span>Karakteristike i podrijetlo<span class=\"ez-toc-section-end\"><\/span><\/h4>\n<p data-start=\"1113\" data-end=\"1361\">Steinart: Smaragd<br data-start=\"1130\" data-end=\"1133\" \/>Boja: Zelena<br data-start=\"1144\" data-end=\"1147\" \/>Form: Tropfen (Tropfenschliff)<br data-start=\"1177\" data-end=\"1180\" \/>Gewicht: 0.97 Karat<br data-start=\"1199\" data-end=\"1202\" \/>Abmessungen: ca. 8.1 x 6 mm<br data-start=\"1229\" data-end=\"1232\" \/>Herkunft: Sambia<br data-start=\"1248\" data-end=\"1251\" \/>\u010cisto\u0107a: Male inkluzije<br data-start=\"1279\" data-end=\"1282\" \/>Behandlung: Ge\u00f6lt<br data-start=\"1299\" data-end=\"1302\" \/>Beobachtung: Nat\u00fcrlich<br data-start=\"1324\" data-end=\"1327\" \/>Mohs-H\u00e4rte: 7.5\u20138<br data-start=\"1344\" data-end=\"1347\" \/>Stanje: Novo<\/p>\n<hr data-start=\"1363\" data-end=\"1366\" \/>\n<h4 data-start=\"1368\" data-end=\"1389\"><span class=\"ez-toc-section\" id=\"Besonderheiten\"><\/span>Posebne zna\u010dajke<span class=\"ez-toc-section-end\"><\/span><\/h4>\n<p data-start=\"1391\" data-end=\"1672\">Der Smaragd Tropfen Gr\u00fcn 0.97 Karat zeichnet sich durch seine klassische Tropfenform aus, die f\u00fcr ihre elegante und feminine Wirkung besonders gesch\u00e4tzt wird. Diese Schliffform eignet sich ideal f\u00fcr Anh\u00e4nger oder exklusive Schmuckst\u00fccke, bei denen der Stein im Mittelpunkt steht.<\/p>\n<p data-start=\"1674\" data-end=\"1905\">Mit einem Gewicht nahe der 1-Karat-Marke bietet dieser Smaragd eine hervorragende Kombination aus Gr\u00f6\u00dfe und Preis-Leistung. Die intensive gr\u00fcne Farbe sorgt f\u00fcr eine starke visuelle Pr\u00e4senz und macht ihn zu einem echten Blickfang.<\/p>\n<p data-start=\"1907\" data-end=\"2104\">Smaragde aus Sambia sind weltweit bekannt f\u00fcr ihre tiefen Gr\u00fcnt\u00f6ne und hohe Qualit\u00e4t. Die nat\u00fcrlichen Einschl\u00fcsse verleihen dem Stein seinen authentischen Charakter und best\u00e4tigen seine Echtheit.<\/p>\n<hr data-start=\"1670\" data-end=\"1673\" \/>\n<h4 data-start=\"1448\" data-end=\"1473\"><span class=\"ez-toc-section\" id=\"Mehr_uber_Heilsteine_Kristalle\"><\/span>Mehr \u00fcber Heilsteine &amp; Kristalle<span class=\"ez-toc-section-end\"><\/span><\/h4>\n<p data-start=\"1475\" data-end=\"1668\"><a class=\"\" href=\"https:\/\/saphirsmaragd.com\/hr\/product-category\/heilsteine-kristalle-kaufen\/\" target=\"_new\" rel=\"noopener\" data-start=\"1571\" data-end=\"1668\">Ljekovito kamenje i kristali<\/a><\/p>\n<hr data-start=\"1670\" data-end=\"1673\" \/>\n<h4 data-start=\"1675\" data-end=\"1695\"><span class=\"ez-toc-section\" id=\"Weitere_Infos\"><\/span>Dodatne informacije<span class=\"ez-toc-section-end\"><\/span><\/h4>\n<p data-start=\"1697\" data-end=\"1801\"><a class=\"\" href=\"https:\/\/de.wikipedia.org\/wiki\/Smaragd\" target=\"_new\" rel=\"noopener\" data-start=\"1741\" data-end=\"1801\">Wikipedia \u2013 Smaragd<\/a><\/p>","protected":false},"excerpt":{"rendered":"<p data-start=\"510\" data-end=\"634\"><em>Smaragd Tropfen Gr\u00fcn 0.97 Karat aus Sambia, ge\u00f6lt. Hochwertiger Edelstein im Tropfenschliff mit intensiver gr\u00fcner Farbe.<\/em><\/p>","protected":false},"featured_media":8671,"comment_status":"open","ping_status":"closed","template":"","meta":{"_glsr_average":0,"_glsr_ranking":0,"_glsr_reviews":0},"product_brand":[],"product_cat":[262],"product_tag":[],"class_list":{"0":"post-8670","1":"product","2":"type-product","3":"status-publish","4":"has-post-thumbnail","6":"product_cat-smaragd","7":"pa_edelsteinart-smaragd","8":"pa_farbe-gruen","9":"pa_form-tropfen","10":"pa_gewicht-karat-0-5-1-0-karat","11":"pa_herkunft-sambia","12":"pa_reinheit-kleine-einschluesse","13":"pa_veredelung-behandlung-geoelt","14":"pa_zustand-neu","16":"first","17":"instock","18":"sold-individually","19":"taxable","20":"shipping-taxable","21":"purchasable","22":"product-type-simple","23":"add-to-wishlist-before_image"},"jetpack_sharing_enabled":true,"_links":{"self":[{"href":"https:\/\/saphirsmaragd.com\/hr\/wp-json\/wp\/v2\/product\/8670","targetHints":{"allow":["GET"]}}],"collection":[{"href":"https:\/\/saphirsmaragd.com\/hr\/wp-json\/wp\/v2\/product"}],"about":[{"href":"https:\/\/saphirsmaragd.com\/hr\/wp-json\/wp\/v2\/types\/product"}],"replies":[{"embeddable":true,"href":"https:\/\/saphirsmaragd.com\/hr\/wp-json\/wp\/v2\/comments?post=8670"}],"version-history":[{"count":1,"href":"https:\/\/saphirsmaragd.com\/hr\/wp-json\/wp\/v2\/product\/8670\/revisions"}],"predecessor-version":[{"id":8672,"href":"https:\/\/saphirsmaragd.com\/hr\/wp-json\/wp\/v2\/product\/8670\/revisions\/8672"}],"wp:featuredmedia":[{"embeddable":true,"href":"https:\/\/saphirsmaragd.com\/hr\/wp-json\/wp\/v2\/media\/8671"}],"wp:attachment":[{"href":"https:\/\/saphirsmaragd.com\/hr\/wp-json\/wp\/v2\/media?parent=8670"}],"wp:term":[{"taxonomy":"product_brand","embeddable":true,"href":"https:\/\/saphirsmaragd.com\/hr\/wp-json\/wp\/v2\/product_brand?post=8670"},{"taxonomy":"product_cat","embeddable":true,"href":"https:\/\/saphirsmaragd.com\/hr\/wp-json\/wp\/v2\/product_cat?post=8670"},{"taxonomy":"product_tag","embeddable":true,"href":"https:\/\/saphirsmaragd.com\/hr\/wp-json\/wp\/v2\/product_tag?post=8670"}],"curies":[{"name":"wp","href":"https:\/\/api.w.org\/{rel}","templated":true}]}}