{"id":1527,"date":"2025-07-09T17:20:54","date_gmt":"2025-07-09T17:20:54","guid":{"rendered":"https:\/\/saphirsmaragd.com\/?post_type=product&#038;p=1527"},"modified":"2025-12-29T19:05:34","modified_gmt":"2025-12-29T19:05:34","slug":"saphir-0-43-karat-gelb-birne","status":"publish","type":"product","link":"https:\/\/saphirsmaragd.com\/hu\/termek\/saphir-0-43-karat-gelb-birne\/","title":{"rendered":"Zaf\u00edr 0,43 kar\u00e1tos s\u00e1rga k\u00f6rte - Vil\u00e1g\u00edt\u00f3 sz\u00ednes k\u0151 Madagaszk\u00e1rr\u00f3l"},"content":{"rendered":"<div id=\"ez-toc-container\" class=\"ez-toc-v2_0_82_2 counter-hierarchy ez-toc-counter ez-toc-grey ez-toc-container-direction\">\n<div class=\"ez-toc-title-container\">\n<p class=\"ez-toc-title\" style=\"cursor:inherit\">Tartalomjegyz\u00e9k<\/p>\n<span class=\"ez-toc-title-toggle\"><a href=\"#\" class=\"ez-toc-pull-right ez-toc-btn ez-toc-btn-xs ez-toc-btn-default ez-toc-toggle\" aria-label=\"Toggle Table of Content\"><span class=\"ez-toc-js-icon-con\"><span class=\"\"><span class=\"eztoc-hide\" style=\"display:none;\">Toggle<\/span><span class=\"ez-toc-icon-toggle-span\"><svg style=\"fill: #999;color:#999\" xmlns=\"http:\/\/www.w3.org\/2000\/svg\" class=\"list-377408\" width=\"20px\" height=\"20px\" viewbox=\"0 0 24 24\" fill=\"none\"><path d=\"M6 6H4v2h2V6zm14 0H8v2h12V6zM4 11h2v2H4v-2zm16 0H8v2h12v-2zM4 16h2v2H4v-2zm16 0H8v2h12v-2z\" fill=\"currentColor\"><\/path><\/svg><svg style=\"fill: #999;color:#999\" class=\"arrow-unsorted-368013\" xmlns=\"http:\/\/www.w3.org\/2000\/svg\" width=\"10px\" height=\"10px\" viewbox=\"0 0 24 24\" version=\"1.2\" baseprofile=\"tiny\"><path d=\"M18.2 9.3l-6.2-6.3-6.2 6.3c-.2.2-.3.4-.3.7s.1.5.3.7c.2.2.4.3.7.3h11c.3 0 .5-.1.7-.3.2-.2.3-.5.3-.7s-.1-.5-.3-.7zM5.8 14.7l6.2 6.3 6.2-6.3c.2-.2.3-.5.3-.7s-.1-.5-.3-.7c-.2-.2-.4-.3-.7-.3h-11c-.3 0-.5.1-.7.3-.2.2-.3.5-.3.7s.1.5.3.7z\"\/><\/svg><\/span><\/span><\/span><\/a><\/span><\/div>\n<nav><ul class='ez-toc-list ez-toc-list-level-1' ><li class='ez-toc-page-1 ez-toc-heading-level-4'><a class=\"ez-toc-link ez-toc-heading-1\" href=\"https:\/\/saphirsmaragd.com\/hu\/termek\/saphir-0-43-karat-gelb-birne\/#Saphir_043_Karat_Gelb_Birne\" >Saphir 0.43 Karat Gelb Birne<\/a><\/li><li class='ez-toc-page-1 ez-toc-heading-level-4'><a class=\"ez-toc-link ez-toc-heading-2\" href=\"https:\/\/saphirsmaragd.com\/hu\/termek\/saphir-0-43-karat-gelb-birne\/#Merkmale_Herkunft\" >Jellemz\u0151k \u00e9s eredet<\/a><\/li><li class='ez-toc-page-1 ez-toc-heading-level-4'><a class=\"ez-toc-link ez-toc-heading-3\" href=\"https:\/\/saphirsmaragd.com\/hu\/termek\/saphir-0-43-karat-gelb-birne\/#Besonderheiten\" >K\u00fcl\u00f6nleges jellemz\u0151k<\/a><\/li><li class='ez-toc-page-1 ez-toc-heading-level-4'><a class=\"ez-toc-link ez-toc-heading-4\" href=\"https:\/\/saphirsmaragd.com\/hu\/termek\/saphir-0-43-karat-gelb-birne\/#Mehr_uber_Saphire_Heilsteine\" >Mehr \u00fcber Saphire &amp; Heilsteine<\/a><\/li><li class='ez-toc-page-1 ez-toc-heading-level-4'><a class=\"ez-toc-link ez-toc-heading-5\" href=\"https:\/\/saphirsmaragd.com\/hu\/termek\/saphir-0-43-karat-gelb-birne\/#Weitere_Infos\" >Tov\u00e1bbi inform\u00e1ci\u00f3<\/a><\/li><\/ul><\/nav><\/div>\n<h4 data-start=\"684\" data-end=\"758\"><span class=\"ez-toc-section\" id=\"Saphir_043_Karat_Gelb_Birne\"><\/span>Saphir 0.43 Karat Gelb Birne<span class=\"ez-toc-section-end\"><\/span><\/h4>\n<p data-start=\"759\" data-end=\"892\">Ein nat\u00fcrlicher Saphir mit intensiver Farbe, birnenf\u00f6rmigem Schliff und sch\u00f6ner Lichtreflexion \u2013 perfekt f\u00fcr kreative Schmuckdesigns.<\/p>\n<hr data-start=\"894\" data-end=\"897\" \/>\n<h4 data-start=\"899\" data-end=\"926\"><span class=\"ez-toc-section\" id=\"Merkmale_Herkunft\"><\/span>Jellemz\u0151k \u00e9s eredet<span class=\"ez-toc-section-end\"><\/span><\/h4>\n<p data-start=\"930\" data-end=\"947\">Edelsteinart: Saphir<br data-start=\"282\" data-end=\"285\" \/>Gewicht: 0.43 Karat<br data-start=\"304\" data-end=\"307\" \/>Sz\u00edn: s\u00e1rga<br data-start=\"322\" data-end=\"325\" \/>Pen\u00e9sz: Pear<br data-start=\"340\" data-end=\"343\" \/>Ma\u00dfe: 52 \u00d7 38 mm<br data-start=\"383\" data-end=\"386\" \/>Herkunft: Madagaskar<br data-start=\"410\" data-end=\"413\" \/>Reinheit: Einschl\u00fcsse unter 10facher Vergr\u00f6\u00dferung sichtbar<br data-start=\"475\" data-end=\"478\" \/>Behandlung: Unbehandelt<br data-start=\"505\" data-end=\"508\" \/>\u00c1llapot: \u00daj<br data-start=\"539\" data-end=\"542\" \/>Zertifikat: Nein<\/p>\n<hr data-start=\"1186\" data-end=\"1189\" \/>\n<h4 data-start=\"1191\" data-end=\"1213\"><span class=\"ez-toc-section\" id=\"Besonderheiten\"><\/span>K\u00fcl\u00f6nleges jellemz\u0151k<span class=\"ez-toc-section-end\"><\/span><\/h4>\n<p data-start=\"1215\" data-end=\"1430\">Der Saphir 0.43 Karat Gelb-Birne \u00fcberzeugt durch seine facettierte Oberfl\u00e4che und den brillanten Gelbton. Der Stein reflektiert Licht besonders lebendig und verleiht jedem Schmuckst\u00fcck eine warme, sonnige Ausstrahlung.<\/p>\n<hr data-start=\"1432\" data-end=\"1435\" \/>\n<h4 data-start=\"1437\" data-end=\"1475\"><span class=\"ez-toc-section\" id=\"Mehr_uber_Saphire_Heilsteine\"><\/span>Mehr \u00fcber Saphire &amp; Heilsteine<span class=\"ez-toc-section-end\"><\/span><\/h4>\n<p data-start=\"1477\" data-end=\"1641\"><a class=\"\" href=\"https:\/\/saphirsmaragd.com\/hu\/product-category\/heilsteine-kristalle-kaufen\/\" target=\"_new\" rel=\"noopener\" data-start=\"1531\" data-end=\"1640\">Gy\u00f3gy\u00edt\u00f3 k\u00f6vek \u00e9s krist\u00e1lyok<\/a><\/p>\n<hr data-start=\"1643\" data-end=\"1646\" \/>\n<h4 data-start=\"1648\" data-end=\"1669\"><span class=\"ez-toc-section\" id=\"Weitere_Infos\"><\/span>Tov\u00e1bbi inform\u00e1ci\u00f3<span class=\"ez-toc-section-end\"><\/span><\/h4>\n<p data-start=\"1671\" data-end=\"1742\"><a class=\"\" href=\"https:\/\/de.wikipedia.org\/wiki\/Saphir\" target=\"_new\" rel=\"noopener\" data-start=\"1671\" data-end=\"1742\">Mehr \u00fcber Saphire auf Wikipedia<\/a><\/p>","protected":false},"excerpt":{"rendered":"<p data-start=\"421\" data-end=\"569\"><em>Saphir 0.43 Karat Gelb Birne \u2013 Intensiv gelber, facettierter Natur-Saphir aus Madagaskar. Unbehandelt, mit feinen Einschl\u00fcssen. Jetzt entdecken!<\/em><\/p>\n<p data-start=\"378\" data-end=\"474\">","protected":false},"featured_media":1530,"comment_status":"open","ping_status":"closed","template":"","meta":{"_glsr_average":0,"_glsr_ranking":0,"_glsr_reviews":0},"product_brand":[],"product_cat":[74],"product_tag":[],"class_list":{"0":"post-1527","1":"product","2":"type-product","3":"status-publish","4":"has-post-thumbnail","6":"product_cat-saphire-kaufen","7":"pa_edelsteinart-saphir","8":"pa_farbe-gelb","9":"pa_form-birne","10":"pa_gewicht-karat-0-1-0-5-karat","11":"pa_herkunft-madagaskar","12":"pa_reinheit-kleine-einschluesse","13":"pa_veredelung-behandlung-unbehandelt","14":"pa_zertifikat-ja","15":"pa_zustand-neu","17":"first","18":"instock","19":"featured","20":"sold-individually","21":"shipping-taxable","22":"purchasable","23":"product-type-simple","24":"add-to-wishlist-before_image"},"jetpack_sharing_enabled":true,"_links":{"self":[{"href":"https:\/\/saphirsmaragd.com\/hu\/wp-json\/wp\/v2\/product\/1527","targetHints":{"allow":["GET"]}}],"collection":[{"href":"https:\/\/saphirsmaragd.com\/hu\/wp-json\/wp\/v2\/product"}],"about":[{"href":"https:\/\/saphirsmaragd.com\/hu\/wp-json\/wp\/v2\/types\/product"}],"replies":[{"embeddable":true,"href":"https:\/\/saphirsmaragd.com\/hu\/wp-json\/wp\/v2\/comments?post=1527"}],"version-history":[{"count":6,"href":"https:\/\/saphirsmaragd.com\/hu\/wp-json\/wp\/v2\/product\/1527\/revisions"}],"predecessor-version":[{"id":4447,"href":"https:\/\/saphirsmaragd.com\/hu\/wp-json\/wp\/v2\/product\/1527\/revisions\/4447"}],"wp:featuredmedia":[{"embeddable":true,"href":"https:\/\/saphirsmaragd.com\/hu\/wp-json\/wp\/v2\/media\/1530"}],"wp:attachment":[{"href":"https:\/\/saphirsmaragd.com\/hu\/wp-json\/wp\/v2\/media?parent=1527"}],"wp:term":[{"taxonomy":"product_brand","embeddable":true,"href":"https:\/\/saphirsmaragd.com\/hu\/wp-json\/wp\/v2\/product_brand?post=1527"},{"taxonomy":"product_cat","embeddable":true,"href":"https:\/\/saphirsmaragd.com\/hu\/wp-json\/wp\/v2\/product_cat?post=1527"},{"taxonomy":"product_tag","embeddable":true,"href":"https:\/\/saphirsmaragd.com\/hu\/wp-json\/wp\/v2\/product_tag?post=1527"}],"curies":[{"name":"wp","href":"https:\/\/api.w.org\/{rel}","templated":true}]}}