{"id":2630,"date":"2025-10-12T11:34:56","date_gmt":"2025-10-12T11:34:56","guid":{"rendered":"https:\/\/saphirsmaragd.com\/?post_type=product&#038;p=2630"},"modified":"2025-12-29T19:00:38","modified_gmt":"2025-12-29T19:00:38","slug":"granat-0-38-karat-gruen-oval","status":"publish","type":"product","link":"https:\/\/saphirsmaragd.com\/hu\/termek\/granat-0-38-karat-gruen-oval\/","title":{"rendered":"Gr\u00e1n\u00e1t 0,38 kar\u00e1tos z\u00f6ld ov\u00e1lis \u2013 Tsavorit 5\u00d74 mm tan\u00fas\u00edtv\u00e1nnyal \u00e9s intenz\u00edv sz\u00ednnel"},"content":{"rendered":"<div id=\"ez-toc-container\" class=\"ez-toc-v2_0_82_2 counter-hierarchy ez-toc-counter ez-toc-grey ez-toc-container-direction\">\n<div class=\"ez-toc-title-container\">\n<p class=\"ez-toc-title\" style=\"cursor:inherit\">Tartalomjegyz\u00e9k<\/p>\n<span class=\"ez-toc-title-toggle\"><a href=\"#\" class=\"ez-toc-pull-right ez-toc-btn ez-toc-btn-xs ez-toc-btn-default ez-toc-toggle\" aria-label=\"Toggle Table of Content\"><span class=\"ez-toc-js-icon-con\"><span class=\"\"><span class=\"eztoc-hide\" style=\"display:none;\">Toggle<\/span><span class=\"ez-toc-icon-toggle-span\"><svg style=\"fill: #999;color:#999\" xmlns=\"http:\/\/www.w3.org\/2000\/svg\" class=\"list-377408\" width=\"20px\" height=\"20px\" viewbox=\"0 0 24 24\" fill=\"none\"><path d=\"M6 6H4v2h2V6zm14 0H8v2h12V6zM4 11h2v2H4v-2zm16 0H8v2h12v-2zM4 16h2v2H4v-2zm16 0H8v2h12v-2z\" fill=\"currentColor\"><\/path><\/svg><svg style=\"fill: #999;color:#999\" class=\"arrow-unsorted-368013\" xmlns=\"http:\/\/www.w3.org\/2000\/svg\" width=\"10px\" height=\"10px\" viewbox=\"0 0 24 24\" version=\"1.2\" baseprofile=\"tiny\"><path d=\"M18.2 9.3l-6.2-6.3-6.2 6.3c-.2.2-.3.4-.3.7s.1.5.3.7c.2.2.4.3.7.3h11c.3 0 .5-.1.7-.3.2-.2.3-.5.3-.7s-.1-.5-.3-.7zM5.8 14.7l6.2 6.3 6.2-6.3c.2-.2.3-.5.3-.7s-.1-.5-.3-.7c-.2-.2-.4-.3-.7-.3h-11c-.3 0-.5.1-.7.3-.2.2-.3.5-.3.7s.1.5.3.7z\"\/><\/svg><\/span><\/span><\/span><\/a><\/span><\/div>\n<nav><ul class='ez-toc-list ez-toc-list-level-1' ><li class='ez-toc-page-1 ez-toc-heading-level-4'><a class=\"ez-toc-link ez-toc-heading-1\" href=\"https:\/\/saphirsmaragd.com\/hu\/termek\/granat-0-38-karat-gruen-oval\/#Granat_038_Karat_Grun_Oval_%E2%80%93_feiner_Tsavorit_mit_brillanter_Farbe\" >Granat 0.38 Karat Gr\u00fcn Oval \u2013 feiner Tsavorit mit brillanter Farbe<\/a><\/li><li class='ez-toc-page-1 ez-toc-heading-level-4'><a class=\"ez-toc-link ez-toc-heading-2\" href=\"https:\/\/saphirsmaragd.com\/hu\/termek\/granat-0-38-karat-gruen-oval\/#Merkmale_Herkunft\" >Jellemz\u0151k \u00e9s eredet<\/a><\/li><li class='ez-toc-page-1 ez-toc-heading-level-4'><a class=\"ez-toc-link ez-toc-heading-3\" href=\"https:\/\/saphirsmaragd.com\/hu\/termek\/granat-0-38-karat-gruen-oval\/#Besonderheiten\" >K\u00fcl\u00f6nleges jellemz\u0151k<\/a><\/li><li class='ez-toc-page-1 ez-toc-heading-level-4'><a class=\"ez-toc-link ez-toc-heading-4\" href=\"https:\/\/saphirsmaragd.com\/hu\/termek\/granat-0-38-karat-gruen-oval\/#Mehr_uber_unsere_Edelsteine\" >T\u00f6bbet a dr\u00e1gak\u00f6veinkr\u0151l<\/a><\/li><li class='ez-toc-page-1 ez-toc-heading-level-4'><a class=\"ez-toc-link ez-toc-heading-5\" href=\"https:\/\/saphirsmaragd.com\/hu\/termek\/granat-0-38-karat-gruen-oval\/#Weitere_Infos\" >Tov\u00e1bbi inform\u00e1ci\u00f3<\/a><\/li><\/ul><\/nav><\/div>\n<h4 data-start=\"784\" data-end=\"1006\"><span class=\"ez-toc-section\" id=\"Granat_038_Karat_Grun_Oval_%E2%80%93_feiner_Tsavorit_mit_brillanter_Farbe\"><\/span><strong data-start=\"784\" data-end=\"854\">Granat 0.38 Karat Gr\u00fcn Oval \u2013 feiner Tsavorit mit brillanter Farbe<\/strong><span class=\"ez-toc-section-end\"><\/span><\/h4>\n<p data-start=\"784\" data-end=\"1006\">Dieser Edelstein vereint intensives Smaragdgr\u00fcn, pr\u00e4zisen Ovalschnitt und zertifizierte Qualit\u00e4t \u2013 perfekt f\u00fcr zarte Ringe, Anh\u00e4nger oder Ohrstecker.<\/p>\n<hr data-start=\"1008\" data-end=\"1011\" \/>\n<h4 data-start=\"1013\" data-end=\"1037\"><span class=\"ez-toc-section\" id=\"Merkmale_Herkunft\"><\/span>Jellemz\u0151k \u00e9s eredet<span class=\"ez-toc-section-end\"><\/span><\/h4>\n<p data-start=\"1039\" data-end=\"1296\">Steinart: Granat (Tsavorit)<br data-start=\"1066\" data-end=\"1069\" \/>Farbe: Gr\u00fcn<br data-start=\"1080\" data-end=\"1083\" \/>Alak: Ov\u00e1lis fazett\u00e1lt<br data-start=\"1104\" data-end=\"1107\" \/>Gewicht: 0.38 Karat<br data-start=\"1126\" data-end=\"1129\" \/>Gr\u00f6\u00dfe: 5 \u00d7 4 mm<br data-start=\"1144\" data-end=\"1147\" \/>Kem\u00e9nys\u00e9g: 7 a Mohs-sk\u00e1l\u00e1n<br data-start=\"1174\" data-end=\"1177\" \/>Tisztas\u00e1g: Lupentisztas\u00e1g<br data-start=\"1196\" data-end=\"1199\" \/>Behandlung: Unbehandelt<br data-start=\"1222\" data-end=\"1225\" \/>Zertifikat: Val\u00e9rie DURAFFOURG (Gem-A)<br data-start=\"1263\" data-end=\"1266\" \/>\u00c1llapot: \u00daj<br data-start=\"1278\" data-end=\"1281\" \/>Herkunft: Kenia<\/p>\n<hr data-start=\"1424\" data-end=\"1427\" \/>\n<h4 data-start=\"1429\" data-end=\"1448\"><span class=\"ez-toc-section\" id=\"Besonderheiten\"><\/span>K\u00fcl\u00f6nleges jellemz\u0151k<span class=\"ez-toc-section-end\"><\/span><\/h4>\n<p data-start=\"1450\" data-end=\"1686\">Der pr\u00e4zise Ovalschnitt reflektiert das Licht optimal und betont das kr\u00e4ftige Gr\u00fcn des Tsavorits. Dank unbehandelter Qualit\u00e4t und Zertifikat ist der Stein eine ausgezeichnete Wahl f\u00fcr feine Ma\u00dfanfertigungen und langlebige Alltagsst\u00fccke.<\/p>\n<hr data-start=\"1926\" data-end=\"1929\" \/>\n<h4 data-start=\"1931\" data-end=\"1971\"><span class=\"ez-toc-section\" id=\"Mehr_uber_unsere_Edelsteine\"><\/span>T\u00f6bbet a dr\u00e1gak\u00f6veinkr\u0151l<span class=\"ez-toc-section-end\"><\/span><\/h4>\n<p data-start=\"1972\" data-end=\"2069\"><a href=\"https:\/\/saphirsmaragd.com\/hu\/product-category\/edelsteine-kaufen\/\">Dr\u00e1gak\u00f6vek<\/a><\/p>\n<hr data-start=\"2071\" data-end=\"2074\" \/>\n<h4 data-start=\"2076\" data-end=\"2096\"><span class=\"ez-toc-section\" id=\"Weitere_Infos\"><\/span>Tov\u00e1bbi inform\u00e1ci\u00f3<span class=\"ez-toc-section-end\"><\/span><\/h4>\n<p data-start=\"2097\" data-end=\"2160\"><a class=\"decorated-link cursor-pointer\" href=\"https:\/\/de.wikipedia.org\/wiki\/Granat\" target=\"_new\" rel=\"noopener\" data-start=\"2097\" data-end=\"2160\">Wikipedia: Granat<\/a><\/p>","protected":false},"excerpt":{"rendered":"<p data-start=\"543\" data-end=\"686\"><em>Granat 0.38 Karat Gr\u00fcn Oval \u2013 nat\u00fcrlicher Tsavorit in 5\u00d74 mm mit Zertifikat, lebendigem Gr\u00fcn und klarer Reinheit. Ideal f\u00fcr feinen Schmuck.<\/em><\/p>\n<h3 data-start=\"688\" data-end=\"712\"><\/h3>\n<p data-start=\"575\" data-end=\"606\">","protected":false},"featured_media":2633,"comment_status":"open","ping_status":"closed","template":"","meta":{"_glsr_average":0,"_glsr_ranking":0,"_glsr_reviews":0},"product_brand":[],"product_cat":[111],"product_tag":[],"class_list":{"0":"post-2630","1":"product","2":"type-product","3":"status-publish","4":"has-post-thumbnail","6":"product_cat-granat-kaufen","7":"pa_edelsteinart-granat","8":"pa_farbe-gruen","9":"pa_form-oval","10":"pa_gewicht-karat-0-1-0-5-karat","11":"pa_herkunft-kenia","12":"pa_reinheit-lupenrein","13":"pa_veredelung-behandlung-unbehandelt","14":"pa_zertifikat-ja","15":"pa_zustand-neu","17":"first","18":"instock","19":"featured","20":"sold-individually","21":"shipping-taxable","22":"purchasable","23":"product-type-simple","24":"add-to-wishlist-before_image"},"jetpack_sharing_enabled":true,"_links":{"self":[{"href":"https:\/\/saphirsmaragd.com\/hu\/wp-json\/wp\/v2\/product\/2630","targetHints":{"allow":["GET"]}}],"collection":[{"href":"https:\/\/saphirsmaragd.com\/hu\/wp-json\/wp\/v2\/product"}],"about":[{"href":"https:\/\/saphirsmaragd.com\/hu\/wp-json\/wp\/v2\/types\/product"}],"replies":[{"embeddable":true,"href":"https:\/\/saphirsmaragd.com\/hu\/wp-json\/wp\/v2\/comments?post=2630"}],"version-history":[{"count":1,"href":"https:\/\/saphirsmaragd.com\/hu\/wp-json\/wp\/v2\/product\/2630\/revisions"}],"predecessor-version":[{"id":2634,"href":"https:\/\/saphirsmaragd.com\/hu\/wp-json\/wp\/v2\/product\/2630\/revisions\/2634"}],"wp:featuredmedia":[{"embeddable":true,"href":"https:\/\/saphirsmaragd.com\/hu\/wp-json\/wp\/v2\/media\/2633"}],"wp:attachment":[{"href":"https:\/\/saphirsmaragd.com\/hu\/wp-json\/wp\/v2\/media?parent=2630"}],"wp:term":[{"taxonomy":"product_brand","embeddable":true,"href":"https:\/\/saphirsmaragd.com\/hu\/wp-json\/wp\/v2\/product_brand?post=2630"},{"taxonomy":"product_cat","embeddable":true,"href":"https:\/\/saphirsmaragd.com\/hu\/wp-json\/wp\/v2\/product_cat?post=2630"},{"taxonomy":"product_tag","embeddable":true,"href":"https:\/\/saphirsmaragd.com\/hu\/wp-json\/wp\/v2\/product_tag?post=2630"}],"curies":[{"name":"wp","href":"https:\/\/api.w.org\/{rel}","templated":true}]}}