{"id":2829,"date":"2025-10-13T07:08:13","date_gmt":"2025-10-13T07:08:13","guid":{"rendered":"https:\/\/saphirsmaragd.com\/?post_type=product&#038;p=2829"},"modified":"2025-12-29T18:59:49","modified_gmt":"2025-12-29T18:59:49","slug":"opal-6-97-karat-leopard-cabochon","status":"publish","type":"product","link":"https:\/\/saphirsmaragd.com\/hu\/termek\/opal-6-97-karat-leopard-cabochon\/","title":{"rendered":"6,97 kar\u00e1tos leop\u00e1rd kaboson op\u00e1l \u2013 mexik\u00f3i leop\u00e1rdopol, s\u00f6t\u00e9t m\u00e1trix \u00e9s tan\u00fas\u00edtv\u00e1ny"},"content":{"rendered":"<div id=\"ez-toc-container\" class=\"ez-toc-v2_0_83 counter-hierarchy ez-toc-counter ez-toc-grey ez-toc-container-direction\">\n<div class=\"ez-toc-title-container\">\n<p class=\"ez-toc-title\" style=\"cursor:inherit\">Tartalomjegyz\u00e9k<\/p>\n<span class=\"ez-toc-title-toggle\"><a href=\"#\" class=\"ez-toc-pull-right ez-toc-btn ez-toc-btn-xs ez-toc-btn-default ez-toc-toggle\" aria-label=\"Toggle Table of Content\"><span class=\"ez-toc-js-icon-con\"><span class=\"\"><span class=\"eztoc-hide\" style=\"display:none;\">Toggle<\/span><span class=\"ez-toc-icon-toggle-span\"><svg style=\"fill: #999;color:#999\" xmlns=\"http:\/\/www.w3.org\/2000\/svg\" class=\"list-377408\" width=\"20px\" height=\"20px\" viewbox=\"0 0 24 24\" fill=\"none\"><path d=\"M6 6H4v2h2V6zm14 0H8v2h12V6zM4 11h2v2H4v-2zm16 0H8v2h12v-2zM4 16h2v2H4v-2zm16 0H8v2h12v-2z\" fill=\"currentColor\"><\/path><\/svg><svg style=\"fill: #999;color:#999\" class=\"arrow-unsorted-368013\" xmlns=\"http:\/\/www.w3.org\/2000\/svg\" width=\"10px\" height=\"10px\" viewbox=\"0 0 24 24\" version=\"1.2\" baseprofile=\"tiny\"><path d=\"M18.2 9.3l-6.2-6.3-6.2 6.3c-.2.2-.3.4-.3.7s.1.5.3.7c.2.2.4.3.7.3h11c.3 0 .5-.1.7-.3.2-.2.3-.5.3-.7s-.1-.5-.3-.7zM5.8 14.7l6.2 6.3 6.2-6.3c.2-.2.3-.5.3-.7s-.1-.5-.3-.7c-.2-.2-.4-.3-.7-.3h-11c-.3 0-.5.1-.7.3-.2.2-.3.5-.3.7s.1.5.3.7z\"\/><\/svg><\/span><\/span><\/span><\/a><\/span><\/div>\n<nav><ul class='ez-toc-list ez-toc-list-level-1' ><li class='ez-toc-page-1 ez-toc-heading-level-4'><a class=\"ez-toc-link ez-toc-heading-1\" href=\"https:\/\/saphirsmaragd.com\/hu\/termek\/opal-6-97-karat-leopard-cabochon\/#Mehr_uber_unsere_Edelsteine\" >T\u00f6bbet a dr\u00e1gak\u00f6veinkr\u0151l<\/a><\/li><li class='ez-toc-page-1 ez-toc-heading-level-4'><a class=\"ez-toc-link ez-toc-heading-2\" href=\"https:\/\/saphirsmaragd.com\/hu\/termek\/opal-6-97-karat-leopard-cabochon\/#Weitere_Infos\" >Tov\u00e1bbi inform\u00e1ci\u00f3<\/a><\/li><\/ul><\/nav><\/div>\n<p data-start=\"0\" data-end=\"74\"><strong data-start=\"0\" data-end=\"74\">Opal 6.97 Karat Leopard Cabochon \u2013 markanter Matrix-Opal mit Charakter<\/strong><\/p>\n<p data-start=\"76\" data-end=\"357\">Ein au\u00dfergew\u00f6hnlicher Leopard-Opal aus Mexiko mit dunkler, nat\u00fcrlich gemaserter Matrix und feinen irisierenden Lichtblitzen. Der Opal 6.97 Karat Leopard Cabochon ist ein Unikat mit organischer Form \u2013 ideal f\u00fcr Designer-Fassungen und Sammler, die ausdrucksstarke Natursteine lieben.<\/p>\n<hr data-start=\"359\" data-end=\"387\" \/>\n<p data-start=\"389\" data-end=\"814\"><strong data-start=\"389\" data-end=\"412\">Jellemz\u0151k \u00e9s eredet<\/strong><br data-start=\"412\" data-end=\"415\" \/>Steinart: Opal (Leopard-\/Matrix-Opal)<br data-start=\"452\" data-end=\"455\" \/>Farbe\/Basis: Dunkle Matrix mit dezentem, mehrfarbigem Schimmer<br data-start=\"517\" data-end=\"520\" \/>Form: Atypischer Cabochon<br data-start=\"545\" data-end=\"548\" data-is-only-node=\"\" \/>Gr\u00f6\u00dfe: ca. 19.10 \u00d7 17.50 mm<br data-start=\"575\" data-end=\"578\" \/>Gewicht: 6.97 Karat<br data-start=\"597\" data-end=\"600\" \/>Reinheit: Opaque Matrix mit sichtbaren nat\u00fcrlichen Strukturen<br data-start=\"661\" data-end=\"664\" \/>Behandlung: Unbehandelt<br data-start=\"687\" data-end=\"690\" \/>H\u00e4rte: 6.5 auf der Mohs-Skala<br data-start=\"719\" data-end=\"722\" \/>Herkunft: Mexiko<br data-start=\"738\" data-end=\"741\" \/>Zertifikat: Val\u00e9rie DURAFFOURG (Gem-A) \u2013 Lieferung im Etui<br data-start=\"799\" data-end=\"802\" \/>\u00c1llapot: \u00daj<\/p>\n<hr data-start=\"816\" data-end=\"844\" \/>\n<p data-start=\"846\" data-end=\"1164\" data-is-last-node=\"\" data-is-only-node=\"\"><strong data-start=\"846\" data-end=\"864\">K\u00fcl\u00f6nleges jellemz\u0151k<\/strong><br data-start=\"864\" data-end=\"867\" \/>Der charakteristische \u201eLeopard-Look\u201c entsteht durch die dunkle, leicht por\u00f6se Matrix mit verstreuten Farbblitzen. Die bequeme Cabochonform und das gro\u00dfe Format geben starke Pr\u00e4senz am Schmuckst\u00fcck. Unbehandelte, zertifizierte Naturqualit\u00e4t \u2013 perfekt f\u00fcr markante Ringe, Anh\u00e4nger oder die Sammlung.<\/p>\n<hr data-start=\"1926\" data-end=\"1929\" \/>\n<h4 data-start=\"1931\" data-end=\"1971\"><span class=\"ez-toc-section\" id=\"Mehr_uber_unsere_Edelsteine\"><\/span>T\u00f6bbet a dr\u00e1gak\u00f6veinkr\u0151l<span class=\"ez-toc-section-end\"><\/span><\/h4>\n<p data-start=\"1972\" data-end=\"2069\"><a href=\"https:\/\/saphirsmaragd.com\/hu\/product-category\/edelsteine-kaufen\/\">Dr\u00e1gak\u00f6vek<\/a><\/p>\n<hr data-start=\"2071\" data-end=\"2074\" \/>\n<h4 data-start=\"2076\" data-end=\"2096\"><span class=\"ez-toc-section\" id=\"Weitere_Infos\"><\/span>Tov\u00e1bbi inform\u00e1ci\u00f3<span class=\"ez-toc-section-end\"><\/span><\/h4>\n<p><a href=\"https:\/\/de.wikipedia.org\/wiki\/Opal\" target=\"_blank\" rel=\"noopener\">Wikipedia: Opal<\/a><\/p>","protected":false},"excerpt":{"rendered":"<p data-start=\"231\" data-end=\"450\"><em>Opal 6.97 Karat Leopard Cabochon \u2013 seltener mexikanischer Leopard-Opal auf dunkler Matrix, unregelm\u00e4\u00dfige Form, dezentes Farbspiel, unbehandelt &amp; mit Zertifikat. Charakterstein f\u00fcr Unikate.<\/em><\/p>\n<p data-start=\"452\" data-end=\"573\">\n<h3 data-start=\"660\" data-end=\"684\"><\/h3>\n<p data-start=\"575\" data-end=\"606\">","protected":false},"featured_media":2832,"comment_status":"open","ping_status":"closed","template":"","meta":{"_glsr_average":0,"_glsr_ranking":0,"_glsr_reviews":0},"product_brand":[],"product_cat":[75],"product_tag":[],"class_list":{"0":"post-2829","1":"product","2":"type-product","3":"status-publish","4":"has-post-thumbnail","6":"product_cat-opale-kaufen","7":"pa_edelsteinart-opal","8":"pa_farbe-schwarz","9":"pa_form-atypisch","10":"pa_gewicht-karat-5-0-10-karat","11":"pa_herkunft-mexiko","12":"pa_reinheit-undurchsichtig","13":"pa_veredelung-behandlung-unbehandelt","14":"pa_zertifikat-ja","15":"pa_zustand-neu","17":"first","18":"instock","19":"featured","20":"sold-individually","21":"shipping-taxable","22":"purchasable","23":"product-type-simple","24":"add-to-wishlist-before_image"},"jetpack_sharing_enabled":true,"_links":{"self":[{"href":"https:\/\/saphirsmaragd.com\/hu\/wp-json\/wp\/v2\/product\/2829","targetHints":{"allow":["GET"]}}],"collection":[{"href":"https:\/\/saphirsmaragd.com\/hu\/wp-json\/wp\/v2\/product"}],"about":[{"href":"https:\/\/saphirsmaragd.com\/hu\/wp-json\/wp\/v2\/types\/product"}],"replies":[{"embeddable":true,"href":"https:\/\/saphirsmaragd.com\/hu\/wp-json\/wp\/v2\/comments?post=2829"}],"version-history":[{"count":1,"href":"https:\/\/saphirsmaragd.com\/hu\/wp-json\/wp\/v2\/product\/2829\/revisions"}],"predecessor-version":[{"id":2833,"href":"https:\/\/saphirsmaragd.com\/hu\/wp-json\/wp\/v2\/product\/2829\/revisions\/2833"}],"wp:featuredmedia":[{"embeddable":true,"href":"https:\/\/saphirsmaragd.com\/hu\/wp-json\/wp\/v2\/media\/2832"}],"wp:attachment":[{"href":"https:\/\/saphirsmaragd.com\/hu\/wp-json\/wp\/v2\/media?parent=2829"}],"wp:term":[{"taxonomy":"product_brand","embeddable":true,"href":"https:\/\/saphirsmaragd.com\/hu\/wp-json\/wp\/v2\/product_brand?post=2829"},{"taxonomy":"product_cat","embeddable":true,"href":"https:\/\/saphirsmaragd.com\/hu\/wp-json\/wp\/v2\/product_cat?post=2829"},{"taxonomy":"product_tag","embeddable":true,"href":"https:\/\/saphirsmaragd.com\/hu\/wp-json\/wp\/v2\/product_tag?post=2829"}],"curies":[{"name":"wp","href":"https:\/\/api.w.org\/{rel}","templated":true}]}}