{"id":4222,"date":"2025-11-01T13:12:53","date_gmt":"2025-11-01T13:12:53","guid":{"rendered":"https:\/\/saphirsmaragd.com\/?post_type=product&#038;p=4222"},"modified":"2025-12-29T18:55:42","modified_gmt":"2025-12-29T18:55:42","slug":"turmalin-3-15-karat-gelb-oval","status":"publish","type":"product","link":"https:\/\/saphirsmaragd.com\/hu\/termek\/turmalin-3-15-karat-gelb-oval\/","title":{"rendered":"Turmalin 3.15 Karat Gelb Oval \u2013 seltener Edelstein mit intensiver Farbe"},"content":{"rendered":"<div id=\"ez-toc-container\" class=\"ez-toc-v2_0_82_2 counter-hierarchy ez-toc-counter ez-toc-grey ez-toc-container-direction\">\n<div class=\"ez-toc-title-container\">\n<p class=\"ez-toc-title\" style=\"cursor:inherit\">Tartalomjegyz\u00e9k<\/p>\n<span class=\"ez-toc-title-toggle\"><a href=\"#\" class=\"ez-toc-pull-right ez-toc-btn ez-toc-btn-xs ez-toc-btn-default ez-toc-toggle\" aria-label=\"Toggle Table of Content\"><span class=\"ez-toc-js-icon-con\"><span class=\"\"><span class=\"eztoc-hide\" style=\"display:none;\">Toggle<\/span><span class=\"ez-toc-icon-toggle-span\"><svg style=\"fill: #999;color:#999\" xmlns=\"http:\/\/www.w3.org\/2000\/svg\" class=\"list-377408\" width=\"20px\" height=\"20px\" viewbox=\"0 0 24 24\" fill=\"none\"><path d=\"M6 6H4v2h2V6zm14 0H8v2h12V6zM4 11h2v2H4v-2zm16 0H8v2h12v-2zM4 16h2v2H4v-2zm16 0H8v2h12v-2z\" fill=\"currentColor\"><\/path><\/svg><svg style=\"fill: #999;color:#999\" class=\"arrow-unsorted-368013\" xmlns=\"http:\/\/www.w3.org\/2000\/svg\" width=\"10px\" height=\"10px\" viewbox=\"0 0 24 24\" version=\"1.2\" baseprofile=\"tiny\"><path d=\"M18.2 9.3l-6.2-6.3-6.2 6.3c-.2.2-.3.4-.3.7s.1.5.3.7c.2.2.4.3.7.3h11c.3 0 .5-.1.7-.3.2-.2.3-.5.3-.7s-.1-.5-.3-.7zM5.8 14.7l6.2 6.3 6.2-6.3c.2-.2.3-.5.3-.7s-.1-.5-.3-.7c-.2-.2-.4-.3-.7-.3h-11c-.3 0-.5.1-.7.3-.2.2-.3.5-.3.7s.1.5.3.7z\"\/><\/svg><\/span><\/span><\/span><\/a><\/span><\/div>\n<nav><ul class='ez-toc-list ez-toc-list-level-1' ><li class='ez-toc-page-1 ez-toc-heading-level-4'><a class=\"ez-toc-link ez-toc-heading-1\" href=\"https:\/\/saphirsmaragd.com\/hu\/termek\/turmalin-3-15-karat-gelb-oval\/#Turmalin_315_Karat_Gelb_Oval_%E2%80%93_sonniger_Glanz_mit_naturlicher_Tiefe\" >Turmalin 3.15 Karat Gelb Oval \u2013 sonniger Glanz mit nat\u00fcrlicher Tiefe<\/a><\/li><li class='ez-toc-page-1 ez-toc-heading-level-4'><a class=\"ez-toc-link ez-toc-heading-2\" href=\"https:\/\/saphirsmaragd.com\/hu\/termek\/turmalin-3-15-karat-gelb-oval\/#Merkmale_Herkunft\" >Jellemz\u0151k \u00e9s eredet<\/a><\/li><li class='ez-toc-page-1 ez-toc-heading-level-4'><a class=\"ez-toc-link ez-toc-heading-3\" href=\"https:\/\/saphirsmaragd.com\/hu\/termek\/turmalin-3-15-karat-gelb-oval\/#Besonderheiten\" >K\u00fcl\u00f6nleges jellemz\u0151k<\/a><\/li><li class='ez-toc-page-1 ez-toc-heading-level-4'><a class=\"ez-toc-link ez-toc-heading-4\" href=\"https:\/\/saphirsmaragd.com\/hu\/termek\/turmalin-3-15-karat-gelb-oval\/#Mehr_uber_unsere_Edelsteine\" >T\u00f6bbet a dr\u00e1gak\u00f6veinkr\u0151l<\/a><\/li><li class='ez-toc-page-1 ez-toc-heading-level-4'><a class=\"ez-toc-link ez-toc-heading-5\" href=\"https:\/\/saphirsmaragd.com\/hu\/termek\/turmalin-3-15-karat-gelb-oval\/#Weitere_Infos\" >Tov\u00e1bbi inform\u00e1ci\u00f3<\/a><\/li><\/ul><\/nav><\/div>\n<h4 data-start=\"851\" data-end=\"926\"><span class=\"ez-toc-section\" id=\"Turmalin_315_Karat_Gelb_Oval_%E2%80%93_sonniger_Glanz_mit_naturlicher_Tiefe\"><\/span>Turmalin 3.15 Karat Gelb Oval \u2013 sonniger Glanz mit nat\u00fcrlicher Tiefe<span class=\"ez-toc-section-end\"><\/span><\/h4>\n<p data-start=\"927\" data-end=\"1312\">Dieser leuchtende gelbe Turmalin fasziniert durch seinen intensiven, warmen Farbton und seine klare, brillante Ausstrahlung. Mit einem Gewicht von 3.15 Karat und den Ma\u00dfen 11.5 \u00d7 8 mm wurde dieser nat\u00fcrliche Edelstein meisterhaft oval facettiert, um Licht optimal zu reflektieren. Die Farbe erinnert an sonnige Energie und Optimismus \u2013 ein Stein, der Freude und Vitalit\u00e4t verk\u00f6rpert.<\/p>\n<hr data-start=\"1314\" data-end=\"1317\" \/>\n<h4 data-start=\"1319\" data-end=\"1348\"><span class=\"ez-toc-section\" id=\"Merkmale_Herkunft\"><\/span>Jellemz\u0151k \u00e9s eredet<span class=\"ez-toc-section-end\"><\/span><\/h4>\n<p data-start=\"1349\" data-end=\"1606\">Steinart: Turmalin<br data-start=\"1367\" data-end=\"1370\" \/>Sz\u00edn: s\u00e1rga<br data-start=\"1381\" data-end=\"1384\" \/>Form: Oval<br data-start=\"1394\" data-end=\"1397\" \/>Gewicht: 3.15 Karat<br data-start=\"1416\" data-end=\"1419\" \/>Kem\u00e9nys\u00e9g: 7 a Mohs-sk\u00e1l\u00e1n<br data-start=\"1446\" data-end=\"1449\" \/>Gr\u00f6\u00dfe: 11.5 \u00d7 8.0 mm<br data-start=\"1469\" data-end=\"1472\" \/>Reinheit: Kleine Einschl\u00fcsse<br data-start=\"1500\" data-end=\"1503\" \/>Behandlung: Unbehandelt<br data-start=\"1526\" data-end=\"1529\" \/>Herkunft: Brasilien<br data-start=\"1548\" data-end=\"1551\" \/>Zertifikat: Val\u00e9rie DURAFFOURG (Gem-A)<br data-start=\"1589\" data-end=\"1592\" \/>\u00c1llapot: \u00daj<\/p>\n<hr data-start=\"1608\" data-end=\"1611\" \/>\n<h4 data-start=\"1613\" data-end=\"1637\"><span class=\"ez-toc-section\" id=\"Besonderheiten\"><\/span>K\u00fcl\u00f6nleges jellemz\u0151k<span class=\"ez-toc-section-end\"><\/span><\/h4>\n<p data-start=\"1638\" data-end=\"2090\">Der Turmalin 3.15 Karat Gelb Oval ist ein seltenes Exemplar mit intensiver, gleichm\u00e4\u00dfiger Farbe und hoher Lichtdurchl\u00e4ssigkeit. Sein kr\u00e4ftiger Gelbton steht f\u00fcr Lebensfreude, Klarheit und Selbstvertrauen. Dank seiner Gr\u00f6\u00dfe und Reinheit eignet sich dieser Edelstein hervorragend f\u00fcr auff\u00e4llige Ringe oder Anh\u00e4nger. Das beigef\u00fcgte Zertifikat der renommierten Gemmologin Val\u00e9rie DURAFFOURG (Gem-A, London) garantiert seine Echtheit und Qualit\u00e4t.<\/p>\n<hr data-start=\"1926\" data-end=\"1929\" \/>\n<h4 data-start=\"1931\" data-end=\"1971\"><span class=\"ez-toc-section\" id=\"Mehr_uber_unsere_Edelsteine\"><\/span>T\u00f6bbet a dr\u00e1gak\u00f6veinkr\u0151l<span class=\"ez-toc-section-end\"><\/span><\/h4>\n<p data-start=\"1972\" data-end=\"2069\"><a href=\"https:\/\/saphirsmaragd.com\/hu\/product-category\/edelsteine-kaufen\/\">Dr\u00e1gak\u00f6vek<\/a><\/p>\n<hr data-start=\"2071\" data-end=\"2074\" \/>\n<h4 data-start=\"2076\" data-end=\"2096\"><span class=\"ez-toc-section\" id=\"Weitere_Infos\"><\/span>Tov\u00e1bbi inform\u00e1ci\u00f3<span class=\"ez-toc-section-end\"><\/span><\/h4>\n<p><a href=\"https:\/\/de.wikipedia.org\/wiki\/Turmalin\" target=\"_blank\" rel=\"noopener\">Wikipedia: Turmalin<\/a><\/p>","protected":false},"excerpt":{"rendered":"<p data-start=\"479\" data-end=\"709\"><em>Dieser Turmalin 3.15 Karat Gelb Oval besticht durch seine strahlend gelbe Farbe, hohe Reinheit und pr\u00e4zisen Facettenschliff. Ein au\u00dfergew\u00f6hnlicher Edelstein mit Zertifikat \u2013 ideal f\u00fcr luxuri\u00f6se Schmuckst\u00fccke oder als Sammlerst\u00fcck.<\/em><\/p>\n<h2 data-start=\"523\" data-end=\"548\"><\/h2>","protected":false},"featured_media":4226,"comment_status":"open","ping_status":"closed","template":"","meta":{"_glsr_average":0,"_glsr_ranking":0,"_glsr_reviews":0},"product_brand":[],"product_cat":[109],"product_tag":[],"class_list":{"0":"post-4222","1":"product","2":"type-product","3":"status-publish","4":"has-post-thumbnail","6":"product_cat-turmalin-kaufen","7":"pa_edelsteinart-turmalin","8":"pa_farbe-gelb","9":"pa_form-oval","10":"pa_gewicht-karat-3-0-5-0-karat","11":"pa_herkunft-brasilien","12":"pa_reinheit-kleine-einschluesse","13":"pa_veredelung-behandlung-unbehandelt","14":"pa_zertifikat-ja","15":"pa_zustand-neu","17":"first","18":"instock","19":"featured","20":"sold-individually","21":"shipping-taxable","22":"purchasable","23":"product-type-simple","24":"add-to-wishlist-before_image"},"jetpack_sharing_enabled":true,"_links":{"self":[{"href":"https:\/\/saphirsmaragd.com\/hu\/wp-json\/wp\/v2\/product\/4222","targetHints":{"allow":["GET"]}}],"collection":[{"href":"https:\/\/saphirsmaragd.com\/hu\/wp-json\/wp\/v2\/product"}],"about":[{"href":"https:\/\/saphirsmaragd.com\/hu\/wp-json\/wp\/v2\/types\/product"}],"replies":[{"embeddable":true,"href":"https:\/\/saphirsmaragd.com\/hu\/wp-json\/wp\/v2\/comments?post=4222"}],"version-history":[{"count":1,"href":"https:\/\/saphirsmaragd.com\/hu\/wp-json\/wp\/v2\/product\/4222\/revisions"}],"predecessor-version":[{"id":4227,"href":"https:\/\/saphirsmaragd.com\/hu\/wp-json\/wp\/v2\/product\/4222\/revisions\/4227"}],"wp:featuredmedia":[{"embeddable":true,"href":"https:\/\/saphirsmaragd.com\/hu\/wp-json\/wp\/v2\/media\/4226"}],"wp:attachment":[{"href":"https:\/\/saphirsmaragd.com\/hu\/wp-json\/wp\/v2\/media?parent=4222"}],"wp:term":[{"taxonomy":"product_brand","embeddable":true,"href":"https:\/\/saphirsmaragd.com\/hu\/wp-json\/wp\/v2\/product_brand?post=4222"},{"taxonomy":"product_cat","embeddable":true,"href":"https:\/\/saphirsmaragd.com\/hu\/wp-json\/wp\/v2\/product_cat?post=4222"},{"taxonomy":"product_tag","embeddable":true,"href":"https:\/\/saphirsmaragd.com\/hu\/wp-json\/wp\/v2\/product_tag?post=4222"}],"curies":[{"name":"wp","href":"https:\/\/api.w.org\/{rel}","templated":true}]}}