{"id":4228,"date":"2025-11-01T13:22:09","date_gmt":"2025-11-01T13:22:09","guid":{"rendered":"https:\/\/saphirsmaragd.com\/?post_type=product&#038;p=4228"},"modified":"2025-12-29T18:55:41","modified_gmt":"2025-12-29T18:55:41","slug":"turmalin-9-50-karat-polychrom-rechteck","status":"publish","type":"product","link":"https:\/\/saphirsmaragd.com\/hu\/termek\/turmalin-9-50-karat-polychrom-rechteck\/","title":{"rendered":"Turmalin 9.50 Karat Polychrom Rechteck \u2013 au\u00dfergew\u00f6hnlicher Farbverlauf von Rosa bis Gelb"},"content":{"rendered":"<div id=\"ez-toc-container\" class=\"ez-toc-v2_0_82_2 counter-hierarchy ez-toc-counter ez-toc-grey ez-toc-container-direction\">\n<div class=\"ez-toc-title-container\">\n<p class=\"ez-toc-title\" style=\"cursor:inherit\">Tartalomjegyz\u00e9k<\/p>\n<span class=\"ez-toc-title-toggle\"><a href=\"#\" class=\"ez-toc-pull-right ez-toc-btn ez-toc-btn-xs ez-toc-btn-default ez-toc-toggle\" aria-label=\"Toggle Table of Content\"><span class=\"ez-toc-js-icon-con\"><span class=\"\"><span class=\"eztoc-hide\" style=\"display:none;\">Toggle<\/span><span class=\"ez-toc-icon-toggle-span\"><svg style=\"fill: #999;color:#999\" xmlns=\"http:\/\/www.w3.org\/2000\/svg\" class=\"list-377408\" width=\"20px\" height=\"20px\" viewbox=\"0 0 24 24\" fill=\"none\"><path d=\"M6 6H4v2h2V6zm14 0H8v2h12V6zM4 11h2v2H4v-2zm16 0H8v2h12v-2zM4 16h2v2H4v-2zm16 0H8v2h12v-2z\" fill=\"currentColor\"><\/path><\/svg><svg style=\"fill: #999;color:#999\" class=\"arrow-unsorted-368013\" xmlns=\"http:\/\/www.w3.org\/2000\/svg\" width=\"10px\" height=\"10px\" viewbox=\"0 0 24 24\" version=\"1.2\" baseprofile=\"tiny\"><path d=\"M18.2 9.3l-6.2-6.3-6.2 6.3c-.2.2-.3.4-.3.7s.1.5.3.7c.2.2.4.3.7.3h11c.3 0 .5-.1.7-.3.2-.2.3-.5.3-.7s-.1-.5-.3-.7zM5.8 14.7l6.2 6.3 6.2-6.3c.2-.2.3-.5.3-.7s-.1-.5-.3-.7c-.2-.2-.4-.3-.7-.3h-11c-.3 0-.5.1-.7.3-.2.2-.3.5-.3.7s.1.5.3.7z\"\/><\/svg><\/span><\/span><\/span><\/a><\/span><\/div>\n<nav><ul class='ez-toc-list ez-toc-list-level-1' ><li class='ez-toc-page-1 ez-toc-heading-level-4'><a class=\"ez-toc-link ez-toc-heading-1\" href=\"https:\/\/saphirsmaragd.com\/hu\/termek\/turmalin-9-50-karat-polychrom-rechteck\/#Turmalin_950_Karat_Polychrom_Rechteck_%E2%80%93_ein_Meisterwerk_der_Natur\" >Turmalin 9.50 Karat Polychrom Rechteck \u2013 ein Meisterwerk der Natur<\/a><\/li><li class='ez-toc-page-1 ez-toc-heading-level-4'><a class=\"ez-toc-link ez-toc-heading-2\" href=\"https:\/\/saphirsmaragd.com\/hu\/termek\/turmalin-9-50-karat-polychrom-rechteck\/#Merkmale_Herkunft\" >Jellemz\u0151k \u00e9s eredet<\/a><\/li><li class='ez-toc-page-1 ez-toc-heading-level-4'><a class=\"ez-toc-link ez-toc-heading-3\" href=\"https:\/\/saphirsmaragd.com\/hu\/termek\/turmalin-9-50-karat-polychrom-rechteck\/#Besonderheiten\" >K\u00fcl\u00f6nleges jellemz\u0151k<\/a><\/li><li class='ez-toc-page-1 ez-toc-heading-level-4'><a class=\"ez-toc-link ez-toc-heading-4\" href=\"https:\/\/saphirsmaragd.com\/hu\/termek\/turmalin-9-50-karat-polychrom-rechteck\/#Mehr_uber_unsere_Edelsteine\" >T\u00f6bbet a dr\u00e1gak\u00f6veinkr\u0151l<\/a><\/li><li class='ez-toc-page-1 ez-toc-heading-level-4'><a class=\"ez-toc-link ez-toc-heading-5\" href=\"https:\/\/saphirsmaragd.com\/hu\/termek\/turmalin-9-50-karat-polychrom-rechteck\/#Weitere_Infos\" >Tov\u00e1bbi inform\u00e1ci\u00f3<\/a><\/li><\/ul><\/nav><\/div>\n<h4 data-start=\"907\" data-end=\"980\"><span class=\"ez-toc-section\" id=\"Turmalin_950_Karat_Polychrom_Rechteck_%E2%80%93_ein_Meisterwerk_der_Natur\"><\/span>Turmalin 9.50 Karat Polychrom Rechteck \u2013 ein Meisterwerk der Natur<span class=\"ez-toc-section-end\"><\/span><\/h4>\n<p data-start=\"981\" data-end=\"1408\">Dieser faszinierende <strong data-start=\"1002\" data-end=\"1044\">Turmalin 9.50 Karat Polychrom Rechteck<\/strong> begeistert durch seinen nat\u00fcrlichen Farbverlauf von zartem Rosa bis leuchtendem Gelb. Mit den Ma\u00dfen 16.8 \u00d7 10 mm und einem Gewicht von 9.50 Karat pr\u00e4sentiert sich der Edelstein in einem rechteckigen Facettenschliff mit abgeschr\u00e4gten Kanten. Seine zahlreichen feinen Einschl\u00fcsse verleihen ihm eine individuelle Tiefe und unterstreichen seine nat\u00fcrliche Herkunft.<\/p>\n<hr data-start=\"1638\" data-end=\"1641\" \/>\n<h4 data-start=\"1643\" data-end=\"1672\"><span class=\"ez-toc-section\" id=\"Merkmale_Herkunft\"><\/span>Jellemz\u0151k \u00e9s eredet<span class=\"ez-toc-section-end\"><\/span><\/h4>\n<p data-start=\"1673\" data-end=\"1999\">Steinart: Turmalin<br data-start=\"1691\" data-end=\"1694\" \/>Farbe: Polychrom (Rosa bis Gelb)<br data-start=\"1726\" data-end=\"1729\" \/>Form: Rechteck (Facettiert, abgeschr\u00e4gte Kanten)<br data-start=\"1777\" data-end=\"1780\" \/>Gewicht: 9.50 Karat<br data-start=\"1799\" data-end=\"1802\" \/>Kem\u00e9nys\u00e9g: 7 a Mohs-sk\u00e1l\u00e1n<br data-start=\"1829\" data-end=\"1832\" \/>Gr\u00f6\u00dfe: 16.8 \u00d7 10 mm<br data-start=\"1851\" data-end=\"1854\" \/>Reinheit: Deutliche Einschl\u00fcsse<br data-start=\"1885\" data-end=\"1888\" \/>Behandlung: Unbehandelt<br data-start=\"1911\" data-end=\"1914\" \/>Herkunft: Brasilien<br data-start=\"1933\" data-end=\"1936\" \/>Tan\u00fas\u00edtv\u00e1ny: Val\u00e9rie DURAFFOURG (Gem-A, London)<br data-start=\"1982\" data-end=\"1985\" \/>\u00c1llapot: \u00daj<\/p>\n<hr data-start=\"2001\" data-end=\"2004\" \/>\n<h4 data-start=\"2006\" data-end=\"2030\"><span class=\"ez-toc-section\" id=\"Besonderheiten\"><\/span>K\u00fcl\u00f6nleges jellemz\u0151k<span class=\"ez-toc-section-end\"><\/span><\/h4>\n<p data-start=\"2031\" data-end=\"2392\">A <strong data-start=\"2035\" data-end=\"2077\">Turmalin 9.50 Karat Polychrom Rechteck<\/strong> geh\u00f6rt zu den begehrtesten Natursteinen seiner Art. Seine charakteristische Zweifarbigkeit macht ihn zu einem echten Sammlerstein. Der Farbverlauf von Rosa zu Gelb entsteht durch nat\u00fcrliche Spurenelemente und ist \u00e4u\u00dferst selten. Diese Kombination steht symbolisch f\u00fcr Kreativit\u00e4t, Energie und emotionale Balance.<\/p>\n<hr data-start=\"1926\" data-end=\"1929\" \/>\n<h4 data-start=\"1931\" data-end=\"1971\"><span class=\"ez-toc-section\" id=\"Mehr_uber_unsere_Edelsteine\"><\/span>T\u00f6bbet a dr\u00e1gak\u00f6veinkr\u0151l<span class=\"ez-toc-section-end\"><\/span><\/h4>\n<p data-start=\"1972\" data-end=\"2069\"><a href=\"https:\/\/saphirsmaragd.com\/hu\/product-category\/edelsteine-kaufen\/\">Dr\u00e1gak\u00f6vek<\/a><\/p>\n<hr data-start=\"2071\" data-end=\"2074\" \/>\n<h4 data-start=\"2076\" data-end=\"2096\"><span class=\"ez-toc-section\" id=\"Weitere_Infos\"><\/span>Tov\u00e1bbi inform\u00e1ci\u00f3<span class=\"ez-toc-section-end\"><\/span><\/h4>\n<p><a href=\"https:\/\/de.wikipedia.org\/wiki\/Turmalin\" target=\"_blank\" rel=\"noopener\">Wikipedia: Turmalin<\/a><\/p>","protected":false},"excerpt":{"rendered":"<p data-start=\"498\" data-end=\"756\"><em>Dieser Turmalin 9.50 Karat Polychrom Rechteck zeigt einen einzigartigen Farbverlauf von Rosa bis Gelb, kombiniert mit hoher Transparenz und intensiver Ausstrahlung. Ein zertifizierter Sammlerstein \u2013 selten, charakterstark und von au\u00dfergew\u00f6hnlicher Sch\u00f6nheit.<\/em><\/p>\n<h2 data-start=\"523\" data-end=\"548\"><\/h2>","protected":false},"featured_media":4231,"comment_status":"open","ping_status":"closed","template":"","meta":{"_glsr_average":0,"_glsr_ranking":0,"_glsr_reviews":0},"product_brand":[],"product_cat":[109],"product_tag":[],"class_list":{"0":"post-4228","1":"product","2":"type-product","3":"status-publish","4":"has-post-thumbnail","6":"product_cat-turmalin-kaufen","7":"pa_edelsteinart-turmalin","8":"pa_farbe-gelb","9":"pa_farbe-rosa","10":"pa_form-rechteck","11":"pa_gewicht-karat-5-0-10-karat","12":"pa_herkunft-brasilien","13":"pa_reinheit-deutliche-einschluesse","14":"pa_veredelung-behandlung-unbehandelt","15":"pa_zertifikat-ja","16":"pa_zustand-neu","18":"first","19":"instock","20":"featured","21":"sold-individually","22":"shipping-taxable","23":"purchasable","24":"product-type-simple","25":"add-to-wishlist-before_image"},"jetpack_sharing_enabled":true,"_links":{"self":[{"href":"https:\/\/saphirsmaragd.com\/hu\/wp-json\/wp\/v2\/product\/4228","targetHints":{"allow":["GET"]}}],"collection":[{"href":"https:\/\/saphirsmaragd.com\/hu\/wp-json\/wp\/v2\/product"}],"about":[{"href":"https:\/\/saphirsmaragd.com\/hu\/wp-json\/wp\/v2\/types\/product"}],"replies":[{"embeddable":true,"href":"https:\/\/saphirsmaragd.com\/hu\/wp-json\/wp\/v2\/comments?post=4228"}],"version-history":[{"count":1,"href":"https:\/\/saphirsmaragd.com\/hu\/wp-json\/wp\/v2\/product\/4228\/revisions"}],"predecessor-version":[{"id":4232,"href":"https:\/\/saphirsmaragd.com\/hu\/wp-json\/wp\/v2\/product\/4228\/revisions\/4232"}],"wp:featuredmedia":[{"embeddable":true,"href":"https:\/\/saphirsmaragd.com\/hu\/wp-json\/wp\/v2\/media\/4231"}],"wp:attachment":[{"href":"https:\/\/saphirsmaragd.com\/hu\/wp-json\/wp\/v2\/media?parent=4228"}],"wp:term":[{"taxonomy":"product_brand","embeddable":true,"href":"https:\/\/saphirsmaragd.com\/hu\/wp-json\/wp\/v2\/product_brand?post=4228"},{"taxonomy":"product_cat","embeddable":true,"href":"https:\/\/saphirsmaragd.com\/hu\/wp-json\/wp\/v2\/product_cat?post=4228"},{"taxonomy":"product_tag","embeddable":true,"href":"https:\/\/saphirsmaragd.com\/hu\/wp-json\/wp\/v2\/product_tag?post=4228"}],"curies":[{"name":"wp","href":"https:\/\/api.w.org\/{rel}","templated":true}]}}