{"id":5106,"date":"2025-11-14T10:50:38","date_gmt":"2025-11-14T10:50:38","guid":{"rendered":"https:\/\/saphirsmaragd.com\/?post_type=product&#038;p=5106"},"modified":"2025-12-29T18:49:24","modified_gmt":"2025-12-29T18:49:24","slug":"apatit-3-72-karat-farbe-goldgelb","status":"publish","type":"product","link":"https:\/\/saphirsmaragd.com\/hu\/termek\/apatit-3-72-karat-farbe-goldgelb\/","title":{"rendered":"Apatit 3.72 Karat Farbe Goldgelb \u2013 Rechteckig facettierter Naturstein mit hoher Brillanz"},"content":{"rendered":"<div id=\"ez-toc-container\" class=\"ez-toc-v2_0_82_2 counter-hierarchy ez-toc-counter ez-toc-grey ez-toc-container-direction\">\n<div class=\"ez-toc-title-container\">\n<p class=\"ez-toc-title\" style=\"cursor:inherit\">Tartalomjegyz\u00e9k<\/p>\n<span class=\"ez-toc-title-toggle\"><a href=\"#\" class=\"ez-toc-pull-right ez-toc-btn ez-toc-btn-xs ez-toc-btn-default ez-toc-toggle\" aria-label=\"Toggle Table of Content\"><span class=\"ez-toc-js-icon-con\"><span class=\"\"><span class=\"eztoc-hide\" style=\"display:none;\">Toggle<\/span><span class=\"ez-toc-icon-toggle-span\"><svg style=\"fill: #999;color:#999\" xmlns=\"http:\/\/www.w3.org\/2000\/svg\" class=\"list-377408\" width=\"20px\" height=\"20px\" viewbox=\"0 0 24 24\" fill=\"none\"><path d=\"M6 6H4v2h2V6zm14 0H8v2h12V6zM4 11h2v2H4v-2zm16 0H8v2h12v-2zM4 16h2v2H4v-2zm16 0H8v2h12v-2z\" fill=\"currentColor\"><\/path><\/svg><svg style=\"fill: #999;color:#999\" class=\"arrow-unsorted-368013\" xmlns=\"http:\/\/www.w3.org\/2000\/svg\" width=\"10px\" height=\"10px\" viewbox=\"0 0 24 24\" version=\"1.2\" baseprofile=\"tiny\"><path d=\"M18.2 9.3l-6.2-6.3-6.2 6.3c-.2.2-.3.4-.3.7s.1.5.3.7c.2.2.4.3.7.3h11c.3 0 .5-.1.7-.3.2-.2.3-.5.3-.7s-.1-.5-.3-.7zM5.8 14.7l6.2 6.3 6.2-6.3c.2-.2.3-.5.3-.7s-.1-.5-.3-.7c-.2-.2-.4-.3-.7-.3h-11c-.3 0-.5.1-.7.3-.2.2-.3.5-.3.7s.1.5.3.7z\"\/><\/svg><\/span><\/span><\/span><\/a><\/span><\/div>\n<nav><ul class='ez-toc-list ez-toc-list-level-1' ><li class='ez-toc-page-1 ez-toc-heading-level-4'><a class=\"ez-toc-link ez-toc-heading-1\" href=\"https:\/\/saphirsmaragd.com\/hu\/termek\/apatit-3-72-karat-farbe-goldgelb\/#Apatit_372_Karat_Farbe_Goldgelb_%E2%80%93_seltene_Grose_beeindruckender_Glanz\" >Apatit 3.72 Karat Farbe Goldgelb \u2013 seltene Gr\u00f6\u00dfe &amp; beeindruckender Glanz<\/a><\/li><li class='ez-toc-page-1 ez-toc-heading-level-4'><a class=\"ez-toc-link ez-toc-heading-2\" href=\"https:\/\/saphirsmaragd.com\/hu\/termek\/apatit-3-72-karat-farbe-goldgelb\/#Merkmale_Herkunft\" >Jellemz\u0151k \u00e9s eredet<\/a><\/li><li class='ez-toc-page-1 ez-toc-heading-level-4'><a class=\"ez-toc-link ez-toc-heading-3\" href=\"https:\/\/saphirsmaragd.com\/hu\/termek\/apatit-3-72-karat-farbe-goldgelb\/#Besonderheiten\" >K\u00fcl\u00f6nleges jellemz\u0151k<\/a><\/li><li class='ez-toc-page-1 ez-toc-heading-level-4'><a class=\"ez-toc-link ez-toc-heading-4\" href=\"https:\/\/saphirsmaragd.com\/hu\/termek\/apatit-3-72-karat-farbe-goldgelb\/#Mehr_uber_unsere_Edelsteine\" >T\u00f6bbet a dr\u00e1gak\u00f6veinkr\u0151l<\/a><\/li><li class='ez-toc-page-1 ez-toc-heading-level-4'><a class=\"ez-toc-link ez-toc-heading-5\" href=\"https:\/\/saphirsmaragd.com\/hu\/termek\/apatit-3-72-karat-farbe-goldgelb\/#Weitere_Infos\" >Tov\u00e1bbi inform\u00e1ci\u00f3<\/a><\/li><\/ul><\/nav><\/div>\n<h4 data-start=\"1271\" data-end=\"1352\"><span class=\"ez-toc-section\" id=\"Apatit_372_Karat_Farbe_Goldgelb_%E2%80%93_seltene_Grose_beeindruckender_Glanz\"><\/span><strong data-start=\"1274\" data-end=\"1350\">Apatit 3.72 Karat Farbe Goldgelb \u2013 seltene Gr\u00f6\u00dfe &amp; beeindruckender Glanz<\/strong><span class=\"ez-toc-section-end\"><\/span><\/h4>\n<p data-start=\"1353\" data-end=\"1699\">Dieser au\u00dfergew\u00f6hnliche <strong data-start=\"1377\" data-end=\"1413\">Apatit 3.72 Karat Farbe Goldgelb<\/strong> besticht durch seinen intensiven, warmen Farbton und eine attraktive rechteckige Facettierung mit abgeschr\u00e4gten Kanten. Mit seiner seltenen Gr\u00f6\u00dfe von 3.72 Karat sowie seiner hohen Brillanz eignet er sich ideal als beeindruckendes Sammlerst\u00fcck oder f\u00fcr exklusive Schmuckanfertigungen.<\/p>\n<p data-start=\"1701\" data-end=\"1831\">Jeder Stein wird mit einem Echtheitszertifikat von Val\u00e9rie Duraffourg (Gem-A) geliefert, was Qualit\u00e4t und Authentizit\u00e4t best\u00e4tigt.<\/p>\n<hr data-start=\"1833\" data-end=\"1836\" \/>\n<h4 data-start=\"1838\" data-end=\"1871\"><span class=\"ez-toc-section\" id=\"Merkmale_Herkunft\"><\/span><strong data-start=\"1843\" data-end=\"1869\">Jellemz\u0151k \u00e9s eredet<\/strong><span class=\"ez-toc-section-end\"><\/span><\/h4>\n<p data-start=\"1872\" data-end=\"2182\">Steinart: Apatit<br data-start=\"1888\" data-end=\"1891\" \/>Farbe: Goldgelb<br data-start=\"1906\" data-end=\"1909\" \/>Form: Rechteck mit abgeschr\u00e4gten Kanten<br data-start=\"1948\" data-end=\"1951\" \/>Gewicht: 3.72 Karat<br data-start=\"1970\" data-end=\"1973\" \/>Gr\u00f6\u00dfe: 12 \u00d7 8 mm<br data-start=\"1989\" data-end=\"1992\" \/>Tisztas\u00e1g: Szemtisztas\u00e1g<br data-start=\"2011\" data-end=\"2014\" \/>H\u00e4rte: 5 auf der Mohs-Skala<br data-start=\"2069\" data-end=\"2072\" \/>Zertifikat: Ja (Val\u00e9rie Duraffourg, Gem-A)<br data-start=\"2165\" data-end=\"2168\" \/>\u00c1llapot: \u00daj<\/p>\n<hr data-start=\"2184\" data-end=\"2187\" \/>\n<h4 data-start=\"2189\" data-end=\"2217\"><span class=\"ez-toc-section\" id=\"Besonderheiten\"><\/span><strong data-start=\"2194\" data-end=\"2215\">K\u00fcl\u00f6nleges jellemz\u0151k<\/strong><span class=\"ez-toc-section-end\"><\/span><\/h4>\n<p data-start=\"2218\" data-end=\"2460\">Ez a <strong data-start=\"2225\" data-end=\"2261\">Apatit 3.72 Karat Farbe Goldgelb<\/strong> geh\u00f6rt zu den seltenen facettierten Apatiten \u2013 die meisten Exemplare werden in Cabochon-Form verarbeitet. Seine klare, augenreine Erscheinung und der intensive Goldton machen ihn besonders wertvoll.<\/p>\n<p data-start=\"2462\" data-end=\"2708\">Apatit besitzt aufgrund seiner H\u00e4rte von 5 eine gewisse Empfindlichkeit, weshalb er ideal als Anh\u00e4ngerstein, Medaillonstein oder Sammlerstein geeignet ist. F\u00fcr Ringe wird Apatit weniger empfohlen, sofern er nicht besonders gesch\u00fctzt gefasst wird.<\/p>\n<p data-start=\"2710\" data-end=\"2853\">Durch seine Form, Transparenz und den hohen Karatwert z\u00e4hlt dieses Exemplar zu den seltenen facettierten Qualit\u00e4tssteinen dieser Mineralgruppe.<\/p>\n<hr data-start=\"2070\" data-end=\"2073\" \/>\n<h4 data-start=\"1931\" data-end=\"1971\"><span class=\"ez-toc-section\" id=\"Mehr_uber_unsere_Edelsteine\"><\/span>T\u00f6bbet a dr\u00e1gak\u00f6veinkr\u0151l<span class=\"ez-toc-section-end\"><\/span><\/h4>\n<p data-start=\"1972\" data-end=\"2069\"><a href=\"https:\/\/saphirsmaragd.com\/hu\/product-category\/edelsteine-kaufen\/\">Dr\u00e1gak\u00f6vek<\/a><\/p>\n<hr data-start=\"2744\" data-end=\"2747\" \/>\n<h4 data-start=\"2665\" data-end=\"2688\"><span class=\"ez-toc-section\" id=\"Weitere_Infos\"><\/span>Tov\u00e1bbi inform\u00e1ci\u00f3<span class=\"ez-toc-section-end\"><\/span><\/h4>\n<p><a href=\"https:\/\/de.wikipedia.org\/wiki\/Apatit\" target=\"_blank\" rel=\"noopener\">Wikipedia: Apatit<\/a><\/p>","protected":false},"excerpt":{"rendered":"<p data-start=\"807\" data-end=\"1086\"><em>Apatit 3.72 Karat Farbe Goldgelb \u2013 ein seltener, rechteckig facettierter Naturstein mit intensivem goldgelbem Farbton, sehr guter Transparenz und augenreiner Reinheit. Mit Zertifikat von Val\u00e9rie Duraffourg (Gem-A). Ideal als Sammlerst\u00fcck oder f\u00fcr ausgew\u00e4hlte Schmuckprojekte.<\/em><\/p>\n<h2 data-start=\"523\" data-end=\"548\"><\/h2>","protected":false},"featured_media":5108,"comment_status":"open","ping_status":"closed","template":"","meta":{"_glsr_average":0,"_glsr_ranking":0,"_glsr_reviews":0},"product_brand":[],"product_cat":[305],"product_tag":[],"class_list":{"0":"post-5106","1":"product","2":"type-product","3":"status-publish","4":"has-post-thumbnail","6":"product_cat-seltene-edelsteine","7":"pa_edelsteinart-seltene-edelsteine","8":"pa_farbe-gelb","9":"pa_form-rechteck","10":"pa_gewicht-karat-3-0-5-0-karat","11":"pa_reinheit-augenrein","12":"pa_zertifikat-ja","13":"pa_zustand-neu","15":"first","16":"instock","17":"featured","18":"sold-individually","19":"shipping-taxable","20":"purchasable","21":"product-type-simple","22":"add-to-wishlist-before_image"},"jetpack_sharing_enabled":true,"_links":{"self":[{"href":"https:\/\/saphirsmaragd.com\/hu\/wp-json\/wp\/v2\/product\/5106","targetHints":{"allow":["GET"]}}],"collection":[{"href":"https:\/\/saphirsmaragd.com\/hu\/wp-json\/wp\/v2\/product"}],"about":[{"href":"https:\/\/saphirsmaragd.com\/hu\/wp-json\/wp\/v2\/types\/product"}],"replies":[{"embeddable":true,"href":"https:\/\/saphirsmaragd.com\/hu\/wp-json\/wp\/v2\/comments?post=5106"}],"version-history":[{"count":1,"href":"https:\/\/saphirsmaragd.com\/hu\/wp-json\/wp\/v2\/product\/5106\/revisions"}],"predecessor-version":[{"id":5109,"href":"https:\/\/saphirsmaragd.com\/hu\/wp-json\/wp\/v2\/product\/5106\/revisions\/5109"}],"wp:featuredmedia":[{"embeddable":true,"href":"https:\/\/saphirsmaragd.com\/hu\/wp-json\/wp\/v2\/media\/5108"}],"wp:attachment":[{"href":"https:\/\/saphirsmaragd.com\/hu\/wp-json\/wp\/v2\/media?parent=5106"}],"wp:term":[{"taxonomy":"product_brand","embeddable":true,"href":"https:\/\/saphirsmaragd.com\/hu\/wp-json\/wp\/v2\/product_brand?post=5106"},{"taxonomy":"product_cat","embeddable":true,"href":"https:\/\/saphirsmaragd.com\/hu\/wp-json\/wp\/v2\/product_cat?post=5106"},{"taxonomy":"product_tag","embeddable":true,"href":"https:\/\/saphirsmaragd.com\/hu\/wp-json\/wp\/v2\/product_tag?post=5106"}],"curies":[{"name":"wp","href":"https:\/\/api.w.org\/{rel}","templated":true}]}}