{"id":5362,"date":"2025-11-18T02:33:33","date_gmt":"2025-11-18T02:33:33","guid":{"rendered":"https:\/\/saphirsmaragd.com\/?post_type=product&#038;p=5362"},"modified":"2025-11-18T02:33:34","modified_gmt":"2025-11-18T02:33:34","slug":"kristall-serafinit-spitze-poliert-83g","status":"publish","type":"product","link":"https:\/\/saphirsmaragd.com\/hu\/termek\/kristall-serafinit-spitze-poliert-83g\/","title":{"rendered":"Kristall Serafinit Spitze Poliert \u2013 83 g \u2013 Energetischer Heilstein mit Engelenergie"},"content":{"rendered":"<div id=\"ez-toc-container\" class=\"ez-toc-v2_0_82_2 counter-hierarchy ez-toc-counter ez-toc-grey ez-toc-container-direction\">\n<div class=\"ez-toc-title-container\">\n<p class=\"ez-toc-title\" style=\"cursor:inherit\">Tartalomjegyz\u00e9k<\/p>\n<span class=\"ez-toc-title-toggle\"><a href=\"#\" class=\"ez-toc-pull-right ez-toc-btn ez-toc-btn-xs ez-toc-btn-default ez-toc-toggle\" aria-label=\"Toggle Table of Content\"><span class=\"ez-toc-js-icon-con\"><span class=\"\"><span class=\"eztoc-hide\" style=\"display:none;\">Toggle<\/span><span class=\"ez-toc-icon-toggle-span\"><svg style=\"fill: #999;color:#999\" xmlns=\"http:\/\/www.w3.org\/2000\/svg\" class=\"list-377408\" width=\"20px\" height=\"20px\" viewbox=\"0 0 24 24\" fill=\"none\"><path d=\"M6 6H4v2h2V6zm14 0H8v2h12V6zM4 11h2v2H4v-2zm16 0H8v2h12v-2zM4 16h2v2H4v-2zm16 0H8v2h12v-2z\" fill=\"currentColor\"><\/path><\/svg><svg style=\"fill: #999;color:#999\" class=\"arrow-unsorted-368013\" xmlns=\"http:\/\/www.w3.org\/2000\/svg\" width=\"10px\" height=\"10px\" viewbox=\"0 0 24 24\" version=\"1.2\" baseprofile=\"tiny\"><path d=\"M18.2 9.3l-6.2-6.3-6.2 6.3c-.2.2-.3.4-.3.7s.1.5.3.7c.2.2.4.3.7.3h11c.3 0 .5-.1.7-.3.2-.2.3-.5.3-.7s-.1-.5-.3-.7zM5.8 14.7l6.2 6.3 6.2-6.3c.2-.2.3-.5.3-.7s-.1-.5-.3-.7c-.2-.2-.4-.3-.7-.3h-11c-.3 0-.5.1-.7.3-.2.2-.3.5-.3.7s.1.5.3.7z\"\/><\/svg><\/span><\/span><\/span><\/a><\/span><\/div>\n<nav><ul class='ez-toc-list ez-toc-list-level-1' ><li class='ez-toc-page-1 ez-toc-heading-level-4'><a class=\"ez-toc-link ez-toc-heading-1\" href=\"https:\/\/saphirsmaragd.com\/hu\/termek\/kristall-serafinit-spitze-poliert-83g\/#Kristall_Serafinit_Spitze_Poliert_%E2%80%93_Energetischer_Heilstein_mit_Engelenergie_83_g\" >Kristall Serafinit Spitze Poliert \u2013 Energetischer Heilstein mit Engelenergie | 83 g<\/a><\/li><li class='ez-toc-page-1 ez-toc-heading-level-4'><a class=\"ez-toc-link ez-toc-heading-2\" href=\"https:\/\/saphirsmaragd.com\/hu\/termek\/kristall-serafinit-spitze-poliert-83g\/#Merkmale_Herkunft\" >Jellemz\u0151k \u00e9s eredet<\/a><\/li><li class='ez-toc-page-1 ez-toc-heading-level-4'><a class=\"ez-toc-link ez-toc-heading-3\" href=\"https:\/\/saphirsmaragd.com\/hu\/termek\/kristall-serafinit-spitze-poliert-83g\/#Besonderheiten\" >K\u00fcl\u00f6nleges jellemz\u0151k<\/a><\/li><li class='ez-toc-page-1 ez-toc-heading-level-4'><a class=\"ez-toc-link ez-toc-heading-4\" href=\"https:\/\/saphirsmaragd.com\/hu\/termek\/kristall-serafinit-spitze-poliert-83g\/#Mehr_uber_Kristalle_Heilsteine\" >Mehr \u00fcber Kristalle &amp; Heilsteine<\/a><\/li><li class='ez-toc-page-1 ez-toc-heading-level-4'><a class=\"ez-toc-link ez-toc-heading-5\" href=\"https:\/\/saphirsmaragd.com\/hu\/termek\/kristall-serafinit-spitze-poliert-83g\/#Weitere_Infos\" >Tov\u00e1bbi inform\u00e1ci\u00f3<\/a><\/li><\/ul><\/nav><\/div>\n<h4 data-start=\"971\" data-end=\"1060\"><span class=\"ez-toc-section\" id=\"Kristall_Serafinit_Spitze_Poliert_%E2%80%93_Energetischer_Heilstein_mit_Engelenergie_83_g\"><\/span><strong data-start=\"973\" data-end=\"1060\">Kristall Serafinit Spitze Poliert \u2013 Energetischer Heilstein mit Engelenergie | 83 g<\/strong><span class=\"ez-toc-section-end\"><\/span><\/h4>\n<p data-start=\"1062\" data-end=\"1250\">Der Kristall Serafinit Spitze Poliert ist ein seltenes und hochenergetisches Einzelst\u00fcck aus Russland, bekannt f\u00fcr seine starke Heilwirkung und seine tiefe Verbindung zur Engelenergie.<\/p>\n<hr data-start=\"1252\" data-end=\"1255\" \/>\n<h4 data-start=\"1257\" data-end=\"1286\"><span class=\"ez-toc-section\" id=\"Merkmale_Herkunft\"><\/span><strong data-start=\"1263\" data-end=\"1286\">Jellemz\u0151k \u00e9s eredet<\/strong><span class=\"ez-toc-section-end\"><\/span><\/h4>\n<p data-start=\"1287\" data-end=\"1538\">Farbe: Dunkelgr\u00fcn mit silbrigem Schimmer<br data-start=\"1327\" data-end=\"1330\" \/>Form: Spitze (Point), Poliert<br data-start=\"1359\" data-end=\"1362\" \/>Herkunft: Russland<br data-start=\"1380\" data-end=\"1383\" \/>Gewicht: 83 g<br data-start=\"1396\" data-end=\"1399\" \/>Ma\u00dfe: 6.5 x 3.5 x 2.5 cm<br data-start=\"1423\" data-end=\"1426\" \/>Reinheit: Nat\u00fcrlich<br data-start=\"1445\" data-end=\"1448\" \/>Behandlung: Poliert<br data-start=\"1501\" data-end=\"1504\" \/>Steinart: Serafinit (Clinochlor)<\/p>\n<hr data-start=\"1540\" data-end=\"1543\" \/>\n<h4 data-start=\"1545\" data-end=\"1569\"><span class=\"ez-toc-section\" id=\"Besonderheiten\"><\/span><strong data-start=\"1551\" data-end=\"1569\">K\u00fcl\u00f6nleges jellemz\u0151k<\/strong><span class=\"ez-toc-section-end\"><\/span><\/h4>\n<p data-start=\"1570\" data-end=\"2057\">Serafinit, eine besondere und hochschwingende Form von Clinochlor, geh\u00f6rt zu den kraftvollsten Heilsteinen f\u00fcr den physischen K\u00f6rper. Er st\u00e4rkt den Energiefluss (Chi, Ki oder Prana) und unterst\u00fctzt die nat\u00fcrliche Regenerationskraft des K\u00f6rpers. Dadurch tr\u00e4gt der Stein zur Wiederherstellung von Vitalit\u00e4t, innerem Gleichgewicht und einem Gef\u00fchl von Wohlbefinden bei. Serafinit hilft beim Loslassen des Egos und f\u00f6rdert eine liebevolle, positive Haltung gegen\u00fcber sich selbst und anderen.<\/p>\n<p data-start=\"2059\" data-end=\"2427\">Der Stein erleichtert die Verbindung zu Engeln, spirituellen F\u00fchrern und h\u00f6heren Ebenen des Bewusstseins. Er hat eine tiefgreifende Wirkung auf Herz, Lunge, Kreislauf, Sauerstoffversorgung des Blutes und die Aufnahme von N\u00e4hrstoffen. Traditionell wird Serafinit auch als energetische Unterst\u00fctzung w\u00e4hrend intensiver medizinischer Prozesse wie Chemotherapie verwendet.<\/p>\n<hr data-start=\"2896\" data-end=\"2899\" \/>\n<h4 data-start=\"2901\" data-end=\"2943\"><span class=\"ez-toc-section\" id=\"Mehr_uber_Kristalle_Heilsteine\"><\/span><strong data-start=\"2907\" data-end=\"2943\">Mehr \u00fcber Kristalle &amp; Heilsteine<\/strong><span class=\"ez-toc-section-end\"><\/span><\/h4>\n<p data-start=\"2944\" data-end=\"3027\"><a href=\"https:\/\/saphirsmaragd.com\/hu\/product-category\/heilsteine-kristalle-kaufen\/\">Gy\u00f3gy\u00edt\u00f3 k\u00f6vek \u00e9s krist\u00e1lyok<\/a> | Saphir &amp; Smaragd<\/p>\n<hr data-start=\"3029\" data-end=\"3032\" \/>\n<h4 data-start=\"3034\" data-end=\"3057\"><span class=\"ez-toc-section\" id=\"Weitere_Infos\"><\/span><strong data-start=\"3040\" data-end=\"3057\">Tov\u00e1bbi inform\u00e1ci\u00f3<\/strong><span class=\"ez-toc-section-end\"><\/span><\/h4>\n<p data-start=\"3058\" data-end=\"3126\"><a href=\"https:\/\/de.wikipedia.org\/wiki\/Serafinit\" target=\"_blank\" rel=\"noopener\">Wikipedia: <strong data-start=\"3069\" data-end=\"3082\">Serafinit<\/strong><\/a><\/p>","protected":false},"excerpt":{"rendered":"<p><em>Der Kristall Serafinit Spitze Poliert aus Russland ist ein kraftvoller Heilstein, der f\u00fcr Engelenergie, Harmonie und tiefgreifende k\u00f6rperliche Regeneration steht. Er f\u00f6rdert Energiefluss, Wohlbefinden und spirituelle Verbindung.<\/em><\/p>","protected":false},"featured_media":5364,"comment_status":"open","ping_status":"closed","template":"","meta":{"_glsr_average":0,"_glsr_ranking":0,"_glsr_reviews":0},"product_brand":[],"product_cat":[84],"product_tag":[],"class_list":{"0":"post-5362","1":"product","2":"type-product","3":"status-publish","4":"has-post-thumbnail","6":"product_cat-rohsteine-kaufen","8":"first","9":"instock","10":"taxable","11":"shipping-taxable","12":"purchasable","13":"product-type-simple","14":"add-to-wishlist-before_image"},"jetpack_sharing_enabled":true,"_links":{"self":[{"href":"https:\/\/saphirsmaragd.com\/hu\/wp-json\/wp\/v2\/product\/5362","targetHints":{"allow":["GET"]}}],"collection":[{"href":"https:\/\/saphirsmaragd.com\/hu\/wp-json\/wp\/v2\/product"}],"about":[{"href":"https:\/\/saphirsmaragd.com\/hu\/wp-json\/wp\/v2\/types\/product"}],"replies":[{"embeddable":true,"href":"https:\/\/saphirsmaragd.com\/hu\/wp-json\/wp\/v2\/comments?post=5362"}],"version-history":[{"count":1,"href":"https:\/\/saphirsmaragd.com\/hu\/wp-json\/wp\/v2\/product\/5362\/revisions"}],"predecessor-version":[{"id":5367,"href":"https:\/\/saphirsmaragd.com\/hu\/wp-json\/wp\/v2\/product\/5362\/revisions\/5367"}],"wp:featuredmedia":[{"embeddable":true,"href":"https:\/\/saphirsmaragd.com\/hu\/wp-json\/wp\/v2\/media\/5364"}],"wp:attachment":[{"href":"https:\/\/saphirsmaragd.com\/hu\/wp-json\/wp\/v2\/media?parent=5362"}],"wp:term":[{"taxonomy":"product_brand","embeddable":true,"href":"https:\/\/saphirsmaragd.com\/hu\/wp-json\/wp\/v2\/product_brand?post=5362"},{"taxonomy":"product_cat","embeddable":true,"href":"https:\/\/saphirsmaragd.com\/hu\/wp-json\/wp\/v2\/product_cat?post=5362"},{"taxonomy":"product_tag","embeddable":true,"href":"https:\/\/saphirsmaragd.com\/hu\/wp-json\/wp\/v2\/product_tag?post=5362"}],"curies":[{"name":"wp","href":"https:\/\/api.w.org\/{rel}","templated":true}]}}