{"id":5397,"date":"2025-11-18T19:23:03","date_gmt":"2025-11-18T19:23:03","guid":{"rendered":"https:\/\/saphirsmaragd.com\/?post_type=product&#038;p=5397"},"modified":"2025-11-18T19:23:04","modified_gmt":"2025-11-18T19:23:04","slug":"rhodonit-obelisk-heilung-2","status":"publish","type":"product","link":"https:\/\/saphirsmaragd.com\/hu\/termek\/rhodonit-obelisk-heilung-2\/","title":{"rendered":"Rhodonit Obelisk Heilung \u2013 Geschliffener Heilstein 586 g"},"content":{"rendered":"<div id=\"ez-toc-container\" class=\"ez-toc-v2_0_82_2 counter-hierarchy ez-toc-counter ez-toc-grey ez-toc-container-direction\">\n<div class=\"ez-toc-title-container\">\n<p class=\"ez-toc-title\" style=\"cursor:inherit\">Tartalomjegyz\u00e9k<\/p>\n<span class=\"ez-toc-title-toggle\"><a href=\"#\" class=\"ez-toc-pull-right ez-toc-btn ez-toc-btn-xs ez-toc-btn-default ez-toc-toggle\" aria-label=\"Toggle Table of Content\"><span class=\"ez-toc-js-icon-con\"><span class=\"\"><span class=\"eztoc-hide\" style=\"display:none;\">Toggle<\/span><span class=\"ez-toc-icon-toggle-span\"><svg style=\"fill: #999;color:#999\" xmlns=\"http:\/\/www.w3.org\/2000\/svg\" class=\"list-377408\" width=\"20px\" height=\"20px\" viewbox=\"0 0 24 24\" fill=\"none\"><path d=\"M6 6H4v2h2V6zm14 0H8v2h12V6zM4 11h2v2H4v-2zm16 0H8v2h12v-2zM4 16h2v2H4v-2zm16 0H8v2h12v-2z\" fill=\"currentColor\"><\/path><\/svg><svg style=\"fill: #999;color:#999\" class=\"arrow-unsorted-368013\" xmlns=\"http:\/\/www.w3.org\/2000\/svg\" width=\"10px\" height=\"10px\" viewbox=\"0 0 24 24\" version=\"1.2\" baseprofile=\"tiny\"><path d=\"M18.2 9.3l-6.2-6.3-6.2 6.3c-.2.2-.3.4-.3.7s.1.5.3.7c.2.2.4.3.7.3h11c.3 0 .5-.1.7-.3.2-.2.3-.5.3-.7s-.1-.5-.3-.7zM5.8 14.7l6.2 6.3 6.2-6.3c.2-.2.3-.5.3-.7s-.1-.5-.3-.7c-.2-.2-.4-.3-.7-.3h-11c-.3 0-.5.1-.7.3-.2.2-.3.5-.3.7s.1.5.3.7z\"\/><\/svg><\/span><\/span><\/span><\/a><\/span><\/div>\n<nav><ul class='ez-toc-list ez-toc-list-level-1' ><li class='ez-toc-page-1 ez-toc-heading-level-4'><a class=\"ez-toc-link ez-toc-heading-1\" href=\"https:\/\/saphirsmaragd.com\/hu\/termek\/rhodonit-obelisk-heilung-2\/#Rhodonit_Obelisk_Heilung_%E2%80%93_Geschliffener_Heilstein_586_g\" >Rhodonit Obelisk Heilung \u2013 Geschliffener Heilstein 586 g<\/a><\/li><li class='ez-toc-page-1 ez-toc-heading-level-4'><a class=\"ez-toc-link ez-toc-heading-2\" href=\"https:\/\/saphirsmaragd.com\/hu\/termek\/rhodonit-obelisk-heilung-2\/#_Merkmale_Herkunft\" >\u00a0Jellemz\u0151k \u00e9s eredet<\/a><\/li><li class='ez-toc-page-1 ez-toc-heading-level-4'><a class=\"ez-toc-link ez-toc-heading-3\" href=\"https:\/\/saphirsmaragd.com\/hu\/termek\/rhodonit-obelisk-heilung-2\/#_Besonderheiten\" >\u00a0K\u00fcl\u00f6nleges jellemz\u0151k<\/a><\/li><li class='ez-toc-page-1 ez-toc-heading-level-4'><a class=\"ez-toc-link ez-toc-heading-4\" href=\"https:\/\/saphirsmaragd.com\/hu\/termek\/rhodonit-obelisk-heilung-2\/#_Mehr_uber_Rhodonite_Heilsteine\" >\u00a0Mehr \u00fcber Rhodonite &amp; Heilsteine<\/a><\/li><li class='ez-toc-page-1 ez-toc-heading-level-4'><a class=\"ez-toc-link ez-toc-heading-5\" href=\"https:\/\/saphirsmaragd.com\/hu\/termek\/rhodonit-obelisk-heilung-2\/#_Weitere_Infos\" >\u00a0Tov\u00e1bbi inform\u00e1ci\u00f3<\/a><\/li><\/ul><\/nav><\/div>\n<h4 data-start=\"138\" data-end=\"200\"><span class=\"ez-toc-section\" id=\"Rhodonit_Obelisk_Heilung_%E2%80%93_Geschliffener_Heilstein_586_g\"><\/span><strong data-start=\"140\" data-end=\"200\">Rhodonit Obelisk Heilung \u2013 Geschliffener Heilstein 586 g<\/strong><span class=\"ez-toc-section-end\"><\/span><\/h4>\n<p data-start=\"202\" data-end=\"329\">Der Rhodonit Obelisk Heilung ist ein geschliffenes Einzelst\u00fcck aus Madagaskar \u2013 Sie erhalten genau das abgebildete Produkt.<\/p>\n<hr data-start=\"331\" data-end=\"334\" \/>\n<h4 data-start=\"336\" data-end=\"361\"><span class=\"ez-toc-section\" id=\"_Merkmale_Herkunft\"><\/span>\u00a0Jellemz\u0151k \u00e9s eredet<span class=\"ez-toc-section-end\"><\/span><\/h4>\n<p data-start=\"362\" data-end=\"630\">Farbe: Rosa mit schwarzen Adern<br data-start=\"393\" data-end=\"396\" \/>Form: Obelisk, geschliffen<br data-start=\"422\" data-end=\"425\" \/>Herkunft: Madagaskar<br data-start=\"445\" data-end=\"448\" \/>Gewicht: 586 g<br data-start=\"462\" data-end=\"465\" \/>Ma\u00dfe: 18.5 x 4 x 3 cm<br data-start=\"486\" data-end=\"489\" \/>Reinheit: Nat\u00fcrlich, mit typischen Einschl\u00fcssen<br data-start=\"536\" data-end=\"539\" \/>Behandlung: Unbehandelt<br data-start=\"607\" data-end=\"610\" \/>Steinart: Rhodonit<\/p>\n<hr data-start=\"632\" data-end=\"635\" \/>\n<h4 data-start=\"637\" data-end=\"657\"><span class=\"ez-toc-section\" id=\"_Besonderheiten\"><\/span>\u00a0K\u00fcl\u00f6nleges jellemz\u0151k<span class=\"ez-toc-section-end\"><\/span><\/h4>\n<p data-start=\"658\" data-end=\"1079\">Der Rhodonit Obelisk Heilung ist ein kraftvoller Heilstein, der sowohl emotionale als auch k\u00f6rperliche Regeneration unterst\u00fctzt. Besonders in Zeiten von Verlust, Trennung, Herzschmerz, Krankheit, Trauma oder emotionaler \u00dcberlastung kann Rhodonit stabilisierend und beruhigend wirken. Seine sanfte Energie hilft Ihnen, \u00c4ngste abzubauen, innere Ruhe zu finden und wieder in Ihr emotionales Gleichgewicht zur\u00fcckzukehren.<\/p>\n<p data-start=\"1081\" data-end=\"1561\">Rhodonit st\u00e4rkt Empathie, Verst\u00e4ndnis, Liebe, Geduld und Mitgef\u00fchl \u2013 Eigenschaften, die ihn zu einem idealen Stein f\u00fcr Beziehungen machen, egal ob freundschaftlich, famili\u00e4r oder romantisch. Er eignet sich besonders f\u00fcr Menschen, die schnell ihre Geduld verlieren, emotional impulsiv reagieren oder h\u00e4ufig in Konflikte geraten. Zudem unterst\u00fctzt Rhodonit dabei, klare Intuition gegen\u00fcber Menschen und Situationen zu entwickeln und sich besser vor negativen Einfl\u00fcssen zu sch\u00fctzen.<\/p>\n<p data-start=\"1563\" data-end=\"1842\">Auf k\u00f6rperlicher Ebene wird ihm eine regenerierende Wirkung zugeschrieben. Rhodonit wirkt traditionell blutstillend, unterst\u00fctzt die Wundheilung, kann Schwellungen und blaue Flecken reduzieren und wird h\u00e4ufig zur St\u00e4rkung von Herz, Kreislauf, Nerven, Haut und Knochen eingesetzt.<\/p>\n<hr data-start=\"1844\" data-end=\"1847\" \/>\n<h4 data-start=\"1849\" data-end=\"1889\"><span class=\"ez-toc-section\" id=\"_Mehr_uber_Rhodonite_Heilsteine\"><\/span>\u00a0Mehr \u00fcber Rhodonite &amp; Heilsteine<span class=\"ez-toc-section-end\"><\/span><\/h4>\n<p data-start=\"1890\" data-end=\"1968\"><a href=\"https:\/\/saphirsmaragd.com\/hu\/product-category\/heilsteine-kristalle-kaufen\/\">Gy\u00f3gy\u00edt\u00f3 k\u00f6vek \u00e9s krist\u00e1lyok<\/a> | Rhodonit &amp; Rosenquarz<br data-start=\"1936\" data-end=\"1939\" \/>\n<\/p>\n<hr data-start=\"1970\" data-end=\"1973\" \/>\n<h4 data-start=\"1975\" data-end=\"1996\"><span class=\"ez-toc-section\" id=\"_Weitere_Infos\"><\/span>\u00a0Tov\u00e1bbi inform\u00e1ci\u00f3<span class=\"ez-toc-section-end\"><\/span><\/h4>\n<p data-start=\"1997\" data-end=\"2089\"><a href=\"https:\/\/de.wikipedia.org\/wiki\/Rhodonit\" target=\"_blank\" rel=\"noopener\">Wikipedia \u2013 Rhodonit<\/a><br data-start=\"2057\" data-end=\"2060\" \/><\/p>","protected":false},"excerpt":{"rendered":"<p><em>Der Rhodonit Obelisk Heilung ist ein 586 g schweres, geschliffenes Einzelst\u00fcck aus Madagaskar. Ein kraftvoller Stein f\u00fcr emotionale und k\u00f6rperliche Regeneration \u2013 ideal f\u00fcr Beziehungsharmonie, Stressabbau und die St\u00e4rkung des inneren Gleichgewichts.<\/em><\/p>","protected":false},"featured_media":5399,"comment_status":"open","ping_status":"closed","template":"","meta":{"_glsr_average":0,"_glsr_ranking":0,"_glsr_reviews":0},"product_brand":[],"product_cat":[84],"product_tag":[],"class_list":{"0":"post-5397","1":"product","2":"type-product","3":"status-publish","4":"has-post-thumbnail","6":"product_cat-rohsteine-kaufen","8":"first","9":"instock","10":"taxable","11":"shipping-taxable","12":"purchasable","13":"product-type-simple","14":"add-to-wishlist-before_image"},"jetpack_sharing_enabled":true,"_links":{"self":[{"href":"https:\/\/saphirsmaragd.com\/hu\/wp-json\/wp\/v2\/product\/5397","targetHints":{"allow":["GET"]}}],"collection":[{"href":"https:\/\/saphirsmaragd.com\/hu\/wp-json\/wp\/v2\/product"}],"about":[{"href":"https:\/\/saphirsmaragd.com\/hu\/wp-json\/wp\/v2\/types\/product"}],"replies":[{"embeddable":true,"href":"https:\/\/saphirsmaragd.com\/hu\/wp-json\/wp\/v2\/comments?post=5397"}],"version-history":[{"count":1,"href":"https:\/\/saphirsmaragd.com\/hu\/wp-json\/wp\/v2\/product\/5397\/revisions"}],"predecessor-version":[{"id":5401,"href":"https:\/\/saphirsmaragd.com\/hu\/wp-json\/wp\/v2\/product\/5397\/revisions\/5401"}],"wp:featuredmedia":[{"embeddable":true,"href":"https:\/\/saphirsmaragd.com\/hu\/wp-json\/wp\/v2\/media\/5399"}],"wp:attachment":[{"href":"https:\/\/saphirsmaragd.com\/hu\/wp-json\/wp\/v2\/media?parent=5397"}],"wp:term":[{"taxonomy":"product_brand","embeddable":true,"href":"https:\/\/saphirsmaragd.com\/hu\/wp-json\/wp\/v2\/product_brand?post=5397"},{"taxonomy":"product_cat","embeddable":true,"href":"https:\/\/saphirsmaragd.com\/hu\/wp-json\/wp\/v2\/product_cat?post=5397"},{"taxonomy":"product_tag","embeddable":true,"href":"https:\/\/saphirsmaragd.com\/hu\/wp-json\/wp\/v2\/product_tag?post=5397"}],"curies":[{"name":"wp","href":"https:\/\/api.w.org\/{rel}","templated":true}]}}