{"id":5424,"date":"2025-11-19T14:41:49","date_gmt":"2025-11-19T14:41:49","guid":{"rendered":"https:\/\/saphirsmaragd.com\/?post_type=product&#038;p=5424"},"modified":"2025-11-19T14:41:50","modified_gmt":"2025-11-19T14:41:50","slug":"labradorit-obelisk-schutz-2","status":"publish","type":"product","link":"https:\/\/saphirsmaragd.com\/hu\/termek\/labradorit-obelisk-schutz-2\/","title":{"rendered":"Labradorit Obelisk Schutz \u2013 A-Qualit\u00e4t 1.146 g"},"content":{"rendered":"<div id=\"ez-toc-container\" class=\"ez-toc-v2_0_82_2 counter-hierarchy ez-toc-counter ez-toc-grey ez-toc-container-direction\">\n<div class=\"ez-toc-title-container\">\n<p class=\"ez-toc-title\" style=\"cursor:inherit\">Tartalomjegyz\u00e9k<\/p>\n<span class=\"ez-toc-title-toggle\"><a href=\"#\" class=\"ez-toc-pull-right ez-toc-btn ez-toc-btn-xs ez-toc-btn-default ez-toc-toggle\" aria-label=\"Toggle Table of Content\"><span class=\"ez-toc-js-icon-con\"><span class=\"\"><span class=\"eztoc-hide\" style=\"display:none;\">Toggle<\/span><span class=\"ez-toc-icon-toggle-span\"><svg style=\"fill: #999;color:#999\" xmlns=\"http:\/\/www.w3.org\/2000\/svg\" class=\"list-377408\" width=\"20px\" height=\"20px\" viewbox=\"0 0 24 24\" fill=\"none\"><path d=\"M6 6H4v2h2V6zm14 0H8v2h12V6zM4 11h2v2H4v-2zm16 0H8v2h12v-2zM4 16h2v2H4v-2zm16 0H8v2h12v-2z\" fill=\"currentColor\"><\/path><\/svg><svg style=\"fill: #999;color:#999\" class=\"arrow-unsorted-368013\" xmlns=\"http:\/\/www.w3.org\/2000\/svg\" width=\"10px\" height=\"10px\" viewbox=\"0 0 24 24\" version=\"1.2\" baseprofile=\"tiny\"><path d=\"M18.2 9.3l-6.2-6.3-6.2 6.3c-.2.2-.3.4-.3.7s.1.5.3.7c.2.2.4.3.7.3h11c.3 0 .5-.1.7-.3.2-.2.3-.5.3-.7s-.1-.5-.3-.7zM5.8 14.7l6.2 6.3 6.2-6.3c.2-.2.3-.5.3-.7s-.1-.5-.3-.7c-.2-.2-.4-.3-.7-.3h-11c-.3 0-.5.1-.7.3-.2.2-.3.5-.3.7s.1.5.3.7z\"\/><\/svg><\/span><\/span><\/span><\/a><\/span><\/div>\n<nav><ul class='ez-toc-list ez-toc-list-level-1' ><li class='ez-toc-page-1 ez-toc-heading-level-4'><a class=\"ez-toc-link ez-toc-heading-1\" href=\"https:\/\/saphirsmaragd.com\/hu\/termek\/labradorit-obelisk-schutz-2\/#Labradorit_Obelisk_Schutz_%E2%80%93_A-Qualitat_1146_g\" >Labradorit Obelisk Schutz \u2013 A-Qualit\u00e4t 1.146 g<\/a><\/li><li class='ez-toc-page-1 ez-toc-heading-level-4'><a class=\"ez-toc-link ez-toc-heading-2\" href=\"https:\/\/saphirsmaragd.com\/hu\/termek\/labradorit-obelisk-schutz-2\/#_Merkmale_Herkunft\" >\u00a0Jellemz\u0151k \u00e9s eredet<\/a><\/li><li class='ez-toc-page-1 ez-toc-heading-level-4'><a class=\"ez-toc-link ez-toc-heading-3\" href=\"https:\/\/saphirsmaragd.com\/hu\/termek\/labradorit-obelisk-schutz-2\/#_Besonderheiten\" >\u00a0K\u00fcl\u00f6nleges jellemz\u0151k<\/a><\/li><li class='ez-toc-page-1 ez-toc-heading-level-4'><a class=\"ez-toc-link ez-toc-heading-4\" href=\"https:\/\/saphirsmaragd.com\/hu\/termek\/labradorit-obelisk-schutz-2\/#_Mehr_uber_Labradorit_Heilsteine\" >\u00a0Mehr \u00fcber Labradorit &amp; Heilsteine<\/a><\/li><li class='ez-toc-page-1 ez-toc-heading-level-4'><a class=\"ez-toc-link ez-toc-heading-5\" href=\"https:\/\/saphirsmaragd.com\/hu\/termek\/labradorit-obelisk-schutz-2\/#_Weitere_Infos\" >\u00a0Tov\u00e1bbi inform\u00e1ci\u00f3<\/a><\/li><\/ul><\/nav><\/div>\n<h4 data-start=\"198\" data-end=\"250\"><span class=\"ez-toc-section\" id=\"Labradorit_Obelisk_Schutz_%E2%80%93_A-Qualitat_1146_g\"><\/span><strong data-start=\"200\" data-end=\"250\">Labradorit Obelisk Schutz \u2013 A-Qualit\u00e4t 1.146 g<\/strong><span class=\"ez-toc-section-end\"><\/span><\/h4>\n<p data-start=\"252\" data-end=\"380\">Der Labradorit Obelisk Schutz ist ein einzigartiges, geschliffenes Einzelst\u00fcck \u2013 Sie erhalten genau das abgebildete Produkt.<\/p>\n<hr data-start=\"382\" data-end=\"385\" \/>\n<h4 data-start=\"387\" data-end=\"412\"><span class=\"ez-toc-section\" id=\"_Merkmale_Herkunft\"><\/span>\u00a0Jellemz\u0151k \u00e9s eredet<span class=\"ez-toc-section-end\"><\/span><\/h4>\n<p data-start=\"413\" data-end=\"716\">Farbe: Schillerndes Grau-Blau mit Irisierungen<br data-start=\"459\" data-end=\"462\" \/>Form: Obelisk, geschliffen<br data-start=\"488\" data-end=\"491\" \/>Herkunft: Unbekannt (typisch: Madagaskar)<br data-start=\"532\" data-end=\"535\" \/>Gewicht: 1.146 g<br data-start=\"551\" data-end=\"554\" \/>Ma\u00dfe: 22 x 6 x 4 cm<br data-start=\"573\" data-end=\"576\" \/>Reinheit: A-Qualit\u00e4t, nat\u00fcrliche Einschl\u00fcsse<br data-start=\"620\" data-end=\"623\" \/>Behandlung: Unbehandelt<br data-start=\"691\" data-end=\"694\" \/>Steinart: Labradorit<\/p>\n<hr data-start=\"718\" data-end=\"721\" \/>\n<h4 data-start=\"723\" data-end=\"743\"><span class=\"ez-toc-section\" id=\"_Besonderheiten\"><\/span>\u00a0K\u00fcl\u00f6nleges jellemz\u0151k<span class=\"ez-toc-section-end\"><\/span><\/h4>\n<p data-start=\"744\" data-end=\"1341\">Der Labradorit Obelisk Schutz ist ein kraftvoller Schutzstein, der besonders von energetisch sensiblen Menschen, Therapeuten und spirituellen Praktizierenden genutzt wird. Er bildet ein starkes energetisches Schutzschild, st\u00e4rkt die Aura und reinigt sie von energetischen Belastungen. Der Stein sch\u00fctzt vor \u00dcberstimulation, fremden Energien, negativen Personen und allen Einfl\u00fcssen, die nicht zu Ihrem eigenen Energiefeld geh\u00f6ren. Gleichzeitig hilft er, geerdet und stabil zu bleiben \u2013 auch in Situationen, in denen Sie leicht aus dem Gleichgewicht geraten oder sich ausgelaugt f\u00fchlen k\u00f6nnten.<\/p>\n<p data-start=\"1343\" data-end=\"1859\">Labradorit f\u00f6rdert intuitive Wahrnehmung und spirituelle Kraft. Er unterst\u00fctzt die Verbindung zu spirituellen F\u00fchrern, h\u00f6heren Energien, vergangenen Leben und anderen Dimensionen. Zudem stimuliert er das dritte Auge und f\u00f6rdert die Integration spiritueller Erkenntnisse in den Alltag. Der Stein eignet sich hervorragend f\u00fcr Meditation, Traum- und Lichtarbeit, Regressionstherapie, schamanische Reisen und mediale Arbeit. Er erleichtert sowohl die spirituelle \u00d6ffnung als auch die sichere R\u00fcckkehr ins Hier und Jetzt.<\/p>\n<hr data-start=\"2215\" data-end=\"2218\" \/>\n<h4 data-start=\"2220\" data-end=\"2261\"><span class=\"ez-toc-section\" id=\"_Mehr_uber_Labradorit_Heilsteine\"><\/span>\u00a0Mehr \u00fcber Labradorit &amp; Heilsteine<span class=\"ez-toc-section-end\"><\/span><\/h4>\n<p data-start=\"2262\" data-end=\"2342\"><a href=\"https:\/\/saphirsmaragd.com\/hu\/product-category\/heilsteine-kristalle-kaufen\/\">Gy\u00f3gy\u00edt\u00f3 k\u00f6vek \u00e9s krist\u00e1lyok<\/a> | Labradorit &amp; Mondstein<br data-start=\"2309\" data-end=\"2312\" \/>\n<\/p>\n<hr data-start=\"2344\" data-end=\"2347\" \/>\n<h4 data-start=\"2349\" data-end=\"2370\"><span class=\"ez-toc-section\" id=\"_Weitere_Infos\"><\/span>\u00a0Tov\u00e1bbi inform\u00e1ci\u00f3<span class=\"ez-toc-section-end\"><\/span><\/h4>\n<p data-start=\"2371\" data-end=\"2467\"><a href=\"https:\/\/de.wikipedia.org\/wiki\/Labradorit\" target=\"_blank\" rel=\"noopener\">Wikipedia \u2013 Labradorit<\/a><br data-start=\"2435\" data-end=\"2438\" \/><\/p>","protected":false},"excerpt":{"rendered":"<p><em>Der Labradorit Obelisk Schutz ist ein 1.146 g schweres, geschliffenes Einzelst\u00fcck. Ein kraftvoller Schutz- und Heilstein, der Intuition, spirituelle St\u00e4rke, Erdung und innere Balance f\u00f6rdert \u2013 ideal f\u00fcr Meditation und spirituelle Arbeit.<\/em><\/p>","protected":false},"featured_media":5425,"comment_status":"open","ping_status":"closed","template":"","meta":{"_glsr_average":0,"_glsr_ranking":0,"_glsr_reviews":0},"product_brand":[],"product_cat":[84],"product_tag":[],"class_list":{"0":"post-5424","1":"product","2":"type-product","3":"status-publish","4":"has-post-thumbnail","6":"product_cat-rohsteine-kaufen","8":"first","9":"instock","10":"taxable","11":"shipping-taxable","12":"purchasable","13":"product-type-simple","14":"add-to-wishlist-before_image"},"jetpack_sharing_enabled":true,"_links":{"self":[{"href":"https:\/\/saphirsmaragd.com\/hu\/wp-json\/wp\/v2\/product\/5424","targetHints":{"allow":["GET"]}}],"collection":[{"href":"https:\/\/saphirsmaragd.com\/hu\/wp-json\/wp\/v2\/product"}],"about":[{"href":"https:\/\/saphirsmaragd.com\/hu\/wp-json\/wp\/v2\/types\/product"}],"replies":[{"embeddable":true,"href":"https:\/\/saphirsmaragd.com\/hu\/wp-json\/wp\/v2\/comments?post=5424"}],"version-history":[{"count":2,"href":"https:\/\/saphirsmaragd.com\/hu\/wp-json\/wp\/v2\/product\/5424\/revisions"}],"predecessor-version":[{"id":5429,"href":"https:\/\/saphirsmaragd.com\/hu\/wp-json\/wp\/v2\/product\/5424\/revisions\/5429"}],"wp:featuredmedia":[{"embeddable":true,"href":"https:\/\/saphirsmaragd.com\/hu\/wp-json\/wp\/v2\/media\/5425"}],"wp:attachment":[{"href":"https:\/\/saphirsmaragd.com\/hu\/wp-json\/wp\/v2\/media?parent=5424"}],"wp:term":[{"taxonomy":"product_brand","embeddable":true,"href":"https:\/\/saphirsmaragd.com\/hu\/wp-json\/wp\/v2\/product_brand?post=5424"},{"taxonomy":"product_cat","embeddable":true,"href":"https:\/\/saphirsmaragd.com\/hu\/wp-json\/wp\/v2\/product_cat?post=5424"},{"taxonomy":"product_tag","embeddable":true,"href":"https:\/\/saphirsmaragd.com\/hu\/wp-json\/wp\/v2\/product_tag?post=5424"}],"curies":[{"name":"wp","href":"https:\/\/api.w.org\/{rel}","templated":true}]}}