{"id":5639,"date":"2025-11-23T21:16:06","date_gmt":"2025-11-23T21:16:06","guid":{"rendered":"https:\/\/saphirsmaragd.com\/?post_type=product&#038;p=5639"},"modified":"2025-12-05T10:28:39","modified_gmt":"2025-12-05T10:28:39","slug":"obelisk-achat-lace-poliert-1082g","status":"publish","type":"product","link":"https:\/\/saphirsmaragd.com\/hu\/termek\/obelisk-achat-lace-poliert-1082g\/","title":{"rendered":"Obelisk Achat Lace Poliert \u2013 1082 g \u2013 Naturstein &#038; Unikat"},"content":{"rendered":"<div id=\"ez-toc-container\" class=\"ez-toc-v2_0_82_2 counter-hierarchy ez-toc-counter ez-toc-grey ez-toc-container-direction\">\n<div class=\"ez-toc-title-container\">\n<p class=\"ez-toc-title\" style=\"cursor:inherit\">Tartalomjegyz\u00e9k<\/p>\n<span class=\"ez-toc-title-toggle\"><a href=\"#\" class=\"ez-toc-pull-right ez-toc-btn ez-toc-btn-xs ez-toc-btn-default ez-toc-toggle\" aria-label=\"Toggle Table of Content\"><span class=\"ez-toc-js-icon-con\"><span class=\"\"><span class=\"eztoc-hide\" style=\"display:none;\">Toggle<\/span><span class=\"ez-toc-icon-toggle-span\"><svg style=\"fill: #999;color:#999\" xmlns=\"http:\/\/www.w3.org\/2000\/svg\" class=\"list-377408\" width=\"20px\" height=\"20px\" viewbox=\"0 0 24 24\" fill=\"none\"><path d=\"M6 6H4v2h2V6zm14 0H8v2h12V6zM4 11h2v2H4v-2zm16 0H8v2h12v-2zM4 16h2v2H4v-2zm16 0H8v2h12v-2z\" fill=\"currentColor\"><\/path><\/svg><svg style=\"fill: #999;color:#999\" class=\"arrow-unsorted-368013\" xmlns=\"http:\/\/www.w3.org\/2000\/svg\" width=\"10px\" height=\"10px\" viewbox=\"0 0 24 24\" version=\"1.2\" baseprofile=\"tiny\"><path d=\"M18.2 9.3l-6.2-6.3-6.2 6.3c-.2.2-.3.4-.3.7s.1.5.3.7c.2.2.4.3.7.3h11c.3 0 .5-.1.7-.3.2-.2.3-.5.3-.7s-.1-.5-.3-.7zM5.8 14.7l6.2 6.3 6.2-6.3c.2-.2.3-.5.3-.7s-.1-.5-.3-.7c-.2-.2-.4-.3-.7-.3h-11c-.3 0-.5.1-.7.3-.2.2-.3.5-.3.7s.1.5.3.7z\"\/><\/svg><\/span><\/span><\/span><\/a><\/span><\/div>\n<nav><ul class='ez-toc-list ez-toc-list-level-1' ><li class='ez-toc-page-1 ez-toc-heading-level-4'><a class=\"ez-toc-link ez-toc-heading-1\" href=\"https:\/\/saphirsmaragd.com\/hu\/termek\/obelisk-achat-lace-poliert-1082g\/#Obelisk_Achat_Lace_Poliert_%E2%80%93_1082_g_%E2%80%93_Naturstein_Unikat\" >Obelisk Achat Lace Poliert \u2013 1082 g \u2013 Naturstein &amp; Unikat<\/a><\/li><li class='ez-toc-page-1 ez-toc-heading-level-4'><a class=\"ez-toc-link ez-toc-heading-2\" href=\"https:\/\/saphirsmaragd.com\/hu\/termek\/obelisk-achat-lace-poliert-1082g\/#Merkmale_Herkunft\" >Jellemz\u0151k \u00e9s eredet<\/a><\/li><li class='ez-toc-page-1 ez-toc-heading-level-4'><a class=\"ez-toc-link ez-toc-heading-3\" href=\"https:\/\/saphirsmaragd.com\/hu\/termek\/obelisk-achat-lace-poliert-1082g\/#Besonderheiten\" >K\u00fcl\u00f6nleges jellemz\u0151k\u00a0<\/a><\/li><li class='ez-toc-page-1 ez-toc-heading-level-4'><a class=\"ez-toc-link ez-toc-heading-4\" href=\"https:\/\/saphirsmaragd.com\/hu\/termek\/obelisk-achat-lace-poliert-1082g\/#Mehr_uber_Achate_Heilsteine\" >Mehr \u00fcber Achate &amp; Heilsteine<\/a><\/li><\/ul><\/nav><\/div>\n<h4 data-start=\"778\" data-end=\"839\"><span class=\"ez-toc-section\" id=\"Obelisk_Achat_Lace_Poliert_%E2%80%93_1082_g_%E2%80%93_Naturstein_Unikat\"><\/span><strong data-start=\"778\" data-end=\"839\">Obelisk Achat Lace Poliert \u2013 1082 g \u2013 Naturstein &amp; Unikat<\/strong><span class=\"ez-toc-section-end\"><\/span><\/h4>\n<p data-start=\"841\" data-end=\"1091\">Dieser Obelisk aus Lace Achat aus Mexiko ist ein kraftvoller Heilstein f\u00fcr Erdung, Stabilit\u00e4t, Schutz und emotionale Balance.<br data-start=\"966\" data-end=\"969\" \/>Das St\u00fcck zeigt nat\u00fcrliche Vertiefungen und Imperfektionen, die seine Echtheit und Qualit\u00e4t als Naturstein unterstreichen.<\/p>\n<hr data-start=\"1093\" data-end=\"1096\" \/>\n<h4 data-start=\"1098\" data-end=\"1127\"><span class=\"ez-toc-section\" id=\"Merkmale_Herkunft\"><\/span><strong data-start=\"1104\" data-end=\"1127\">Jellemz\u0151k \u00e9s eredet<\/strong><span class=\"ez-toc-section-end\"><\/span><\/h4>\n<p data-start=\"1129\" data-end=\"1389\">Farbe: Rosa\/Wei\u00df<br data-start=\"1149\" data-end=\"1152\" \/>Form: Obelisk (poliert)<br data-start=\"1179\" data-end=\"1182\" \/>Herkunft: Mexiko<br data-start=\"1202\" data-end=\"1205\" \/>Gewicht: 1082 g<br data-start=\"1224\" data-end=\"1227\" \/>Ma\u00dfe: 25 \u00d7 5.5 \u00d7 4 cm<br data-start=\"1252\" data-end=\"1255\" \/>Reinheit: Nat\u00fcrlich<br data-start=\"1278\" data-end=\"1281\" \/>Behandlung: Poliert<br data-start=\"1346\" data-end=\"1349\" \/>Steinart: Achat (Lace \/ rosa-wei\u00df)<\/p>\n<hr data-start=\"1391\" data-end=\"1394\" \/>\n<h4 data-start=\"1396\" data-end=\"1430\"><span class=\"ez-toc-section\" id=\"Besonderheiten\"><\/span><strong data-start=\"1402\" data-end=\"1430\">K\u00fcl\u00f6nleges jellemz\u0151k\u00a0<\/strong><span class=\"ez-toc-section-end\"><\/span><\/h4>\n<p data-start=\"1432\" data-end=\"1988\">Lace Achat wirkt beruhigend, stabilisierend und sch\u00fctzend. Er f\u00f6rdert Erdung, emotionale Balance, Optimismus und Selbstvertrauen. Der Stein unterst\u00fctzt Flexibilit\u00e4t, Klarheit und systematisches Denken, w\u00e4hrend er negative Energie absorbiert und pers\u00f6nliche Entwicklung stimuliert.<br data-start=\"1712\" data-end=\"1715\" \/>Seine sanfte Energie ist besonders f\u00fcr sensible Menschen, Kinder und Frauen in der Schwangerschaft geeignet. Physisch wirkt er positiv auf Herz, Kreislauf, Stoffwechsel, Verdauung und das Nervensystem. Ideal f\u00fcr Meditation, Praxisr\u00e4ume oder zur Harmonisierung eines Raumes.<\/p>\n<hr data-start=\"1990\" data-end=\"1993\" \/>\n<h4 data-start=\"1995\" data-end=\"2034\"><span class=\"ez-toc-section\" id=\"Mehr_uber_Achate_Heilsteine\"><\/span><strong data-start=\"2001\" data-end=\"2034\">Mehr \u00fcber Achate &amp; Heilsteine<\/strong><span class=\"ez-toc-section-end\"><\/span><\/h4>\n<p data-start=\"2036\" data-end=\"2069\"><a href=\"https:\/\/saphirsmaragd.com\/hu\/product-category\/heilsteine-kristalle-kaufen\/\">Gy\u00f3gy\u00edt\u00f3 k\u00f6vek \u00e9s krist\u00e1lyok<\/a> | Achate<\/p>\n<hr data-start=\"1990\" data-end=\"1993\" \/>\n<p data-start=\"2071\" data-end=\"2133\"><strong data-start=\"2071\" data-end=\"2085\">Wikipedia:<\/strong><br data-start=\"2085\" data-end=\"2088\" \/>Achat \u2192<a class=\"decorated-link\" href=\"https:\/\/de.wikipedia.org\/wiki\/Achat\" target=\"_new\" rel=\"noopener\" data-start=\"2096\" data-end=\"2131\">wikipedia:Achat<\/a><\/p>","protected":false},"excerpt":{"rendered":"<p><em>Der Obelisk Achat Lace Poliert mit 1082 g ist ein beruhigender, stabilisierender und sch\u00fctzender Heilstein. Unterst\u00fctzt Erdung, emotionale Balance, Optimismus und pers\u00f6nliche Entwicklung. Ein poliertes Unikat aus Mexiko \u2013 ideal f\u00fcr Meditation oder Praxisr\u00e4ume.<\/em><\/p>","protected":false},"featured_media":5640,"comment_status":"open","ping_status":"closed","template":"","meta":{"_glsr_average":0,"_glsr_ranking":0,"_glsr_reviews":0},"product_brand":[],"product_cat":[84],"product_tag":[],"class_list":{"0":"post-5639","1":"product","2":"type-product","3":"status-publish","4":"has-post-thumbnail","6":"product_cat-rohsteine-kaufen","8":"first","9":"instock","10":"taxable","11":"shipping-taxable","12":"purchasable","13":"product-type-simple","14":"add-to-wishlist-before_image"},"jetpack_sharing_enabled":true,"_links":{"self":[{"href":"https:\/\/saphirsmaragd.com\/hu\/wp-json\/wp\/v2\/product\/5639","targetHints":{"allow":["GET"]}}],"collection":[{"href":"https:\/\/saphirsmaragd.com\/hu\/wp-json\/wp\/v2\/product"}],"about":[{"href":"https:\/\/saphirsmaragd.com\/hu\/wp-json\/wp\/v2\/types\/product"}],"replies":[{"embeddable":true,"href":"https:\/\/saphirsmaragd.com\/hu\/wp-json\/wp\/v2\/comments?post=5639"}],"version-history":[{"count":1,"href":"https:\/\/saphirsmaragd.com\/hu\/wp-json\/wp\/v2\/product\/5639\/revisions"}],"predecessor-version":[{"id":5644,"href":"https:\/\/saphirsmaragd.com\/hu\/wp-json\/wp\/v2\/product\/5639\/revisions\/5644"}],"wp:featuredmedia":[{"embeddable":true,"href":"https:\/\/saphirsmaragd.com\/hu\/wp-json\/wp\/v2\/media\/5640"}],"wp:attachment":[{"href":"https:\/\/saphirsmaragd.com\/hu\/wp-json\/wp\/v2\/media?parent=5639"}],"wp:term":[{"taxonomy":"product_brand","embeddable":true,"href":"https:\/\/saphirsmaragd.com\/hu\/wp-json\/wp\/v2\/product_brand?post=5639"},{"taxonomy":"product_cat","embeddable":true,"href":"https:\/\/saphirsmaragd.com\/hu\/wp-json\/wp\/v2\/product_cat?post=5639"},{"taxonomy":"product_tag","embeddable":true,"href":"https:\/\/saphirsmaragd.com\/hu\/wp-json\/wp\/v2\/product_tag?post=5639"}],"curies":[{"name":"wp","href":"https:\/\/api.w.org\/{rel}","templated":true}]}}