{"id":6186,"date":"2025-12-14T16:37:14","date_gmt":"2025-12-14T16:37:14","guid":{"rendered":"https:\/\/saphirsmaragd.com\/?post_type=product&#038;p=6186"},"modified":"2025-12-29T18:49:00","modified_gmt":"2025-12-29T18:49:00","slug":"spinell-2-11-karat-oval-rosa","status":"publish","type":"product","link":"https:\/\/saphirsmaragd.com\/hu\/termek\/spinell-2-11-karat-oval-rosa\/","title":{"rendered":"Spinell 2,11 kar\u00e1tos ov\u00e1lis r\u00f3zsasz\u00edn - Intenz\u00edv r\u00f3zsasz\u00edn\u0171 term\u00e9szetes spinell Sri Lank\u00e1r\u00f3l."},"content":{"rendered":"<h4 data-start=\"837\" data-end=\"871\"><\/h4>\n<div id=\"ez-toc-container\" class=\"ez-toc-v2_0_82_2 counter-hierarchy ez-toc-counter ez-toc-grey ez-toc-container-direction\">\n<div class=\"ez-toc-title-container\">\n<p class=\"ez-toc-title\" style=\"cursor:inherit\">Tartalomjegyz\u00e9k<\/p>\n<span class=\"ez-toc-title-toggle\"><a href=\"#\" class=\"ez-toc-pull-right ez-toc-btn ez-toc-btn-xs ez-toc-btn-default ez-toc-toggle\" aria-label=\"Toggle Table of Content\"><span class=\"ez-toc-js-icon-con\"><span class=\"\"><span class=\"eztoc-hide\" style=\"display:none;\">Toggle<\/span><span class=\"ez-toc-icon-toggle-span\"><svg style=\"fill: #999;color:#999\" xmlns=\"http:\/\/www.w3.org\/2000\/svg\" class=\"list-377408\" width=\"20px\" height=\"20px\" viewbox=\"0 0 24 24\" fill=\"none\"><path d=\"M6 6H4v2h2V6zm14 0H8v2h12V6zM4 11h2v2H4v-2zm16 0H8v2h12v-2zM4 16h2v2H4v-2zm16 0H8v2h12v-2z\" fill=\"currentColor\"><\/path><\/svg><svg style=\"fill: #999;color:#999\" class=\"arrow-unsorted-368013\" xmlns=\"http:\/\/www.w3.org\/2000\/svg\" width=\"10px\" height=\"10px\" viewbox=\"0 0 24 24\" version=\"1.2\" baseprofile=\"tiny\"><path d=\"M18.2 9.3l-6.2-6.3-6.2 6.3c-.2.2-.3.4-.3.7s.1.5.3.7c.2.2.4.3.7.3h11c.3 0 .5-.1.7-.3.2-.2.3-.5.3-.7s-.1-.5-.3-.7zM5.8 14.7l6.2 6.3 6.2-6.3c.2-.2.3-.5.3-.7s-.1-.5-.3-.7c-.2-.2-.4-.3-.7-.3h-11c-.3 0-.5.1-.7.3-.2.2-.3.5-.3.7s.1.5.3.7z\"\/><\/svg><\/span><\/span><\/span><\/a><\/span><\/div>\n<nav><ul class='ez-toc-list ez-toc-list-level-1' ><li class='ez-toc-page-1 ez-toc-heading-level-4'><a class=\"ez-toc-link ez-toc-heading-1\" href=\"https:\/\/saphirsmaragd.com\/hu\/termek\/spinell-2-11-karat-oval-rosa\/#Spinell_211_Karat_Oval_Rosa\" >Spinell 2.11 Karat Oval Rosa<\/a><\/li><li class='ez-toc-page-1 ez-toc-heading-level-4'><a class=\"ez-toc-link ez-toc-heading-2\" href=\"https:\/\/saphirsmaragd.com\/hu\/termek\/spinell-2-11-karat-oval-rosa\/#Merkmale_Herkunft\" >Jellemz\u0151k \u00e9s eredet<\/a><\/li><li class='ez-toc-page-1 ez-toc-heading-level-4'><a class=\"ez-toc-link ez-toc-heading-3\" href=\"https:\/\/saphirsmaragd.com\/hu\/termek\/spinell-2-11-karat-oval-rosa\/#Besonderheiten\" >K\u00fcl\u00f6nleges jellemz\u0151k<\/a><\/li><li class='ez-toc-page-1 ez-toc-heading-level-4'><a class=\"ez-toc-link ez-toc-heading-4\" href=\"https:\/\/saphirsmaragd.com\/hu\/termek\/spinell-2-11-karat-oval-rosa\/#Mehr_uber_unsere_Edelsteine\" >T\u00f6bbet a dr\u00e1gak\u00f6veinkr\u0151l<\/a><\/li><li class='ez-toc-page-1 ez-toc-heading-level-4'><a class=\"ez-toc-link ez-toc-heading-5\" href=\"https:\/\/saphirsmaragd.com\/hu\/termek\/spinell-2-11-karat-oval-rosa\/#Weitere_Infos\" >Tov\u00e1bbi inform\u00e1ci\u00f3<\/a><\/li><\/ul><\/nav><\/div>\n<h4 data-start=\"960\" data-end=\"992\"><span class=\"ez-toc-section\" id=\"Spinell_211_Karat_Oval_Rosa\"><\/span>Spinell 2.11 Karat Oval Rosa<span class=\"ez-toc-section-end\"><\/span><\/h4>\n<p data-start=\"993\" data-end=\"1281\">Ez a <strong data-start=\"1000\" data-end=\"1032\">Spinell 2.11 Karat Oval Rosa<\/strong> beeindruckt durch seine kr\u00e4ftige rosafarbene bis leicht violette T\u00f6nung und seine au\u00dfergew\u00f6hnliche Brillanz. Die hohe Transparenz und der pr\u00e4zise Ovalschliff sorgen f\u00fcr ein lebendiges Farbspiel, das diesen Edelstein zu einem echten Blickfang macht.<\/p>\n<hr data-start=\"1283\" data-end=\"1286\" \/>\n<h4 data-start=\"1288\" data-end=\"1312\"><span class=\"ez-toc-section\" id=\"Merkmale_Herkunft\"><\/span>Jellemz\u0151k \u00e9s eredet<span class=\"ez-toc-section-end\"><\/span><\/h4>\n<p data-start=\"1313\" data-end=\"1553\">Steinart: Spinell<br data-start=\"1330\" data-end=\"1333\" \/>Farbe: Rosa<br data-start=\"1344\" data-end=\"1347\" \/>Form: Oval<br data-start=\"1357\" data-end=\"1360\" \/>Gewicht: 2.11 Karat<br data-start=\"1379\" data-end=\"1382\" \/>Gr\u00f6\u00dfe: 8.28 \u00d7 6.59 \u00d7 5.31 mm<br data-start=\"1410\" data-end=\"1413\" \/>Herkunft: Sri Lanka<br data-start=\"1432\" data-end=\"1435\" \/>Reinheit: Kleine Einschl\u00fcsse<br data-start=\"1463\" data-end=\"1466\" \/>Behandlung: Unbehandelt<br data-start=\"1489\" data-end=\"1492\" \/>H\u00e4rte (Mohs): 8<br data-start=\"1507\" data-end=\"1510\" \/>Zertifikat: Hauszertifikat<br data-start=\"1536\" data-end=\"1539\" \/>\u00c1llapot: \u00daj<\/p>\n<hr data-start=\"1555\" data-end=\"1558\" \/>\n<h4 data-start=\"1560\" data-end=\"1579\"><span class=\"ez-toc-section\" id=\"Besonderheiten\"><\/span>K\u00fcl\u00f6nleges jellemz\u0151k<span class=\"ez-toc-section-end\"><\/span><\/h4>\n<p data-start=\"1580\" data-end=\"1955\">A <strong data-start=\"1584\" data-end=\"1616\">Spinell 2.11 Karat Oval Rosa<\/strong> zeigt eine intensive, gleichm\u00e4\u00dfige Farbverteilung mit lebendigen pink- bis magentafarbenen Nuancen. Die feinen nat\u00fcrlichen Einschl\u00fcsse best\u00e4tigen seine Echtheit und unbehandelte Herkunft. Spinell gilt als \u00e4u\u00dferst widerstandsf\u00e4higer Edelstein und eignet sich hervorragend f\u00fcr hochwertige Ringe, Anh\u00e4nger oder exklusive Einzelanfertigungen.<\/p>\n<h4 data-start=\"1931\" data-end=\"1971\"><span class=\"ez-toc-section\" id=\"Mehr_uber_unsere_Edelsteine\"><\/span>T\u00f6bbet a dr\u00e1gak\u00f6veinkr\u0151l<span class=\"ez-toc-section-end\"><\/span><\/h4>\n<p data-start=\"1972\" data-end=\"2069\"><a href=\"https:\/\/saphirsmaragd.com\/hu\/product-category\/edelsteine-kaufen\/\">Dr\u00e1gak\u00f6vek<\/a><\/p>\n<hr data-start=\"2071\" data-end=\"2074\" \/>\n<h4 data-start=\"2076\" data-end=\"2096\"><span class=\"ez-toc-section\" id=\"Weitere_Infos\"><\/span>Tov\u00e1bbi inform\u00e1ci\u00f3<span class=\"ez-toc-section-end\"><\/span><\/h4>\n<p><a href=\"https:\/\/de.wikipedia.org\/wiki\/Spinell\" target=\"_blank\" rel=\"noopener\">Wikipedia: Spinell<\/a><\/p>","protected":false},"excerpt":{"rendered":"<p data-start=\"654\" data-end=\"809\"><em>Spinell 2.11 Karat Oval Rosa aus Sri Lanka \u2013 nat\u00fcrlicher, unbehandelter rosa Spinell mit intensiver Farbe, hoher Transparenz und elegantem Ovalschliff.<\/em><\/p>\n<h3 data-start=\"660\" data-end=\"684\"><\/h3>\n<p data-start=\"575\" data-end=\"606\">","protected":false},"featured_media":6189,"comment_status":"open","ping_status":"closed","template":"","meta":{"_glsr_average":0,"_glsr_ranking":0,"_glsr_reviews":0},"product_brand":[],"product_cat":[290],"product_tag":[],"class_list":{"0":"post-6186","1":"product","2":"type-product","3":"status-publish","4":"has-post-thumbnail","6":"product_cat-spinell","7":"pa_edelsteinart-spinell","8":"pa_farbe-rot","9":"pa_form-oval","10":"pa_gewicht-karat-1-0-3-0-karat","11":"pa_herkunft-sri-lanka","12":"pa_reinheit-kleine-einschluesse","13":"pa_veredelung-behandlung-unbehandelt","14":"pa_zertifikat-ja","15":"pa_zustand-neu","17":"first","18":"instock","19":"featured","20":"sold-individually","21":"shipping-taxable","22":"purchasable","23":"product-type-simple","24":"add-to-wishlist-before_image"},"jetpack_sharing_enabled":true,"_links":{"self":[{"href":"https:\/\/saphirsmaragd.com\/hu\/wp-json\/wp\/v2\/product\/6186","targetHints":{"allow":["GET"]}}],"collection":[{"href":"https:\/\/saphirsmaragd.com\/hu\/wp-json\/wp\/v2\/product"}],"about":[{"href":"https:\/\/saphirsmaragd.com\/hu\/wp-json\/wp\/v2\/types\/product"}],"replies":[{"embeddable":true,"href":"https:\/\/saphirsmaragd.com\/hu\/wp-json\/wp\/v2\/comments?post=6186"}],"version-history":[{"count":1,"href":"https:\/\/saphirsmaragd.com\/hu\/wp-json\/wp\/v2\/product\/6186\/revisions"}],"predecessor-version":[{"id":6190,"href":"https:\/\/saphirsmaragd.com\/hu\/wp-json\/wp\/v2\/product\/6186\/revisions\/6190"}],"wp:featuredmedia":[{"embeddable":true,"href":"https:\/\/saphirsmaragd.com\/hu\/wp-json\/wp\/v2\/media\/6189"}],"wp:attachment":[{"href":"https:\/\/saphirsmaragd.com\/hu\/wp-json\/wp\/v2\/media?parent=6186"}],"wp:term":[{"taxonomy":"product_brand","embeddable":true,"href":"https:\/\/saphirsmaragd.com\/hu\/wp-json\/wp\/v2\/product_brand?post=6186"},{"taxonomy":"product_cat","embeddable":true,"href":"https:\/\/saphirsmaragd.com\/hu\/wp-json\/wp\/v2\/product_cat?post=6186"},{"taxonomy":"product_tag","embeddable":true,"href":"https:\/\/saphirsmaragd.com\/hu\/wp-json\/wp\/v2\/product_tag?post=6186"}],"curies":[{"name":"wp","href":"https:\/\/api.w.org\/{rel}","templated":true}]}}