{"id":6612,"date":"2025-12-22T10:51:35","date_gmt":"2025-12-22T10:51:35","guid":{"rendered":"https:\/\/saphirsmaragd.com\/?post_type=product&#038;p=6612"},"modified":"2025-12-22T10:51:36","modified_gmt":"2025-12-22T10:51:36","slug":"anhaenger-mit-feuerachat-tropfen-22x14","status":"publish","type":"product","link":"https:\/\/saphirsmaragd.com\/hu\/termek\/anhaenger-mit-feuerachat-tropfen-22x14\/","title":{"rendered":"Anh\u00e4nger mit Feuerachat Tropfen \u2013 2.2 x 1.4 cm in Silber 925"},"content":{"rendered":"<div id=\"ez-toc-container\" class=\"ez-toc-v2_0_82_2 counter-hierarchy ez-toc-counter ez-toc-grey ez-toc-container-direction\">\n<div class=\"ez-toc-title-container\">\n<p class=\"ez-toc-title\" style=\"cursor:inherit\">Tartalomjegyz\u00e9k<\/p>\n<span class=\"ez-toc-title-toggle\"><a href=\"#\" class=\"ez-toc-pull-right ez-toc-btn ez-toc-btn-xs ez-toc-btn-default ez-toc-toggle\" aria-label=\"Toggle Table of Content\"><span class=\"ez-toc-js-icon-con\"><span class=\"\"><span class=\"eztoc-hide\" style=\"display:none;\">Toggle<\/span><span class=\"ez-toc-icon-toggle-span\"><svg style=\"fill: #999;color:#999\" xmlns=\"http:\/\/www.w3.org\/2000\/svg\" class=\"list-377408\" width=\"20px\" height=\"20px\" viewbox=\"0 0 24 24\" fill=\"none\"><path d=\"M6 6H4v2h2V6zm14 0H8v2h12V6zM4 11h2v2H4v-2zm16 0H8v2h12v-2zM4 16h2v2H4v-2zm16 0H8v2h12v-2z\" fill=\"currentColor\"><\/path><\/svg><svg style=\"fill: #999;color:#999\" class=\"arrow-unsorted-368013\" xmlns=\"http:\/\/www.w3.org\/2000\/svg\" width=\"10px\" height=\"10px\" viewbox=\"0 0 24 24\" version=\"1.2\" baseprofile=\"tiny\"><path d=\"M18.2 9.3l-6.2-6.3-6.2 6.3c-.2.2-.3.4-.3.7s.1.5.3.7c.2.2.4.3.7.3h11c.3 0 .5-.1.7-.3.2-.2.3-.5.3-.7s-.1-.5-.3-.7zM5.8 14.7l6.2 6.3 6.2-6.3c.2-.2.3-.5.3-.7s-.1-.5-.3-.7c-.2-.2-.4-.3-.7-.3h-11c-.3 0-.5.1-.7.3-.2.2-.3.5-.3.7s.1.5.3.7z\"\/><\/svg><\/span><\/span><\/span><\/a><\/span><\/div>\n<nav><ul class='ez-toc-list ez-toc-list-level-1' ><li class='ez-toc-page-1 ez-toc-heading-level-4'><a class=\"ez-toc-link ez-toc-heading-1\" href=\"https:\/\/saphirsmaragd.com\/hu\/termek\/anhaenger-mit-feuerachat-tropfen-22x14\/#Anhanger_mit_Feuerachat_Tropfen_%E2%80%93_22_x_14_cm_in_Silber_925\" >Anh\u00e4nger mit Feuerachat Tropfen \u2013 2.2 x 1.4 cm in Silber 925<\/a><\/li><li class='ez-toc-page-1 ez-toc-heading-level-4'><a class=\"ez-toc-link ez-toc-heading-2\" href=\"https:\/\/saphirsmaragd.com\/hu\/termek\/anhaenger-mit-feuerachat-tropfen-22x14\/#_Merkmale_Herkunft\" >\u00a0Jellemz\u0151k \u00e9s eredet<\/a><\/li><li class='ez-toc-page-1 ez-toc-heading-level-4'><a class=\"ez-toc-link ez-toc-heading-3\" href=\"https:\/\/saphirsmaragd.com\/hu\/termek\/anhaenger-mit-feuerachat-tropfen-22x14\/#_Besonderheiten\" >\u00a0K\u00fcl\u00f6nleges jellemz\u0151k<\/a><\/li><li class='ez-toc-page-1 ez-toc-heading-level-4'><a class=\"ez-toc-link ez-toc-heading-4\" href=\"https:\/\/saphirsmaragd.com\/hu\/termek\/anhaenger-mit-feuerachat-tropfen-22x14\/#_Mehr_uber_Achate_Heilsteine\" >\u00a0Mehr \u00fcber Achate &amp; Heilsteine<\/a><\/li><li class='ez-toc-page-1 ez-toc-heading-level-4'><a class=\"ez-toc-link ez-toc-heading-5\" href=\"https:\/\/saphirsmaragd.com\/hu\/termek\/anhaenger-mit-feuerachat-tropfen-22x14\/#_Weitere_Infos\" >\u00a0Tov\u00e1bbi inform\u00e1ci\u00f3<\/a><\/li><\/ul><\/nav><\/div>\n<h4 data-start=\"655\" data-end=\"724\"><span class=\"ez-toc-section\" id=\"Anhanger_mit_Feuerachat_Tropfen_%E2%80%93_22_x_14_cm_in_Silber_925\"><\/span>Anh\u00e4nger mit Feuerachat Tropfen \u2013 2.2 x 1.4 cm in Silber 925<span class=\"ez-toc-section-end\"><\/span><\/h4>\n<p data-start=\"725\" data-end=\"980\">Der Anh\u00e4nger mit Feuerachat Tropfen vereint die stabilisierende Kraft des Achats mit einer intensiv aktivierenden Feuerenergie. Dieses kraftvolle Einzelst\u00fcck unterst\u00fctzt Sie dabei, Ihre innere St\u00e4rke zu entfalten und mit Zuversicht Ihren Weg zu gehen.<\/p>\n<hr data-start=\"2785\" data-end=\"2788\" \/>\n<h4 data-start=\"982\" data-end=\"1010\"><span class=\"ez-toc-section\" id=\"_Merkmale_Herkunft\"><\/span>\u00a0Jellemz\u0151k \u00e9s eredet<span class=\"ez-toc-section-end\"><\/span><\/h4>\n<p data-start=\"1011\" data-end=\"1389\">Farbe: Braun, Rot, Orange mit schimmernden Feuerreflexen<br data-start=\"1067\" data-end=\"1070\" \/>Form: Tropfen<br data-start=\"1083\" data-end=\"1086\" \/>Herkunft: Naturstein<br data-start=\"1106\" data-end=\"1109\" \/>Steingr\u00f6\u00dfe: ca. 2.2 x 1.4 cm<br data-start=\"1137\" data-end=\"1140\" \/>Gesamtl\u00e4nge Anh\u00e4nger: ca. 3.7 cm (inklusive \u00d6se)<br data-start=\"1188\" data-end=\"1191\" \/>Material: Sterlingsilber (925)<br data-start=\"1221\" data-end=\"1224\" \/>Reinheit: Naturstein<br data-start=\"1304\" data-end=\"1307\" \/>Steinart: Feuerachat<br data-start=\"1327\" data-end=\"1330\" \/>Einzelst\u00fcck: Sie erhalten genau den abgebildeten Anh\u00e4nger<\/p>\n<hr data-start=\"2785\" data-end=\"2788\" \/>\n<h4 data-start=\"1391\" data-end=\"1448\"><span class=\"ez-toc-section\" id=\"_Besonderheiten\"><\/span>\u00a0K\u00fcl\u00f6nleges jellemz\u0151k<span class=\"ez-toc-section-end\"><\/span><\/h4>\n<p data-start=\"1449\" data-end=\"1788\">Der Anh\u00e4nger mit Feuerachat Tropfen ist ein kraftvoller Begleiter f\u00fcr Menschen, die ihre eigene Energie bewusst leben m\u00f6chten. Feuerachat verbindet Erdung und Schutz mit einer stark belebenden, w\u00e4rmenden Schwingung. Er schenkt Vitalit\u00e4t, Ausdauer und neue Motivation \u2013 besonders in Phasen von Ersch\u00f6pfung, Unsicherheit oder Stillstand.<\/p>\n<p data-start=\"1790\" data-end=\"2170\">Der Anh\u00e4nger mit Feuerachat Tropfen st\u00e4rkt Entscheidungsfreude, Selbstvertrauen und Mut. Er hilft dabei, alte \u00c4ngste, Zweifel und blockierende Verhaltensmuster loszulassen und sch\u00fctzt gleichzeitig vor negativen \u00e4u\u00dferen Einfl\u00fcssen wie Neid, Projektionen oder energetischer Belastung. Seine Energie unterst\u00fctzt Sie dabei, sich klar abzugrenzen und Ihre eigene Kraft zu bewahren.<\/p>\n<p data-start=\"2172\" data-end=\"2597\">Auf emotionaler Ebene wirkt der Anh\u00e4nger mit Feuerachat Tropfen stabilisierend und ausgleichend. Er f\u00f6rdert ein besseres Verst\u00e4ndnis der eigenen Gef\u00fchle und bringt innere Balance in Zeiten von Unruhe oder innerem Konflikt. Durch die Aktivierung des Wurzel-, Sakral- und Solarplexuschakras st\u00e4rkt Feuerachat zudem Sexualit\u00e4t, Lebensfreude und kreative Energie und hilft Ihnen, Leidenschaft und Lebenslust neu zu entdecken.<\/p>\n<hr data-start=\"2785\" data-end=\"2788\" \/>\n<h4 data-start=\"2599\" data-end=\"2637\"><span class=\"ez-toc-section\" id=\"_Mehr_uber_Achate_Heilsteine\"><\/span>\u00a0Mehr \u00fcber Achate &amp; Heilsteine<span class=\"ez-toc-section-end\"><\/span><\/h4>\n<p data-start=\"2638\" data-end=\"2686\">Heilsteine &amp; Kristalle | <a href=\"https:\/\/saphirsmaragd.com\/hu\/product-category\/heilsteine-kristalle-kaufen\/\">Zaf\u00edr \u00e9s smaragd<\/a><strong><br \/>\n<\/strong><\/p>\n<hr data-start=\"2785\" data-end=\"2788\" \/>\n<h4 data-start=\"2688\" data-end=\"2710\"><span class=\"ez-toc-section\" id=\"_Weitere_Infos\"><\/span>\u00a0Tov\u00e1bbi inform\u00e1ci\u00f3<span class=\"ez-toc-section-end\"><\/span><\/h4>\n<p data-start=\"2711\" data-end=\"2783\">Wikipedia \u2013 <a href=\"https:\/\/de.wikipedia.org\/wiki\/Feuerachat\" target=\"_blank\" rel=\"noopener\">Feuerachat<\/a><br data-start=\"2740\" data-end=\"2743\" \/><\/p>","protected":false},"excerpt":{"rendered":"<p><em>Der Anh\u00e4nger mit Feuerachat Tropfen ist ein einzigartiges Schmuckst\u00fcck aus Sterlingsilber (925). Er steht f\u00fcr Erdung, Schutz, Vitalit\u00e4t und innere Kraft und unterst\u00fctzt Sie dabei, Ihre Lebensenergie bewusst zu st\u00e4rken.<\/em><\/p>","protected":false},"featured_media":6613,"comment_status":"open","ping_status":"closed","template":"","meta":{"_glsr_average":0,"_glsr_ranking":0,"_glsr_reviews":0},"product_brand":[],"product_cat":[87],"product_tag":[],"class_list":{"0":"post-6612","1":"product","2":"type-product","3":"status-publish","4":"has-post-thumbnail","6":"product_cat-edelstein-anhaenger","8":"first","9":"instock","10":"shipping-taxable","11":"purchasable","12":"product-type-simple","13":"add-to-wishlist-before_image"},"jetpack_sharing_enabled":true,"_links":{"self":[{"href":"https:\/\/saphirsmaragd.com\/hu\/wp-json\/wp\/v2\/product\/6612","targetHints":{"allow":["GET"]}}],"collection":[{"href":"https:\/\/saphirsmaragd.com\/hu\/wp-json\/wp\/v2\/product"}],"about":[{"href":"https:\/\/saphirsmaragd.com\/hu\/wp-json\/wp\/v2\/types\/product"}],"replies":[{"embeddable":true,"href":"https:\/\/saphirsmaragd.com\/hu\/wp-json\/wp\/v2\/comments?post=6612"}],"version-history":[{"count":1,"href":"https:\/\/saphirsmaragd.com\/hu\/wp-json\/wp\/v2\/product\/6612\/revisions"}],"predecessor-version":[{"id":6615,"href":"https:\/\/saphirsmaragd.com\/hu\/wp-json\/wp\/v2\/product\/6612\/revisions\/6615"}],"wp:featuredmedia":[{"embeddable":true,"href":"https:\/\/saphirsmaragd.com\/hu\/wp-json\/wp\/v2\/media\/6613"}],"wp:attachment":[{"href":"https:\/\/saphirsmaragd.com\/hu\/wp-json\/wp\/v2\/media?parent=6612"}],"wp:term":[{"taxonomy":"product_brand","embeddable":true,"href":"https:\/\/saphirsmaragd.com\/hu\/wp-json\/wp\/v2\/product_brand?post=6612"},{"taxonomy":"product_cat","embeddable":true,"href":"https:\/\/saphirsmaragd.com\/hu\/wp-json\/wp\/v2\/product_cat?post=6612"},{"taxonomy":"product_tag","embeddable":true,"href":"https:\/\/saphirsmaragd.com\/hu\/wp-json\/wp\/v2\/product_tag?post=6612"}],"curies":[{"name":"wp","href":"https:\/\/api.w.org\/{rel}","templated":true}]}}