{"id":6812,"date":"2025-12-25T15:03:57","date_gmt":"2025-12-25T15:03:57","guid":{"rendered":"https:\/\/saphirsmaragd.com\/?post_type=product&#038;p=6812"},"modified":"2025-12-29T18:46:32","modified_gmt":"2025-12-29T18:46:32","slug":"turmalin-birnenfoermig-blaugruen-1-16-karat","status":"publish","type":"product","link":"https:\/\/saphirsmaragd.com\/hu\/termek\/turmalin-birnenfoermig-blaugruen-1-16-karat\/","title":{"rendered":"Turmalin k\u00f6rte alak\u00fa k\u00e9k-z\u00f6ld 1,16 kar\u00e1t - Term\u00e9szetes fazett\u00e1lt dr\u00e1gak\u0151"},"content":{"rendered":"<div id=\"ez-toc-container\" class=\"ez-toc-v2_0_82_2 counter-hierarchy ez-toc-counter ez-toc-grey ez-toc-container-direction\">\n<div class=\"ez-toc-title-container\">\n<p class=\"ez-toc-title\" style=\"cursor:inherit\">Tartalomjegyz\u00e9k<\/p>\n<span class=\"ez-toc-title-toggle\"><a href=\"#\" class=\"ez-toc-pull-right ez-toc-btn ez-toc-btn-xs ez-toc-btn-default ez-toc-toggle\" aria-label=\"Toggle Table of Content\"><span class=\"ez-toc-js-icon-con\"><span class=\"\"><span class=\"eztoc-hide\" style=\"display:none;\">Toggle<\/span><span class=\"ez-toc-icon-toggle-span\"><svg style=\"fill: #999;color:#999\" xmlns=\"http:\/\/www.w3.org\/2000\/svg\" class=\"list-377408\" width=\"20px\" height=\"20px\" viewbox=\"0 0 24 24\" fill=\"none\"><path d=\"M6 6H4v2h2V6zm14 0H8v2h12V6zM4 11h2v2H4v-2zm16 0H8v2h12v-2zM4 16h2v2H4v-2zm16 0H8v2h12v-2z\" fill=\"currentColor\"><\/path><\/svg><svg style=\"fill: #999;color:#999\" class=\"arrow-unsorted-368013\" xmlns=\"http:\/\/www.w3.org\/2000\/svg\" width=\"10px\" height=\"10px\" viewbox=\"0 0 24 24\" version=\"1.2\" baseprofile=\"tiny\"><path d=\"M18.2 9.3l-6.2-6.3-6.2 6.3c-.2.2-.3.4-.3.7s.1.5.3.7c.2.2.4.3.7.3h11c.3 0 .5-.1.7-.3.2-.2.3-.5.3-.7s-.1-.5-.3-.7zM5.8 14.7l6.2 6.3 6.2-6.3c.2-.2.3-.5.3-.7s-.1-.5-.3-.7c-.2-.2-.4-.3-.7-.3h-11c-.3 0-.5.1-.7.3-.2.2-.3.5-.3.7s.1.5.3.7z\"\/><\/svg><\/span><\/span><\/span><\/a><\/span><\/div>\n<nav><ul class='ez-toc-list ez-toc-list-level-1' ><li class='ez-toc-page-1 ez-toc-heading-level-4'><a class=\"ez-toc-link ez-toc-heading-1\" href=\"https:\/\/saphirsmaragd.com\/hu\/termek\/turmalin-birnenfoermig-blaugruen-1-16-karat\/#Turmalin_birnenformig_blaugrun_116_Karat\" >Turmalin birnenf\u00f6rmig blaugr\u00fcn 1.16 Karat<\/a><\/li><li class='ez-toc-page-1 ez-toc-heading-level-4'><a class=\"ez-toc-link ez-toc-heading-2\" href=\"https:\/\/saphirsmaragd.com\/hu\/termek\/turmalin-birnenfoermig-blaugruen-1-16-karat\/#Merkmale_Herkunft\" >Merkmale &amp; Herkunft:<\/a><\/li><li class='ez-toc-page-1 ez-toc-heading-level-4'><a class=\"ez-toc-link ez-toc-heading-3\" href=\"https:\/\/saphirsmaragd.com\/hu\/termek\/turmalin-birnenfoermig-blaugruen-1-16-karat\/#Besonderheiten\" >Besonderheiten:<\/a><\/li><li class='ez-toc-page-1 ez-toc-heading-level-4'><a class=\"ez-toc-link ez-toc-heading-4\" href=\"https:\/\/saphirsmaragd.com\/hu\/termek\/turmalin-birnenfoermig-blaugruen-1-16-karat\/#Mehr_uber_unsere_Edelsteine\" >T\u00f6bbet a dr\u00e1gak\u00f6veinkr\u0151l<\/a><\/li><li class='ez-toc-page-1 ez-toc-heading-level-4'><a class=\"ez-toc-link ez-toc-heading-5\" href=\"https:\/\/saphirsmaragd.com\/hu\/termek\/turmalin-birnenfoermig-blaugruen-1-16-karat\/#Weitere_Infos\" >Tov\u00e1bbi inform\u00e1ci\u00f3<\/a><\/li><\/ul><\/nav><\/div>\n<h4 data-start=\"773\" data-end=\"820\"><span class=\"ez-toc-section\" id=\"Turmalin_birnenformig_blaugrun_116_Karat\"><\/span>Turmalin birnenf\u00f6rmig blaugr\u00fcn 1.16 Karat<span class=\"ez-toc-section-end\"><\/span><\/h4>\n<p data-start=\"821\" data-end=\"1113\">Ez a <strong data-start=\"828\" data-end=\"873\">Turmalin birnenf\u00f6rmig blaugr\u00fcn 1.16 Karat<\/strong> \u00fcberzeugt durch seine intensive, frische Farbwirkung und seinen pr\u00e4zisen Facettenschliff. Die harmonische Birnenform verleiht dem Stein eine elegante Linienf\u00fchrung und macht ihn ideal f\u00fcr hochwertige Schmuckfassungen oder als Sammlerst\u00fcck.<\/p>\n<hr data-start=\"1115\" data-end=\"1118\" \/>\n<h4 data-start=\"1120\" data-end=\"1145\"><span class=\"ez-toc-section\" id=\"Merkmale_Herkunft\"><\/span>Merkmale &amp; Herkunft:<span class=\"ez-toc-section-end\"><\/span><\/h4>\n<p data-start=\"1146\" data-end=\"1404\">Steinart: Turmalin<br data-start=\"1164\" data-end=\"1167\" \/>Form: Birnenf\u00f6rmig<br data-start=\"1185\" data-end=\"1188\" \/>Farbe: Blaugr\u00fcn<br data-start=\"1203\" data-end=\"1206\" \/>Gewicht: 1.16 Karat<br data-start=\"1225\" data-end=\"1228\" \/>Abmessungen: ca. 8.73 \u00d7 5.44 mm<br data-start=\"1259\" data-end=\"1262\" \/>Reinheit: Kleine Einschl\u00fcsse (unter 10-facher Vergr\u00f6\u00dferung sichtbar)<br data-start=\"1334\" data-end=\"1337\" \/>Behandlung: Unbehandelt<br data-start=\"1360\" data-end=\"1363\" \/>Herkunft: Brasilien<br data-start=\"1382\" data-end=\"1385\" \/>Mohs-H\u00e4rte: 7\u20137.5<\/p>\n<hr data-start=\"1406\" data-end=\"1409\" \/>\n<h4 data-start=\"1411\" data-end=\"1431\"><span class=\"ez-toc-section\" id=\"Besonderheiten\"><\/span>Besonderheiten:<span class=\"ez-toc-section-end\"><\/span><\/h4>\n<p data-start=\"1432\" data-end=\"1768\">Die blaugr\u00fcne Farbnuance dieses Turmalins wirkt besonders lebendig und edel zugleich. Durch die gute Reinheit und den sauberen Schliff entsteht eine starke Lichtreflexion, die den Stein sowohl im Tageslicht als auch unter k\u00fcnstlicher Beleuchtung hervorragend zur Geltung bringt. Ein ausgewogener Edelstein mit sehr guter Wertstabilit\u00e4t.<\/p>\n<hr data-start=\"1926\" data-end=\"1929\" \/>\n<h4 data-start=\"1931\" data-end=\"1971\"><span class=\"ez-toc-section\" id=\"Mehr_uber_unsere_Edelsteine\"><\/span>T\u00f6bbet a dr\u00e1gak\u00f6veinkr\u0151l<span class=\"ez-toc-section-end\"><\/span><\/h4>\n<p data-start=\"1972\" data-end=\"2069\"><a href=\"https:\/\/saphirsmaragd.com\/hu\/product-category\/edelsteine-kaufen\/\">Dr\u00e1gak\u00f6vek<\/a><\/p>\n<hr data-start=\"2071\" data-end=\"2074\" \/>\n<h4 data-start=\"2076\" data-end=\"2096\"><span class=\"ez-toc-section\" id=\"Weitere_Infos\"><\/span>Tov\u00e1bbi inform\u00e1ci\u00f3<span class=\"ez-toc-section-end\"><\/span><\/h4>\n<p><a href=\"https:\/\/de.wikipedia.org\/wiki\/Turmalin\" target=\"_blank\" rel=\"noopener\">Wikipedia: Turmalin<\/a><\/p>","protected":false},"excerpt":{"rendered":"<p data-start=\"489\" data-end=\"628\"><em>Turmalin birnenf\u00f6rmig blaugr\u00fcn 1.16 Karat \u2013 nat\u00fcrlicher Edelstein mit lebendiger Farbe, sehr guter Reinheit und feinem Facettenschliff.<\/em><\/p>\n<h2 data-start=\"523\" data-end=\"548\"><\/h2>","protected":false},"featured_media":6816,"comment_status":"open","ping_status":"closed","template":"","meta":{"_glsr_average":0,"_glsr_ranking":0,"_glsr_reviews":0},"product_brand":[],"product_cat":[109],"product_tag":[],"class_list":{"0":"post-6812","1":"product","2":"type-product","3":"status-publish","4":"has-post-thumbnail","6":"product_cat-turmalin-kaufen","7":"pa_edelsteinart-turmalin","8":"pa_farbe-rot","9":"pa_form-birne","10":"pa_gewicht-karat-3-0-5-0-karat","11":"pa_herkunft-brasilien","12":"pa_reinheit-kleine-einschluesse","13":"pa_veredelung-behandlung-unbehandelt","14":"pa_zertifikat-ja","15":"pa_zustand-neu","17":"first","18":"instock","19":"featured","20":"sold-individually","21":"shipping-taxable","22":"purchasable","23":"product-type-simple","24":"add-to-wishlist-before_image"},"jetpack_sharing_enabled":true,"_links":{"self":[{"href":"https:\/\/saphirsmaragd.com\/hu\/wp-json\/wp\/v2\/product\/6812","targetHints":{"allow":["GET"]}}],"collection":[{"href":"https:\/\/saphirsmaragd.com\/hu\/wp-json\/wp\/v2\/product"}],"about":[{"href":"https:\/\/saphirsmaragd.com\/hu\/wp-json\/wp\/v2\/types\/product"}],"replies":[{"embeddable":true,"href":"https:\/\/saphirsmaragd.com\/hu\/wp-json\/wp\/v2\/comments?post=6812"}],"version-history":[{"count":1,"href":"https:\/\/saphirsmaragd.com\/hu\/wp-json\/wp\/v2\/product\/6812\/revisions"}],"predecessor-version":[{"id":6817,"href":"https:\/\/saphirsmaragd.com\/hu\/wp-json\/wp\/v2\/product\/6812\/revisions\/6817"}],"wp:featuredmedia":[{"embeddable":true,"href":"https:\/\/saphirsmaragd.com\/hu\/wp-json\/wp\/v2\/media\/6816"}],"wp:attachment":[{"href":"https:\/\/saphirsmaragd.com\/hu\/wp-json\/wp\/v2\/media?parent=6812"}],"wp:term":[{"taxonomy":"product_brand","embeddable":true,"href":"https:\/\/saphirsmaragd.com\/hu\/wp-json\/wp\/v2\/product_brand?post=6812"},{"taxonomy":"product_cat","embeddable":true,"href":"https:\/\/saphirsmaragd.com\/hu\/wp-json\/wp\/v2\/product_cat?post=6812"},{"taxonomy":"product_tag","embeddable":true,"href":"https:\/\/saphirsmaragd.com\/hu\/wp-json\/wp\/v2\/product_tag?post=6812"}],"curies":[{"name":"wp","href":"https:\/\/api.w.org\/{rel}","templated":true}]}}