{"id":8219,"date":"2026-03-18T19:33:17","date_gmt":"2026-03-18T19:33:17","guid":{"rendered":"https:\/\/saphirsmaragd.com\/?post_type=product&#038;p=8219"},"modified":"2026-03-18T19:40:48","modified_gmt":"2026-03-18T19:40:48","slug":"quarz-rechteck-farbe-farblos-4-57-karat","status":"publish","type":"product","link":"https:\/\/saphirsmaragd.com\/hu\/termek\/quarz-rechteck-farbe-farblos-4-57-karat\/","title":{"rendered":"Quarz Rechteck Farbe farblos 4.57 Karat \u2013 Edelstein mit nat\u00fcrlichen Einschl\u00fcssen und einzigartiger Struktur"},"content":{"rendered":"<div id=\"ez-toc-container\" class=\"ez-toc-v2_0_83 counter-hierarchy ez-toc-counter ez-toc-grey ez-toc-container-direction\">\n<div class=\"ez-toc-title-container\">\n<p class=\"ez-toc-title\" style=\"cursor:inherit\">Tartalomjegyz\u00e9k<\/p>\n<span class=\"ez-toc-title-toggle\"><a href=\"#\" class=\"ez-toc-pull-right ez-toc-btn ez-toc-btn-xs ez-toc-btn-default ez-toc-toggle\" aria-label=\"Toggle Table of Content\"><span class=\"ez-toc-js-icon-con\"><span class=\"\"><span class=\"eztoc-hide\" style=\"display:none;\">Toggle<\/span><span class=\"ez-toc-icon-toggle-span\"><svg style=\"fill: #999;color:#999\" xmlns=\"http:\/\/www.w3.org\/2000\/svg\" class=\"list-377408\" width=\"20px\" height=\"20px\" viewbox=\"0 0 24 24\" fill=\"none\"><path d=\"M6 6H4v2h2V6zm14 0H8v2h12V6zM4 11h2v2H4v-2zm16 0H8v2h12v-2zM4 16h2v2H4v-2zm16 0H8v2h12v-2z\" fill=\"currentColor\"><\/path><\/svg><svg style=\"fill: #999;color:#999\" class=\"arrow-unsorted-368013\" xmlns=\"http:\/\/www.w3.org\/2000\/svg\" width=\"10px\" height=\"10px\" viewbox=\"0 0 24 24\" version=\"1.2\" baseprofile=\"tiny\"><path d=\"M18.2 9.3l-6.2-6.3-6.2 6.3c-.2.2-.3.4-.3.7s.1.5.3.7c.2.2.4.3.7.3h11c.3 0 .5-.1.7-.3.2-.2.3-.5.3-.7s-.1-.5-.3-.7zM5.8 14.7l6.2 6.3 6.2-6.3c.2-.2.3-.5.3-.7s-.1-.5-.3-.7c-.2-.2-.4-.3-.7-.3h-11c-.3 0-.5.1-.7.3-.2.2-.3.5-.3.7s.1.5.3.7z\"\/><\/svg><\/span><\/span><\/span><\/a><\/span><\/div>\n<nav><ul class='ez-toc-list ez-toc-list-level-1' ><li class='ez-toc-page-1 ez-toc-heading-level-4'><a class=\"ez-toc-link ez-toc-heading-1\" href=\"https:\/\/saphirsmaragd.com\/hu\/termek\/quarz-rechteck-farbe-farblos-4-57-karat\/#Merkmale_Herkunft\" >Merkmale &amp; Herkunft:<\/a><\/li><li class='ez-toc-page-1 ez-toc-heading-level-4'><a class=\"ez-toc-link ez-toc-heading-2\" href=\"https:\/\/saphirsmaragd.com\/hu\/termek\/quarz-rechteck-farbe-farblos-4-57-karat\/#Besonderheiten\" >Besonderheiten:<\/a><\/li><li class='ez-toc-page-1 ez-toc-heading-level-4'><a class=\"ez-toc-link ez-toc-heading-3\" href=\"https:\/\/saphirsmaragd.com\/hu\/termek\/quarz-rechteck-farbe-farblos-4-57-karat\/#Weitere_Inspiration_entdecken\" >Weitere Inspiration entdecken<\/a><\/li><\/ul><\/nav><\/div>\n<p data-start=\"876\" data-end=\"1157\">Der Quarz Rechteck Farbe farblos 4.57 Karat fasziniert durch seine au\u00dfergew\u00f6hnlichen nat\u00fcrlichen Einschl\u00fcsse, die jedem Stein eine individuelle Struktur verleihen. Dieser Edelstein kombiniert klassische Transparenz mit einzigartigen inneren Mustern und ist damit ein echtes Unikat.<\/p>\n<hr data-start=\"1159\" data-end=\"1162\" \/>\n<h4 data-start=\"1164\" data-end=\"1189\"><span class=\"ez-toc-section\" id=\"Merkmale_Herkunft\"><\/span>Merkmale &amp; Herkunft:<span class=\"ez-toc-section-end\"><\/span><\/h4>\n<p data-start=\"1191\" data-end=\"1520\">Farbe: Farblos mit roten und violetten Einschl\u00fcssen<br data-start=\"1242\" data-end=\"1245\" \/>Form: Rechteck mit abgeschr\u00e4gten Kanten<br data-start=\"1284\" data-end=\"1287\" \/>Gewicht: 4.57 Karat<br data-start=\"1328\" data-end=\"1331\" \/>Ma\u00dfe: 10.88 x 8.76 mm<br data-start=\"1352\" data-end=\"1355\" \/>Reinheit: Deutliche Einschl\u00fcsse<br data-start=\"1386\" data-end=\"1389\" \/>Behandlung: Unbehandelt<br data-start=\"1412\" data-end=\"1415\" \/>Zertifikat: Ja (Val\u00e9rie DURAFFOURG, Gem-A)<br data-start=\"1457\" data-end=\"1460\" \/>\u00c1llapot: \u00daj<br data-start=\"1472\" data-end=\"1475\" \/>Steinart: Nat\u00fcrlicher Quarz<br data-start=\"1502\" data-end=\"1505\" \/>Mohs-H\u00e4rte: 7<\/p>\n<hr data-start=\"1522\" data-end=\"1525\" \/>\n<h4 data-start=\"1527\" data-end=\"1547\"><span class=\"ez-toc-section\" id=\"Besonderheiten\"><\/span>Besonderheiten:<span class=\"ez-toc-section-end\"><\/span><\/h4>\n<p data-start=\"1549\" data-end=\"1829\">Der Quarz Rechteck Farbe farblos 4.57 Karat zeichnet sich durch seine markanten Einschl\u00fcsse aus, die oft aus Mineralien wie Lepidokrokit oder H\u00e4matit bestehen. Diese Einschl\u00fcsse erzeugen faszinierende visuelle Effekte und machen jeden Stein zu einem unverwechselbaren Einzelst\u00fcck.<\/p>\n<p data-start=\"1831\" data-end=\"2101\">Solche Quarze sind besonders bei Sammlern und Liebhabern au\u00dfergew\u00f6hnlicher Edelsteine gefragt, da sie nicht nur durch Klarheit, sondern vor allem durch ihre innere Struktur \u00fcberzeugen. Der pr\u00e4zise rechteckige Schliff sorgt zus\u00e4tzlich f\u00fcr eine elegante und moderne Optik.<\/p>\n<hr data-start=\"1926\" data-end=\"1929\" \/>\n<h4 data-start=\"413\" data-end=\"449\"><span class=\"ez-toc-section\" id=\"Weitere_Inspiration_entdecken\"><\/span>Weitere Inspiration entdecken<span class=\"ez-toc-section-end\"><\/span><\/h4>\n<p data-start=\"450\" data-end=\"582\">Suchen Sie weitere besondere Produkte? Entdecken Sie zus\u00e4tzliche Highlights in unserem Sortiment oder besuchen Sie unsere Partnerprojekte:<\/p>\n<ul data-start=\"584\" data-end=\"920\">\n<li data-start=\"584\" data-end=\"656\"><a href=\"https:\/\/saphirsmaragd.com\/hu\/shop\/\">Weitere Edelsteine &amp; Schmuckst\u00fccke bei Saphir &amp; Smaragd entdecken<\/a><\/li>\n<li data-start=\"657\" data-end=\"783\">\n<p data-start=\"659\" data-end=\"783\"><a href=\"https:\/\/honigbee.com\/shop\/\" target=\"_blank\" rel=\"noopener\">Nat\u00fcrliche Produkte bei Honigbee ansehen<br \/>\n<\/a><\/p>\n<\/li>\n<li data-start=\"784\" data-end=\"920\">\n<p data-start=\"786\" data-end=\"920\"><a href=\"https:\/\/matvana.com\/shop\/\" target=\"_blank\" rel=\"noopener\">Stilvolle Wohnideen bei Matvana erkunden<\/a><\/p>\n<\/li>\n<\/ul>","protected":false},"excerpt":{"rendered":"<p data-start=\"460\" data-end=\"607\"><em>Quarz Rechteck Farbe farblos 4.57 Karat mit nat\u00fcrlichen Einschl\u00fcssen. Einzigartiger Edelstein mit rechteckigem Schliff und besonderer Struktur.<\/em><\/p>\n<p data-start=\"575\" data-end=\"606\">","protected":false},"featured_media":8222,"comment_status":"open","ping_status":"closed","template":"","meta":{"_glsr_average":0,"_glsr_ranking":0,"_glsr_reviews":0},"product_brand":[],"product_cat":[283],"product_tag":[],"class_list":{"0":"post-8219","1":"product","2":"type-product","3":"status-publish","4":"has-post-thumbnail","6":"product_cat-quarz","7":"pa_edelsteinart-quarz","8":"pa_farbe-farblos","9":"pa_form-rechteck","10":"pa_gewicht-karat-3-0-5-0-karat","11":"pa_reinheit-deutliche-einschluesse","12":"pa_zertifikat-ja","13":"pa_zustand-neu","15":"first","16":"instock","17":"featured","18":"sold-individually","19":"shipping-taxable","20":"purchasable","21":"product-type-simple","22":"add-to-wishlist-before_image"},"jetpack_sharing_enabled":true,"_links":{"self":[{"href":"https:\/\/saphirsmaragd.com\/hu\/wp-json\/wp\/v2\/product\/8219","targetHints":{"allow":["GET"]}}],"collection":[{"href":"https:\/\/saphirsmaragd.com\/hu\/wp-json\/wp\/v2\/product"}],"about":[{"href":"https:\/\/saphirsmaragd.com\/hu\/wp-json\/wp\/v2\/types\/product"}],"replies":[{"embeddable":true,"href":"https:\/\/saphirsmaragd.com\/hu\/wp-json\/wp\/v2\/comments?post=8219"}],"version-history":[{"count":1,"href":"https:\/\/saphirsmaragd.com\/hu\/wp-json\/wp\/v2\/product\/8219\/revisions"}],"predecessor-version":[{"id":8223,"href":"https:\/\/saphirsmaragd.com\/hu\/wp-json\/wp\/v2\/product\/8219\/revisions\/8223"}],"wp:featuredmedia":[{"embeddable":true,"href":"https:\/\/saphirsmaragd.com\/hu\/wp-json\/wp\/v2\/media\/8222"}],"wp:attachment":[{"href":"https:\/\/saphirsmaragd.com\/hu\/wp-json\/wp\/v2\/media?parent=8219"}],"wp:term":[{"taxonomy":"product_brand","embeddable":true,"href":"https:\/\/saphirsmaragd.com\/hu\/wp-json\/wp\/v2\/product_brand?post=8219"},{"taxonomy":"product_cat","embeddable":true,"href":"https:\/\/saphirsmaragd.com\/hu\/wp-json\/wp\/v2\/product_cat?post=8219"},{"taxonomy":"product_tag","embeddable":true,"href":"https:\/\/saphirsmaragd.com\/hu\/wp-json\/wp\/v2\/product_tag?post=8219"}],"curies":[{"name":"wp","href":"https:\/\/api.w.org\/{rel}","templated":true}]}}