{"id":8246,"date":"2026-03-18T20:29:04","date_gmt":"2026-03-18T20:29:04","guid":{"rendered":"https:\/\/saphirsmaragd.com\/?post_type=product&#038;p=8246"},"modified":"2026-03-18T20:44:15","modified_gmt":"2026-03-18T20:44:15","slug":"sternsaphir-cabochon-farbe-rosa-2-05-karat","status":"publish","type":"product","link":"https:\/\/saphirsmaragd.com\/hu\/termek\/sternsaphir-cabochon-farbe-rosa-2-05-karat\/","title":{"rendered":"Sternsaphir Cabochon Farbe rosa 2.05 Karat \u2013 Nat\u00fcrlicher Sternsaphir aus Sri Lanka mit Asterismus Effekt"},"content":{"rendered":"<p data-start=\"821\" data-end=\"1133\">Der Sternsaphir Cabochon Farbe rosa 2.05 Karat ist ein au\u00dfergew\u00f6hnlicher Edelstein, der durch sein seltenes optisches Ph\u00e4nomen \u2013 den sogenannten Asterismus \u2013 beeindruckt. Bei Lichteinfall erscheint ein klar sichtbarer, sechsstrahliger Stern auf der Oberfl\u00e4che des Steins, der ihn zu einem echten Blickfang macht.<\/p>\n<hr data-start=\"1135\" data-end=\"1138\" \/>\n<div id=\"ez-toc-container\" class=\"ez-toc-v2_0_82_2 counter-hierarchy ez-toc-counter ez-toc-grey ez-toc-container-direction\">\n<div class=\"ez-toc-title-container\">\n<p class=\"ez-toc-title\" style=\"cursor:inherit\">Tartalomjegyz\u00e9k<\/p>\n<span class=\"ez-toc-title-toggle\"><a href=\"#\" class=\"ez-toc-pull-right ez-toc-btn ez-toc-btn-xs ez-toc-btn-default ez-toc-toggle\" aria-label=\"Toggle Table of Content\"><span class=\"ez-toc-js-icon-con\"><span class=\"\"><span class=\"eztoc-hide\" style=\"display:none;\">Toggle<\/span><span class=\"ez-toc-icon-toggle-span\"><svg style=\"fill: #999;color:#999\" xmlns=\"http:\/\/www.w3.org\/2000\/svg\" class=\"list-377408\" width=\"20px\" height=\"20px\" viewbox=\"0 0 24 24\" fill=\"none\"><path d=\"M6 6H4v2h2V6zm14 0H8v2h12V6zM4 11h2v2H4v-2zm16 0H8v2h12v-2zM4 16h2v2H4v-2zm16 0H8v2h12v-2z\" fill=\"currentColor\"><\/path><\/svg><svg style=\"fill: #999;color:#999\" class=\"arrow-unsorted-368013\" xmlns=\"http:\/\/www.w3.org\/2000\/svg\" width=\"10px\" height=\"10px\" viewbox=\"0 0 24 24\" version=\"1.2\" baseprofile=\"tiny\"><path d=\"M18.2 9.3l-6.2-6.3-6.2 6.3c-.2.2-.3.4-.3.7s.1.5.3.7c.2.2.4.3.7.3h11c.3 0 .5-.1.7-.3.2-.2.3-.5.3-.7s-.1-.5-.3-.7zM5.8 14.7l6.2 6.3 6.2-6.3c.2-.2.3-.5.3-.7s-.1-.5-.3-.7c-.2-.2-.4-.3-.7-.3h-11c-.3 0-.5.1-.7.3-.2.2-.3.5-.3.7s.1.5.3.7z\"\/><\/svg><\/span><\/span><\/span><\/a><\/span><\/div>\n<nav><ul class='ez-toc-list ez-toc-list-level-1' ><li class='ez-toc-page-1 ez-toc-heading-level-4'><a class=\"ez-toc-link ez-toc-heading-1\" href=\"https:\/\/saphirsmaragd.com\/hu\/termek\/sternsaphir-cabochon-farbe-rosa-2-05-karat\/#Merkmale_Herkunft\" >Merkmale &amp; Herkunft:<\/a><\/li><li class='ez-toc-page-1 ez-toc-heading-level-4'><a class=\"ez-toc-link ez-toc-heading-2\" href=\"https:\/\/saphirsmaragd.com\/hu\/termek\/sternsaphir-cabochon-farbe-rosa-2-05-karat\/#Besonderheiten\" >Besonderheiten:<\/a><\/li><li class='ez-toc-page-1 ez-toc-heading-level-4'><a class=\"ez-toc-link ez-toc-heading-3\" href=\"https:\/\/saphirsmaragd.com\/hu\/termek\/sternsaphir-cabochon-farbe-rosa-2-05-karat\/#Weitere_Inspiration_entdecken\" >Weitere Inspiration entdecken<\/a><\/li><\/ul><\/nav><\/div>\n<h4 data-start=\"1140\" data-end=\"1165\"><span class=\"ez-toc-section\" id=\"Merkmale_Herkunft\"><\/span>Merkmale &amp; Herkunft:<span class=\"ez-toc-section-end\"><\/span><\/h4>\n<p data-start=\"1167\" data-end=\"1413\">Farbe: Rosa<br data-start=\"1178\" data-end=\"1181\" \/>Form: Cabochon<br data-start=\"1195\" data-end=\"1198\" \/>Herkunft: Sri Lanka<br data-start=\"1217\" data-end=\"1220\" \/>Gewicht: 2.05 Karat<br data-start=\"1239\" data-end=\"1242\" \/>Ma\u00dfe: 7 x 6.7 mm<br data-start=\"1258\" data-end=\"1261\" \/>Reinheit: Undurchsichtig<br data-start=\"1285\" data-end=\"1288\" \/>Behandlung: Unbehandelt<br data-start=\"1311\" data-end=\"1314\" \/>Zertifikat: Ja (Val\u00e9rie DURAFFOURG, Gem-A)<br data-start=\"1356\" data-end=\"1359\" \/>\u00c1llapot: \u00daj<br data-start=\"1371\" data-end=\"1374\" \/>Steinart: Sternsaphir<br data-start=\"1395\" data-end=\"1398\" \/>Mohs-kem\u00e9nys\u00e9g: 9<\/p>\n<hr data-start=\"1415\" data-end=\"1418\" \/>\n<h4 data-start=\"1420\" data-end=\"1440\"><span class=\"ez-toc-section\" id=\"Besonderheiten\"><\/span>Besonderheiten:<span class=\"ez-toc-section-end\"><\/span><\/h4>\n<p data-start=\"1442\" data-end=\"1644\">Der Sternsaphir Cabochon Farbe rosa 2.05 Karat geh\u00f6rt zu den seltenen Varianten des Saphirs. Der charakteristische Stern entsteht durch feine Einschl\u00fcsse, die das Licht auf besondere Weise reflektieren.<\/p>\n<p data-start=\"1646\" data-end=\"1872\">Durch den Cabochon-Schliff wird dieser Effekt optimal sichtbar gemacht. Der Edelstein zeigt einen gut definierten, sechsstrahligen Stern, der sich je nach Lichteinfall bewegt und dem Stein eine lebendige Ausstrahlung verleiht.<\/p>\n<p data-start=\"1874\" data-end=\"2061\">Mit seiner sanften rosa Farbe bietet dieser Sternsaphir eine seltene Alternative zu klassischen blauen Saphiren und eignet sich ideal f\u00fcr einzigartige Schmuckst\u00fccke oder als Sammlerst\u00fcck.<\/p>\n<hr data-start=\"1670\" data-end=\"1673\" \/>\n<h4 data-start=\"413\" data-end=\"449\"><span class=\"ez-toc-section\" id=\"Weitere_Inspiration_entdecken\"><\/span>Weitere Inspiration entdecken<span class=\"ez-toc-section-end\"><\/span><\/h4>\n<p data-start=\"450\" data-end=\"582\">Suchen Sie weitere besondere Produkte? Entdecken Sie zus\u00e4tzliche Highlights in unserem Sortiment oder besuchen Sie unsere Partnerprojekte:<\/p>\n<ul data-start=\"584\" data-end=\"920\">\n<li data-start=\"584\" data-end=\"656\"><a href=\"https:\/\/saphirsmaragd.com\/hu\/shop\/\">Weitere Edelsteine &amp; Schmuckst\u00fccke bei Saphir &amp; Smaragd entdecken<\/a><\/li>\n<li data-start=\"657\" data-end=\"783\">\n<p data-start=\"659\" data-end=\"783\"><a href=\"https:\/\/honigbee.com\/shop\/\" target=\"_blank\" rel=\"noopener\">Nat\u00fcrliche Produkte bei Honigbee ansehen<br \/>\n<\/a><\/p>\n<\/li>\n<li data-start=\"784\" data-end=\"920\">\n<p data-start=\"786\" data-end=\"920\"><a href=\"https:\/\/matvana.com\/shop\/\" target=\"_blank\" rel=\"noopener\">Stilvolle Wohnideen bei Matvana erkunden<\/a><\/p>\n<\/li>\n<\/ul>","protected":false},"excerpt":{"rendered":"<p data-start=\"432\" data-end=\"555\"><em>Sternsaphir Cabochon Farbe rosa 2.05 Karat aus Sri Lanka. Nat\u00fcrlicher Edelstein mit seltenem Stern-Effekt (Asterismus).<\/em><\/p>","protected":false},"featured_media":8249,"comment_status":"open","ping_status":"closed","template":"","meta":{"_glsr_average":0,"_glsr_ranking":0,"_glsr_reviews":0},"product_brand":[],"product_cat":[74],"product_tag":[],"class_list":{"0":"post-8246","1":"product","2":"type-product","3":"status-publish","4":"has-post-thumbnail","6":"product_cat-saphire-kaufen","7":"pa_edelsteinart-saphir","8":"pa_farbe-rosa","9":"pa_form-cabochon","10":"pa_gewicht-karat-1-0-3-0-karat","11":"pa_herkunft-sri-lanka","12":"pa_reinheit-undurchsichtig","13":"pa_veredelung-behandlung-unbehandelt","14":"pa_zertifikat-ja","15":"pa_zustand-neu","17":"first","18":"instock","19":"sold-individually","20":"shipping-taxable","21":"purchasable","22":"product-type-simple","23":"add-to-wishlist-before_image"},"jetpack_sharing_enabled":true,"_links":{"self":[{"href":"https:\/\/saphirsmaragd.com\/hu\/wp-json\/wp\/v2\/product\/8246","targetHints":{"allow":["GET"]}}],"collection":[{"href":"https:\/\/saphirsmaragd.com\/hu\/wp-json\/wp\/v2\/product"}],"about":[{"href":"https:\/\/saphirsmaragd.com\/hu\/wp-json\/wp\/v2\/types\/product"}],"replies":[{"embeddable":true,"href":"https:\/\/saphirsmaragd.com\/hu\/wp-json\/wp\/v2\/comments?post=8246"}],"version-history":[{"count":2,"href":"https:\/\/saphirsmaragd.com\/hu\/wp-json\/wp\/v2\/product\/8246\/revisions"}],"predecessor-version":[{"id":8251,"href":"https:\/\/saphirsmaragd.com\/hu\/wp-json\/wp\/v2\/product\/8246\/revisions\/8251"}],"wp:featuredmedia":[{"embeddable":true,"href":"https:\/\/saphirsmaragd.com\/hu\/wp-json\/wp\/v2\/media\/8249"}],"wp:attachment":[{"href":"https:\/\/saphirsmaragd.com\/hu\/wp-json\/wp\/v2\/media?parent=8246"}],"wp:term":[{"taxonomy":"product_brand","embeddable":true,"href":"https:\/\/saphirsmaragd.com\/hu\/wp-json\/wp\/v2\/product_brand?post=8246"},{"taxonomy":"product_cat","embeddable":true,"href":"https:\/\/saphirsmaragd.com\/hu\/wp-json\/wp\/v2\/product_cat?post=8246"},{"taxonomy":"product_tag","embeddable":true,"href":"https:\/\/saphirsmaragd.com\/hu\/wp-json\/wp\/v2\/product_tag?post=8246"}],"curies":[{"name":"wp","href":"https:\/\/api.w.org\/{rel}","templated":true}]}}