{"id":8316,"date":"2026-03-24T16:25:03","date_gmt":"2026-03-24T16:25:03","guid":{"rendered":"https:\/\/saphirsmaragd.com\/?post_type=product&#038;p=8316"},"modified":"2026-03-24T16:28:46","modified_gmt":"2026-03-24T16:28:46","slug":"feueropal-kissen-farbe-orange-2-19-karat","status":"publish","type":"product","link":"https:\/\/saphirsmaragd.com\/hu\/termek\/feueropal-kissen-farbe-orange-2-19-karat\/","title":{"rendered":"Feueropal Kissen Farbe orange 2.19 Karat \u2013 Leuchtender nat\u00fcrlicher Edelstein aus Mexiko"},"content":{"rendered":"<div id=\"ez-toc-container\" class=\"ez-toc-v2_0_83 counter-hierarchy ez-toc-counter ez-toc-grey ez-toc-container-direction\">\n<div class=\"ez-toc-title-container\">\n<p class=\"ez-toc-title\" style=\"cursor:inherit\">Tartalomjegyz\u00e9k<\/p>\n<span class=\"ez-toc-title-toggle\"><a href=\"#\" class=\"ez-toc-pull-right ez-toc-btn ez-toc-btn-xs ez-toc-btn-default ez-toc-toggle\" aria-label=\"Toggle Table of Content\"><span class=\"ez-toc-js-icon-con\"><span class=\"\"><span class=\"eztoc-hide\" style=\"display:none;\">Toggle<\/span><span class=\"ez-toc-icon-toggle-span\"><svg style=\"fill: #999;color:#999\" xmlns=\"http:\/\/www.w3.org\/2000\/svg\" class=\"list-377408\" width=\"20px\" height=\"20px\" viewbox=\"0 0 24 24\" fill=\"none\"><path d=\"M6 6H4v2h2V6zm14 0H8v2h12V6zM4 11h2v2H4v-2zm16 0H8v2h12v-2zM4 16h2v2H4v-2zm16 0H8v2h12v-2z\" fill=\"currentColor\"><\/path><\/svg><svg style=\"fill: #999;color:#999\" class=\"arrow-unsorted-368013\" xmlns=\"http:\/\/www.w3.org\/2000\/svg\" width=\"10px\" height=\"10px\" viewbox=\"0 0 24 24\" version=\"1.2\" baseprofile=\"tiny\"><path d=\"M18.2 9.3l-6.2-6.3-6.2 6.3c-.2.2-.3.4-.3.7s.1.5.3.7c.2.2.4.3.7.3h11c.3 0 .5-.1.7-.3.2-.2.3-.5.3-.7s-.1-.5-.3-.7zM5.8 14.7l6.2 6.3 6.2-6.3c.2-.2.3-.5.3-.7s-.1-.5-.3-.7c-.2-.2-.4-.3-.7-.3h-11c-.3 0-.5.1-.7.3-.2.2-.3.5-.3.7s.1.5.3.7z\"\/><\/svg><\/span><\/span><\/span><\/a><\/span><\/div>\n<nav><ul class='ez-toc-list ez-toc-list-level-1' ><li class='ez-toc-page-1 ez-toc-heading-level-4'><a class=\"ez-toc-link ez-toc-heading-1\" href=\"https:\/\/saphirsmaragd.com\/hu\/termek\/feueropal-kissen-farbe-orange-2-19-karat\/#Merkmale_Herkunft\" >Merkmale &amp; Herkunft:<\/a><\/li><li class='ez-toc-page-1 ez-toc-heading-level-4'><a class=\"ez-toc-link ez-toc-heading-2\" href=\"https:\/\/saphirsmaragd.com\/hu\/termek\/feueropal-kissen-farbe-orange-2-19-karat\/#Besonderheiten\" >Besonderheiten:<\/a><\/li><li class='ez-toc-page-1 ez-toc-heading-level-4'><a class=\"ez-toc-link ez-toc-heading-3\" href=\"https:\/\/saphirsmaragd.com\/hu\/termek\/feueropal-kissen-farbe-orange-2-19-karat\/#Weitere_Inspiration_entdecken\" >Weitere Inspiration entdecken<\/a><\/li><\/ul><\/nav><\/div>\n<p data-start=\"762\" data-end=\"1015\">\n<p data-start=\"807\" data-end=\"1074\">Der Feueropal Kissen Farbe orange 2.19 Karat begeistert durch seine intensive Farbwirkung und seinen klassischen Kissenschliff. Dieser nat\u00fcrliche Edelstein aus Mexiko vereint warme Farbt\u00f6ne mit einer harmonischen Form und eignet sich ideal f\u00fcr elegante Schmuckst\u00fccke.<\/p>\n<hr data-start=\"1076\" data-end=\"1079\" \/>\n<h4 data-start=\"1081\" data-end=\"1106\"><span class=\"ez-toc-section\" id=\"Merkmale_Herkunft\"><\/span>Merkmale &amp; Herkunft:<span class=\"ez-toc-section-end\"><\/span><\/h4>\n<p data-start=\"1108\" data-end=\"1311\">Farbe: Orange<br data-start=\"1121\" data-end=\"1124\" \/>Form: Kissen<br data-start=\"1136\" data-end=\"1139\" \/>Herkunft: Mexiko<br data-start=\"1155\" data-end=\"1158\" \/>Gewicht: 2.19 Karat<br data-start=\"1177\" data-end=\"1180\" \/>Ma\u00dfe: 8.9 x 8.9 mm<br data-start=\"1198\" data-end=\"1201\" \/>Tisztas\u00e1g: Szemtisztas\u00e1g<br data-start=\"1220\" data-end=\"1223\" \/>Behandlung: Unbehandelt<br data-start=\"1246\" data-end=\"1249\" \/>\u00c1llapot: \u00daj<br data-start=\"1261\" data-end=\"1264\" \/>Steinart: Feueropal<br data-start=\"1283\" data-end=\"1286\" \/>Mohs-H\u00e4rte: 5.5 bis 6.5<\/p>\n<hr data-start=\"1313\" data-end=\"1316\" \/>\n<h4 data-start=\"1318\" data-end=\"1338\"><span class=\"ez-toc-section\" id=\"Besonderheiten\"><\/span>Besonderheiten:<span class=\"ez-toc-section-end\"><\/span><\/h4>\n<p data-start=\"1340\" data-end=\"1574\">Der Feueropal Kissen Farbe orange 2.19 Karat \u00fcberzeugt durch seine gleichm\u00e4\u00dfige, intensive Farbverteilung und seine klare Struktur. Die warme, leuchtende Orangef\u00e4rbung verleiht dem Edelstein eine lebendige und ausdrucksstarke Wirkung.<\/p>\n<p data-start=\"1576\" data-end=\"1827\">Der klassische Kissenschliff kombiniert weiche Rundungen mit einer quadratischen Grundform, wodurch der Stein besonders ausgewogen und vielseitig einsetzbar ist. Diese Form eignet sich hervorragend f\u00fcr Ringe, Anh\u00e4nger oder individuelle Schmuckdesigns.<\/p>\n<p data-start=\"1829\" data-end=\"2043\">Feueropale aus Mexiko sind weltweit f\u00fcr ihre Farbintensit\u00e4t bekannt und z\u00e4hlen zu den beliebtesten Opalvarianten. Ihre strahlenden Farben sorgen f\u00fcr eine besondere Pr\u00e4senz und machen jeden Stein zu einem Blickfang.<\/p>\n<h4 data-start=\"413\" data-end=\"449\"><span class=\"ez-toc-section\" id=\"Weitere_Inspiration_entdecken\"><\/span>Weitere Inspiration entdecken<span class=\"ez-toc-section-end\"><\/span><\/h4>\n<p data-start=\"450\" data-end=\"582\">Suchen Sie weitere besondere Produkte? Entdecken Sie zus\u00e4tzliche Highlights in unserem Sortiment oder besuchen Sie unsere Partnerprojekte:<\/p>\n<ul data-start=\"584\" data-end=\"920\">\n<li data-start=\"584\" data-end=\"656\"><a href=\"https:\/\/saphirsmaragd.com\/hu\/shop\/\">Weitere Edelsteine &amp; Schmuckst\u00fccke bei Saphir &amp; Smaragd entdecken<\/a><\/li>\n<li data-start=\"657\" data-end=\"783\">\n<p data-start=\"659\" data-end=\"783\"><a href=\"https:\/\/honigbee.com\/shop\/\" target=\"_blank\" rel=\"noopener\">Nat\u00fcrliche Produkte bei Honigbee ansehen<br \/>\n<\/a><\/p>\n<\/li>\n<li data-start=\"784\" data-end=\"920\">\n<p data-start=\"786\" data-end=\"920\"><a href=\"https:\/\/matvana.com\/shop\/\" target=\"_blank\" rel=\"noopener\">Stilvolle Wohnideen bei Matvana erkunden<\/a><\/p>\n<\/li>\n<\/ul>","protected":false},"excerpt":{"rendered":"<p data-start=\"437\" data-end=\"568\"><em>Feueropal Kissen Farbe orange 2.19 Karat aus Mexiko \u2013 nat\u00fcrlicher Edelstein mit intensiver Farbe und klassischem Kissenschliff.<\/em><\/p>\n<p data-start=\"575\" data-end=\"606\">","protected":false},"featured_media":8317,"comment_status":"open","ping_status":"closed","template":"","meta":{"_glsr_average":0,"_glsr_ranking":0,"_glsr_reviews":0},"product_brand":[],"product_cat":[75],"product_tag":[],"class_list":{"0":"post-8316","1":"product","2":"type-product","3":"status-publish","4":"has-post-thumbnail","6":"product_cat-opale-kaufen","7":"pa_edelsteinart-opal","8":"pa_farbe-orange","9":"pa_form-kissen","10":"pa_gewicht-karat-1-0-3-0-karat","11":"pa_herkunft-mexiko","12":"pa_reinheit-augenrein","13":"pa_veredelung-behandlung-unbehandelt","14":"pa_zustand-neu","16":"first","17":"instock","18":"featured","19":"sold-individually","20":"shipping-taxable","21":"purchasable","22":"product-type-simple","23":"add-to-wishlist-before_image"},"jetpack_sharing_enabled":true,"_links":{"self":[{"href":"https:\/\/saphirsmaragd.com\/hu\/wp-json\/wp\/v2\/product\/8316","targetHints":{"allow":["GET"]}}],"collection":[{"href":"https:\/\/saphirsmaragd.com\/hu\/wp-json\/wp\/v2\/product"}],"about":[{"href":"https:\/\/saphirsmaragd.com\/hu\/wp-json\/wp\/v2\/types\/product"}],"replies":[{"embeddable":true,"href":"https:\/\/saphirsmaragd.com\/hu\/wp-json\/wp\/v2\/comments?post=8316"}],"version-history":[{"count":1,"href":"https:\/\/saphirsmaragd.com\/hu\/wp-json\/wp\/v2\/product\/8316\/revisions"}],"predecessor-version":[{"id":8318,"href":"https:\/\/saphirsmaragd.com\/hu\/wp-json\/wp\/v2\/product\/8316\/revisions\/8318"}],"wp:featuredmedia":[{"embeddable":true,"href":"https:\/\/saphirsmaragd.com\/hu\/wp-json\/wp\/v2\/media\/8317"}],"wp:attachment":[{"href":"https:\/\/saphirsmaragd.com\/hu\/wp-json\/wp\/v2\/media?parent=8316"}],"wp:term":[{"taxonomy":"product_brand","embeddable":true,"href":"https:\/\/saphirsmaragd.com\/hu\/wp-json\/wp\/v2\/product_brand?post=8316"},{"taxonomy":"product_cat","embeddable":true,"href":"https:\/\/saphirsmaragd.com\/hu\/wp-json\/wp\/v2\/product_cat?post=8316"},{"taxonomy":"product_tag","embeddable":true,"href":"https:\/\/saphirsmaragd.com\/hu\/wp-json\/wp\/v2\/product_tag?post=8316"}],"curies":[{"name":"wp","href":"https:\/\/api.w.org\/{rel}","templated":true}]}}