{"id":8319,"date":"2026-03-24T16:30:13","date_gmt":"2026-03-24T16:30:13","guid":{"rendered":"https:\/\/saphirsmaragd.com\/?post_type=product&#038;p=8319"},"modified":"2026-03-24T16:36:21","modified_gmt":"2026-03-24T16:36:21","slug":"feueropal-kissen-farbe-orange-2-40-karat","status":"publish","type":"product","link":"https:\/\/saphirsmaragd.com\/hu\/termek\/feueropal-kissen-farbe-orange-2-40-karat\/","title":{"rendered":"Feueropal Kissen Farbe orange 2.40 Karat \u2013 Strahlender nat\u00fcrlicher Edelstein aus Mexiko"},"content":{"rendered":"<div id=\"ez-toc-container\" class=\"ez-toc-v2_0_83 counter-hierarchy ez-toc-counter ez-toc-grey ez-toc-container-direction\">\n<div class=\"ez-toc-title-container\">\n<p class=\"ez-toc-title\" style=\"cursor:inherit\">Tartalomjegyz\u00e9k<\/p>\n<span class=\"ez-toc-title-toggle\"><a href=\"#\" class=\"ez-toc-pull-right ez-toc-btn ez-toc-btn-xs ez-toc-btn-default ez-toc-toggle\" aria-label=\"Toggle Table of Content\"><span class=\"ez-toc-js-icon-con\"><span class=\"\"><span class=\"eztoc-hide\" style=\"display:none;\">Toggle<\/span><span class=\"ez-toc-icon-toggle-span\"><svg style=\"fill: #999;color:#999\" xmlns=\"http:\/\/www.w3.org\/2000\/svg\" class=\"list-377408\" width=\"20px\" height=\"20px\" viewbox=\"0 0 24 24\" fill=\"none\"><path d=\"M6 6H4v2h2V6zm14 0H8v2h12V6zM4 11h2v2H4v-2zm16 0H8v2h12v-2zM4 16h2v2H4v-2zm16 0H8v2h12v-2z\" fill=\"currentColor\"><\/path><\/svg><svg style=\"fill: #999;color:#999\" class=\"arrow-unsorted-368013\" xmlns=\"http:\/\/www.w3.org\/2000\/svg\" width=\"10px\" height=\"10px\" viewbox=\"0 0 24 24\" version=\"1.2\" baseprofile=\"tiny\"><path d=\"M18.2 9.3l-6.2-6.3-6.2 6.3c-.2.2-.3.4-.3.7s.1.5.3.7c.2.2.4.3.7.3h11c.3 0 .5-.1.7-.3.2-.2.3-.5.3-.7s-.1-.5-.3-.7zM5.8 14.7l6.2 6.3 6.2-6.3c.2-.2.3-.5.3-.7s-.1-.5-.3-.7c-.2-.2-.4-.3-.7-.3h-11c-.3 0-.5.1-.7.3-.2.2-.3.5-.3.7s.1.5.3.7z\"\/><\/svg><\/span><\/span><\/span><\/a><\/span><\/div>\n<nav><ul class='ez-toc-list ez-toc-list-level-1' ><li class='ez-toc-page-1 ez-toc-heading-level-4'><a class=\"ez-toc-link ez-toc-heading-1\" href=\"https:\/\/saphirsmaragd.com\/hu\/termek\/feueropal-kissen-farbe-orange-2-40-karat\/#Merkmale_Herkunft\" >Merkmale &amp; Herkunft:<\/a><\/li><li class='ez-toc-page-1 ez-toc-heading-level-4'><a class=\"ez-toc-link ez-toc-heading-2\" href=\"https:\/\/saphirsmaragd.com\/hu\/termek\/feueropal-kissen-farbe-orange-2-40-karat\/#Besonderheiten\" >Besonderheiten:<\/a><\/li><li class='ez-toc-page-1 ez-toc-heading-level-4'><a class=\"ez-toc-link ez-toc-heading-3\" href=\"https:\/\/saphirsmaragd.com\/hu\/termek\/feueropal-kissen-farbe-orange-2-40-karat\/#Weitere_Inspiration_entdecken\" >Weitere Inspiration entdecken<\/a><\/li><\/ul><\/nav><\/div>\n<p data-start=\"760\" data-end=\"1019\">Der Feueropal Kissen Farbe orange 2.40 Karat \u00fcberzeugt durch seine intensive Farbbrillanz und seinen klassischen Kissenschliff. Dieser nat\u00fcrliche Edelstein aus Mexiko strahlt W\u00e4rme und Lebendigkeit aus und eignet sich hervorragend f\u00fcr elegante Schmuckdesigns.<\/p>\n<hr data-start=\"1021\" data-end=\"1024\" \/>\n<h4 data-start=\"1026\" data-end=\"1051\"><span class=\"ez-toc-section\" id=\"Merkmale_Herkunft\"><\/span>Merkmale &amp; Herkunft:<span class=\"ez-toc-section-end\"><\/span><\/h4>\n<p data-start=\"1053\" data-end=\"1256\">Farbe: Orange<br data-start=\"1066\" data-end=\"1069\" \/>Form: Kissen<br data-start=\"1081\" data-end=\"1084\" \/>Herkunft: Mexiko<br data-start=\"1100\" data-end=\"1103\" \/>Gewicht: 2.40 Karat<br data-start=\"1122\" data-end=\"1125\" \/>Ma\u00dfe: 9.2 x 9.2 mm<br data-start=\"1143\" data-end=\"1146\" \/>Tisztas\u00e1g: Szemtisztas\u00e1g<br data-start=\"1165\" data-end=\"1168\" \/>Behandlung: Unbehandelt<br data-start=\"1191\" data-end=\"1194\" \/>\u00c1llapot: \u00daj<br data-start=\"1206\" data-end=\"1209\" \/>Steinart: Feueropal<br data-start=\"1228\" data-end=\"1231\" \/>Mohs-H\u00e4rte: 5.5 bis 6.5<\/p>\n<hr data-start=\"1258\" data-end=\"1261\" \/>\n<h4 data-start=\"1263\" data-end=\"1283\"><span class=\"ez-toc-section\" id=\"Besonderheiten\"><\/span>Besonderheiten:<span class=\"ez-toc-section-end\"><\/span><\/h4>\n<p data-start=\"1285\" data-end=\"1518\">Der Feueropal Kissen Farbe orange 2.40 Karat besticht durch seine klare Struktur und seine gleichm\u00e4\u00dfige, intensive Farbverteilung. Die warme orangefarbene Leuchtkraft verleiht dem Edelstein eine lebendige und auff\u00e4llige Ausstrahlung.<\/p>\n<p data-start=\"1520\" data-end=\"1767\">Der Kissenschliff sorgt f\u00fcr eine harmonische Balance zwischen weichen Rundungen und klaren Linien, wodurch der Stein besonders vielseitig einsetzbar ist. Er eignet sich ideal f\u00fcr Ringe, Anh\u00e4nger oder individuelle Schmuckst\u00fccke mit starker Pr\u00e4senz.<\/p>\n<p data-start=\"1769\" data-end=\"1966\">Feueropale aus Mexiko geh\u00f6ren zu den bekanntesten Opalarten weltweit und sind f\u00fcr ihre leuchtenden Farben besonders gesch\u00e4tzt. Dieser Edelstein vereint klassische Eleganz mit moderner Ausstrahlung.<\/p>\n<hr data-start=\"1926\" data-end=\"1929\" \/>\n<h4 data-start=\"413\" data-end=\"449\"><span class=\"ez-toc-section\" id=\"Weitere_Inspiration_entdecken\"><\/span>Weitere Inspiration entdecken<span class=\"ez-toc-section-end\"><\/span><\/h4>\n<p data-start=\"450\" data-end=\"582\">Suchen Sie weitere besondere Produkte? Entdecken Sie zus\u00e4tzliche Highlights in unserem Sortiment oder besuchen Sie unsere Partnerprojekte:<\/p>\n<ul data-start=\"584\" data-end=\"920\">\n<li data-start=\"584\" data-end=\"656\"><a href=\"https:\/\/saphirsmaragd.com\/hu\/shop\/\">Weitere Edelsteine &amp; Schmuckst\u00fccke bei Saphir &amp; Smaragd entdecken<\/a><\/li>\n<li data-start=\"657\" data-end=\"783\">\n<p data-start=\"659\" data-end=\"783\"><a href=\"https:\/\/honigbee.com\/shop\/\" target=\"_blank\" rel=\"noopener\">Nat\u00fcrliche Produkte bei Honigbee ansehen<br \/>\n<\/a><\/p>\n<\/li>\n<li data-start=\"784\" data-end=\"920\">\n<p data-start=\"786\" data-end=\"920\"><a href=\"https:\/\/matvana.com\/shop\/\" target=\"_blank\" rel=\"noopener\">Stilvolle Wohnideen bei Matvana erkunden<\/a><\/p>\n<\/li>\n<\/ul>","protected":false},"excerpt":{"rendered":"<p data-start=\"398\" data-end=\"529\"><em>Feueropal Kissen Farbe orange 2.40 Karat aus Mexiko \u2013 nat\u00fcrlicher Edelstein mit intensiver Leuchtkraft und klassischem Schliff.<\/em><\/p>\n<p data-start=\"575\" data-end=\"606\">","protected":false},"featured_media":8298,"comment_status":"open","ping_status":"closed","template":"","meta":{"_glsr_average":0,"_glsr_ranking":0,"_glsr_reviews":0},"product_brand":[],"product_cat":[75],"product_tag":[],"class_list":{"0":"post-8319","1":"product","2":"type-product","3":"status-publish","4":"has-post-thumbnail","6":"product_cat-opale-kaufen","7":"pa_edelsteinart-opal","8":"pa_farbe-orange","9":"pa_form-kissen","10":"pa_gewicht-karat-1-0-3-0-karat","11":"pa_herkunft-mexiko","12":"pa_reinheit-augenrein","13":"pa_veredelung-behandlung-unbehandelt","14":"pa_zustand-neu","16":"first","17":"instock","18":"featured","19":"sold-individually","20":"shipping-taxable","21":"purchasable","22":"product-type-simple","23":"add-to-wishlist-before_image"},"jetpack_sharing_enabled":true,"_links":{"self":[{"href":"https:\/\/saphirsmaragd.com\/hu\/wp-json\/wp\/v2\/product\/8319","targetHints":{"allow":["GET"]}}],"collection":[{"href":"https:\/\/saphirsmaragd.com\/hu\/wp-json\/wp\/v2\/product"}],"about":[{"href":"https:\/\/saphirsmaragd.com\/hu\/wp-json\/wp\/v2\/types\/product"}],"replies":[{"embeddable":true,"href":"https:\/\/saphirsmaragd.com\/hu\/wp-json\/wp\/v2\/comments?post=8319"}],"version-history":[{"count":1,"href":"https:\/\/saphirsmaragd.com\/hu\/wp-json\/wp\/v2\/product\/8319\/revisions"}],"predecessor-version":[{"id":8320,"href":"https:\/\/saphirsmaragd.com\/hu\/wp-json\/wp\/v2\/product\/8319\/revisions\/8320"}],"wp:featuredmedia":[{"embeddable":true,"href":"https:\/\/saphirsmaragd.com\/hu\/wp-json\/wp\/v2\/media\/8298"}],"wp:attachment":[{"href":"https:\/\/saphirsmaragd.com\/hu\/wp-json\/wp\/v2\/media?parent=8319"}],"wp:term":[{"taxonomy":"product_brand","embeddable":true,"href":"https:\/\/saphirsmaragd.com\/hu\/wp-json\/wp\/v2\/product_brand?post=8319"},{"taxonomy":"product_cat","embeddable":true,"href":"https:\/\/saphirsmaragd.com\/hu\/wp-json\/wp\/v2\/product_cat?post=8319"},{"taxonomy":"product_tag","embeddable":true,"href":"https:\/\/saphirsmaragd.com\/hu\/wp-json\/wp\/v2\/product_tag?post=8319"}],"curies":[{"name":"wp","href":"https:\/\/api.w.org\/{rel}","templated":true}]}}