{"id":8487,"date":"2026-04-11T13:00:09","date_gmt":"2026-04-11T13:00:09","guid":{"rendered":"https:\/\/saphirsmaragd.com\/?post_type=product&#038;p=8487"},"modified":"2026-04-11T13:07:13","modified_gmt":"2026-04-11T13:07:13","slug":"smaragd-rechteck-gruen-2-11-karat","status":"publish","type":"product","link":"https:\/\/saphirsmaragd.com\/hu\/termek\/smaragd-rechteck-gruen-2-11-karat\/","title":{"rendered":"Smaragd Rechteck Gr\u00fcn 2.11 Karat aus Sambia \u2013 Hochwertiger Edelstein"},"content":{"rendered":"<p data-start=\"721\" data-end=\"1002\">Dieser beeindruckende Smaragd Rechteck Gr\u00fcn 2.11 Karat stammt aus Sambia und \u00fcberzeugt durch seine intensive gr\u00fcne Farbe sowie seine klassische rechteckige Form. Mit seiner starken Pr\u00e4senz und eleganten Ausstrahlung eignet sich dieser Edelstein ideal f\u00fcr hochwertige Schmuckst\u00fccke.<\/p>\n<hr data-start=\"1004\" data-end=\"1007\" \/>\n<div id=\"ez-toc-container\" class=\"ez-toc-v2_0_82_2 counter-hierarchy ez-toc-counter ez-toc-grey ez-toc-container-direction\">\n<div class=\"ez-toc-title-container\">\n<p class=\"ez-toc-title\" style=\"cursor:inherit\">Tartalomjegyz\u00e9k<\/p>\n<span class=\"ez-toc-title-toggle\"><a href=\"#\" class=\"ez-toc-pull-right ez-toc-btn ez-toc-btn-xs ez-toc-btn-default ez-toc-toggle\" aria-label=\"Toggle Table of Content\"><span class=\"ez-toc-js-icon-con\"><span class=\"\"><span class=\"eztoc-hide\" style=\"display:none;\">Toggle<\/span><span class=\"ez-toc-icon-toggle-span\"><svg style=\"fill: #999;color:#999\" xmlns=\"http:\/\/www.w3.org\/2000\/svg\" class=\"list-377408\" width=\"20px\" height=\"20px\" viewbox=\"0 0 24 24\" fill=\"none\"><path d=\"M6 6H4v2h2V6zm14 0H8v2h12V6zM4 11h2v2H4v-2zm16 0H8v2h12v-2zM4 16h2v2H4v-2zm16 0H8v2h12v-2z\" fill=\"currentColor\"><\/path><\/svg><svg style=\"fill: #999;color:#999\" class=\"arrow-unsorted-368013\" xmlns=\"http:\/\/www.w3.org\/2000\/svg\" width=\"10px\" height=\"10px\" viewbox=\"0 0 24 24\" version=\"1.2\" baseprofile=\"tiny\"><path d=\"M18.2 9.3l-6.2-6.3-6.2 6.3c-.2.2-.3.4-.3.7s.1.5.3.7c.2.2.4.3.7.3h11c.3 0 .5-.1.7-.3.2-.2.3-.5.3-.7s-.1-.5-.3-.7zM5.8 14.7l6.2 6.3 6.2-6.3c.2-.2.3-.5.3-.7s-.1-.5-.3-.7c-.2-.2-.4-.3-.7-.3h-11c-.3 0-.5.1-.7.3-.2.2-.3.5-.3.7s.1.5.3.7z\"\/><\/svg><\/span><\/span><\/span><\/a><\/span><\/div>\n<nav><ul class='ez-toc-list ez-toc-list-level-1' ><li class='ez-toc-page-1 ez-toc-heading-level-4'><a class=\"ez-toc-link ez-toc-heading-1\" href=\"https:\/\/saphirsmaragd.com\/hu\/termek\/smaragd-rechteck-gruen-2-11-karat\/#Merkmale_Herkunft\" >Jellemz\u0151k \u00e9s eredet<\/a><\/li><li class='ez-toc-page-1 ez-toc-heading-level-4'><a class=\"ez-toc-link ez-toc-heading-2\" href=\"https:\/\/saphirsmaragd.com\/hu\/termek\/smaragd-rechteck-gruen-2-11-karat\/#Besonderheiten\" >K\u00fcl\u00f6nleges jellemz\u0151k<\/a><\/li><li class='ez-toc-page-1 ez-toc-heading-level-4'><a class=\"ez-toc-link ez-toc-heading-3\" href=\"https:\/\/saphirsmaragd.com\/hu\/termek\/smaragd-rechteck-gruen-2-11-karat\/#Mehr_uber_Smaragde\" >Mehr \u00fcber Smaragde<\/a><\/li><li class='ez-toc-page-1 ez-toc-heading-level-4'><a class=\"ez-toc-link ez-toc-heading-4\" href=\"https:\/\/saphirsmaragd.com\/hu\/termek\/smaragd-rechteck-gruen-2-11-karat\/#Weitere_Infos\" >Tov\u00e1bbi inform\u00e1ci\u00f3<\/a><\/li><\/ul><\/nav><\/div>\n<h4 data-start=\"1009\" data-end=\"1035\"><span class=\"ez-toc-section\" id=\"Merkmale_Herkunft\"><\/span>Jellemz\u0151k \u00e9s eredet<span class=\"ez-toc-section-end\"><\/span><\/h4>\n<p data-start=\"1037\" data-end=\"1268\">Steinart: Smaragd<br data-start=\"1054\" data-end=\"1057\" \/>Farbe: Gr\u00fcn<br data-start=\"1068\" data-end=\"1071\" \/>Form: Rechteck<br data-start=\"1085\" data-end=\"1088\" \/>Gewicht: 2.11 Karat<br data-start=\"1107\" data-end=\"1110\" \/>Abmessungen: 9 x 6.9 mm<br data-start=\"1133\" data-end=\"1136\" \/>Herkunft: Sambia<br data-start=\"1152\" data-end=\"1155\" \/>Reinheit: Deutliche Einschl\u00fcsse<br data-start=\"1186\" data-end=\"1189\" \/>Behandlung: Ge\u00f6lt<br data-start=\"1206\" data-end=\"1209\" \/>Beobachtung: Nat\u00fcrlich<br data-start=\"1231\" data-end=\"1234\" \/>Mohs-H\u00e4rte: 7.5\u20138<br data-start=\"1251\" data-end=\"1254\" \/>\u00c1llapot: \u00daj<\/p>\n<hr data-start=\"1270\" data-end=\"1273\" \/>\n<h4 data-start=\"1275\" data-end=\"1296\"><span class=\"ez-toc-section\" id=\"Besonderheiten\"><\/span>K\u00fcl\u00f6nleges jellemz\u0151k<span class=\"ez-toc-section-end\"><\/span><\/h4>\n<p data-start=\"1298\" data-end=\"1590\">Der Smaragd Rechteck Gr\u00fcn 2.11 Karat weist die f\u00fcr nat\u00fcrliche Smaragde typischen Einschl\u00fcsse auf, die als \u201eJardin\u201c bekannt sind und die Echtheit dieses Edelsteins best\u00e4tigen. Bei Smaragden dieser Gr\u00f6\u00dfe sind Einschl\u00fcsse ein nat\u00fcrliches Merkmal und unterstreichen den authentischen Charakter.<\/p>\n<p data-start=\"1592\" data-end=\"1739\">Die klassische rechteckige Form sorgt f\u00fcr eine optimale Darstellung der intensiven gr\u00fcnen Farbe und verleiht dem Edelstein eine zeitlose Eleganz.<\/p>\n<p data-start=\"1741\" data-end=\"1917\">Mit \u00fcber 2 Karat geh\u00f6rt dieser Smaragd bereits in das gehobene Segment und eignet sich besonders gut als Mittelstein f\u00fcr Ringe, Anh\u00e4nger oder individuelle Schmuckanfertigungen.<\/p>\n<hr data-start=\"1443\" data-end=\"1446\" \/>\n<h4 data-start=\"1448\" data-end=\"1473\"><span class=\"ez-toc-section\" id=\"Mehr_uber_Smaragde\"><\/span>Mehr \u00fcber Smaragde<span class=\"ez-toc-section-end\"><\/span><\/h4>\n<p data-start=\"1475\" data-end=\"1668\"><a class=\"\" href=\"https:\/\/saphirsmaragd.com\/hu\/product-category\/heilsteine-kristalle-kaufen\/\" target=\"_new\" rel=\"noopener\" data-start=\"1571\" data-end=\"1668\">Gy\u00f3gy\u00edt\u00f3 k\u00f6vek \u00e9s krist\u00e1lyok<\/a><\/p>\n<hr data-start=\"1670\" data-end=\"1673\" \/>\n<h4 data-start=\"1675\" data-end=\"1695\"><span class=\"ez-toc-section\" id=\"Weitere_Infos\"><\/span>Tov\u00e1bbi inform\u00e1ci\u00f3<span class=\"ez-toc-section-end\"><\/span><\/h4>\n<p data-start=\"1697\" data-end=\"1801\"><a class=\"\" href=\"https:\/\/de.wikipedia.org\/wiki\/Smaragd\" target=\"_new\" rel=\"noopener\" data-start=\"1741\" data-end=\"1801\">Wikipedia \u2013 Smaragd<\/a><\/p>","protected":false},"excerpt":{"rendered":"<p data-start=\"399\" data-end=\"552\"><em>Smaragd Rechteck Gr\u00fcn 2.11 Karat aus Sambia, nat\u00fcrlich und ge\u00f6lt. Hochwertiger rechteckiger Smaragd mit intensiver gr\u00fcner Farbe und klassischer Form.<\/em><\/p>","protected":false},"featured_media":8488,"comment_status":"open","ping_status":"closed","template":"","meta":{"_glsr_average":0,"_glsr_ranking":0,"_glsr_reviews":0},"product_brand":[],"product_cat":[262],"product_tag":[],"class_list":{"0":"post-8487","1":"product","2":"type-product","3":"status-publish","4":"has-post-thumbnail","6":"product_cat-smaragd","7":"pa_edelsteinart-smaragd","8":"pa_farbe-gruen","9":"pa_form-rechteck","10":"pa_gewicht-karat-1-0-3-0-karat","11":"pa_herkunft-sambia","12":"pa_reinheit-deutliche-einschluesse","13":"pa_veredelung-behandlung-geoelt","14":"pa_zustand-neu","16":"first","17":"instock","18":"sold-individually","19":"shipping-taxable","20":"purchasable","21":"product-type-simple","22":"add-to-wishlist-before_image"},"jetpack_sharing_enabled":true,"_links":{"self":[{"href":"https:\/\/saphirsmaragd.com\/hu\/wp-json\/wp\/v2\/product\/8487","targetHints":{"allow":["GET"]}}],"collection":[{"href":"https:\/\/saphirsmaragd.com\/hu\/wp-json\/wp\/v2\/product"}],"about":[{"href":"https:\/\/saphirsmaragd.com\/hu\/wp-json\/wp\/v2\/types\/product"}],"replies":[{"embeddable":true,"href":"https:\/\/saphirsmaragd.com\/hu\/wp-json\/wp\/v2\/comments?post=8487"}],"version-history":[{"count":1,"href":"https:\/\/saphirsmaragd.com\/hu\/wp-json\/wp\/v2\/product\/8487\/revisions"}],"predecessor-version":[{"id":8489,"href":"https:\/\/saphirsmaragd.com\/hu\/wp-json\/wp\/v2\/product\/8487\/revisions\/8489"}],"wp:featuredmedia":[{"embeddable":true,"href":"https:\/\/saphirsmaragd.com\/hu\/wp-json\/wp\/v2\/media\/8488"}],"wp:attachment":[{"href":"https:\/\/saphirsmaragd.com\/hu\/wp-json\/wp\/v2\/media?parent=8487"}],"wp:term":[{"taxonomy":"product_brand","embeddable":true,"href":"https:\/\/saphirsmaragd.com\/hu\/wp-json\/wp\/v2\/product_brand?post=8487"},{"taxonomy":"product_cat","embeddable":true,"href":"https:\/\/saphirsmaragd.com\/hu\/wp-json\/wp\/v2\/product_cat?post=8487"},{"taxonomy":"product_tag","embeddable":true,"href":"https:\/\/saphirsmaragd.com\/hu\/wp-json\/wp\/v2\/product_tag?post=8487"}],"curies":[{"name":"wp","href":"https:\/\/api.w.org\/{rel}","templated":true}]}}