{"id":8571,"date":"2026-04-14T17:34:47","date_gmt":"2026-04-14T17:34:47","guid":{"rendered":"https:\/\/saphirsmaragd.com\/?post_type=product&#038;p=8571"},"modified":"2026-04-14T17:37:39","modified_gmt":"2026-04-14T17:37:39","slug":"smaragd-rund-gruen-1-73-karat","status":"publish","type":"product","link":"https:\/\/saphirsmaragd.com\/hu\/termek\/smaragd-rund-gruen-1-73-karat\/","title":{"rendered":"Smaragd Rund Gr\u00fcn 1.73 Karat aus Sambia \u2013 Seltener runder Edelstein mit intensiver Farbe"},"content":{"rendered":"<p data-start=\"773\" data-end=\"1029\">Der Smaragd Rund Gr\u00fcn 1.73 Karat aus Sambia ist eine au\u00dfergew\u00f6hnliche Rarit\u00e4t unter den Edelsteinen. Die runde Form wird bei Smaragden nur selten geschliffen, da sie hohe Anforderungen an das Rohmaterial stellt und besonders pr\u00e4zise Verarbeitung erfordert.<\/p>\n<hr data-start=\"1031\" data-end=\"1034\" \/>\n<div id=\"ez-toc-container\" class=\"ez-toc-v2_0_82_2 counter-hierarchy ez-toc-counter ez-toc-grey ez-toc-container-direction\">\n<div class=\"ez-toc-title-container\">\n<p class=\"ez-toc-title\" style=\"cursor:inherit\">Tartalomjegyz\u00e9k<\/p>\n<span class=\"ez-toc-title-toggle\"><a href=\"#\" class=\"ez-toc-pull-right ez-toc-btn ez-toc-btn-xs ez-toc-btn-default ez-toc-toggle\" aria-label=\"Toggle Table of Content\"><span class=\"ez-toc-js-icon-con\"><span class=\"\"><span class=\"eztoc-hide\" style=\"display:none;\">Toggle<\/span><span class=\"ez-toc-icon-toggle-span\"><svg style=\"fill: #999;color:#999\" xmlns=\"http:\/\/www.w3.org\/2000\/svg\" class=\"list-377408\" width=\"20px\" height=\"20px\" viewbox=\"0 0 24 24\" fill=\"none\"><path d=\"M6 6H4v2h2V6zm14 0H8v2h12V6zM4 11h2v2H4v-2zm16 0H8v2h12v-2zM4 16h2v2H4v-2zm16 0H8v2h12v-2z\" fill=\"currentColor\"><\/path><\/svg><svg style=\"fill: #999;color:#999\" class=\"arrow-unsorted-368013\" xmlns=\"http:\/\/www.w3.org\/2000\/svg\" width=\"10px\" height=\"10px\" viewbox=\"0 0 24 24\" version=\"1.2\" baseprofile=\"tiny\"><path d=\"M18.2 9.3l-6.2-6.3-6.2 6.3c-.2.2-.3.4-.3.7s.1.5.3.7c.2.2.4.3.7.3h11c.3 0 .5-.1.7-.3.2-.2.3-.5.3-.7s-.1-.5-.3-.7zM5.8 14.7l6.2 6.3 6.2-6.3c.2-.2.3-.5.3-.7s-.1-.5-.3-.7c-.2-.2-.4-.3-.7-.3h-11c-.3 0-.5.1-.7.3-.2.2-.3.5-.3.7s.1.5.3.7z\"\/><\/svg><\/span><\/span><\/span><\/a><\/span><\/div>\n<nav><ul class='ez-toc-list ez-toc-list-level-1' ><li class='ez-toc-page-1 ez-toc-heading-level-4'><a class=\"ez-toc-link ez-toc-heading-1\" href=\"https:\/\/saphirsmaragd.com\/hu\/termek\/smaragd-rund-gruen-1-73-karat\/#Merkmale_Herkunft\" >Jellemz\u0151k \u00e9s eredet<\/a><\/li><li class='ez-toc-page-1 ez-toc-heading-level-4'><a class=\"ez-toc-link ez-toc-heading-2\" href=\"https:\/\/saphirsmaragd.com\/hu\/termek\/smaragd-rund-gruen-1-73-karat\/#Besonderheiten\" >K\u00fcl\u00f6nleges jellemz\u0151k<\/a><\/li><li class='ez-toc-page-1 ez-toc-heading-level-4'><a class=\"ez-toc-link ez-toc-heading-3\" href=\"https:\/\/saphirsmaragd.com\/hu\/termek\/smaragd-rund-gruen-1-73-karat\/#Mehr_uber_Heilsteine_Kristalle\" >Mehr \u00fcber Heilsteine &amp; Kristalle<\/a><\/li><li class='ez-toc-page-1 ez-toc-heading-level-4'><a class=\"ez-toc-link ez-toc-heading-4\" href=\"https:\/\/saphirsmaragd.com\/hu\/termek\/smaragd-rund-gruen-1-73-karat\/#Weitere_Infos\" >Tov\u00e1bbi inform\u00e1ci\u00f3<\/a><\/li><\/ul><\/nav><\/div>\n<h4 data-start=\"1036\" data-end=\"1062\"><span class=\"ez-toc-section\" id=\"Merkmale_Herkunft\"><\/span>Jellemz\u0151k \u00e9s eredet<span class=\"ez-toc-section-end\"><\/span><\/h4>\n<p data-start=\"1064\" data-end=\"1284\">Steinart: Smaragd<br data-start=\"1081\" data-end=\"1084\" \/>Farbe: Gr\u00fcn<br data-start=\"1095\" data-end=\"1098\" \/>Form: Rund<br data-start=\"1108\" data-end=\"1111\" \/>Gewicht: 1.73 Karat<br data-start=\"1130\" data-end=\"1133\" \/>Abmessungen: 7.3 mm<br data-start=\"1152\" data-end=\"1155\" \/>Herkunft: Sambia<br data-start=\"1171\" data-end=\"1174\" \/>Reinheit: Starke\u00a0 Einschl\u00fcsse<br data-start=\"1202\" data-end=\"1205\" \/>Behandlung: Ge\u00f6lt<br data-start=\"1222\" data-end=\"1225\" \/>Beobachtung: Nat\u00fcrlich<br data-start=\"1247\" data-end=\"1250\" \/>Mohs-H\u00e4rte: 7.5\u20138<br data-start=\"1267\" data-end=\"1270\" \/>\u00c1llapot: \u00daj<\/p>\n<hr data-start=\"1286\" data-end=\"1289\" \/>\n<h4 data-start=\"1291\" data-end=\"1312\"><span class=\"ez-toc-section\" id=\"Besonderheiten\"><\/span>K\u00fcl\u00f6nleges jellemz\u0151k<span class=\"ez-toc-section-end\"><\/span><\/h4>\n<p data-start=\"1314\" data-end=\"1575\">Der Smaragd Rund Gr\u00fcn 1.73 Karat geh\u00f6rt zu den seltensten Schliffvarianten bei Smaragden. Im Gegensatz zu klassischen Formen wie Oval oder Rechteck erfordert der Rundschliff ein besonders hochwertiges Rohmaterial, da beim Schleifen mehr Gewicht verloren geht.<\/p>\n<p data-start=\"1577\" data-end=\"1813\">Mit 1.73 Karat bietet dieser Edelstein eine beeindruckende Pr\u00e4senz und eignet sich ideal f\u00fcr exklusive Schmuckst\u00fccke. Der runde Schliff sorgt f\u00fcr eine gleichm\u00e4\u00dfige Lichtverteilung und verleiht dem Stein eine au\u00dfergew\u00f6hnliche Brillanz.<\/p>\n<p data-start=\"1815\" data-end=\"1983\">Smaragde aus Sambia sind weltweit f\u00fcr ihre intensive, leicht k\u00fchle Gr\u00fcnfarbe bekannt. Diese Eigenschaften machen sie besonders begehrt im hochwertigen Schmucksegment.<\/p>\n<hr data-start=\"1670\" data-end=\"1673\" \/>\n<h4 data-start=\"1448\" data-end=\"1473\"><span class=\"ez-toc-section\" id=\"Mehr_uber_Heilsteine_Kristalle\"><\/span>Mehr \u00fcber Heilsteine &amp; Kristalle<span class=\"ez-toc-section-end\"><\/span><\/h4>\n<p data-start=\"1475\" data-end=\"1668\"><a class=\"\" href=\"https:\/\/saphirsmaragd.com\/hu\/product-category\/heilsteine-kristalle-kaufen\/\" target=\"_new\" rel=\"noopener\" data-start=\"1571\" data-end=\"1668\">Gy\u00f3gy\u00edt\u00f3 k\u00f6vek \u00e9s krist\u00e1lyok<\/a><\/p>\n<hr data-start=\"1670\" data-end=\"1673\" \/>\n<h4 data-start=\"1675\" data-end=\"1695\"><span class=\"ez-toc-section\" id=\"Weitere_Infos\"><\/span>Tov\u00e1bbi inform\u00e1ci\u00f3<span class=\"ez-toc-section-end\"><\/span><\/h4>\n<p data-start=\"1697\" data-end=\"1801\"><a class=\"\" href=\"https:\/\/de.wikipedia.org\/wiki\/Smaragd\" target=\"_new\" rel=\"noopener\" data-start=\"1741\" data-end=\"1801\">Wikipedia \u2013 Smaragd<\/a><\/p>","protected":false},"excerpt":{"rendered":"<p data-start=\"451\" data-end=\"588\"><em>Smaragd Rund Gr\u00fcn 1.73 Karat aus Sambia, ge\u00f6lt. Seltener runder Edelstein mit intensiver gr\u00fcner Farbe und einzigartiger Ausstrahlung.<\/em><\/p>","protected":false},"featured_media":8572,"comment_status":"open","ping_status":"closed","template":"","meta":{"_glsr_average":0,"_glsr_ranking":0,"_glsr_reviews":0},"product_brand":[],"product_cat":[262],"product_tag":[],"class_list":{"0":"post-8571","1":"product","2":"type-product","3":"status-publish","4":"has-post-thumbnail","6":"product_cat-smaragd","7":"pa_edelsteinart-smaragd","8":"pa_farbe-gruen","9":"pa_form-rund","10":"pa_gewicht-karat-1-0-3-0-karat","11":"pa_herkunft-sambia","12":"pa_reinheit-starke-einschluesse","13":"pa_veredelung-behandlung-geoelt","14":"pa_zustand-neu","16":"first","17":"instock","18":"sold-individually","19":"shipping-taxable","20":"purchasable","21":"product-type-simple","22":"add-to-wishlist-before_image"},"jetpack_sharing_enabled":true,"_links":{"self":[{"href":"https:\/\/saphirsmaragd.com\/hu\/wp-json\/wp\/v2\/product\/8571","targetHints":{"allow":["GET"]}}],"collection":[{"href":"https:\/\/saphirsmaragd.com\/hu\/wp-json\/wp\/v2\/product"}],"about":[{"href":"https:\/\/saphirsmaragd.com\/hu\/wp-json\/wp\/v2\/types\/product"}],"replies":[{"embeddable":true,"href":"https:\/\/saphirsmaragd.com\/hu\/wp-json\/wp\/v2\/comments?post=8571"}],"version-history":[{"count":2,"href":"https:\/\/saphirsmaragd.com\/hu\/wp-json\/wp\/v2\/product\/8571\/revisions"}],"predecessor-version":[{"id":8574,"href":"https:\/\/saphirsmaragd.com\/hu\/wp-json\/wp\/v2\/product\/8571\/revisions\/8574"}],"wp:featuredmedia":[{"embeddable":true,"href":"https:\/\/saphirsmaragd.com\/hu\/wp-json\/wp\/v2\/media\/8572"}],"wp:attachment":[{"href":"https:\/\/saphirsmaragd.com\/hu\/wp-json\/wp\/v2\/media?parent=8571"}],"wp:term":[{"taxonomy":"product_brand","embeddable":true,"href":"https:\/\/saphirsmaragd.com\/hu\/wp-json\/wp\/v2\/product_brand?post=8571"},{"taxonomy":"product_cat","embeddable":true,"href":"https:\/\/saphirsmaragd.com\/hu\/wp-json\/wp\/v2\/product_cat?post=8571"},{"taxonomy":"product_tag","embeddable":true,"href":"https:\/\/saphirsmaragd.com\/hu\/wp-json\/wp\/v2\/product_tag?post=8571"}],"curies":[{"name":"wp","href":"https:\/\/api.w.org\/{rel}","templated":true}]}}