{"id":8695,"date":"2026-05-01T13:46:54","date_gmt":"2026-05-01T13:46:54","guid":{"rendered":"https:\/\/saphirsmaragd.com\/?post_type=product&#038;p=8695"},"modified":"2026-05-01T13:51:37","modified_gmt":"2026-05-01T13:51:37","slug":"smaragd-rechteck-gruen-0-94-karat-aus-sambia","status":"publish","type":"product","link":"https:\/\/saphirsmaragd.com\/hu\/termek\/smaragd-rechteck-gruen-0-94-karat-aus-sambia\/","title":{"rendered":"Smaragd Rechteck Gr\u00fcn 0.94 Karat aus Sambia \u2013 Klassischer Smaragdschliff Edelstein mit intensiver Farbe"},"content":{"rendered":"<p data-start=\"858\" data-end=\"1127\">Der Smaragd Rechteck Gr\u00fcn 0.94 Karat aus Sambia \u00fcberzeugt durch seine elegante rechteckige Form und seine intensive gr\u00fcne Farbwirkung. Mit seinem Gewicht nahe der 1-Karat-Marke bietet dieser Edelstein eine besonders attraktive Kombination aus Gr\u00f6\u00dfe, Qualit\u00e4t und Preis.<\/p>\n<hr data-start=\"1129\" data-end=\"1132\" \/>\n<div id=\"ez-toc-container\" class=\"ez-toc-v2_0_82_2 counter-hierarchy ez-toc-counter ez-toc-grey ez-toc-container-direction\">\n<div class=\"ez-toc-title-container\">\n<p class=\"ez-toc-title\" style=\"cursor:inherit\">Tartalomjegyz\u00e9k<\/p>\n<span class=\"ez-toc-title-toggle\"><a href=\"#\" class=\"ez-toc-pull-right ez-toc-btn ez-toc-btn-xs ez-toc-btn-default ez-toc-toggle\" aria-label=\"Toggle Table of Content\"><span class=\"ez-toc-js-icon-con\"><span class=\"\"><span class=\"eztoc-hide\" style=\"display:none;\">Toggle<\/span><span class=\"ez-toc-icon-toggle-span\"><svg style=\"fill: #999;color:#999\" xmlns=\"http:\/\/www.w3.org\/2000\/svg\" class=\"list-377408\" width=\"20px\" height=\"20px\" viewbox=\"0 0 24 24\" fill=\"none\"><path d=\"M6 6H4v2h2V6zm14 0H8v2h12V6zM4 11h2v2H4v-2zm16 0H8v2h12v-2zM4 16h2v2H4v-2zm16 0H8v2h12v-2z\" fill=\"currentColor\"><\/path><\/svg><svg style=\"fill: #999;color:#999\" class=\"arrow-unsorted-368013\" xmlns=\"http:\/\/www.w3.org\/2000\/svg\" width=\"10px\" height=\"10px\" viewbox=\"0 0 24 24\" version=\"1.2\" baseprofile=\"tiny\"><path d=\"M18.2 9.3l-6.2-6.3-6.2 6.3c-.2.2-.3.4-.3.7s.1.5.3.7c.2.2.4.3.7.3h11c.3 0 .5-.1.7-.3.2-.2.3-.5.3-.7s-.1-.5-.3-.7zM5.8 14.7l6.2 6.3 6.2-6.3c.2-.2.3-.5.3-.7s-.1-.5-.3-.7c-.2-.2-.4-.3-.7-.3h-11c-.3 0-.5.1-.7.3-.2.2-.3.5-.3.7s.1.5.3.7z\"\/><\/svg><\/span><\/span><\/span><\/a><\/span><\/div>\n<nav><ul class='ez-toc-list ez-toc-list-level-1' ><li class='ez-toc-page-1 ez-toc-heading-level-4'><a class=\"ez-toc-link ez-toc-heading-1\" href=\"https:\/\/saphirsmaragd.com\/hu\/termek\/smaragd-rechteck-gruen-0-94-karat-aus-sambia\/#Merkmale_Herkunft\" >Jellemz\u0151k \u00e9s eredet<\/a><\/li><li class='ez-toc-page-1 ez-toc-heading-level-4'><a class=\"ez-toc-link ez-toc-heading-2\" href=\"https:\/\/saphirsmaragd.com\/hu\/termek\/smaragd-rechteck-gruen-0-94-karat-aus-sambia\/#Besonderheiten\" >K\u00fcl\u00f6nleges jellemz\u0151k<\/a><\/li><li class='ez-toc-page-1 ez-toc-heading-level-4'><a class=\"ez-toc-link ez-toc-heading-3\" href=\"https:\/\/saphirsmaragd.com\/hu\/termek\/smaragd-rechteck-gruen-0-94-karat-aus-sambia\/#Mehr_uber_Heilsteine_Kristalle\" >Mehr \u00fcber Heilsteine &amp; Kristalle<\/a><\/li><li class='ez-toc-page-1 ez-toc-heading-level-4'><a class=\"ez-toc-link ez-toc-heading-4\" href=\"https:\/\/saphirsmaragd.com\/hu\/termek\/smaragd-rechteck-gruen-0-94-karat-aus-sambia\/#Weitere_Infos\" >Tov\u00e1bbi inform\u00e1ci\u00f3<\/a><\/li><\/ul><\/nav><\/div>\n<h4 data-start=\"1134\" data-end=\"1160\"><span class=\"ez-toc-section\" id=\"Merkmale_Herkunft\"><\/span>Jellemz\u0151k \u00e9s eredet<span class=\"ez-toc-section-end\"><\/span><\/h4>\n<p data-start=\"1162\" data-end=\"1409\">Steinart: Smaragd<br data-start=\"1179\" data-end=\"1182\" \/>Farbe: Gr\u00fcn<br data-start=\"1193\" data-end=\"1196\" \/>Form: Rechteck (Smaragdschliff)<br data-start=\"1227\" data-end=\"1230\" \/>Gewicht: 0.94 Karat<br data-start=\"1249\" data-end=\"1252\" \/>Abmessungen: ca. 7 x 5 mm<br data-start=\"1277\" data-end=\"1280\" \/>Herkunft: Sambia<br data-start=\"1296\" data-end=\"1299\" \/>Reinheit: Deutliche Einschl\u00fcsse<br data-start=\"1327\" data-end=\"1330\" \/>Behandlung: Ge\u00f6lt<br data-start=\"1347\" data-end=\"1350\" \/>Beobachtung: Nat\u00fcrlich<br data-start=\"1372\" data-end=\"1375\" \/>Mohs-H\u00e4rte: 7.5\u20138<br data-start=\"1392\" data-end=\"1395\" \/>\u00c1llapot: \u00daj<\/p>\n<hr data-start=\"1411\" data-end=\"1414\" \/>\n<h4 data-start=\"1416\" data-end=\"1437\"><span class=\"ez-toc-section\" id=\"Besonderheiten\"><\/span>K\u00fcl\u00f6nleges jellemz\u0151k<span class=\"ez-toc-section-end\"><\/span><\/h4>\n<p data-start=\"1439\" data-end=\"1739\">Der Smaragd Rechteck Gr\u00fcn 0.94 Karat zeichnet sich durch seinen klassischen Smaragdschliff aus, der die Struktur und Farbintensit\u00e4t des Edelsteins optimal zur Geltung bringt. Diese Schliffform sorgt f\u00fcr ein ruhiges, elegantes Lichtspiel und wird bevorzugt in hochwertigen Schmuckdesigns eingesetzt.<\/p>\n<p data-start=\"1741\" data-end=\"2004\">Mit einem Gewicht nahe 1 Karat wirkt der Edelstein besonders pr\u00e4sent und hochwertig, ohne die deutlich h\u00f6heren Preise gr\u00f6\u00dferer Steine zu erreichen. Dadurch entsteht ein hervorragendes Preis-Leistungs-Verh\u00e4ltnis f\u00fcr K\u00e4ufer, die einen exklusiven Edelstein suchen.<\/p>\n<p data-start=\"2006\" data-end=\"2190\">Smaragde aus Sambia sind weltweit f\u00fcr ihre satte gr\u00fcne Farbe und ihre hohe Qualit\u00e4t bekannt. Die nat\u00fcrlichen Einschl\u00fcsse machen jeden Stein einzigartig und best\u00e4tigen seine Echtheit.<\/p>\n<hr data-start=\"1670\" data-end=\"1673\" \/>\n<h4 data-start=\"1448\" data-end=\"1473\"><span class=\"ez-toc-section\" id=\"Mehr_uber_Heilsteine_Kristalle\"><\/span>Mehr \u00fcber Heilsteine &amp; Kristalle<span class=\"ez-toc-section-end\"><\/span><\/h4>\n<p data-start=\"1475\" data-end=\"1668\"><a class=\"\" href=\"https:\/\/saphirsmaragd.com\/hu\/product-category\/heilsteine-kristalle-kaufen\/\" target=\"_new\" rel=\"noopener\" data-start=\"1571\" data-end=\"1668\">Gy\u00f3gy\u00edt\u00f3 k\u00f6vek \u00e9s krist\u00e1lyok<\/a><\/p>\n<hr data-start=\"1670\" data-end=\"1673\" \/>\n<h4 data-start=\"1675\" data-end=\"1695\"><span class=\"ez-toc-section\" id=\"Weitere_Infos\"><\/span>Tov\u00e1bbi inform\u00e1ci\u00f3<span class=\"ez-toc-section-end\"><\/span><\/h4>\n<p data-start=\"1697\" data-end=\"1801\"><a class=\"\" href=\"https:\/\/de.wikipedia.org\/wiki\/Smaragd\" target=\"_new\" rel=\"noopener\" data-start=\"1741\" data-end=\"1801\">Wikipedia \u2013 Smaragd<\/a><\/p>","protected":false},"excerpt":{"rendered":"<p data-start=\"517\" data-end=\"654\"><em>Smaragd Rechteck Gr\u00fcn 0.94 Karat aus Sambia, ge\u00f6lt. Hochwertiger Edelstein im klassischen Smaragdschliff mit intensiver gr\u00fcner Farbe.<\/em><\/p>","protected":false},"featured_media":8696,"comment_status":"open","ping_status":"closed","template":"","meta":{"_glsr_average":0,"_glsr_ranking":0,"_glsr_reviews":0},"product_brand":[],"product_cat":[262],"product_tag":[],"class_list":{"0":"post-8695","1":"product","2":"type-product","3":"status-publish","4":"has-post-thumbnail","6":"product_cat-smaragd","7":"pa_edelsteinart-smaragd","8":"pa_farbe-gruen","9":"pa_form-rechteck","10":"pa_gewicht-karat-0-5-1-0-karat","11":"pa_herkunft-sambia","12":"pa_reinheit-deutliche-einschluesse","13":"pa_veredelung-behandlung-geoelt","14":"pa_zustand-neu","16":"first","17":"instock","18":"sold-individually","19":"taxable","20":"shipping-taxable","21":"purchasable","22":"product-type-simple","23":"add-to-wishlist-before_image"},"jetpack_sharing_enabled":true,"_links":{"self":[{"href":"https:\/\/saphirsmaragd.com\/hu\/wp-json\/wp\/v2\/product\/8695","targetHints":{"allow":["GET"]}}],"collection":[{"href":"https:\/\/saphirsmaragd.com\/hu\/wp-json\/wp\/v2\/product"}],"about":[{"href":"https:\/\/saphirsmaragd.com\/hu\/wp-json\/wp\/v2\/types\/product"}],"replies":[{"embeddable":true,"href":"https:\/\/saphirsmaragd.com\/hu\/wp-json\/wp\/v2\/comments?post=8695"}],"version-history":[{"count":1,"href":"https:\/\/saphirsmaragd.com\/hu\/wp-json\/wp\/v2\/product\/8695\/revisions"}],"predecessor-version":[{"id":8697,"href":"https:\/\/saphirsmaragd.com\/hu\/wp-json\/wp\/v2\/product\/8695\/revisions\/8697"}],"wp:featuredmedia":[{"embeddable":true,"href":"https:\/\/saphirsmaragd.com\/hu\/wp-json\/wp\/v2\/media\/8696"}],"wp:attachment":[{"href":"https:\/\/saphirsmaragd.com\/hu\/wp-json\/wp\/v2\/media?parent=8695"}],"wp:term":[{"taxonomy":"product_brand","embeddable":true,"href":"https:\/\/saphirsmaragd.com\/hu\/wp-json\/wp\/v2\/product_brand?post=8695"},{"taxonomy":"product_cat","embeddable":true,"href":"https:\/\/saphirsmaragd.com\/hu\/wp-json\/wp\/v2\/product_cat?post=8695"},{"taxonomy":"product_tag","embeddable":true,"href":"https:\/\/saphirsmaragd.com\/hu\/wp-json\/wp\/v2\/product_tag?post=8695"}],"curies":[{"name":"wp","href":"https:\/\/api.w.org\/{rel}","templated":true}]}}