{"id":8705,"date":"2026-05-01T14:00:00","date_gmt":"2026-05-01T14:00:00","guid":{"rendered":"https:\/\/saphirsmaragd.com\/?post_type=product&#038;p=8705"},"modified":"2026-05-01T14:06:05","modified_gmt":"2026-05-01T14:06:05","slug":"smaragd-herz-gruen-paar-1-17-karat","status":"publish","type":"product","link":"https:\/\/saphirsmaragd.com\/hu\/termek\/smaragd-herz-gruen-paar-1-17-karat\/","title":{"rendered":"Smaragd Herz Gr\u00fcn Paar 1.17 Karat aus Sambia \u2013 Zwei passende Herz-Smaragde f\u00fcr Schmuckdesign"},"content":{"rendered":"<p data-start=\"1130\" data-end=\"1380\">Das Smaragd Herz Gr\u00fcn Paar 1.17 Karat aus Sambia besteht aus zwei perfekt aufeinander abgestimmten Edelsteinen in romantischer Herzform. Diese seltene Kombination eignet sich ideal f\u00fcr individuelle Schmuckst\u00fccke wie Ohrringe oder symbolische Designs.<\/p>\n<hr data-start=\"1382\" data-end=\"1385\" \/>\n<div id=\"ez-toc-container\" class=\"ez-toc-v2_0_82_2 counter-hierarchy ez-toc-counter ez-toc-grey ez-toc-container-direction\">\n<div class=\"ez-toc-title-container\">\n<p class=\"ez-toc-title\" style=\"cursor:inherit\">Tartalomjegyz\u00e9k<\/p>\n<span class=\"ez-toc-title-toggle\"><a href=\"#\" class=\"ez-toc-pull-right ez-toc-btn ez-toc-btn-xs ez-toc-btn-default ez-toc-toggle\" aria-label=\"Toggle Table of Content\"><span class=\"ez-toc-js-icon-con\"><span class=\"\"><span class=\"eztoc-hide\" style=\"display:none;\">Toggle<\/span><span class=\"ez-toc-icon-toggle-span\"><svg style=\"fill: #999;color:#999\" xmlns=\"http:\/\/www.w3.org\/2000\/svg\" class=\"list-377408\" width=\"20px\" height=\"20px\" viewbox=\"0 0 24 24\" fill=\"none\"><path d=\"M6 6H4v2h2V6zm14 0H8v2h12V6zM4 11h2v2H4v-2zm16 0H8v2h12v-2zM4 16h2v2H4v-2zm16 0H8v2h12v-2z\" fill=\"currentColor\"><\/path><\/svg><svg style=\"fill: #999;color:#999\" class=\"arrow-unsorted-368013\" xmlns=\"http:\/\/www.w3.org\/2000\/svg\" width=\"10px\" height=\"10px\" viewbox=\"0 0 24 24\" version=\"1.2\" baseprofile=\"tiny\"><path d=\"M18.2 9.3l-6.2-6.3-6.2 6.3c-.2.2-.3.4-.3.7s.1.5.3.7c.2.2.4.3.7.3h11c.3 0 .5-.1.7-.3.2-.2.3-.5.3-.7s-.1-.5-.3-.7zM5.8 14.7l6.2 6.3 6.2-6.3c.2-.2.3-.5.3-.7s-.1-.5-.3-.7c-.2-.2-.4-.3-.7-.3h-11c-.3 0-.5.1-.7.3-.2.2-.3.5-.3.7s.1.5.3.7z\"\/><\/svg><\/span><\/span><\/span><\/a><\/span><\/div>\n<nav><ul class='ez-toc-list ez-toc-list-level-1' ><li class='ez-toc-page-1 ez-toc-heading-level-4'><a class=\"ez-toc-link ez-toc-heading-1\" href=\"https:\/\/saphirsmaragd.com\/hu\/termek\/smaragd-herz-gruen-paar-1-17-karat\/#Merkmale_Herkunft\" >Jellemz\u0151k \u00e9s eredet<\/a><\/li><li class='ez-toc-page-1 ez-toc-heading-level-4'><a class=\"ez-toc-link ez-toc-heading-2\" href=\"https:\/\/saphirsmaragd.com\/hu\/termek\/smaragd-herz-gruen-paar-1-17-karat\/#Besonderheiten\" >K\u00fcl\u00f6nleges jellemz\u0151k<\/a><\/li><li class='ez-toc-page-1 ez-toc-heading-level-4'><a class=\"ez-toc-link ez-toc-heading-3\" href=\"https:\/\/saphirsmaragd.com\/hu\/termek\/smaragd-herz-gruen-paar-1-17-karat\/#Mehr_uber_Heilsteine_Kristalle\" >Mehr \u00fcber Heilsteine &amp; Kristalle<\/a><\/li><li class='ez-toc-page-1 ez-toc-heading-level-4'><a class=\"ez-toc-link ez-toc-heading-4\" href=\"https:\/\/saphirsmaragd.com\/hu\/termek\/smaragd-herz-gruen-paar-1-17-karat\/#Weitere_Infos\" >Tov\u00e1bbi inform\u00e1ci\u00f3<\/a><\/li><\/ul><\/nav><\/div>\n<h4 data-start=\"1387\" data-end=\"1413\"><span class=\"ez-toc-section\" id=\"Merkmale_Herkunft\"><\/span>Jellemz\u0151k \u00e9s eredet<span class=\"ez-toc-section-end\"><\/span><\/h4>\n<p data-start=\"1415\" data-end=\"1703\">Steinart: Smaragd<br data-start=\"1432\" data-end=\"1435\" \/>Farbe: Gr\u00fcn<br data-start=\"1446\" data-end=\"1449\" \/>Form: Herz<br data-start=\"1459\" data-end=\"1462\" \/>Gewicht: 1.17 Karat (gesamt)<br data-start=\"1490\" data-end=\"1493\" \/>Einzelgewicht: ca. 0.58 Karat pro Stein<br data-start=\"1532\" data-end=\"1535\" \/>Abmessungen: ca. 5.6 x 6 mm je Stein<br data-start=\"1571\" data-end=\"1574\" \/>Herkunft: Sambia<br data-start=\"1590\" data-end=\"1593\" \/>Reinheit: Deutliche Einschl\u00fcsse<br data-start=\"1621\" data-end=\"1624\" \/>Behandlung: Ge\u00f6lt<br data-start=\"1641\" data-end=\"1644\" \/>Beobachtung: Nat\u00fcrlich<br data-start=\"1666\" data-end=\"1669\" \/>Mohs-H\u00e4rte: 7.5\u20138<br data-start=\"1686\" data-end=\"1689\" \/>\u00c1llapot: \u00daj<\/p>\n<hr data-start=\"1705\" data-end=\"1708\" \/>\n<h4 data-start=\"1710\" data-end=\"1731\"><span class=\"ez-toc-section\" id=\"Besonderheiten\"><\/span>K\u00fcl\u00f6nleges jellemz\u0151k<span class=\"ez-toc-section-end\"><\/span><\/h4>\n<p data-start=\"1733\" data-end=\"1982\">Das Smaragd Herz Gr\u00fcn Paar 1.17 Karat ist besonders selten, da zwei Edelsteine nicht nur in Form, sondern auch in Farbe, Gr\u00f6\u00dfe und Schliff exakt aufeinander abgestimmt sein m\u00fcssen. Solche Paare sind im Handel deutlich seltener als einzelne Steine.<\/p>\n<p data-start=\"1984\" data-end=\"2182\">Die Herzform steht symbolisch f\u00fcr Liebe und Emotion und macht dieses Set ideal f\u00fcr hochwertige Schmuckst\u00fccke mit pers\u00f6nlicher Bedeutung, insbesondere Ohrringe oder Geschenke f\u00fcr besondere Anl\u00e4sse.<\/p>\n<p data-start=\"2184\" data-end=\"2325\">Durch das Gesamtgewicht von 1.17 Karat wirkt das Paar hochwertig und pr\u00e4sent, w\u00e4hrend die einzelnen Steine eine harmonische Balance bieten.<\/p>\n<p data-start=\"2327\" data-end=\"2506\">Smaragde aus Sambia sind f\u00fcr ihre kr\u00e4ftige gr\u00fcne Farbe bekannt. Die nat\u00fcrlichen Einschl\u00fcsse unterstreichen die Echtheit jedes einzelnen Steins und machen jedes Paar einzigartig.<\/p>\n<hr data-start=\"1670\" data-end=\"1673\" \/>\n<h4 data-start=\"1448\" data-end=\"1473\"><span class=\"ez-toc-section\" id=\"Mehr_uber_Heilsteine_Kristalle\"><\/span>Mehr \u00fcber Heilsteine &amp; Kristalle<span class=\"ez-toc-section-end\"><\/span><\/h4>\n<p data-start=\"1475\" data-end=\"1668\"><a class=\"\" href=\"https:\/\/saphirsmaragd.com\/hu\/product-category\/heilsteine-kristalle-kaufen\/\" target=\"_new\" rel=\"noopener\" data-start=\"1571\" data-end=\"1668\">Gy\u00f3gy\u00edt\u00f3 k\u00f6vek \u00e9s krist\u00e1lyok<\/a><\/p>\n<hr data-start=\"1670\" data-end=\"1673\" \/>\n<h4 data-start=\"1675\" data-end=\"1695\"><span class=\"ez-toc-section\" id=\"Weitere_Infos\"><\/span>Tov\u00e1bbi inform\u00e1ci\u00f3<span class=\"ez-toc-section-end\"><\/span><\/h4>\n<p data-start=\"1697\" data-end=\"1801\"><a class=\"\" href=\"https:\/\/de.wikipedia.org\/wiki\/Smaragd\" target=\"_new\" rel=\"noopener\" data-start=\"1741\" data-end=\"1801\">Wikipedia \u2013 Smaragd<\/a><\/p>","protected":false},"excerpt":{"rendered":"<p data-start=\"793\" data-end=\"937\"><em>Smaragd Herz Gr\u00fcn Paar 1.17 Karat aus Sambia, ge\u00f6lt. Zwei perfekt abgestimmte Herz-Smaragde ideal f\u00fcr Ohrringe oder besondere Schmuckst\u00fccke.<\/em><\/p>","protected":false},"featured_media":8706,"comment_status":"open","ping_status":"closed","template":"","meta":{"_glsr_average":0,"_glsr_ranking":0,"_glsr_reviews":0},"product_brand":[],"product_cat":[262],"product_tag":[],"class_list":{"0":"post-8705","1":"product","2":"type-product","3":"status-publish","4":"has-post-thumbnail","6":"product_cat-smaragd","7":"pa_edelsteinart-smaragd","8":"pa_farbe-gruen","9":"pa_form-herz","10":"pa_gewicht-karat-1-0-3-0-karat","11":"pa_herkunft-sambia","12":"pa_reinheit-deutliche-einschluesse","13":"pa_veredelung-behandlung-geoelt","14":"pa_zustand-neu","16":"first","17":"instock","18":"sold-individually","19":"taxable","20":"shipping-taxable","21":"purchasable","22":"product-type-simple","23":"add-to-wishlist-before_image"},"jetpack_sharing_enabled":true,"_links":{"self":[{"href":"https:\/\/saphirsmaragd.com\/hu\/wp-json\/wp\/v2\/product\/8705","targetHints":{"allow":["GET"]}}],"collection":[{"href":"https:\/\/saphirsmaragd.com\/hu\/wp-json\/wp\/v2\/product"}],"about":[{"href":"https:\/\/saphirsmaragd.com\/hu\/wp-json\/wp\/v2\/types\/product"}],"replies":[{"embeddable":true,"href":"https:\/\/saphirsmaragd.com\/hu\/wp-json\/wp\/v2\/comments?post=8705"}],"version-history":[{"count":1,"href":"https:\/\/saphirsmaragd.com\/hu\/wp-json\/wp\/v2\/product\/8705\/revisions"}],"predecessor-version":[{"id":8707,"href":"https:\/\/saphirsmaragd.com\/hu\/wp-json\/wp\/v2\/product\/8705\/revisions\/8707"}],"wp:featuredmedia":[{"embeddable":true,"href":"https:\/\/saphirsmaragd.com\/hu\/wp-json\/wp\/v2\/media\/8706"}],"wp:attachment":[{"href":"https:\/\/saphirsmaragd.com\/hu\/wp-json\/wp\/v2\/media?parent=8705"}],"wp:term":[{"taxonomy":"product_brand","embeddable":true,"href":"https:\/\/saphirsmaragd.com\/hu\/wp-json\/wp\/v2\/product_brand?post=8705"},{"taxonomy":"product_cat","embeddable":true,"href":"https:\/\/saphirsmaragd.com\/hu\/wp-json\/wp\/v2\/product_cat?post=8705"},{"taxonomy":"product_tag","embeddable":true,"href":"https:\/\/saphirsmaragd.com\/hu\/wp-json\/wp\/v2\/product_tag?post=8705"}],"curies":[{"name":"wp","href":"https:\/\/api.w.org\/{rel}","templated":true}]}}