{"id":8796,"date":"2026-05-14T18:50:57","date_gmt":"2026-05-14T18:50:57","guid":{"rendered":"https:\/\/saphirsmaragd.com\/?post_type=product&#038;p=8796"},"modified":"2026-05-14T18:54:36","modified_gmt":"2026-05-14T18:54:36","slug":"smaragd-oval-gruen-0-66-karat","status":"publish","type":"product","link":"https:\/\/saphirsmaragd.com\/hu\/termek\/smaragd-oval-gruen-0-66-karat\/","title":{"rendered":"Smaragd Oval Gr\u00fcn 0.66 Karat aus Sambia \u2013 Nat\u00fcrlicher Ovalschliff Edelstein"},"content":{"rendered":"<div id=\"ez-toc-container\" class=\"ez-toc-v2_0_83 counter-hierarchy ez-toc-counter ez-toc-grey ez-toc-container-direction\">\n<div class=\"ez-toc-title-container\">\n<p class=\"ez-toc-title\" style=\"cursor:inherit\">Tartalomjegyz\u00e9k<\/p>\n<span class=\"ez-toc-title-toggle\"><a href=\"#\" class=\"ez-toc-pull-right ez-toc-btn ez-toc-btn-xs ez-toc-btn-default ez-toc-toggle\" aria-label=\"Toggle Table of Content\"><span class=\"ez-toc-js-icon-con\"><span class=\"\"><span class=\"eztoc-hide\" style=\"display:none;\">Toggle<\/span><span class=\"ez-toc-icon-toggle-span\"><svg style=\"fill: #999;color:#999\" xmlns=\"http:\/\/www.w3.org\/2000\/svg\" class=\"list-377408\" width=\"20px\" height=\"20px\" viewbox=\"0 0 24 24\" fill=\"none\"><path d=\"M6 6H4v2h2V6zm14 0H8v2h12V6zM4 11h2v2H4v-2zm16 0H8v2h12v-2zM4 16h2v2H4v-2zm16 0H8v2h12v-2z\" fill=\"currentColor\"><\/path><\/svg><svg style=\"fill: #999;color:#999\" class=\"arrow-unsorted-368013\" xmlns=\"http:\/\/www.w3.org\/2000\/svg\" width=\"10px\" height=\"10px\" viewbox=\"0 0 24 24\" version=\"1.2\" baseprofile=\"tiny\"><path d=\"M18.2 9.3l-6.2-6.3-6.2 6.3c-.2.2-.3.4-.3.7s.1.5.3.7c.2.2.4.3.7.3h11c.3 0 .5-.1.7-.3.2-.2.3-.5.3-.7s-.1-.5-.3-.7zM5.8 14.7l6.2 6.3 6.2-6.3c.2-.2.3-.5.3-.7s-.1-.5-.3-.7c-.2-.2-.4-.3-.7-.3h-11c-.3 0-.5.1-.7.3-.2.2-.3.5-.3.7s.1.5.3.7z\"\/><\/svg><\/span><\/span><\/span><\/a><\/span><\/div>\n<nav><ul class='ez-toc-list ez-toc-list-level-1' ><li class='ez-toc-page-1 ez-toc-heading-level-4'><a class=\"ez-toc-link ez-toc-heading-1\" href=\"https:\/\/saphirsmaragd.com\/hu\/termek\/smaragd-oval-gruen-0-66-karat\/#Merkmale_Herkunft\" >Jellemz\u0151k \u00e9s eredet<\/a><\/li><li class='ez-toc-page-1 ez-toc-heading-level-4'><a class=\"ez-toc-link ez-toc-heading-2\" href=\"https:\/\/saphirsmaragd.com\/hu\/termek\/smaragd-oval-gruen-0-66-karat\/#Besonderheiten\" >K\u00fcl\u00f6nleges jellemz\u0151k<\/a><\/li><li class='ez-toc-page-1 ez-toc-heading-level-4'><a class=\"ez-toc-link ez-toc-heading-3\" href=\"https:\/\/saphirsmaragd.com\/hu\/termek\/smaragd-oval-gruen-0-66-karat\/#Mehr_uber_Heilsteine_Kristalle\" >Mehr \u00fcber Heilsteine &amp; Kristalle<\/a><\/li><li class='ez-toc-page-1 ez-toc-heading-level-4'><a class=\"ez-toc-link ez-toc-heading-4\" href=\"https:\/\/saphirsmaragd.com\/hu\/termek\/smaragd-oval-gruen-0-66-karat\/#Weitere_Infos\" >Tov\u00e1bbi inform\u00e1ci\u00f3<\/a><\/li><\/ul><\/nav><\/div>\n<p data-start=\"592\" data-end=\"851\">Der Smaragd Oval Gr\u00fcn 0.66 Karat aus Sambia \u00fcberzeugt durch seinen klassischen Ovalschliff und seine nat\u00fcrliche gr\u00fcne Farbintensit\u00e4t. Die harmonischen Proportionen und die elegante Form machen diesen Edelstein zur perfekten Wahl f\u00fcr hochwertige Schmuckst\u00fccke.<\/p>\n<hr data-start=\"853\" data-end=\"856\" \/>\n<h4 data-start=\"858\" data-end=\"884\"><span class=\"ez-toc-section\" id=\"Merkmale_Herkunft\"><\/span>Jellemz\u0151k \u00e9s eredet<span class=\"ez-toc-section-end\"><\/span><\/h4>\n<p data-start=\"886\" data-end=\"1114\">Steinart: Smaragd<br data-start=\"903\" data-end=\"906\" \/>Farbe: Gr\u00fcn<br data-start=\"917\" data-end=\"920\" \/>Form: Oval<br data-start=\"930\" data-end=\"933\" \/>Gewicht: 0.66 Karat<br data-start=\"952\" data-end=\"955\" \/>Abmessungen: ca. 7 x 4.9 mm<br data-start=\"982\" data-end=\"985\" \/>Herkunft: Sambia<br data-start=\"1001\" data-end=\"1004\" \/>Reinheit: Kleine Einschl\u00fcsse<br data-start=\"1032\" data-end=\"1035\" \/>Behandlung: Ge\u00f6lt<br data-start=\"1052\" data-end=\"1055\" \/>Beobachtung: Nat\u00fcrlich<br data-start=\"1077\" data-end=\"1080\" \/>Mohs-H\u00e4rte: 7.5\u20138<br data-start=\"1097\" data-end=\"1100\" \/>\u00c1llapot: \u00daj<\/p>\n<hr data-start=\"1116\" data-end=\"1119\" \/>\n<h4 data-start=\"1121\" data-end=\"1142\"><span class=\"ez-toc-section\" id=\"Besonderheiten\"><\/span>K\u00fcl\u00f6nleges jellemz\u0151k<span class=\"ez-toc-section-end\"><\/span><\/h4>\n<p data-start=\"1144\" data-end=\"1349\">Der Smaragd Oval Gr\u00fcn 0.66 Karat geh\u00f6rt zu den zeitlosen Klassikern im Edelsteinschliff. Der Ovalschliff wird besonders gesch\u00e4tzt, da er eine elegante Form mit einer gro\u00dfz\u00fcgigen Lichtreflexion verbindet.<\/p>\n<p data-start=\"1351\" data-end=\"1556\">Smaragde aus Sambia sind bekannt f\u00fcr ihre satten Gr\u00fcnt\u00f6ne und ihre nat\u00fcrliche Charakteristik. Die feinen Einschl\u00fcsse unterstreichen die Authentizit\u00e4t des Edelsteins und machen jedes Exemplar einzigartig.<\/p>\n<p data-start=\"1558\" data-end=\"1685\">Durch seine ausgewogenen Ma\u00dfe eignet sich dieser Edelstein hervorragend f\u00fcr Ringe, Anh\u00e4nger oder individuelle Schmuckdesigns.<\/p>\n<hr data-start=\"1670\" data-end=\"1673\" \/>\n<h4 data-start=\"1448\" data-end=\"1473\"><span class=\"ez-toc-section\" id=\"Mehr_uber_Heilsteine_Kristalle\"><\/span>Mehr \u00fcber Heilsteine &amp; Kristalle<span class=\"ez-toc-section-end\"><\/span><\/h4>\n<p data-start=\"1475\" data-end=\"1668\"><a class=\"\" href=\"https:\/\/saphirsmaragd.com\/hu\/product-category\/heilsteine-kristalle-kaufen\/\" target=\"_new\" rel=\"noopener\" data-start=\"1571\" data-end=\"1668\">Gy\u00f3gy\u00edt\u00f3 k\u00f6vek \u00e9s krist\u00e1lyok<\/a><\/p>\n<hr data-start=\"1670\" data-end=\"1673\" \/>\n<h4 data-start=\"1675\" data-end=\"1695\"><span class=\"ez-toc-section\" id=\"Weitere_Infos\"><\/span>Tov\u00e1bbi inform\u00e1ci\u00f3<span class=\"ez-toc-section-end\"><\/span><\/h4>\n<p data-start=\"1697\" data-end=\"1801\"><a class=\"\" href=\"https:\/\/de.wikipedia.org\/wiki\/Smaragd\" target=\"_new\" rel=\"noopener\" data-start=\"1741\" data-end=\"1801\">Wikipedia \u2013 Smaragd<\/a><\/p>","protected":false},"excerpt":{"rendered":"<p data-start=\"267\" data-end=\"422\"><em>Smaragd Oval Gr\u00fcn 0.66 Karat aus Sambia mit ge\u00f6lter Veredelung. Nat\u00fcrlicher ovaler Edelstein mit intensiver gr\u00fcner Farbwirkung und klassischer Eleganz.<\/em><\/p>","protected":false},"featured_media":8797,"comment_status":"open","ping_status":"closed","template":"","meta":{"_glsr_average":0,"_glsr_ranking":0,"_glsr_reviews":0},"product_brand":[],"product_cat":[262],"product_tag":[],"class_list":{"0":"post-8796","1":"product","2":"type-product","3":"status-publish","4":"has-post-thumbnail","6":"product_cat-smaragd","7":"pa_edelsteinart-smaragd","8":"pa_farbe-gruen","9":"pa_form-oval","10":"pa_gewicht-karat-0-5-1-0-karat","11":"pa_herkunft-sambia","12":"pa_reinheit-kleine-einschluesse","13":"pa_veredelung-behandlung-geoelt","14":"pa_zustand-neu","16":"first","17":"instock","18":"sold-individually","19":"shipping-taxable","20":"purchasable","21":"product-type-simple","22":"add-to-wishlist-before_image"},"jetpack_sharing_enabled":true,"_links":{"self":[{"href":"https:\/\/saphirsmaragd.com\/hu\/wp-json\/wp\/v2\/product\/8796","targetHints":{"allow":["GET"]}}],"collection":[{"href":"https:\/\/saphirsmaragd.com\/hu\/wp-json\/wp\/v2\/product"}],"about":[{"href":"https:\/\/saphirsmaragd.com\/hu\/wp-json\/wp\/v2\/types\/product"}],"replies":[{"embeddable":true,"href":"https:\/\/saphirsmaragd.com\/hu\/wp-json\/wp\/v2\/comments?post=8796"}],"version-history":[{"count":1,"href":"https:\/\/saphirsmaragd.com\/hu\/wp-json\/wp\/v2\/product\/8796\/revisions"}],"predecessor-version":[{"id":8798,"href":"https:\/\/saphirsmaragd.com\/hu\/wp-json\/wp\/v2\/product\/8796\/revisions\/8798"}],"wp:featuredmedia":[{"embeddable":true,"href":"https:\/\/saphirsmaragd.com\/hu\/wp-json\/wp\/v2\/media\/8797"}],"wp:attachment":[{"href":"https:\/\/saphirsmaragd.com\/hu\/wp-json\/wp\/v2\/media?parent=8796"}],"wp:term":[{"taxonomy":"product_brand","embeddable":true,"href":"https:\/\/saphirsmaragd.com\/hu\/wp-json\/wp\/v2\/product_brand?post=8796"},{"taxonomy":"product_cat","embeddable":true,"href":"https:\/\/saphirsmaragd.com\/hu\/wp-json\/wp\/v2\/product_cat?post=8796"},{"taxonomy":"product_tag","embeddable":true,"href":"https:\/\/saphirsmaragd.com\/hu\/wp-json\/wp\/v2\/product_tag?post=8796"}],"curies":[{"name":"wp","href":"https:\/\/api.w.org\/{rel}","templated":true}]}}