{"id":1371,"date":"2025-07-07T14:43:09","date_gmt":"2025-07-07T14:43:09","guid":{"rendered":"https:\/\/saphirsmaragd.com\/?post_type=product&#038;p=1371"},"modified":"2025-12-29T19:05:59","modified_gmt":"2025-12-29T19:05:59","slug":"smaragd-birnenschliff-1-14-karat-kaufen","status":"publish","type":"product","link":"https:\/\/saphirsmaragd.com\/it\/prodotto\/smaragd-birnenschliff-1-14-karat-kaufen\/","title":{"rendered":"Smaragd Birnenschliff 1.14 Karat kaufen \u2013 Nat\u00fcrlicher Edelstein aus Brasilien mit Zertifikat"},"content":{"rendered":"<div id=\"ez-toc-container\" class=\"ez-toc-v2_0_82_2 counter-hierarchy ez-toc-counter ez-toc-grey ez-toc-container-direction\">\n<div class=\"ez-toc-title-container\">\n<p class=\"ez-toc-title\" style=\"cursor:inherit\">Sommario<\/p>\n<span class=\"ez-toc-title-toggle\"><a href=\"#\" class=\"ez-toc-pull-right ez-toc-btn ez-toc-btn-xs ez-toc-btn-default ez-toc-toggle\" aria-label=\"Toggle Table of Content\"><span class=\"ez-toc-js-icon-con\"><span class=\"\"><span class=\"eztoc-hide\" style=\"display:none;\">Attiva\/disattiva<\/span><span class=\"ez-toc-icon-toggle-span\"><svg style=\"fill: #999;color:#999\" xmlns=\"http:\/\/www.w3.org\/2000\/svg\" class=\"list-377408\" width=\"20px\" height=\"20px\" viewbox=\"0 0 24 24\" fill=\"none\"><path d=\"M6 6H4v2h2V6zm14 0H8v2h12V6zM4 11h2v2H4v-2zm16 0H8v2h12v-2zM4 16h2v2H4v-2zm16 0H8v2h12v-2z\" fill=\"currentColor\"><\/path><\/svg><svg style=\"fill: #999;color:#999\" class=\"arrow-unsorted-368013\" xmlns=\"http:\/\/www.w3.org\/2000\/svg\" width=\"10px\" height=\"10px\" viewbox=\"0 0 24 24\" version=\"1.2\" baseprofile=\"tiny\"><path d=\"M18.2 9.3l-6.2-6.3-6.2 6.3c-.2.2-.3.4-.3.7s.1.5.3.7c.2.2.4.3.7.3h11c.3 0 .5-.1.7-.3.2-.2.3-.5.3-.7s-.1-.5-.3-.7zM5.8 14.7l6.2 6.3 6.2-6.3c.2-.2.3-.5.3-.7s-.1-.5-.3-.7c-.2-.2-.4-.3-.7-.3h-11c-.3 0-.5.1-.7.3-.2.2-.3.5-.3.7s.1.5.3.7z\"\/><\/svg><\/span><\/span><\/span><\/a><\/span><\/div>\n<nav><ul class='ez-toc-list ez-toc-list-level-1' ><li class='ez-toc-page-1 ez-toc-heading-level-4'><a class=\"ez-toc-link ez-toc-heading-1\" href=\"https:\/\/saphirsmaragd.com\/it\/prodotto\/smaragd-birnenschliff-1-14-karat-kaufen\/#Smaragd_Birnenschliff_114_Karat_kaufen\" >Smaragd Birnenschliff 1.14 Karat kaufen<\/a><\/li><li class='ez-toc-page-1 ez-toc-heading-level-4'><a class=\"ez-toc-link ez-toc-heading-2\" href=\"https:\/\/saphirsmaragd.com\/it\/prodotto\/smaragd-birnenschliff-1-14-karat-kaufen\/#Merkmale_Herkunft\" >Caratteristiche e origine<\/a><\/li><li class='ez-toc-page-1 ez-toc-heading-level-4'><a class=\"ez-toc-link ez-toc-heading-3\" href=\"https:\/\/saphirsmaragd.com\/it\/prodotto\/smaragd-birnenschliff-1-14-karat-kaufen\/#Besonderheiten\" >Caratteristiche speciali<\/a><\/li><li class='ez-toc-page-1 ez-toc-heading-level-4'><a class=\"ez-toc-link ez-toc-heading-4\" href=\"https:\/\/saphirsmaragd.com\/it\/prodotto\/smaragd-birnenschliff-1-14-karat-kaufen\/#Mehr_uber_Smaragde_Heilsteine\" >Mehr \u00fcber Smaragde &amp; Heilsteine<\/a><\/li><li class='ez-toc-page-1 ez-toc-heading-level-4'><a class=\"ez-toc-link ez-toc-heading-5\" href=\"https:\/\/saphirsmaragd.com\/it\/prodotto\/smaragd-birnenschliff-1-14-karat-kaufen\/#Weitere_Infos\" >Ulteriori informazioni<\/a><\/li><\/ul><\/nav><\/div>\n<h4 data-start=\"1020\" data-end=\"1097\"><span class=\"ez-toc-section\" id=\"Smaragd_Birnenschliff_114_Karat_kaufen\"><\/span>Smaragd Birnenschliff 1.14 Karat kaufen<span class=\"ez-toc-section-end\"><\/span><\/h4>\n<p data-start=\"1099\" data-end=\"1417\">Smaragd Birnenschliff 1.14 Karat kaufen und ein echtes Unikat sichern. Dieser nat\u00fcrliche Smaragd aus Brasilien \u00fcberzeugt durch seinen intensiven Gr\u00fcnton, die klassische Birnenform und feine Einschl\u00fcsse, die seine Echtheit unterstreichen. Ein idealer Edelstein f\u00fcr handgefertigte Schmuckst\u00fccke oder hochwertige Sammlungen.<\/p>\n<hr data-start=\"1419\" data-end=\"1422\" \/>\n<h4 data-start=\"720\" data-end=\"747\"><span class=\"ez-toc-section\" id=\"Merkmale_Herkunft\"><\/span>Caratteristiche e origine<span class=\"ez-toc-section-end\"><\/span><\/h4>\n<p data-start=\"749\" data-end=\"1042\">Edelsteinart: Smaragd<br data-start=\"203\" data-end=\"206\" \/>Gewicht: 1.14 Karat<br data-start=\"222\" data-end=\"225\" \/>Ma\u00dfe: 8.1 \u00d7 7.1 mm<br data-start=\"243\" data-end=\"246\" \/>Dicke: ca. 3.5 mm<br data-start=\"263\" data-end=\"266\" data-is-only-node=\"\" \/>Form: Birnenschliff<br data-start=\"285\" data-end=\"288\" \/>Farbe: Leuchtend gr\u00fcn<br data-start=\"309\" data-end=\"312\" \/>Reinheit: Feine Einschl\u00fcsse (unter 10x sichtbar)<br data-start=\"360\" data-end=\"363\" \/>Behandlung: Ge\u00f6lt (branchen\u00fcblich)<br data-start=\"397\" data-end=\"400\" \/>Origine: Brasile<br data-start=\"419\" data-end=\"422\" \/>Condizione: Nuovo<br data-start=\"446\" data-end=\"449\" \/>Zertifikat: Ja \u2013 durch diplomierte Gemmologin gepr\u00fcft<\/p>\n<hr data-start=\"1044\" data-end=\"1047\" \/>\n<h4 data-start=\"1049\" data-end=\"1071\"><span class=\"ez-toc-section\" id=\"Besonderheiten\"><\/span>Caratteristiche speciali<span class=\"ez-toc-section-end\"><\/span><\/h4>\n<p data-start=\"1073\" data-end=\"1387\">Dieser Smaragd mit 1.14 Karat \u00fcberzeugt durch seinen intensiven Gr\u00fcnton und die klassische, elegante Birnenform. Die feinen nat\u00fcrlichen Einschl\u00fcsse betonen seine Echtheit, w\u00e4hrend die leuchtende Farbe f\u00fcr besondere Ausdruckskraft sorgt. Ein einzigartiger Stein \u2013 ideal f\u00fcr hochwertige Ringe oder individuelle Designs.<\/p>\n<hr data-start=\"1389\" data-end=\"1392\" \/>\n<h4 data-start=\"1394\" data-end=\"1433\"><span class=\"ez-toc-section\" id=\"Mehr_uber_Smaragde_Heilsteine\"><\/span>Mehr \u00fcber Smaragde &amp; Heilsteine<span class=\"ez-toc-section-end\"><\/span><\/h4>\n<p data-start=\"1435\" data-end=\"1629\"><a class=\"\" href=\"https:\/\/saphirsmaragd.com\/it\/product-category\/heilsteine-kristalle-kaufen\/\" target=\"_new\" rel=\"noopener\" data-start=\"1528\" data-end=\"1629\"><strong data-start=\"1529\" data-end=\"1555\">Pietre e cristalli curativi<\/strong><\/a><\/p>\n<hr data-start=\"1631\" data-end=\"1634\" \/>\n<h4 data-start=\"1636\" data-end=\"1657\"><span class=\"ez-toc-section\" id=\"Weitere_Infos\"><\/span>Ulteriori informazioni<span class=\"ez-toc-section-end\"><\/span><\/h4>\n<p data-start=\"1659\" data-end=\"1808\"><a class=\"\" href=\"https:\/\/de.wikipedia.org\/wiki\/Smaragd\" target=\"_new\" rel=\"noopener\" data-start=\"1754\" data-end=\"1808\"><strong data-start=\"1755\" data-end=\"1768\">Wikipedia<\/strong><\/a><\/p>","protected":false},"excerpt":{"rendered":"<p data-start=\"716\" data-end=\"874\"><em>Smaragd Birnenschliff 1.14 Karat kaufen \u2013 Leuchtend gr\u00fcner Edelstein aus Brasilien, nat\u00fcrlich ge\u00f6lt, zertifiziert. Perfekt f\u00fcr hochwertigen Schmuck oder Sammler.<\/em><\/p>","protected":false},"featured_media":1374,"comment_status":"open","ping_status":"closed","template":"","meta":{"_glsr_average":0,"_glsr_ranking":0,"_glsr_reviews":0},"product_brand":[],"product_cat":[262],"product_tag":[],"class_list":{"0":"post-1371","1":"product","2":"type-product","3":"status-publish","4":"has-post-thumbnail","6":"product_cat-smaragd","7":"pa_edelsteinart-smaragd","8":"pa_farbe-gruen","9":"pa_form-birne","10":"pa_gewicht-karat-0-1-0-5-karat","11":"pa_herkunft-brasilien","12":"pa_reinheit-sehr-kleine-einschluesse","13":"pa_veredelung-behandlung-geoelt","14":"pa_zertifikat-ja","15":"pa_zustand-neu","17":"first","18":"instock","19":"sold-individually","20":"shipping-taxable","21":"purchasable","22":"product-type-simple","23":"add-to-wishlist-before_image"},"jetpack_sharing_enabled":true,"_links":{"self":[{"href":"https:\/\/saphirsmaragd.com\/it\/wp-json\/wp\/v2\/product\/1371","targetHints":{"allow":["GET"]}}],"collection":[{"href":"https:\/\/saphirsmaragd.com\/it\/wp-json\/wp\/v2\/product"}],"about":[{"href":"https:\/\/saphirsmaragd.com\/it\/wp-json\/wp\/v2\/types\/product"}],"replies":[{"embeddable":true,"href":"https:\/\/saphirsmaragd.com\/it\/wp-json\/wp\/v2\/comments?post=1371"}],"version-history":[{"count":5,"href":"https:\/\/saphirsmaragd.com\/it\/wp-json\/wp\/v2\/product\/1371\/revisions"}],"predecessor-version":[{"id":4425,"href":"https:\/\/saphirsmaragd.com\/it\/wp-json\/wp\/v2\/product\/1371\/revisions\/4425"}],"wp:featuredmedia":[{"embeddable":true,"href":"https:\/\/saphirsmaragd.com\/it\/wp-json\/wp\/v2\/media\/1374"}],"wp:attachment":[{"href":"https:\/\/saphirsmaragd.com\/it\/wp-json\/wp\/v2\/media?parent=1371"}],"wp:term":[{"taxonomy":"product_brand","embeddable":true,"href":"https:\/\/saphirsmaragd.com\/it\/wp-json\/wp\/v2\/product_brand?post=1371"},{"taxonomy":"product_cat","embeddable":true,"href":"https:\/\/saphirsmaragd.com\/it\/wp-json\/wp\/v2\/product_cat?post=1371"},{"taxonomy":"product_tag","embeddable":true,"href":"https:\/\/saphirsmaragd.com\/it\/wp-json\/wp\/v2\/product_tag?post=1371"}],"curies":[{"name":"wp","href":"https:\/\/api.w.org\/{rel}","templated":true}]}}