{"id":2092,"date":"2025-10-07T01:18:17","date_gmt":"2025-10-07T01:18:17","guid":{"rendered":"https:\/\/saphirsmaragd.com\/?post_type=product&#038;p=2092"},"modified":"2025-12-05T10:12:18","modified_gmt":"2025-12-05T10:12:18","slug":"achat-auf-staender-13-x-11-x-3-5-cm","status":"publish","type":"product","link":"https:\/\/saphirsmaragd.com\/it\/prodotto\/achat-auf-staender-13-x-11-x-3-5-cm\/","title":{"rendered":"Agata su supporto 13 x 11 x 3,5 cm \u2013 pietra naturale dal Brasile"},"content":{"rendered":"<div id=\"ez-toc-container\" class=\"ez-toc-v2_0_82_2 counter-hierarchy ez-toc-counter ez-toc-grey ez-toc-container-direction\">\n<div class=\"ez-toc-title-container\">\n<p class=\"ez-toc-title\" style=\"cursor:inherit\">Sommario<\/p>\n<span class=\"ez-toc-title-toggle\"><a href=\"#\" class=\"ez-toc-pull-right ez-toc-btn ez-toc-btn-xs ez-toc-btn-default ez-toc-toggle\" aria-label=\"Toggle Table of Content\"><span class=\"ez-toc-js-icon-con\"><span class=\"\"><span class=\"eztoc-hide\" style=\"display:none;\">Attiva\/disattiva<\/span><span class=\"ez-toc-icon-toggle-span\"><svg style=\"fill: #999;color:#999\" xmlns=\"http:\/\/www.w3.org\/2000\/svg\" class=\"list-377408\" width=\"20px\" height=\"20px\" viewbox=\"0 0 24 24\" fill=\"none\"><path d=\"M6 6H4v2h2V6zm14 0H8v2h12V6zM4 11h2v2H4v-2zm16 0H8v2h12v-2zM4 16h2v2H4v-2zm16 0H8v2h12v-2z\" fill=\"currentColor\"><\/path><\/svg><svg style=\"fill: #999;color:#999\" class=\"arrow-unsorted-368013\" xmlns=\"http:\/\/www.w3.org\/2000\/svg\" width=\"10px\" height=\"10px\" viewbox=\"0 0 24 24\" version=\"1.2\" baseprofile=\"tiny\"><path d=\"M18.2 9.3l-6.2-6.3-6.2 6.3c-.2.2-.3.4-.3.7s.1.5.3.7c.2.2.4.3.7.3h11c.3 0 .5-.1.7-.3.2-.2.3-.5.3-.7s-.1-.5-.3-.7zM5.8 14.7l6.2 6.3 6.2-6.3c.2-.2.3-.5.3-.7s-.1-.5-.3-.7c-.2-.2-.4-.3-.7-.3h-11c-.3 0-.5.1-.7.3-.2.2-.3.5-.3.7s.1.5.3.7z\"\/><\/svg><\/span><\/span><\/span><\/a><\/span><\/div>\n<nav><ul class='ez-toc-list ez-toc-list-level-1' ><li class='ez-toc-page-1 ez-toc-heading-level-4'><a class=\"ez-toc-link ez-toc-heading-1\" href=\"https:\/\/saphirsmaragd.com\/it\/prodotto\/achat-auf-staender-13-x-11-x-3-5-cm\/#Achat_auf_Stander_13_x_11_x_35_cm_%E2%80%93_Naturstein_aus_Brasilien\" >Agata su supporto 13 x 11 x 3,5 cm \u2013 pietra naturale dal Brasile<\/a><\/li><li class='ez-toc-page-1 ez-toc-heading-level-4'><a class=\"ez-toc-link ez-toc-heading-2\" href=\"https:\/\/saphirsmaragd.com\/it\/prodotto\/achat-auf-staender-13-x-11-x-3-5-cm\/#_Merkmale_Herkunft\" >\u00a0Caratteristiche e origine<\/a><\/li><li class='ez-toc-page-1 ez-toc-heading-level-4'><a class=\"ez-toc-link ez-toc-heading-3\" href=\"https:\/\/saphirsmaragd.com\/it\/prodotto\/achat-auf-staender-13-x-11-x-3-5-cm\/#_Besonderheiten\" >\u00a0Caratteristiche speciali<\/a><\/li><li class='ez-toc-page-1 ez-toc-heading-level-4'><a class=\"ez-toc-link ez-toc-heading-4\" href=\"https:\/\/saphirsmaragd.com\/it\/prodotto\/achat-auf-staender-13-x-11-x-3-5-cm\/#_Mehr_uber_Achate_Heilsteine\" >\u00a0Mehr \u00fcber Achate &amp; Heilsteine<\/a><\/li><li class='ez-toc-page-1 ez-toc-heading-level-4'><a class=\"ez-toc-link ez-toc-heading-5\" href=\"https:\/\/saphirsmaragd.com\/it\/prodotto\/achat-auf-staender-13-x-11-x-3-5-cm\/#_Weitere_Infos\" >\u00a0Ulteriori informazioni<\/a><\/li><\/ul><\/nav><\/div>\n<h4 data-start=\"272\" data-end=\"339\"><span class=\"ez-toc-section\" id=\"Achat_auf_Stander_13_x_11_x_35_cm_%E2%80%93_Naturstein_aus_Brasilien\"><\/span><strong data-start=\"274\" data-end=\"339\">Agata su supporto 13 x 11 x 3,5 cm \u2013 pietra naturale dal Brasile<\/strong><span class=\"ez-toc-section-end\"><\/span><\/h4>\n<p data-start=\"341\" data-end=\"538\">Dieses Unikat zeigt einen wundersch\u00f6nen Achat auf St\u00e4nder 13 x 11 x 3.5 cm, der durch seine nat\u00fcrliche Maserung und beruhigende Energie besticht. Sie erhalten genau das abgebildete Einzelst\u00fcck.<\/p>\n<hr data-start=\"540\" data-end=\"543\" \/>\n<h4 data-start=\"545\" data-end=\"574\"><span class=\"ez-toc-section\" id=\"_Merkmale_Herkunft\"><\/span>\u00a0<strong data-start=\"551\" data-end=\"574\">Caratteristiche e origine<\/strong><span class=\"ez-toc-section-end\"><\/span><\/h4>\n<p data-start=\"575\" data-end=\"833\">Farbe: Grau-Beige mit nat\u00fcrlicher B\u00e4nderung<br data-start=\"618\" data-end=\"621\" \/>Form: Polierte Freiform auf St\u00e4nder<br data-start=\"656\" data-end=\"659\" \/>Origine: Brasile<br data-start=\"678\" data-end=\"681\" \/>Gewicht: 1125 g (inkl. St\u00e4nder)<br data-start=\"712\" data-end=\"715\" \/>Ma\u00dfe: 13 x 11 x 3.5 cm<br data-start=\"737\" data-end=\"740\" \/>Purezza: naturale<br data-start=\"813\" data-end=\"816\" \/>Tipo di pietra: Agata<\/p>\n<hr data-start=\"835\" data-end=\"838\" \/>\n<h4 data-start=\"840\" data-end=\"864\"><span class=\"ez-toc-section\" id=\"_Besonderheiten\"><\/span>\u00a0<strong data-start=\"846\" data-end=\"864\">Caratteristiche speciali<\/strong><span class=\"ez-toc-section-end\"><\/span><\/h4>\n<p data-start=\"866\" data-end=\"1089\">Der Achat auf St\u00e4nder 13 x 11 x 3.5 cm ist ein einzigartiger Heilstein und zugleich ein edles Dekorationsobjekt. Er steht f\u00fcr Erdung, Schutz und innere Balance und wirkt stabilisierend auf K\u00f6rper, Geist und Seele.<\/p>\n<p data-start=\"1091\" data-end=\"1401\">Mit seiner sanften, friedlichen Energie bringt Achat tiefe Ruhe und emotionale Sicherheit. Er hilft dabei, sich selbst anzunehmen, Vertrauen in die eigenen F\u00e4higkeiten zu entwickeln und pers\u00f6nlich zu wachsen. Seine ausgleichende Wirkung f\u00f6rdert mentale Klarheit und reduziert Stress, innere Unruhe und Angst.<\/p>\n<p data-start=\"1403\" data-end=\"1546\">Dieser Naturstein unterst\u00fctzt strukturiertes Denken und eine objektive Betrachtung \u2013 ideal f\u00fcr Zielsetzung und pers\u00f6nliche Weiterentwicklung.<\/p>\n<hr data-start=\"1548\" data-end=\"1551\" \/>\n<h4 data-start=\"1553\" data-end=\"1592\"><span class=\"ez-toc-section\" id=\"_Mehr_uber_Achate_Heilsteine\"><\/span>\u00a0<strong data-start=\"1559\" data-end=\"1592\">Mehr \u00fcber Achate &amp; Heilsteine<\/strong><span class=\"ez-toc-section-end\"><\/span><\/h4>\n<p data-start=\"1593\" data-end=\"1636\"><a href=\"https:\/\/saphirsmaragd.com\/it\/product-category\/heilsteine-kristalle-kaufen\/\">Pietre e cristalli curativi | Zaffiro e smeraldo<\/a><\/p>\n<hr data-start=\"1638\" data-end=\"1641\" \/>\n<h4 data-start=\"1643\" data-end=\"1666\"><span class=\"ez-toc-section\" id=\"_Weitere_Infos\"><\/span>\u00a0<strong data-start=\"1649\" data-end=\"1666\">Ulteriori informazioni<\/strong><span class=\"ez-toc-section-end\"><\/span><\/h4>\n<p data-start=\"1667\" data-end=\"1722\"><a class=\"decorated-link cursor-pointer\" href=\"https:\/\/de.wikipedia.org\/wiki\/Achat\" target=\"_new\" rel=\"noopener\" data-start=\"1667\" data-end=\"1722\">Wikipedia: Agata<\/a><\/p>\n<h4 data-start=\"272\" data-end=\"339\"><\/h4>","protected":false},"excerpt":{"rendered":"<p><em>Achat auf St\u00e4nder 13 x 11 x 3.5 cm \u2013 Unikat aus Brasilien, erdend und harmonisierend.<\/em><\/p>","protected":false},"featured_media":2094,"comment_status":"open","ping_status":"closed","template":"","meta":{"_glsr_average":0,"_glsr_ranking":0,"_glsr_reviews":0},"product_brand":[],"product_cat":[84],"product_tag":[],"class_list":{"0":"post-2092","1":"product","2":"type-product","3":"status-publish","4":"has-post-thumbnail","6":"product_cat-rohsteine-kaufen","8":"first","9":"instock","10":"shipping-taxable","11":"purchasable","12":"product-type-simple","13":"add-to-wishlist-before_image"},"jetpack_sharing_enabled":true,"_links":{"self":[{"href":"https:\/\/saphirsmaragd.com\/it\/wp-json\/wp\/v2\/product\/2092","targetHints":{"allow":["GET"]}}],"collection":[{"href":"https:\/\/saphirsmaragd.com\/it\/wp-json\/wp\/v2\/product"}],"about":[{"href":"https:\/\/saphirsmaragd.com\/it\/wp-json\/wp\/v2\/types\/product"}],"replies":[{"embeddable":true,"href":"https:\/\/saphirsmaragd.com\/it\/wp-json\/wp\/v2\/comments?post=2092"}],"version-history":[{"count":2,"href":"https:\/\/saphirsmaragd.com\/it\/wp-json\/wp\/v2\/product\/2092\/revisions"}],"predecessor-version":[{"id":2097,"href":"https:\/\/saphirsmaragd.com\/it\/wp-json\/wp\/v2\/product\/2092\/revisions\/2097"}],"wp:featuredmedia":[{"embeddable":true,"href":"https:\/\/saphirsmaragd.com\/it\/wp-json\/wp\/v2\/media\/2094"}],"wp:attachment":[{"href":"https:\/\/saphirsmaragd.com\/it\/wp-json\/wp\/v2\/media?parent=2092"}],"wp:term":[{"taxonomy":"product_brand","embeddable":true,"href":"https:\/\/saphirsmaragd.com\/it\/wp-json\/wp\/v2\/product_brand?post=2092"},{"taxonomy":"product_cat","embeddable":true,"href":"https:\/\/saphirsmaragd.com\/it\/wp-json\/wp\/v2\/product_cat?post=2092"},{"taxonomy":"product_tag","embeddable":true,"href":"https:\/\/saphirsmaragd.com\/it\/wp-json\/wp\/v2\/product_tag?post=2092"}],"curies":[{"name":"wp","href":"https:\/\/api.w.org\/{rel}","templated":true}]}}